{"id":1019,"date":"2018-10-26T15:03:40","date_gmt":"2018-10-26T13:03:40","guid":{"rendered":"https:\/\/www.connectedwind.com\/customer-service\/"},"modified":"2019-10-21T13:32:54","modified_gmt":"2019-10-21T11:32:54","slug":"customer-service","status":"publish","type":"page","link":"https:\/\/www.connectedwind.com\/da\/customer-service\/","title":{"rendered":"Support"},"content":{"rendered":"","protected":false},"excerpt":{"rendered":"","protected":false},"author":2,"featured_media":0,"parent":0,"menu_order":0,"comment_status":"closed","ping_status":"closed","template":"views\/template-customer-service.blade.php","meta":{"footnotes":""},"class_list":["post-1019","page","type-page","status-publish","hentry"],"yoast_head":"<!-- This site is optimized with the Yoast SEO plugin v24.7 - https:\/\/yoast.com\/wordpress\/plugins\/seo\/ -->\n<title>Support - Connected Wind Services<\/title>\n<meta name=\"robots\" content=\"index, follow, max-snippet:-1, max-image-preview:large, max-video-preview:-1\" \/>\n<link rel=\"canonical\" href=\"https:\/\/www.connectedwind.com\/da\/customer-service\/\" \/>\n<meta property=\"og:locale\" content=\"da_DK\" \/>\n<meta property=\"og:type\" content=\"article\" \/>\n<meta property=\"og:title\" content=\"Support - Connected Wind Services\" \/>\n<meta property=\"og:url\" content=\"https:\/\/www.connectedwind.com\/da\/customer-service\/\" \/>\n<meta property=\"og:site_name\" content=\"Connected Wind Services\" \/>\n<meta property=\"article:modified_time\" content=\"2019-10-21T11:32:54+00:00\" \/>\n<meta name=\"twitter:card\" content=\"summary_large_image\" \/>\n<script type=\"application\/ld+json\" class=\"yoast-schema-graph\">{\"@context\":\"https:\/\/schema.org\",\"@graph\":[{\"@type\":\"WebPage\",\"@id\":\"https:\/\/www.connectedwind.com\/da\/customer-service\/\",\"url\":\"https:\/\/www.connectedwind.com\/da\/customer-service\/\",\"name\":\"Support - Connected Wind Services\",\"isPartOf\":{\"@id\":\"https:\/\/www.connectedwind.com\/fr\/#website\"},\"datePublished\":\"2018-10-26T13:03:40+00:00\",\"dateModified\":\"2019-10-21T11:32:54+00:00\",\"breadcrumb\":{\"@id\":\"https:\/\/www.connectedwind.com\/da\/customer-service\/#breadcrumb\"},\"inLanguage\":\"da-DK\",\"potentialAction\":[{\"@type\":\"ReadAction\",\"target\":[\"https:\/\/www.connectedwind.com\/da\/customer-service\/\"]}]},{\"@type\":\"BreadcrumbList\",\"@id\":\"https:\/\/www.connectedwind.com\/da\/customer-service\/#breadcrumb\",\"itemListElement\":[{\"@type\":\"ListItem\",\"position\":1,\"name\":\"Home\",\"item\":\"https:\/\/www.connectedwind.com\/da\/\"},{\"@type\":\"ListItem\",\"position\":2,\"name\":\"Support\"}]},{\"@type\":\"WebSite\",\"@id\":\"https:\/\/www.connectedwind.com\/fr\/#website\",\"url\":\"https:\/\/www.connectedwind.com\/fr\/\",\"name\":\"Connected Wind Services\",\"description\":\"ISP for reliable O&amp;M services &amp; parts\",\"potentialAction\":[{\"@type\":\"SearchAction\",\"target\":{\"@type\":\"EntryPoint\",\"urlTemplate\":\"https:\/\/www.connectedwind.com\/fr\/?s={search_term_string}\"},\"query-input\":{\"@type\":\"PropertyValueSpecification\",\"valueRequired\":true,\"valueName\":\"search_term_string\"}}],\"inLanguage\":\"da-DK\"}]}<\/script>\n<!-- \/ Yoast SEO plugin. -->","yoast_head_json":{"title":"Support - Connected Wind Services","robots":{"index":"index","follow":"follow","max-snippet":"max-snippet:-1","max-image-preview":"max-image-preview:large","max-video-preview":"max-video-preview:-1"},"canonical":"https:\/\/www.connectedwind.com\/da\/customer-service\/","og_locale":"da_DK","og_type":"article","og_title":"Support - Connected Wind Services","og_url":"https:\/\/www.connectedwind.com\/da\/customer-service\/","og_site_name":"Connected Wind Services","article_modified_time":"2019-10-21T11:32:54+00:00","twitter_card":"summary_large_image","schema":{"@context":"https:\/\/schema.org","@graph":[{"@type":"WebPage","@id":"https:\/\/www.connectedwind.com\/da\/customer-service\/","url":"https:\/\/www.connectedwind.com\/da\/customer-service\/","name":"Support - Connected Wind Services","isPartOf":{"@id":"https:\/\/www.connectedwind.com\/fr\/#website"},"datePublished":"2018-10-26T13:03:40+00:00","dateModified":"2019-10-21T11:32:54+00:00","breadcrumb":{"@id":"https:\/\/www.connectedwind.com\/da\/customer-service\/#breadcrumb"},"inLanguage":"da-DK","potentialAction":[{"@type":"ReadAction","target":["https:\/\/www.connectedwind.com\/da\/customer-service\/"]}]},{"@type":"BreadcrumbList","@id":"https:\/\/www.connectedwind.com\/da\/customer-service\/#breadcrumb","itemListElement":[{"@type":"ListItem","position":1,"name":"Home","item":"https:\/\/www.connectedwind.com\/da\/"},{"@type":"ListItem","position":2,"name":"Support"}]},{"@type":"WebSite","@id":"https:\/\/www.connectedwind.com\/fr\/#website","url":"https:\/\/www.connectedwind.com\/fr\/","name":"Connected Wind Services","description":"ISP for reliable O&amp;M services &amp; parts","potentialAction":[{"@type":"SearchAction","target":{"@type":"EntryPoint","urlTemplate":"https:\/\/www.connectedwind.com\/fr\/?s={search_term_string}"},"query-input":{"@type":"PropertyValueSpecification","valueRequired":true,"valueName":"search_term_string"}}],"inLanguage":"da-DK"}]}},"app_templates_career_top_banner_0selfrngr3k4f16d":{"value":"","col":"6","position":"before"},"app_templates_career_top_banner_image":"","app_templates_career_top_banner_5u2z34gktng1di4q":{"value":"","col":"6","position":"before"},"app_templates_career_top_banner_bdk7i1iijrlzjla9":{"value":"","col":"6","position":"before"},"app_templates_career_top_banner_pretitle":"","app_templates_career_top_banner_title":"","app_templates_career_top_banner_79b9uihci0xnwvfi":{"value":"","col":"6","position":"before"},"app_templates_career_modules_modules":[],"app_templates_contact_top_banner_mlkksoi1at4efvtz":{"value":"","col":"6","position":"before"},"app_templates_contact_top_banner_image":"","app_templates_contact_top_banner_6cqipul0cobtqgng":{"value":"","col":"6","position":"before"},"app_templates_contact_top_banner_czqar18x377vz0ot":{"value":"","col":"6","position":"before"},"app_templates_contact_top_banner_pretitle":"","app_templates_contact_top_banner_title":"","app_templates_contact_top_banner_vsxmpfsc6owdwfct":{"value":"","col":"6","position":"before"},"app_templates_contact_contact_title":"","app_templates_contact_contact_background":"bg-white","app_templates_contact_contact_description":"","app_templates_contact_contact_drop_downs":[],"app_templates_contact_contact_placeholder":"","app_templates_contact_contact_to":"","app_templates_contact_contact_button":"","app_templates_contact_contact_employees":[],"app_templates_contact_contact_hide_company":false,"app_templates_contact_offices_offices":[],"app_templates_contact_modules_modules":[],"app_templates_cookies_top_banner_5z9tvjtlkszzdgfl":{"value":"","col":"6","position":"before"},"app_templates_cookies_top_banner_image":"","app_templates_cookies_top_banner_uyctm65ldfmthwtx":{"value":"","col":"6","position":"before"},"app_templates_cookies_top_banner_4rqhvpcsu3gzke5k":{"value":"","col":"6","position":"before"},"app_templates_cookies_top_banner_pretitle":"","app_templates_cookies_top_banner_title":"","app_templates_cookies_top_banner_eu5lhdizmyafopdi":{"value":"","col":"6","position":"before"},"app_templates_customer_service_top_banner_dbdt4q7lfp1fyhtw":{"value":"","col":"6","position":"before"},"app_templates_customer_service_top_banner_image":"33","app_templates_customer_service_top_banner_d1xa5qmh5u8x0ez6":{"value":"","col":"6","position":"before"},"app_templates_customer_service_top_banner_ym5ato70obzjtwri":{"value":"","col":"6","position":"before"},"app_templates_customer_service_top_banner_pretitle":"Support","app_templates_customer_service_top_banner_title":"Vi er her for at hj\u00e6lpe dig - med din udvikling","app_templates_customer_service_top_banner_3m1ibkjisv4nzrut":{"value":"","col":"6","position":"before"},"app_templates_customer_service_contact_title":"Kundeservice","app_templates_customer_service_contact_background":"bg-secondary-light","app_templates_customer_service_contact_description":"Igennem \u00e5rene har vi ikke kun udviklet vores ekspertise inden for service og vedligeholdelse af vindm\u00f8ller, men ogs\u00e5 udvidet vores forretning s\u00e5 den i dag omfatter et reservedelslager, up-tower reparationer og overv\u00e5gning. Som en professionel servicepartner ved vi pr\u00e6cis, hvad det kr\u00e6ver for skabe medvind for vores kunder. \r\n\r\nHar du brug for hj\u00e6lp? V\u00e6lg et emne nedenunder.\r\n\r\n","app_templates_customer_service_contact_drop_downs":[],"app_templates_customer_service_contact_placeholder":"Besked","app_templates_customer_service_contact_to":"info@connectedwind.com","app_templates_customer_service_contact_button":"Send besked","app_templates_customer_service_contact_employees":[],"app_templates_customer_service_contact_hide_company":false,"app_templates_customer_service_contact_section_title":"Kundeservice","app_templates_customer_service_contact_section_description":"\r\nKontakt os venligst via telefon eller e-mail eller brug vores kontaktformular.","app_templates_customer_service_contact_section_contact_info":[{"_type":"_","title":"Danmark","phone":"+45 8623 0155","email":"support.dk@connectedwind.com"}],"app_templates_customer_service_modules_modules":[{"_type":"textbox_image","background_color":"bg-white","image_position":3,"image":"61","pretitle":"Ofte stillede sp\u00f8rgsm\u00e5l","title":"Find svarene p\u00e5 dine sp\u00f8rgsm\u00e5l","text":"<em>Hvordan kan vi hj\u00e6lpe dig?<\/em>\r\n\r\nVindm\u00f8ller er komplekse maskiner og vedligeholdelse af dem giver ofte anledning til mange typer sp\u00f8rgsm\u00e5l. Store og sm\u00e5. Vi har samlet nogle af de mest almindelige sp\u00f8rgsm\u00e5l til dig og organiseret dem i emner, for at hj\u00e6lpe dig med at f\u00e5 mest muligt ud af din tid.\r\n\r\n&nbsp;","features":[],"button":{"value":"","url":"\/da\/faq\/","anchor":"Find svar i vores ofte stillede sp\u00f8rgsm\u00e5l","blank":"false"},"button2":{"value":"","url":"","anchor":"","blank":"false"}},{"_type":"textbox_image","background_color":"bg-primary","image_position":1,"image":"62","pretitle":"Downloads","title":"Downloads, politikker og dokumentation","text":"Hos Connected Wind Services tror vi p\u00e5 gennemsigtighed. Gennemsigtig dokumentation og direkte kommunikation sikrer gensidig tillid og handling. Gennemg\u00e5 vores seneste pressemeddelelser, politikker og certifikater her.\r\n\r\nHar du brug for yderligere oplysninger? Kontakt os <a href=\"mailto:inga.christiansenconnectedwind.com\">her<\/a>.","features":[],"button":{"value":"","url":"\/da\/downloads\/","anchor":"Gennemse download arkiv","blank":"false"},"button2":{"value":"","url":"","anchor":"","blank":"false"}},{"_type":"banner","image":"41","background_color":"bg-secondary-light","content_position":3,"pretitle":"Find din n\u00e6rmeste servicestation","title":"T\u00e6nker globalt. Fungerer lokalt. ","text":"Med mere end 25 servicestationer i Nordeuropa, er vi udrustet til at im\u00f8dekomme dine lokale behov. Brug det interaktive kort til at se, hvor vores servicestationer er placeret. Kontakt din lokale repr\u00e6sentant for at oprette et m\u00f8de. ","button":{"value":"","url":"\/da\/service-stations\/","anchor":"Se hvor du kan finde os  ","blank":"false"}}],"app_templates_homepage_top_banner_image":"","app_templates_homepage_top_banner_video":"","app_templates_homepage_top_banner_title":"","app_templates_homepage_top_banner_description":"","app_templates_homepage_top_banner_button":{"value":"","url":"","anchor":"","blank":0},"app_templates_homepage_top_section_services":[],"app_templates_homepage_top_section_text":"","app_templates_homepage_top_section_button":{"value":"","url":"","anchor":"","blank":0},"app_templates_homepage_modules_modules":[],"app_templates_homepage_fr_top_banner_image":"","app_templates_homepage_fr_top_banner_video":"","app_templates_homepage_fr_top_banner_title":"","app_templates_homepage_fr_top_banner_description":"","app_templates_homepage_fr_top_banner_button":{"value":"","url":"","anchor":"","blank":0},"app_templates_homepage_fr_top_section_services":[],"app_templates_homepage_fr_top_section_text":"","app_templates_homepage_fr_top_section_button":{"value":"","url":"","anchor":"","blank":0},"app_templates_homepage_fr_modules_modules":[],"app_templates_iframe_top_banner_ndk0m8gxfj1gcq3f":{"value":"","col":"6","position":"before"},"app_templates_iframe_top_banner_image":"","app_templates_iframe_top_banner_pygn1yhrxj20e2wn":{"value":"","col":"6","position":"before"},"app_templates_iframe_top_banner_w1k4tbqmitcsrknw":{"value":"","col":"6","position":"before"},"app_templates_iframe_top_banner_pretitle":"","app_templates_iframe_top_banner_title":"","app_templates_iframe_top_banner_gbt5istbdnoizsc1":{"value":"","col":"6","position":"before"},"app_templates_iframe_iframe_url":"","app_templates_map_top_banner_wl6obswuiuie9bfj":{"value":"","col":"6","position":"before"},"app_templates_map_top_banner_image":"","app_templates_map_top_banner_qjm6ixpvokjkvyyf":{"value":"","col":"6","position":"before"},"app_templates_map_top_banner_1zv5qhjpnms0ddoe":{"value":"","col":"6","position":"before"},"app_templates_map_top_banner_pretitle":"","app_templates_map_top_banner_title":"","app_templates_map_top_banner_uwzmdrnlqqpoldzo":{"value":"","col":"6","position":"before"},"app_templates_map_modules_modules":[],"app_templates_media_top_banner_kk2y5a1cu9ymknpc":{"value":"","col":"6","position":"before"},"app_templates_media_top_banner_image":"","app_templates_media_top_banner_1qpwqgcbxwarlgym":{"value":"","col":"6","position":"before"},"app_templates_media_top_banner_dtn7rkss09nvbvns":{"value":"","col":"6","position":"before"},"app_templates_media_top_banner_pretitle":"","app_templates_media_top_banner_title":"","app_templates_media_top_banner_carnvntgb7hresa3":{"value":"","col":"6","position":"before"},"app_templates_media_modules_modules":[],"app_templates_modules_top_banner_vlsqaz6p3h2uxgeg":{"value":"","col":"6","position":"before"},"app_templates_modules_top_banner_image":"","app_templates_modules_top_banner_ymz7hjn5ylz1boba":{"value":"","col":"6","position":"before"},"app_templates_modules_top_banner_npfwsl4vtqbfx7bv":{"value":"","col":"6","position":"before"},"app_templates_modules_top_banner_pretitle":"","app_templates_modules_top_banner_title":"","app_templates_modules_top_banner_iz60nbzkmjwrtqxa":{"value":"","col":"6","position":"before"},"app_templates_modules_modules_modules":[],"app_templates_support_top_banner_8qejiive8bpm3olr":{"value":"","col":"6","position":"before"},"app_templates_support_top_banner_image":"","app_templates_support_top_banner_pr0bji5jllqqtavr":{"value":"","col":"6","position":"before"},"app_templates_support_top_banner_kwzc9sop1xg5wp4q":{"value":"","col":"6","position":"before"},"app_templates_support_top_banner_pretitle":"","app_templates_support_top_banner_title":"","app_templates_support_top_banner_jc6x5gqfjf9g1geo":{"value":"","col":"6","position":"before"},"app_templates_support_modules_modules":[],"_links":{"self":[{"href":"https:\/\/www.connectedwind.com\/da\/wp-json\/wp\/v2\/pages\/1019","targetHints":{"allow":["GET"]}}],"collection":[{"href":"https:\/\/www.connectedwind.com\/da\/wp-json\/wp\/v2\/pages"}],"about":[{"href":"https:\/\/www.connectedwind.com\/da\/wp-json\/wp\/v2\/types\/page"}],"author":[{"embeddable":true,"href":"https:\/\/www.connectedwind.com\/da\/wp-json\/wp\/v2\/users\/2"}],"replies":[{"embeddable":true,"href":"https:\/\/www.connectedwind.com\/da\/wp-json\/wp\/v2\/comments?post=1019"}],"version-history":[{"count":2,"href":"https:\/\/www.connectedwind.com\/da\/wp-json\/wp\/v2\/pages\/1019\/revisions"}],"predecessor-version":[{"id":4155,"href":"https:\/\/www.connectedwind.com\/da\/wp-json\/wp\/v2\/pages\/1019\/revisions\/4155"}],"wp:attachment":[{"href":"https:\/\/www.connectedwind.com\/da\/wp-json\/wp\/v2\/media?parent=1019"}],"curies":[{"name":"wp","href":"https:\/\/api.w.org\/{rel}","templated":true}]}}