{"id":1021,"date":"2018-10-24T12:39:58","date_gmt":"2018-10-24T10:39:58","guid":{"rendered":"https:\/\/www.connectedwind.com\/service-stations\/"},"modified":"2025-01-22T11:25:44","modified_gmt":"2025-01-22T10:25:44","slug":"service-stations","status":"publish","type":"page","link":"https:\/\/www.connectedwind.com\/da\/service-stations\/","title":{"rendered":"Servicestationer"},"content":{"rendered":"","protected":false},"excerpt":{"rendered":"","protected":false},"author":2,"featured_media":0,"parent":0,"menu_order":0,"comment_status":"closed","ping_status":"closed","template":"views\/template-support.blade.php","meta":{"footnotes":""},"class_list":["post-1021","page","type-page","status-publish","hentry"],"yoast_head":"<!-- This site is optimized with the Yoast SEO plugin v24.7 - https:\/\/yoast.com\/wordpress\/plugins\/seo\/ -->\n<title>Servicestationer - Connected Wind Services<\/title>\n<meta name=\"robots\" content=\"index, follow, max-snippet:-1, max-image-preview:large, max-video-preview:-1\" \/>\n<link rel=\"canonical\" href=\"https:\/\/www.connectedwind.com\/da\/service-stations\/\" \/>\n<meta property=\"og:locale\" content=\"da_DK\" \/>\n<meta property=\"og:type\" content=\"article\" \/>\n<meta property=\"og:title\" content=\"Servicestationer - Connected Wind Services\" \/>\n<meta property=\"og:url\" content=\"https:\/\/www.connectedwind.com\/da\/service-stations\/\" \/>\n<meta property=\"og:site_name\" content=\"Connected Wind Services\" \/>\n<meta property=\"article:modified_time\" content=\"2025-01-22T10:25:44+00:00\" \/>\n<meta name=\"twitter:card\" content=\"summary_large_image\" \/>\n<script type=\"application\/ld+json\" class=\"yoast-schema-graph\">{\"@context\":\"https:\/\/schema.org\",\"@graph\":[{\"@type\":\"WebPage\",\"@id\":\"https:\/\/www.connectedwind.com\/da\/service-stations\/\",\"url\":\"https:\/\/www.connectedwind.com\/da\/service-stations\/\",\"name\":\"Servicestationer - Connected Wind Services\",\"isPartOf\":{\"@id\":\"https:\/\/www.connectedwind.com\/fr\/#website\"},\"datePublished\":\"2018-10-24T10:39:58+00:00\",\"dateModified\":\"2025-01-22T10:25:44+00:00\",\"breadcrumb\":{\"@id\":\"https:\/\/www.connectedwind.com\/da\/service-stations\/#breadcrumb\"},\"inLanguage\":\"da-DK\",\"potentialAction\":[{\"@type\":\"ReadAction\",\"target\":[\"https:\/\/www.connectedwind.com\/da\/service-stations\/\"]}]},{\"@type\":\"BreadcrumbList\",\"@id\":\"https:\/\/www.connectedwind.com\/da\/service-stations\/#breadcrumb\",\"itemListElement\":[{\"@type\":\"ListItem\",\"position\":1,\"name\":\"Home\",\"item\":\"https:\/\/www.connectedwind.com\/da\/\"},{\"@type\":\"ListItem\",\"position\":2,\"name\":\"Servicestationer\"}]},{\"@type\":\"WebSite\",\"@id\":\"https:\/\/www.connectedwind.com\/fr\/#website\",\"url\":\"https:\/\/www.connectedwind.com\/fr\/\",\"name\":\"Connected Wind Services\",\"description\":\"ISP for reliable O&amp;M services &amp; parts\",\"potentialAction\":[{\"@type\":\"SearchAction\",\"target\":{\"@type\":\"EntryPoint\",\"urlTemplate\":\"https:\/\/www.connectedwind.com\/fr\/?s={search_term_string}\"},\"query-input\":{\"@type\":\"PropertyValueSpecification\",\"valueRequired\":true,\"valueName\":\"search_term_string\"}}],\"inLanguage\":\"da-DK\"}]}<\/script>\n<!-- \/ Yoast SEO plugin. -->","yoast_head_json":{"title":"Servicestationer - Connected Wind Services","robots":{"index":"index","follow":"follow","max-snippet":"max-snippet:-1","max-image-preview":"max-image-preview:large","max-video-preview":"max-video-preview:-1"},"canonical":"https:\/\/www.connectedwind.com\/da\/service-stations\/","og_locale":"da_DK","og_type":"article","og_title":"Servicestationer - Connected Wind Services","og_url":"https:\/\/www.connectedwind.com\/da\/service-stations\/","og_site_name":"Connected Wind Services","article_modified_time":"2025-01-22T10:25:44+00:00","twitter_card":"summary_large_image","schema":{"@context":"https:\/\/schema.org","@graph":[{"@type":"WebPage","@id":"https:\/\/www.connectedwind.com\/da\/service-stations\/","url":"https:\/\/www.connectedwind.com\/da\/service-stations\/","name":"Servicestationer - Connected Wind Services","isPartOf":{"@id":"https:\/\/www.connectedwind.com\/fr\/#website"},"datePublished":"2018-10-24T10:39:58+00:00","dateModified":"2025-01-22T10:25:44+00:00","breadcrumb":{"@id":"https:\/\/www.connectedwind.com\/da\/service-stations\/#breadcrumb"},"inLanguage":"da-DK","potentialAction":[{"@type":"ReadAction","target":["https:\/\/www.connectedwind.com\/da\/service-stations\/"]}]},{"@type":"BreadcrumbList","@id":"https:\/\/www.connectedwind.com\/da\/service-stations\/#breadcrumb","itemListElement":[{"@type":"ListItem","position":1,"name":"Home","item":"https:\/\/www.connectedwind.com\/da\/"},{"@type":"ListItem","position":2,"name":"Servicestationer"}]},{"@type":"WebSite","@id":"https:\/\/www.connectedwind.com\/fr\/#website","url":"https:\/\/www.connectedwind.com\/fr\/","name":"Connected Wind Services","description":"ISP for reliable O&amp;M services &amp; parts","potentialAction":[{"@type":"SearchAction","target":{"@type":"EntryPoint","urlTemplate":"https:\/\/www.connectedwind.com\/fr\/?s={search_term_string}"},"query-input":{"@type":"PropertyValueSpecification","valueRequired":true,"valueName":"search_term_string"}}],"inLanguage":"da-DK"}]}},"app_templates_career_top_banner_kbujqfkuqjvm4hhg":{"value":"","col":"6","position":"before"},"app_templates_career_top_banner_image":"","app_templates_career_top_banner_sew45apepsq4cd7k":{"value":"","col":"6","position":"before"},"app_templates_career_top_banner_qlwygigdmjiazyq8":{"value":"","col":"6","position":"before"},"app_templates_career_top_banner_pretitle":"","app_templates_career_top_banner_title":"","app_templates_career_top_banner_gqmlhgpefi5padln":{"value":"","col":"6","position":"before"},"app_templates_career_modules_modules":[],"app_templates_contact_top_banner_e2keem8bkazksguw":{"value":"","col":"6","position":"before"},"app_templates_contact_top_banner_image":"","app_templates_contact_top_banner_bgxagq7md06cltmb":{"value":"","col":"6","position":"before"},"app_templates_contact_top_banner_qhtxr8mlc6vdrdki":{"value":"","col":"6","position":"before"},"app_templates_contact_top_banner_pretitle":"","app_templates_contact_top_banner_title":"","app_templates_contact_top_banner_jcxsp3vvuf8mmns8":{"value":"","col":"6","position":"before"},"app_templates_contact_contact_title":"","app_templates_contact_contact_background":"bg-white","app_templates_contact_contact_description":"","app_templates_contact_contact_drop_downs":[],"app_templates_contact_contact_placeholder":"","app_templates_contact_contact_to":"","app_templates_contact_contact_button":"","app_templates_contact_contact_employees":[],"app_templates_contact_contact_hide_company":false,"app_templates_contact_offices_offices":[],"app_templates_contact_modules_modules":[],"app_templates_cookies_top_banner_qmqrsj6s1burovwh":{"value":"","col":"6","position":"before"},"app_templates_cookies_top_banner_image":"","app_templates_cookies_top_banner_wv3oc42sjvlipgnt":{"value":"","col":"6","position":"before"},"app_templates_cookies_top_banner_xkgantavfabvy83d":{"value":"","col":"6","position":"before"},"app_templates_cookies_top_banner_pretitle":"","app_templates_cookies_top_banner_title":"","app_templates_cookies_top_banner_unixaa3nvzyz5i7m":{"value":"","col":"6","position":"before"},"app_templates_customer_service_top_banner_w2d4eayqgrbc0pp7":{"value":"","col":"6","position":"before"},"app_templates_customer_service_top_banner_image":"","app_templates_customer_service_top_banner_y88hcmojhl4ecooa":{"value":"","col":"6","position":"before"},"app_templates_customer_service_top_banner_cnvjyczpf7tz0x50":{"value":"","col":"6","position":"before"},"app_templates_customer_service_top_banner_pretitle":"","app_templates_customer_service_top_banner_title":"","app_templates_customer_service_top_banner_jjywnbx8j0sohq2s":{"value":"","col":"6","position":"before"},"app_templates_customer_service_contact_title":"","app_templates_customer_service_contact_background":"bg-white","app_templates_customer_service_contact_description":"","app_templates_customer_service_contact_drop_downs":[],"app_templates_customer_service_contact_placeholder":"","app_templates_customer_service_contact_to":"","app_templates_customer_service_contact_button":"","app_templates_customer_service_contact_employees":[],"app_templates_customer_service_contact_hide_company":false,"app_templates_customer_service_contact_section_title":"","app_templates_customer_service_contact_section_description":"","app_templates_customer_service_contact_section_contact_info":[],"app_templates_customer_service_modules_modules":[],"app_templates_homepage_top_banner_image":"","app_templates_homepage_top_banner_video":"","app_templates_homepage_top_banner_title":"","app_templates_homepage_top_banner_description":"","app_templates_homepage_top_banner_button":{"value":"","url":"","anchor":"","blank":0},"app_templates_homepage_top_section_services":[],"app_templates_homepage_top_section_text":"","app_templates_homepage_top_section_button":{"value":"","url":"","anchor":"","blank":0},"app_templates_homepage_modules_modules":[],"app_templates_homepage_fr_top_banner_image":"","app_templates_homepage_fr_top_banner_video":"","app_templates_homepage_fr_top_banner_title":"","app_templates_homepage_fr_top_banner_description":"","app_templates_homepage_fr_top_banner_button":{"value":"","url":"","anchor":"","blank":0},"app_templates_homepage_fr_top_section_services":[],"app_templates_homepage_fr_top_section_text":"","app_templates_homepage_fr_top_section_button":{"value":"","url":"","anchor":"","blank":0},"app_templates_homepage_fr_modules_modules":[],"app_templates_iframe_top_banner_hcalgst3bodvj0rs":{"value":"","col":"6","position":"before"},"app_templates_iframe_top_banner_image":"","app_templates_iframe_top_banner_6ajxlnla69r1fw7c":{"value":"","col":"6","position":"before"},"app_templates_iframe_top_banner_eyuslsghlfz2yx6k":{"value":"","col":"6","position":"before"},"app_templates_iframe_top_banner_pretitle":"","app_templates_iframe_top_banner_title":"","app_templates_iframe_top_banner_od8ho4aatwf3usui":{"value":"","col":"6","position":"before"},"app_templates_iframe_iframe_url":"","app_templates_map_top_banner_aoesvgqvozvspmpx":{"value":"","col":"6","position":"before"},"app_templates_map_top_banner_image":"","app_templates_map_top_banner_t9zfgxfzylmxwivh":{"value":"","col":"6","position":"before"},"app_templates_map_top_banner_3tuma5pwnzvpqvib":{"value":"","col":"6","position":"before"},"app_templates_map_top_banner_pretitle":"","app_templates_map_top_banner_title":"","app_templates_map_top_banner_wze75eaywk0ybuyf":{"value":"","col":"6","position":"before"},"app_templates_map_modules_modules":[],"app_templates_media_top_banner_dp0pwng0eqaerlzi":{"value":"","col":"6","position":"before"},"app_templates_media_top_banner_image":"","app_templates_media_top_banner_oxer6vzlxgwkfmrm":{"value":"","col":"6","position":"before"},"app_templates_media_top_banner_qnlmfwalo98zsipm":{"value":"","col":"6","position":"before"},"app_templates_media_top_banner_pretitle":"","app_templates_media_top_banner_title":"","app_templates_media_top_banner_mozdr9wfacj9gybm":{"value":"","col":"6","position":"before"},"app_templates_media_modules_modules":[],"app_templates_modules_top_banner_2kgxqfug7ckefc6k":{"value":"","col":"6","position":"before"},"app_templates_modules_top_banner_image":"","app_templates_modules_top_banner_eunodoovtgewlzon":{"value":"","col":"6","position":"before"},"app_templates_modules_top_banner_nz7letyblhw9ysw3":{"value":"","col":"6","position":"before"},"app_templates_modules_top_banner_pretitle":"","app_templates_modules_top_banner_title":"","app_templates_modules_top_banner_qctkjk3qqbbi3ii8":{"value":"","col":"6","position":"before"},"app_templates_modules_modules_modules":[],"app_templates_support_top_banner_cmownjchm5mmpicu":{"value":"","col":"6","position":"before"},"app_templates_support_top_banner_image":"42","app_templates_support_top_banner_vgrycuyosss2g60g":{"value":"","col":"6","position":"before"},"app_templates_support_top_banner_bmrcz67u4jn4ia40":{"value":"","col":"6","position":"before"},"app_templates_support_top_banner_pretitle":"Servicestationer","app_templates_support_top_banner_title":"Vi t\u00e6nker globalt og fungerer lokalt","app_templates_support_top_banner_m0cdiupgpxarx7y5":{"value":"","col":"6","position":"before"},"app_templates_support_modules_modules":[{"_type":"map","title":"Find din n\u00e6rmeste servicestation","description":" Find adresser p\u00e5 de vigtigste Connected Wind Services\u2019 kontorer i Europa.\r\n\r\nTjek nedenst\u00e5ende kort for at finde din n\u00e6rmeste servicestation og f\u00e5 kontakt til dit lokale servicekontor.\r\n","categories":[{"_type":"_","title":"Main offices","locations":[{"_type":"_","title":"Connected Wind Services A\/S","street":"Gren\u00e5vej 629","city":"Sk\u00f8dstrup","zip_code":"8541","country":"Denmark"},{"_type":"_","title":"Connected Wind Services Sverige AB","street":"\u00c5karev\u00e4gen 17","city":"Falkenberg","zip_code":"311 32","country":"Sweden"},{"_type":"_","title":"Connected Wind Services Deutschland GmbH","street":"M\u00fchlenberg 19","city":"Rantrum","zip_code":"25873","country":"Germany"},{"_type":"_","title":"Connected Wind Services Danmark A\/S","street":"Gren\u00e5vej 629","city":"Sk\u00f8dstrup","zip_code":"8541","country":"Denmark"},{"_type":"_","title":"Connected Wind Services France SAS","street":"10 avenue Mar\u00e9chal Foch","city":"Dijon","zip_code":"21000","country":"France"}]},{"_type":"_","title":"Service stations","locations":[{"_type":"_","title":"Service station B\u00fcddenstedt\/Hohnsleben ","street":"","city":"B\u00fcddenstedt\/Hohnsleben ","zip_code":"38372","country":"Germany"},{"_type":"_","title":"Service station D\u00f6beln","street":"","city":"D\u00f6beln","zip_code":"04720","country":"Germany"},{"_type":"_","title":"Service station Parchim","street":"","city":"Parchim","zip_code":"19370","country":"Germany"},{"_type":"_","title":"Service station Bremerv\u00f6rde","street":"","city":"Bremerv\u00f6rde","zip_code":"27432","country":"Germany"},{"_type":"_","title":"Service station Prenzlau","street":"","city":"Prenzlau","zip_code":"17291","country":"Germany"},{"_type":"_","title":"Service station Eicklingen","street":"","city":"Eicklingen","zip_code":"29358","country":"Germany"},{"_type":"_","title":"Service station Trollh\u00e4ttan","street":"","city":"Trollh\u00e4ttan","zip_code":"461 38 ","country":"Sweden"},{"_type":"_","title":"Service station Falk\u00f6ping c\/o Vianor ","street":"","city":"Falk\u00f6ping","zip_code":"521 41 ","country":"Sweden"},{"_type":"_","title":"Service station Sk\u00e4nninge","street":"","city":"Sk\u00e4nninge","zip_code":"596 34 ","country":"Sweden"},{"_type":"_","title":"Service station Kristianstad c\/o Kristiandstads Kylservice ","street":"","city":"Kristianstad","zip_code":"291 36 ","country":"Sweden"},{"_type":"_","title":"Service station Svendborg","street":"","city":"Svendborg","zip_code":"","country":"Denmark"},{"_type":"_","title":"Service station Hemmet","street":"","city":"Hemmet","zip_code":"","country":"Denmark"},{"_type":"_","title":"Service station Randers SV","street":"","city":"Randers ","zip_code":"","country":"Denmark"},{"_type":"_","title":"Service station Hasselager","street":"","city":"Hasselager","zip_code":"","country":"Denmark"},{"_type":"_","title":"Service station Balle","street":"","city":"Balle","zip_code":"","country":"Denmark"},{"_type":"_","title":"Service station Brande","street":"","city":"Brande","zip_code":"","country":"Denmark"},{"_type":"_","title":"Service station Hanstholm","street":"","city":"Hanstholm","zip_code":"","country":"Denmark"},{"_type":"_","title":"Service station Hurup Thy","street":"","city":"Hurup Thy","zip_code":"","country":"Denmark"},{"_type":"_","title":"Service station Svinninge","street":"","city":"Svinninge","zip_code":"","country":"Denmark"},{"_type":"_","title":"Service station R\u00f8de Kro","street":"","city":"R\u00f8de Kro","zip_code":"","country":"Denmark"},{"_type":"_","title":"Service station Nyk\u00f8bing F","street":"","city":"Nyk\u00f8bing F","zip_code":"","country":"Denmark"},{"_type":"_","title":"Service station Vonge","street":"","city":"Vonge","zip_code":"","country":"Denmark"},{"_type":"_","title":"Service station Lisbjerg, \u00c5rhus N","street":"","city":"Lisbjerg, \u00c5rhus N","zip_code":"8200","country":"Denmark"},{"_type":"_","title":"Service station Aalborg","street":"","city":"Aalborg","zip_code":"9210","country":"Denmark"},{"_type":"_","title":"Service station Holstebro","street":"","city":"Holstebro","zip_code":"7500","country":"Denmark"},{"_type":"_","title":"Service station Otterup, Fyn","street":"","city":"Otterup, Fyn","zip_code":"5450","country":"Denmark"},{"_type":"_","title":"Service station Dijon","street":"","city":"Dijon","zip_code":"21000","country":"France"}]}]},{"_type":"contact","title":"Har du sp\u00f8rgsm\u00e5l?","background":"bg-white","description":"Ligger du inde med sp\u00f8rgsm\u00e5l, s\u00e5 l\u00e6s gerne vores \u201dOfte stillede sp\u00f8rgsm\u00e5l\u201d (FAQ). Her finder du svar p\u00e5 vores mest almindelige sp\u00f8rgsm\u00e5l, samt oplysninger om, hvordan du f\u00e5r support. ","drop_downs":[],"placeholder":"Besked","to":"Bo.Damsgaard@connectedwind.com","button":"Send besked","employees":[{"value":"post:employees:8207","type":"post","subtype":"employees","id":"8207"}],"hide_company":false},{"_type":"employees","title":"Vores Operational Team Manager","hide_contact":false,"description":"","categories":[{"_type":"_","title":"","employees":[{"value":"post:employees:1996","type":"post","subtype":"employees","id":"1996"},{"value":"post:employees:4794","type":"post","subtype":"employees","id":"4794"},{"value":"post:employees:4796","type":"post","subtype":"employees","id":"4796"},{"value":"post:employees:5664","type":"post","subtype":"employees","id":"5664"}]}]}],"_links":{"self":[{"href":"https:\/\/www.connectedwind.com\/da\/wp-json\/wp\/v2\/pages\/1021","targetHints":{"allow":["GET"]}}],"collection":[{"href":"https:\/\/www.connectedwind.com\/da\/wp-json\/wp\/v2\/pages"}],"about":[{"href":"https:\/\/www.connectedwind.com\/da\/wp-json\/wp\/v2\/types\/page"}],"author":[{"embeddable":true,"href":"https:\/\/www.connectedwind.com\/da\/wp-json\/wp\/v2\/users\/2"}],"replies":[{"embeddable":true,"href":"https:\/\/www.connectedwind.com\/da\/wp-json\/wp\/v2\/comments?post=1021"}],"version-history":[{"count":18,"href":"https:\/\/www.connectedwind.com\/da\/wp-json\/wp\/v2\/pages\/1021\/revisions"}],"predecessor-version":[{"id":9306,"href":"https:\/\/www.connectedwind.com\/da\/wp-json\/wp\/v2\/pages\/1021\/revisions\/9306"}],"wp:attachment":[{"href":"https:\/\/www.connectedwind.com\/da\/wp-json\/wp\/v2\/media?parent=1021"}],"curies":[{"name":"wp","href":"https:\/\/api.w.org\/{rel}","templated":true}]}}