{"id":1026,"date":"2018-10-24T12:39:28","date_gmt":"2018-10-24T10:39:28","guid":{"rendered":"https:\/\/www.connectedwind.com\/faq\/"},"modified":"2019-10-21T13:34:59","modified_gmt":"2019-10-21T11:34:59","slug":"faq","status":"publish","type":"page","link":"https:\/\/www.connectedwind.com\/da\/faq\/","title":{"rendered":"FAQ"},"content":{"rendered":"","protected":false},"excerpt":{"rendered":"","protected":false},"author":2,"featured_media":0,"parent":0,"menu_order":0,"comment_status":"closed","ping_status":"closed","template":"views\/template-support.blade.php","meta":{"footnotes":""},"class_list":["post-1026","page","type-page","status-publish","hentry"],"yoast_head":"<!-- This site is optimized with the Yoast SEO plugin v24.7 - https:\/\/yoast.com\/wordpress\/plugins\/seo\/ -->\n<title>FAQ - Connected Wind Services<\/title>\n<meta name=\"robots\" content=\"index, follow, max-snippet:-1, max-image-preview:large, max-video-preview:-1\" \/>\n<link rel=\"canonical\" href=\"https:\/\/www.connectedwind.com\/da\/faq\/\" \/>\n<meta property=\"og:locale\" content=\"da_DK\" \/>\n<meta property=\"og:type\" content=\"article\" \/>\n<meta property=\"og:title\" content=\"FAQ - Connected Wind Services\" \/>\n<meta property=\"og:url\" content=\"https:\/\/www.connectedwind.com\/da\/faq\/\" \/>\n<meta property=\"og:site_name\" content=\"Connected Wind Services\" \/>\n<meta property=\"article:modified_time\" content=\"2019-10-21T11:34:59+00:00\" \/>\n<meta name=\"twitter:card\" content=\"summary_large_image\" \/>\n<script type=\"application\/ld+json\" class=\"yoast-schema-graph\">{\"@context\":\"https:\/\/schema.org\",\"@graph\":[{\"@type\":\"WebPage\",\"@id\":\"https:\/\/www.connectedwind.com\/da\/faq\/\",\"url\":\"https:\/\/www.connectedwind.com\/da\/faq\/\",\"name\":\"FAQ - Connected Wind Services\",\"isPartOf\":{\"@id\":\"https:\/\/www.connectedwind.com\/fr\/#website\"},\"datePublished\":\"2018-10-24T10:39:28+00:00\",\"dateModified\":\"2019-10-21T11:34:59+00:00\",\"breadcrumb\":{\"@id\":\"https:\/\/www.connectedwind.com\/da\/faq\/#breadcrumb\"},\"inLanguage\":\"da-DK\",\"potentialAction\":[{\"@type\":\"ReadAction\",\"target\":[\"https:\/\/www.connectedwind.com\/da\/faq\/\"]}]},{\"@type\":\"BreadcrumbList\",\"@id\":\"https:\/\/www.connectedwind.com\/da\/faq\/#breadcrumb\",\"itemListElement\":[{\"@type\":\"ListItem\",\"position\":1,\"name\":\"Home\",\"item\":\"https:\/\/www.connectedwind.com\/da\/\"},{\"@type\":\"ListItem\",\"position\":2,\"name\":\"FAQ\"}]},{\"@type\":\"WebSite\",\"@id\":\"https:\/\/www.connectedwind.com\/fr\/#website\",\"url\":\"https:\/\/www.connectedwind.com\/fr\/\",\"name\":\"Connected Wind Services\",\"description\":\"ISP for reliable O&amp;M services &amp; parts\",\"potentialAction\":[{\"@type\":\"SearchAction\",\"target\":{\"@type\":\"EntryPoint\",\"urlTemplate\":\"https:\/\/www.connectedwind.com\/fr\/?s={search_term_string}\"},\"query-input\":{\"@type\":\"PropertyValueSpecification\",\"valueRequired\":true,\"valueName\":\"search_term_string\"}}],\"inLanguage\":\"da-DK\"}]}<\/script>\n<!-- \/ Yoast SEO plugin. -->","yoast_head_json":{"title":"FAQ - Connected Wind Services","robots":{"index":"index","follow":"follow","max-snippet":"max-snippet:-1","max-image-preview":"max-image-preview:large","max-video-preview":"max-video-preview:-1"},"canonical":"https:\/\/www.connectedwind.com\/da\/faq\/","og_locale":"da_DK","og_type":"article","og_title":"FAQ - Connected Wind Services","og_url":"https:\/\/www.connectedwind.com\/da\/faq\/","og_site_name":"Connected Wind Services","article_modified_time":"2019-10-21T11:34:59+00:00","twitter_card":"summary_large_image","schema":{"@context":"https:\/\/schema.org","@graph":[{"@type":"WebPage","@id":"https:\/\/www.connectedwind.com\/da\/faq\/","url":"https:\/\/www.connectedwind.com\/da\/faq\/","name":"FAQ - Connected Wind Services","isPartOf":{"@id":"https:\/\/www.connectedwind.com\/fr\/#website"},"datePublished":"2018-10-24T10:39:28+00:00","dateModified":"2019-10-21T11:34:59+00:00","breadcrumb":{"@id":"https:\/\/www.connectedwind.com\/da\/faq\/#breadcrumb"},"inLanguage":"da-DK","potentialAction":[{"@type":"ReadAction","target":["https:\/\/www.connectedwind.com\/da\/faq\/"]}]},{"@type":"BreadcrumbList","@id":"https:\/\/www.connectedwind.com\/da\/faq\/#breadcrumb","itemListElement":[{"@type":"ListItem","position":1,"name":"Home","item":"https:\/\/www.connectedwind.com\/da\/"},{"@type":"ListItem","position":2,"name":"FAQ"}]},{"@type":"WebSite","@id":"https:\/\/www.connectedwind.com\/fr\/#website","url":"https:\/\/www.connectedwind.com\/fr\/","name":"Connected Wind Services","description":"ISP for reliable O&amp;M services &amp; parts","potentialAction":[{"@type":"SearchAction","target":{"@type":"EntryPoint","urlTemplate":"https:\/\/www.connectedwind.com\/fr\/?s={search_term_string}"},"query-input":{"@type":"PropertyValueSpecification","valueRequired":true,"valueName":"search_term_string"}}],"inLanguage":"da-DK"}]}},"app_templates_career_top_banner_8vm1fsdnchnjlstp":{"value":"","col":"6","position":"before"},"app_templates_career_top_banner_image":"","app_templates_career_top_banner_wjlbn4ezjxzrjvmj":{"value":"","col":"6","position":"before"},"app_templates_career_top_banner_piy2odxsgxoxjwee":{"value":"","col":"6","position":"before"},"app_templates_career_top_banner_pretitle":"","app_templates_career_top_banner_title":"","app_templates_career_top_banner_k1d3ybsl3gclnklr":{"value":"","col":"6","position":"before"},"app_templates_career_modules_modules":[],"app_templates_contact_top_banner_peucqdatqm7c7byl":{"value":"","col":"6","position":"before"},"app_templates_contact_top_banner_image":"","app_templates_contact_top_banner_jwxdtjzf3byqdiuh":{"value":"","col":"6","position":"before"},"app_templates_contact_top_banner_phewy6ii29edkpvc":{"value":"","col":"6","position":"before"},"app_templates_contact_top_banner_pretitle":"","app_templates_contact_top_banner_title":"","app_templates_contact_top_banner_wzpthgzgsm9nlazn":{"value":"","col":"6","position":"before"},"app_templates_contact_contact_title":"","app_templates_contact_contact_background":"bg-white","app_templates_contact_contact_description":"","app_templates_contact_contact_drop_downs":[],"app_templates_contact_contact_placeholder":"","app_templates_contact_contact_to":"","app_templates_contact_contact_button":"","app_templates_contact_contact_employees":[],"app_templates_contact_contact_hide_company":false,"app_templates_contact_offices_offices":[],"app_templates_contact_modules_modules":[],"app_templates_cookies_top_banner_ay6cnnbtdyer5pab":{"value":"","col":"6","position":"before"},"app_templates_cookies_top_banner_image":"","app_templates_cookies_top_banner_ighc7tr0i4ggzpnx":{"value":"","col":"6","position":"before"},"app_templates_cookies_top_banner_ymvxomexu5dmegev":{"value":"","col":"6","position":"before"},"app_templates_cookies_top_banner_pretitle":"","app_templates_cookies_top_banner_title":"","app_templates_cookies_top_banner_ugcbvceque1j7vkv":{"value":"","col":"6","position":"before"},"app_templates_customer_service_top_banner_mpoyxetxnjl27fqu":{"value":"","col":"6","position":"before"},"app_templates_customer_service_top_banner_image":"","app_templates_customer_service_top_banner_6gv5bjzynwiqroiu":{"value":"","col":"6","position":"before"},"app_templates_customer_service_top_banner_xhgdgfqvbmei9spy":{"value":"","col":"6","position":"before"},"app_templates_customer_service_top_banner_pretitle":"","app_templates_customer_service_top_banner_title":"","app_templates_customer_service_top_banner_m5uuyapszeyptkh9":{"value":"","col":"6","position":"before"},"app_templates_customer_service_contact_title":"","app_templates_customer_service_contact_background":"bg-white","app_templates_customer_service_contact_description":"","app_templates_customer_service_contact_drop_downs":[],"app_templates_customer_service_contact_placeholder":"","app_templates_customer_service_contact_to":"","app_templates_customer_service_contact_button":"","app_templates_customer_service_contact_employees":[],"app_templates_customer_service_contact_hide_company":false,"app_templates_customer_service_contact_section_title":"","app_templates_customer_service_contact_section_description":"","app_templates_customer_service_contact_section_contact_info":[],"app_templates_customer_service_modules_modules":[],"app_templates_homepage_top_banner_image":"","app_templates_homepage_top_banner_video":"","app_templates_homepage_top_banner_title":"","app_templates_homepage_top_banner_description":"","app_templates_homepage_top_banner_button":{"value":"","url":"","anchor":"","blank":0},"app_templates_homepage_top_section_services":[],"app_templates_homepage_top_section_text":"","app_templates_homepage_top_section_button":{"value":"","url":"","anchor":"","blank":0},"app_templates_homepage_modules_modules":[],"app_templates_homepage_fr_top_banner_image":"","app_templates_homepage_fr_top_banner_video":"","app_templates_homepage_fr_top_banner_title":"","app_templates_homepage_fr_top_banner_description":"","app_templates_homepage_fr_top_banner_button":{"value":"","url":"","anchor":"","blank":0},"app_templates_homepage_fr_top_section_services":[],"app_templates_homepage_fr_top_section_text":"","app_templates_homepage_fr_top_section_button":{"value":"","url":"","anchor":"","blank":0},"app_templates_homepage_fr_modules_modules":[],"app_templates_iframe_top_banner_gipmc5nyret2bwsq":{"value":"","col":"6","position":"before"},"app_templates_iframe_top_banner_image":"","app_templates_iframe_top_banner_dzhpcyewg69pegfr":{"value":"","col":"6","position":"before"},"app_templates_iframe_top_banner_4qvokxitxeq0kgg5":{"value":"","col":"6","position":"before"},"app_templates_iframe_top_banner_pretitle":"","app_templates_iframe_top_banner_title":"","app_templates_iframe_top_banner_cqfxregftdips7np":{"value":"","col":"6","position":"before"},"app_templates_iframe_iframe_url":"","app_templates_map_top_banner_tghdtjs1br17hulx":{"value":"","col":"6","position":"before"},"app_templates_map_top_banner_image":"","app_templates_map_top_banner_7zf5everhtzncbhu":{"value":"","col":"6","position":"before"},"app_templates_map_top_banner_82zuo0ohb61inbr8":{"value":"","col":"6","position":"before"},"app_templates_map_top_banner_pretitle":"","app_templates_map_top_banner_title":"","app_templates_map_top_banner_tguynnzvj7uramt7":{"value":"","col":"6","position":"before"},"app_templates_map_modules_modules":[],"app_templates_media_top_banner_qoh2zlnfvqsel0or":{"value":"","col":"6","position":"before"},"app_templates_media_top_banner_image":"","app_templates_media_top_banner_uowaycgjzxorgdrh":{"value":"","col":"6","position":"before"},"app_templates_media_top_banner_nmvadacgymxll4xk":{"value":"","col":"6","position":"before"},"app_templates_media_top_banner_pretitle":"","app_templates_media_top_banner_title":"","app_templates_media_top_banner_3pzle4g8nsmpvdfl":{"value":"","col":"6","position":"before"},"app_templates_media_modules_modules":[],"app_templates_modules_top_banner_i2zzbmfpsrzgfysa":{"value":"","col":"6","position":"before"},"app_templates_modules_top_banner_image":"","app_templates_modules_top_banner_bb9ckdb61ff3oqj1":{"value":"","col":"6","position":"before"},"app_templates_modules_top_banner_vima06edjviqoq3w":{"value":"","col":"6","position":"before"},"app_templates_modules_top_banner_pretitle":"","app_templates_modules_top_banner_title":"","app_templates_modules_top_banner_sa8povjpyit6kryo":{"value":"","col":"6","position":"before"},"app_templates_modules_modules_modules":[],"app_templates_support_top_banner_nfrxwmg4zwsppvsj":{"value":"","col":"6","position":"before"},"app_templates_support_top_banner_image":"61","app_templates_support_top_banner_zmihzqy61jygywjg":{"value":"","col":"6","position":"before"},"app_templates_support_top_banner_yjdprf2spqdyzg84":{"value":"","col":"6","position":"before"},"app_templates_support_top_banner_pretitle":"FAQ","app_templates_support_top_banner_title":"Frequently asked questions","app_templates_support_top_banner_dy8578wxmbz9aahm":{"value":"","col":"6","position":"before"},"app_templates_support_modules_modules":[{"_type":"accordion","title":"Find dit svar","description":"Disse ofte stillede sp\u00f8rgsm\u00e5l giver svar p\u00e5 nogle af de sp\u00f8rgsm\u00e5l vi ofte f\u00e5r hos Connected Wind Services. F\u00e5 en masse nyttige oplysninger og find svaret p\u00e5 dit sp\u00f8rgsm\u00e5l.\r\n\r\nHvis du har brug for mere hj\u00e6lp er du velkommen til at kontakt os. \r\n","categories":[{"_type":"_","title":"Service & vedligeholdelse","items":[{"_type":"_","title":"Er CWS en multibrand ISP?","text":"Ja, vi laver O&amp;M p\u00e5 en bred vifte af modeller og m\u00e6rker."},{"_type":"_","title":"Tilbyder CWS ogs\u00e5 off shore services?","text":"Ja, vi laver b\u00e5de O&amp;M og serviceprojekter off shore."},{"_type":"_","title":"Kan jeg f\u00e5 en enkelt kontaktperson som kunde ved CWS?","text":"Ja, helt sikkert, vi har dedikerede serviceansvarlige til alle vores O&amp;M-kunder."},{"_type":"_","title":"I hvilke lande tilbyder CWS O&M-kontrakter?","text":"I \u00f8jeblikket har vi O&amp;M-kontrakter i Danmark, Sverige, Tyskland og Frankrig."},{"_type":"_","title":"Leverer CWS 24\/7-overv\u00e5gning til vores m\u00f8ller?","text":"Ja, vi har vores egen 24\/7\/365 bemandet overv\u00e5gningsops\u00e6tning."}]},{"_type":"_","title":"Serviceprojekter","items":[{"_type":"_","title":"I hvilke lande tilbyder CWS serviceprojekter?","text":"Vi arbejder globalt p\u00e5 serviceprojekter samt levering af reservedele."},{"_type":"_","title":"Tilbyder CWS supervision?","text":"Ja, CWS har mange h\u00f8jt erfarne supervisorer til r\u00e5dighed."},{"_type":"_","title":"Tilbyder CWS serviceprojekter for alle m\u00f8lletyper?","text":"Nej, men som\u00a0selvst\u00e6ndig\u00a0multibrand\u00a0 serviceleverand\u00f8r kan vi tilbyde det til de fleste almindelige m\u00f8lletyper."},{"_type":"_","title":"Har CWS internt v\u00e6rkt\u00f8j til at skifte hovedkomponenter?","text":"Ja, vi har specielle v\u00e6rkt\u00f8jer til udskiftning af en bred vifte af hovedkomponenter til en lang r\u00e6kke m\u00f8lletyper."},{"_type":"_","title":"Kan CWS tilbyde en plug 'n' play-l\u00f8sning, herunder bemanding, kran, dele osv.?","text":"Ja, CWS har tilbudt n\u00f8jagtigt denne type l\u00f8sning mange gange."},{"_type":"_","title":"K\u00f8ber CWS gamle og\/eller defekte m\u00f8ller?","text":"Ja, vi k\u00f8ber lejlighedsvis forskellige m\u00f8ller til lager."}]},{"_type":"_","title":"Komponenter & reservedele","items":[{"_type":"_","title":"Leverer I over hele verden?","text":"Ja. Vi har kunder over hele verden, f.eks. Jamaica, Japan, Frankrig, Spanien og USA."},{"_type":"_","title":"Hvad er jeres leveringstider?","text":"P\u00e5 lager: 1-5 arbejdsdage\r\nStandard: 8-14 arbejdsdage\r\nPresserende: 3-7 arbejdsdage (Ekstra: \u20ac 135 ekskl. fragt)"},{"_type":"_","title":"Kan CWS levere reservedele til alle m\u00f8lletyper?","text":"Som multi-brand kan vi klare det for de fleste almindelige m\u00f8lletyper."}]},{"_type":"_","title":"Up-tower reparationer","items":[{"_type":"_","title":"Tilbyder CWS plug 'n' play gearkasser?","text":"Ja, CWS har mange \u00e5rs erfaring med at levere plug 'n' play-l\u00f8sninger."},{"_type":"_","title":"Kan CWS tilbyde at s\u00e6lge hovedkomponenterne ved en byttehandel?","text":"Ja, CWS tilbyder b\u00e5de bytterhandler (vi tager returafgiften som bytte) og direkte salg"},{"_type":"_","title":"Tilbyder CWS ogs\u00e5 up-tower reparationer\/udskiftning p\u00e5 gearkasser?","text":"Ja, CWS har stor erfaring med up-tower reparation og har udviklet v\u00e6rkt\u00f8jer og procedurer til en lang r\u00e6kke specifikke gearkasser."},{"_type":"_","title":"Har CWS et lager af direkte tilg\u00e6ngelige gearkasser og hovedaksler?","text":"Ja, CWS har adskillelige enheder til r\u00e5dighed til \u00f8jeblikkelig levering."},{"_type":"_","title":"Tilbyder CWS at opbevare kundeejede gearkasser og  herunder n\u00f8dvendige vedligehold?","text":"Ja, CWS har gjort denne tjeneste tilg\u00e6ngelig for mange kunder i de seneste \u00e5r."}]},{"_type":"_","title":"Overv\u00e5gning","items":[{"_type":"_","title":"Er I reelt bemandet 24\/7?","text":"Ja, 24\/7 er en reel 24\/7-ordning."},{"_type":"_","title":"Har CWS en app overv\u00e5gning?","text":"Ja, du har mulighed for at bruge vores Connect 24\/7-app.\r\n\r\n<a href=\"https:\/\/play.google.com\/store\/apps\/details?id=com.mitateknik.connect\">Android download<\/a>\r\n\r\n<a href=\"https:\/\/itunes.apple.com\/de\/app\/connect-24-7-scada-app\/id1058383581?mt=8\">iOS download<\/a>"},{"_type":"_","title":"Kan CWS levere 24\/7 servicen til flere m\u00f8lletyper?","text":"Ja, vi har mange forskellige controller modeller og m\u00f8lletyper forbundet til vores 24\/7."}]},{"_type":"_","title":"Vores ans\u00f8gningsproces","items":[{"_type":"_","title":"P\u00e5 hvilke sprog kan jeg indsende en ans\u00f8gning? ","text":"Du kan indsende din ans\u00f8gning p\u00e5 f\u00f8lgende sprog:\r\n<ul>\r\n \t<li>Dansk<\/li>\r\n \t<li>Engelsk<\/li>\r\n<\/ul>"},{"_type":"_","title":"Hvordan skal jeg indsende en ans\u00f8gning til Connected Wind Services? ","text":"Du kan sende din ans\u00f8gning pr. brev, e-mail eller digitalt."},{"_type":"_","title":"Hvilke dokumenter skal jeg sende, n\u00e5r jeg ans\u00f8ger? ","text":"Send venligst dit CV, din ans\u00f8gning og dine kvalifikationer."},{"_type":"_","title":"Skal jeg vedh\u00e6fte et billede med min ans\u00f8gning? ","text":"Du beh\u00f8ver ikke at sende et billede med din ans\u00f8gning. Husk dog altid at sende dit CV og dine kvalifikationer."}]}]},{"_type":"contact","title":"Fandt du dit svar? ","background":"bg-white","description":"Fandt du ikke det svar du ledte efter? S\u00e5 kontakt os venligt. ","drop_downs":[],"placeholder":"Besked","to":"info.dk@connectedwind.com","button":"Send besked","employees":[],"hide_company":false}],"_links":{"self":[{"href":"https:\/\/www.connectedwind.com\/da\/wp-json\/wp\/v2\/pages\/1026","targetHints":{"allow":["GET"]}}],"collection":[{"href":"https:\/\/www.connectedwind.com\/da\/wp-json\/wp\/v2\/pages"}],"about":[{"href":"https:\/\/www.connectedwind.com\/da\/wp-json\/wp\/v2\/types\/page"}],"author":[{"embeddable":true,"href":"https:\/\/www.connectedwind.com\/da\/wp-json\/wp\/v2\/users\/2"}],"replies":[{"embeddable":true,"href":"https:\/\/www.connectedwind.com\/da\/wp-json\/wp\/v2\/comments?post=1026"}],"version-history":[{"count":2,"href":"https:\/\/www.connectedwind.com\/da\/wp-json\/wp\/v2\/pages\/1026\/revisions"}],"predecessor-version":[{"id":4157,"href":"https:\/\/www.connectedwind.com\/da\/wp-json\/wp\/v2\/pages\/1026\/revisions\/4157"}],"wp:attachment":[{"href":"https:\/\/www.connectedwind.com\/da\/wp-json\/wp\/v2\/media?parent=1026"}],"curies":[{"name":"wp","href":"https:\/\/api.w.org\/{rel}","templated":true}]}}