{"id":1029,"date":"2018-10-24T12:28:05","date_gmt":"2018-10-24T10:28:05","guid":{"rendered":"https:\/\/www.connectedwind.com\/careers\/"},"modified":"2025-11-28T09:14:31","modified_gmt":"2025-11-28T08:14:31","slug":"careers","status":"publish","type":"page","link":"https:\/\/www.connectedwind.com\/da\/careers\/","title":{"rendered":"Karriere"},"content":{"rendered":"","protected":false},"excerpt":{"rendered":"","protected":false},"author":2,"featured_media":0,"parent":0,"menu_order":0,"comment_status":"closed","ping_status":"closed","template":"views\/template-career.blade.php","meta":{"footnotes":""},"class_list":["post-1029","page","type-page","status-publish","hentry"],"yoast_head":"<!-- This site is optimized with the Yoast SEO plugin v24.7 - https:\/\/yoast.com\/wordpress\/plugins\/seo\/ -->\n<title>Karriere - Connected Wind Services<\/title>\n<meta name=\"robots\" content=\"index, follow, max-snippet:-1, max-image-preview:large, max-video-preview:-1\" \/>\n<link rel=\"canonical\" href=\"https:\/\/www.connectedwind.com\/da\/careers\/\" \/>\n<meta property=\"og:locale\" content=\"da_DK\" \/>\n<meta property=\"og:type\" content=\"article\" \/>\n<meta property=\"og:title\" content=\"Karriere - Connected Wind Services\" \/>\n<meta property=\"og:url\" content=\"https:\/\/www.connectedwind.com\/da\/careers\/\" \/>\n<meta property=\"og:site_name\" content=\"Connected Wind Services\" \/>\n<meta property=\"article:modified_time\" content=\"2025-11-28T08:14:31+00:00\" \/>\n<meta name=\"twitter:card\" content=\"summary_large_image\" \/>\n<script type=\"application\/ld+json\" class=\"yoast-schema-graph\">{\"@context\":\"https:\/\/schema.org\",\"@graph\":[{\"@type\":\"WebPage\",\"@id\":\"https:\/\/www.connectedwind.com\/da\/careers\/\",\"url\":\"https:\/\/www.connectedwind.com\/da\/careers\/\",\"name\":\"Karriere - Connected Wind Services\",\"isPartOf\":{\"@id\":\"https:\/\/www.connectedwind.com\/fr\/#website\"},\"datePublished\":\"2018-10-24T10:28:05+00:00\",\"dateModified\":\"2025-11-28T08:14:31+00:00\",\"breadcrumb\":{\"@id\":\"https:\/\/www.connectedwind.com\/da\/careers\/#breadcrumb\"},\"inLanguage\":\"da-DK\",\"potentialAction\":[{\"@type\":\"ReadAction\",\"target\":[\"https:\/\/www.connectedwind.com\/da\/careers\/\"]}]},{\"@type\":\"BreadcrumbList\",\"@id\":\"https:\/\/www.connectedwind.com\/da\/careers\/#breadcrumb\",\"itemListElement\":[{\"@type\":\"ListItem\",\"position\":1,\"name\":\"Home\",\"item\":\"https:\/\/www.connectedwind.com\/da\/\"},{\"@type\":\"ListItem\",\"position\":2,\"name\":\"Karriere\"}]},{\"@type\":\"WebSite\",\"@id\":\"https:\/\/www.connectedwind.com\/fr\/#website\",\"url\":\"https:\/\/www.connectedwind.com\/fr\/\",\"name\":\"Connected Wind Services\",\"description\":\"ISP for reliable O&amp;M services &amp; parts\",\"potentialAction\":[{\"@type\":\"SearchAction\",\"target\":{\"@type\":\"EntryPoint\",\"urlTemplate\":\"https:\/\/www.connectedwind.com\/fr\/?s={search_term_string}\"},\"query-input\":{\"@type\":\"PropertyValueSpecification\",\"valueRequired\":true,\"valueName\":\"search_term_string\"}}],\"inLanguage\":\"da-DK\"}]}<\/script>\n<!-- \/ Yoast SEO plugin. -->","yoast_head_json":{"title":"Karriere - Connected Wind Services","robots":{"index":"index","follow":"follow","max-snippet":"max-snippet:-1","max-image-preview":"max-image-preview:large","max-video-preview":"max-video-preview:-1"},"canonical":"https:\/\/www.connectedwind.com\/da\/careers\/","og_locale":"da_DK","og_type":"article","og_title":"Karriere - Connected Wind Services","og_url":"https:\/\/www.connectedwind.com\/da\/careers\/","og_site_name":"Connected Wind Services","article_modified_time":"2025-11-28T08:14:31+00:00","twitter_card":"summary_large_image","schema":{"@context":"https:\/\/schema.org","@graph":[{"@type":"WebPage","@id":"https:\/\/www.connectedwind.com\/da\/careers\/","url":"https:\/\/www.connectedwind.com\/da\/careers\/","name":"Karriere - Connected Wind Services","isPartOf":{"@id":"https:\/\/www.connectedwind.com\/fr\/#website"},"datePublished":"2018-10-24T10:28:05+00:00","dateModified":"2025-11-28T08:14:31+00:00","breadcrumb":{"@id":"https:\/\/www.connectedwind.com\/da\/careers\/#breadcrumb"},"inLanguage":"da-DK","potentialAction":[{"@type":"ReadAction","target":["https:\/\/www.connectedwind.com\/da\/careers\/"]}]},{"@type":"BreadcrumbList","@id":"https:\/\/www.connectedwind.com\/da\/careers\/#breadcrumb","itemListElement":[{"@type":"ListItem","position":1,"name":"Home","item":"https:\/\/www.connectedwind.com\/da\/"},{"@type":"ListItem","position":2,"name":"Karriere"}]},{"@type":"WebSite","@id":"https:\/\/www.connectedwind.com\/fr\/#website","url":"https:\/\/www.connectedwind.com\/fr\/","name":"Connected Wind Services","description":"ISP for reliable O&amp;M services &amp; parts","potentialAction":[{"@type":"SearchAction","target":{"@type":"EntryPoint","urlTemplate":"https:\/\/www.connectedwind.com\/fr\/?s={search_term_string}"},"query-input":{"@type":"PropertyValueSpecification","valueRequired":true,"valueName":"search_term_string"}}],"inLanguage":"da-DK"}]}},"app_templates_career_top_banner_yuxj0mrzckshar4c":{"value":"","col":"6","position":"before"},"app_templates_career_top_banner_image":"420","app_templates_career_top_banner_nnntat71ihquuywg":{"value":"","col":"6","position":"before"},"app_templates_career_top_banner_0bbveflczaq1npa6":{"value":"","col":"6","position":"before"},"app_templates_career_top_banner_pretitle":"Karriere","app_templates_career_top_banner_title":"Bliv en del af Connected Wind Services","app_templates_career_top_banner_ff9w5oac9osfpevg":{"value":"","col":"6","position":"before"},"app_templates_career_modules_modules":[{"_type":"text_image","nav_title":"Introduktion","image":"78","video":"","background_color":"bg-secondary-light","image_position":3,"pretitle":"","title":"Arbejde hos Connected ","subtitle":"Tekniker job ved Connected Wind Services Danmark A\/S","text":"Vil du v\u00e6re en del af en hurtigt voksende, ambiti\u00f8s organisation med en venlig, st\u00f8ttende - og altid professionel atmosf\u00e6re? S\u00e5 er du kommet til det rette sted.\r\n\r\nV\u00e6r ogs\u00e5 opm\u00e6rksom p\u00e5 \u00e5bne stillinger p\u00e5 vores andre lokale hjemmesider.","button":{"value":"","url":"","anchor":"","blank":"1"},"show_shares":false},{"_type":"features","nav_title":"Virksomhedskultur ","pretitle":"Vores virksomhedskultur ","title":"Vi er en v\u00e6rdidrevet organisation","description":"Vedligeholdelse og servicering af vindm\u00f8ller er kun \u00e9n del af, det vi g\u00f8r: \r\n\r\nVi hj\u00e6lper den gr\u00f8nne bev\u00e6gelse. Vi hj\u00e6lper virksomheder med at udvikle sig. Og vores partnere med at opbygge et b\u00e6redygtigt fundament for fremtiden. \r\n\r\nVi skaber innovative l\u00f8sninger til komplekse problemer \u2013 vi fremmer teknologien til at overskride forventningerne.\r\n\r\nSom professionel servicepartner ved vi pr\u00e6cis, hvad der kr\u00e6ves for at skabe medvind for vores kunder\r\n\r\n","size":12,"features":[{"_type":"_","icon":{"value":"street-view","name":"Street View","class":"fas fa-street-view","search_terms":["directions","location","map","navigation"],"provider":"fontawesome"},"title":"Transparens","description":"Transparens og \u00e5benhed sikrer gensidig tillid og handling. At respektere vores aftaler er lige s\u00e5 vigtig for os, som det er for dig. Vores erfaring samt know-how garanterer vores kunder, at vi ved, hvad vi laver. Vi er den professionelle partner, der reducerer kompleksitet. Vi f\u00e5r vores kunders forhindringer til at forsvinde og skubber dem fremad.   \r\n"},{"_type":"_","icon":{"value":"arrows-alt","name":"Alternate Arrows","class":"fas fa-arrows-alt","search_terms":["arrow","arrows","bigger","enlarge","expand","fullscreen","move","position","reorder","resize"],"provider":"fontawesome"},"title":"Respons","description":"Som en multi-brand serviceleverand\u00f8r tilbyder vi fleksible l\u00f8sninger, der er skr\u00e6ddersyet til hver enkelt kundes pr\u00e6cise behov. Vores lokale tilstedev\u00e6relse sikrer kort responstid og hurtig h\u00e5ndtering, n\u00e5r problemer opst\u00e5r. Desuden, giver vores set-up og tilgang os mulighed for at tilpasse det hurtigt skiftende marked. Vi skr\u00e6ddersyr l\u00f8sninger og servicekoncepter der sikrer et maksimalt udbytte og beskyttelse af aktiver og ressourcer.        \r\n"},{"_type":"_","icon":{"value":"bullseye","name":"Bullseye","class":"fas fa-bullseye","search_terms":["archery","goal","objective","target"],"provider":"fontawesome"},"title":"Progressivitet ","description":"P\u00e5 et marked, hvor vi konkurrerer mod sm\u00e5 lokale serviceleverand\u00f8rer og store globale originale udstyrsproducenter, str\u00e6ber vi efter altid overg\u00e5 vores kunders forventninger. Vi stopper aldrig med at forny os, hvilket g\u00f8r det muligt for os l\u00f8bende at forbedre vores tjenester og l\u00f8sninger - Fremme teknologi og forl\u00e6nge levetiden af vores kunders aktiver. \r\n"}]},{"_type":"vacancies","nav_title":"Ledige stillinger","title":"Ledige stillinger","description":"","vacancies":[]},{"_type":"textbox_image","nav_title":"Ans\u00f8gninger","background_color":"bg-primary","image_position":1,"image":"79","pretitle":"Uopfordrede ans\u00f8gninger ","title":"Har du det, der skal til? ","text":"Udfold dit potentiale \u2013 bliv en del af Connected Wind Services. Vil du styrke fremtidens energi \u2013 s\u00e5 vil vi gerne h\u00f8re fra dig. Hos Connected Wind Services bliver du en del af en hurtigt voksende og ambiti\u00f8s organisation med en venlig, st\u00f8ttende - altid professionel atmosf\u00e6re!\r\n\r\nV\u00e6r ogs\u00e5 opm\u00e6rksom p\u00e5 \u00e5bne stillinger p\u00e5 vores andre lokale hjemmesider.","features":[],"button":{"value":"","url":"\/da\/careers\/#kontakt","anchor":"Ans\u00f8g nu","blank":"1"},"button2":{"value":"","url":"","anchor":"","blank":"0"}},{"_type":"employee_stories","nav_title":"Employee stories","title":"Employee stories","description":"F\u00e5 mere at vide om det at arbejde ved Connected Wind Services","employee_stories":[{"value":"post:employee-stories:1759","type":"post","subtype":"employee-stories","id":"1759"},{"value":"post:employee-stories:1746","type":"post","subtype":"employee-stories","id":"1746"},{"value":"post:employee-stories:1739","type":"post","subtype":"employee-stories","id":"1739"}]},{"_type":"accordion","nav_title":"FAQ","title":"Har du sp\u00f8rgsm\u00e5l?","description":"Hvis du har sp\u00f8rgsm\u00e5l til ledige stillinger, s\u00e5 l\u00e6s vores \u201dOfte stillede sp\u00f8rgsm\u00e5l\u201d (FAQ) her.\r\nFind svar p\u00e5 de mest almindelige sp\u00f8rgsm\u00e5l: \r\n","categories":[{"_type":"_","title":"","items":[{"_type":"_","title":"P\u00e5 hvilke sprog kan jeg indsende en ans\u00f8gning? ","text":"Du kan indsende din ans\u00f8gning p\u00e5 f\u00f8lgende sprog:\r\n<ul>\r\n \t<li>Dansk<\/li>\r\n \t<li>Engelsk<\/li>\r\n<\/ul>"},{"_type":"_","title":"Hvordan skal jeg indsende en ans\u00f8gning til Connected Wind Services? ","text":"Du kan sende din ans\u00f8gning pr. brev, e-mail eller digitalt."},{"_type":"_","title":"Hvilke dokumenter skal jeg sende, n\u00e5r jeg ans\u00f8ger? ","text":"Send venligst dit CV, din ans\u00f8gning og dine kvalifikationer."},{"_type":"_","title":"Skal jeg vedh\u00e6fte et billede med min ans\u00f8gning? ","text":"Du beh\u00f8ver ikke at sende et billede med din ans\u00f8gning. Husk dog altid at sende dit CV og dine kvalifikationer."}]}]},{"_type":"contact","nav_title":"Kontakt","title":"Kontakt os","background":"bg-white","description":"","drop_downs":[],"placeholder":"Besked","to":"info.dk@connectedwind.com","button":"Send besked","employees":[],"hide_company":true}],"app_templates_contact_top_banner_lm0zzmkbgtdrc5jc":{"value":"","col":"6","position":"before"},"app_templates_contact_top_banner_image":"","app_templates_contact_top_banner_fpgiabkjrifvdisb":{"value":"","col":"6","position":"before"},"app_templates_contact_top_banner_ld3x3vwmt3uqnl66":{"value":"","col":"6","position":"before"},"app_templates_contact_top_banner_pretitle":"","app_templates_contact_top_banner_title":"","app_templates_contact_top_banner_whqerb1snduxvtqv":{"value":"","col":"6","position":"before"},"app_templates_contact_contact_title":"","app_templates_contact_contact_background":"bg-white","app_templates_contact_contact_description":"","app_templates_contact_contact_drop_downs":[],"app_templates_contact_contact_placeholder":"","app_templates_contact_contact_to":"","app_templates_contact_contact_button":"","app_templates_contact_contact_employees":[],"app_templates_contact_contact_hide_company":false,"app_templates_contact_offices_offices":[],"app_templates_contact_modules_modules":[],"app_templates_cookies_top_banner_7jxh10saguszj2fq":{"value":"","col":"6","position":"before"},"app_templates_cookies_top_banner_image":"","app_templates_cookies_top_banner_8n22m69nu7pwytke":{"value":"","col":"6","position":"before"},"app_templates_cookies_top_banner_mhn32ekbr3qdh3rj":{"value":"","col":"6","position":"before"},"app_templates_cookies_top_banner_pretitle":"","app_templates_cookies_top_banner_title":"","app_templates_cookies_top_banner_fea3099f0dncmjfa":{"value":"","col":"6","position":"before"},"app_templates_customer_service_top_banner_tweu8usj5bprewxb":{"value":"","col":"6","position":"before"},"app_templates_customer_service_top_banner_image":"","app_templates_customer_service_top_banner_ywjdipw0ijfyktfo":{"value":"","col":"6","position":"before"},"app_templates_customer_service_top_banner_2blbhpxlntqffgpm":{"value":"","col":"6","position":"before"},"app_templates_customer_service_top_banner_pretitle":"","app_templates_customer_service_top_banner_title":"","app_templates_customer_service_top_banner_qdocsmsvumr4uiay":{"value":"","col":"6","position":"before"},"app_templates_customer_service_contact_title":"","app_templates_customer_service_contact_background":"bg-white","app_templates_customer_service_contact_description":"","app_templates_customer_service_contact_drop_downs":[],"app_templates_customer_service_contact_placeholder":"","app_templates_customer_service_contact_to":"","app_templates_customer_service_contact_button":"","app_templates_customer_service_contact_employees":[],"app_templates_customer_service_contact_hide_company":false,"app_templates_customer_service_contact_section_title":"","app_templates_customer_service_contact_section_description":"","app_templates_customer_service_contact_section_contact_info":[],"app_templates_customer_service_modules_modules":[],"app_templates_homepage_top_banner_image":"","app_templates_homepage_top_banner_video":"","app_templates_homepage_top_banner_title":"","app_templates_homepage_top_banner_description":"","app_templates_homepage_top_banner_button":{"value":"","url":"","anchor":"","blank":0},"app_templates_homepage_top_section_services":[],"app_templates_homepage_top_section_text":"","app_templates_homepage_top_section_button":{"value":"","url":"","anchor":"","blank":0},"app_templates_homepage_modules_modules":[],"app_templates_homepage_fr_top_banner_image":"","app_templates_homepage_fr_top_banner_video":"","app_templates_homepage_fr_top_banner_title":"","app_templates_homepage_fr_top_banner_description":"","app_templates_homepage_fr_top_banner_button":{"value":"","url":"","anchor":"","blank":0},"app_templates_homepage_fr_top_section_services":[],"app_templates_homepage_fr_top_section_text":"","app_templates_homepage_fr_top_section_button":{"value":"","url":"","anchor":"","blank":0},"app_templates_homepage_fr_modules_modules":[],"app_templates_iframe_top_banner_ced5t3v8rqsijz94":{"value":"","col":"6","position":"before"},"app_templates_iframe_top_banner_image":"","app_templates_iframe_top_banner_4j2wgqvfiewltaap":{"value":"","col":"6","position":"before"},"app_templates_iframe_top_banner_acqujxqgxrmbqowc":{"value":"","col":"6","position":"before"},"app_templates_iframe_top_banner_pretitle":"","app_templates_iframe_top_banner_title":"","app_templates_iframe_top_banner_ojmnmt9igl4tl07n":{"value":"","col":"6","position":"before"},"app_templates_iframe_iframe_url":"","app_templates_map_top_banner_hmg1kxid9zirbjb6":{"value":"","col":"6","position":"before"},"app_templates_map_top_banner_image":"","app_templates_map_top_banner_fgpukt3mvmlc0ir8":{"value":"","col":"6","position":"before"},"app_templates_map_top_banner_khgs3zpfaxwbuaho":{"value":"","col":"6","position":"before"},"app_templates_map_top_banner_pretitle":"","app_templates_map_top_banner_title":"","app_templates_map_top_banner_omg337pf5yej6wda":{"value":"","col":"6","position":"before"},"app_templates_map_modules_modules":[],"app_templates_media_top_banner_0dedxgfgiyeyxbkj":{"value":"","col":"6","position":"before"},"app_templates_media_top_banner_image":"","app_templates_media_top_banner_sjnuax4qtanmbxbp":{"value":"","col":"6","position":"before"},"app_templates_media_top_banner_gbcqymmeracb6lwf":{"value":"","col":"6","position":"before"},"app_templates_media_top_banner_pretitle":"","app_templates_media_top_banner_title":"","app_templates_media_top_banner_ztstoeoivff8quik":{"value":"","col":"6","position":"before"},"app_templates_media_modules_modules":[],"app_templates_modules_top_banner_nidko0za8pilrvmc":{"value":"","col":"6","position":"before"},"app_templates_modules_top_banner_image":"","app_templates_modules_top_banner_xge9wvej8nqhdykq":{"value":"","col":"6","position":"before"},"app_templates_modules_top_banner_mc5uqo7mdklkarly":{"value":"","col":"6","position":"before"},"app_templates_modules_top_banner_pretitle":"","app_templates_modules_top_banner_title":"","app_templates_modules_top_banner_kbfqzi2ggszyh8zy":{"value":"","col":"6","position":"before"},"app_templates_modules_modules_modules":[],"app_templates_support_top_banner_peh2jptduxhiaoau":{"value":"","col":"6","position":"before"},"app_templates_support_top_banner_image":"","app_templates_support_top_banner_si6yly3qoim4lbqc":{"value":"","col":"6","position":"before"},"app_templates_support_top_banner_jksz183ne2vaegbn":{"value":"","col":"6","position":"before"},"app_templates_support_top_banner_pretitle":"","app_templates_support_top_banner_title":"","app_templates_support_top_banner_vnw6d89eu6dyzrhe":{"value":"","col":"6","position":"before"},"app_templates_support_modules_modules":[],"_links":{"self":[{"href":"https:\/\/www.connectedwind.com\/da\/wp-json\/wp\/v2\/pages\/1029","targetHints":{"allow":["GET"]}}],"collection":[{"href":"https:\/\/www.connectedwind.com\/da\/wp-json\/wp\/v2\/pages"}],"about":[{"href":"https:\/\/www.connectedwind.com\/da\/wp-json\/wp\/v2\/types\/page"}],"author":[{"embeddable":true,"href":"https:\/\/www.connectedwind.com\/da\/wp-json\/wp\/v2\/users\/2"}],"replies":[{"embeddable":true,"href":"https:\/\/www.connectedwind.com\/da\/wp-json\/wp\/v2\/comments?post=1029"}],"version-history":[{"count":77,"href":"https:\/\/www.connectedwind.com\/da\/wp-json\/wp\/v2\/pages\/1029\/revisions"}],"predecessor-version":[{"id":9527,"href":"https:\/\/www.connectedwind.com\/da\/wp-json\/wp\/v2\/pages\/1029\/revisions\/9527"}],"wp:attachment":[{"href":"https:\/\/www.connectedwind.com\/da\/wp-json\/wp\/v2\/media?parent=1029"}],"curies":[{"name":"wp","href":"https:\/\/api.w.org\/{rel}","templated":true}]}}