{"id":1030,"date":"2018-10-24T12:28:05","date_gmt":"2018-10-24T10:28:05","guid":{"rendered":"https:\/\/www.connectedwind.com\/contact\/"},"modified":"2025-02-10T12:42:12","modified_gmt":"2025-02-10T11:42:12","slug":"contact","status":"publish","type":"page","link":"https:\/\/www.connectedwind.com\/da\/contact\/","title":{"rendered":"Kontakt"},"content":{"rendered":"","protected":false},"excerpt":{"rendered":"","protected":false},"author":2,"featured_media":0,"parent":0,"menu_order":0,"comment_status":"closed","ping_status":"closed","template":"views\/template-contact.blade.php","meta":{"footnotes":""},"class_list":["post-1030","page","type-page","status-publish","hentry"],"yoast_head":"<!-- This site is optimized with the Yoast SEO plugin v24.7 - https:\/\/yoast.com\/wordpress\/plugins\/seo\/ -->\n<title>Kontakt - Connected Wind Services<\/title>\n<meta name=\"robots\" content=\"index, follow, max-snippet:-1, max-image-preview:large, max-video-preview:-1\" \/>\n<link rel=\"canonical\" href=\"https:\/\/www.connectedwind.com\/da\/contact\/\" \/>\n<meta property=\"og:locale\" content=\"da_DK\" \/>\n<meta property=\"og:type\" content=\"article\" \/>\n<meta property=\"og:title\" content=\"Kontakt - Connected Wind Services\" \/>\n<meta property=\"og:url\" content=\"https:\/\/www.connectedwind.com\/da\/contact\/\" \/>\n<meta property=\"og:site_name\" content=\"Connected Wind Services\" \/>\n<meta property=\"article:modified_time\" content=\"2025-02-10T11:42:12+00:00\" \/>\n<meta name=\"twitter:card\" content=\"summary_large_image\" \/>\n<script type=\"application\/ld+json\" class=\"yoast-schema-graph\">{\"@context\":\"https:\/\/schema.org\",\"@graph\":[{\"@type\":\"WebPage\",\"@id\":\"https:\/\/www.connectedwind.com\/da\/contact\/\",\"url\":\"https:\/\/www.connectedwind.com\/da\/contact\/\",\"name\":\"Kontakt - Connected Wind Services\",\"isPartOf\":{\"@id\":\"https:\/\/www.connectedwind.com\/fr\/#website\"},\"datePublished\":\"2018-10-24T10:28:05+00:00\",\"dateModified\":\"2025-02-10T11:42:12+00:00\",\"breadcrumb\":{\"@id\":\"https:\/\/www.connectedwind.com\/da\/contact\/#breadcrumb\"},\"inLanguage\":\"da-DK\",\"potentialAction\":[{\"@type\":\"ReadAction\",\"target\":[\"https:\/\/www.connectedwind.com\/da\/contact\/\"]}]},{\"@type\":\"BreadcrumbList\",\"@id\":\"https:\/\/www.connectedwind.com\/da\/contact\/#breadcrumb\",\"itemListElement\":[{\"@type\":\"ListItem\",\"position\":1,\"name\":\"Home\",\"item\":\"https:\/\/www.connectedwind.com\/da\/\"},{\"@type\":\"ListItem\",\"position\":2,\"name\":\"Kontakt\"}]},{\"@type\":\"WebSite\",\"@id\":\"https:\/\/www.connectedwind.com\/fr\/#website\",\"url\":\"https:\/\/www.connectedwind.com\/fr\/\",\"name\":\"Connected Wind Services\",\"description\":\"ISP for reliable O&amp;M services &amp; parts\",\"potentialAction\":[{\"@type\":\"SearchAction\",\"target\":{\"@type\":\"EntryPoint\",\"urlTemplate\":\"https:\/\/www.connectedwind.com\/fr\/?s={search_term_string}\"},\"query-input\":{\"@type\":\"PropertyValueSpecification\",\"valueRequired\":true,\"valueName\":\"search_term_string\"}}],\"inLanguage\":\"da-DK\"}]}<\/script>\n<!-- \/ Yoast SEO plugin. -->","yoast_head_json":{"title":"Kontakt - Connected Wind Services","robots":{"index":"index","follow":"follow","max-snippet":"max-snippet:-1","max-image-preview":"max-image-preview:large","max-video-preview":"max-video-preview:-1"},"canonical":"https:\/\/www.connectedwind.com\/da\/contact\/","og_locale":"da_DK","og_type":"article","og_title":"Kontakt - Connected Wind Services","og_url":"https:\/\/www.connectedwind.com\/da\/contact\/","og_site_name":"Connected Wind Services","article_modified_time":"2025-02-10T11:42:12+00:00","twitter_card":"summary_large_image","schema":{"@context":"https:\/\/schema.org","@graph":[{"@type":"WebPage","@id":"https:\/\/www.connectedwind.com\/da\/contact\/","url":"https:\/\/www.connectedwind.com\/da\/contact\/","name":"Kontakt - Connected Wind Services","isPartOf":{"@id":"https:\/\/www.connectedwind.com\/fr\/#website"},"datePublished":"2018-10-24T10:28:05+00:00","dateModified":"2025-02-10T11:42:12+00:00","breadcrumb":{"@id":"https:\/\/www.connectedwind.com\/da\/contact\/#breadcrumb"},"inLanguage":"da-DK","potentialAction":[{"@type":"ReadAction","target":["https:\/\/www.connectedwind.com\/da\/contact\/"]}]},{"@type":"BreadcrumbList","@id":"https:\/\/www.connectedwind.com\/da\/contact\/#breadcrumb","itemListElement":[{"@type":"ListItem","position":1,"name":"Home","item":"https:\/\/www.connectedwind.com\/da\/"},{"@type":"ListItem","position":2,"name":"Kontakt"}]},{"@type":"WebSite","@id":"https:\/\/www.connectedwind.com\/fr\/#website","url":"https:\/\/www.connectedwind.com\/fr\/","name":"Connected Wind Services","description":"ISP for reliable O&amp;M services &amp; parts","potentialAction":[{"@type":"SearchAction","target":{"@type":"EntryPoint","urlTemplate":"https:\/\/www.connectedwind.com\/fr\/?s={search_term_string}"},"query-input":{"@type":"PropertyValueSpecification","valueRequired":true,"valueName":"search_term_string"}}],"inLanguage":"da-DK"}]}},"app_templates_career_top_banner_hdyfkztgjcagbfgd":{"value":"","col":"6","position":"before"},"app_templates_career_top_banner_image":"","app_templates_career_top_banner_klytsxqyposdee5h":{"value":"","col":"6","position":"before"},"app_templates_career_top_banner_ka0duujqbxudslyp":{"value":"","col":"6","position":"before"},"app_templates_career_top_banner_pretitle":"","app_templates_career_top_banner_title":"","app_templates_career_top_banner_phyalqdz3llswqko":{"value":"","col":"6","position":"before"},"app_templates_career_modules_modules":[],"app_templates_contact_top_banner_0trap2z7kskrq7qi":{"value":"","col":"6","position":"before"},"app_templates_contact_top_banner_image":"64","app_templates_contact_top_banner_iutsqjzmandmswxl":{"value":"","col":"6","position":"before"},"app_templates_contact_top_banner_abhnnxl5faivdfb3":{"value":"","col":"6","position":"before"},"app_templates_contact_top_banner_pretitle":"Kontakt ","app_templates_contact_top_banner_title":"Kontakt os ","app_templates_contact_top_banner_hql4podvg2bhhzvg":{"value":"","col":"6","position":"before"},"app_templates_contact_contact_title":"Kontakt os ","app_templates_contact_contact_background":"bg-secondary-light","app_templates_contact_contact_description":"Vi skaber drift og styrker fremtidens energi. \r\n\r\nHar du sp\u00f8rgsm\u00e5l eller problemer, er du velkommen til at kontakte os n\u00e5r som helst. \r\n","app_templates_contact_contact_drop_downs":[],"app_templates_contact_contact_placeholder":"","app_templates_contact_contact_to":"info@connectedwind.com","app_templates_contact_contact_button":"","app_templates_contact_contact_employees":[{"value":"post:employees:8207","type":"post","subtype":"employees","id":"8207"}],"app_templates_contact_contact_hide_company":false,"app_templates_contact_offices_offices":[{"_type":"_","background_color":"bg-primary","image_position":3,"phone":"+45 8623 0155","email":"info.dk@connectedwind.com","website":{"value":"","url":"\/dk","anchor":"www.connectedwind.com\/dk","blank":"1"},"image":"55","title":"Connected Wind Services Danmark A\/S","pretitle":"Danmark","address":"Langs Skoven 37, 8541 Sk\u00f8dstrup\r\nDanmark"}],"app_templates_contact_modules_modules":[{"_type":"employees","nav_title":"Management","title":"Organistion og ledelse","hide_contact":false,"description":"Har du sp\u00f8rgsm\u00e5l eller behov for hj\u00e6lp?\r\n\r\nOpret forbindelse til en kontaktperson eller g\u00e5 til \u201dOfte stillede sp\u00f8rgsm\u00e5l\u201d (FAQ) <a href=\"https:\/\/www.connectedwind.com\/da\/faq\/\">her<\/a>.\r\n\r\n&nbsp;","categories":[{"_type":"_","title":"Management","employees":[{"value":"post:employees:965","type":"post","subtype":"employees","id":"965"},{"value":"post:employees:986","type":"post","subtype":"employees","id":"986"},{"value":"post:employees:3588","type":"post","subtype":"employees","id":"3588"}]},{"_type":"_","title":"Service Kontrakter","employees":[{"value":"post:employees:8207","type":"post","subtype":"employees","id":"8207"}]},{"_type":"_","title":"Service","employees":[{"value":"post:employees:1996","type":"post","subtype":"employees","id":"1996"},{"value":"post:employees:4796","type":"post","subtype":"employees","id":"4796"},{"value":"post:employees:5664","type":"post","subtype":"employees","id":"5664"},{"value":"post:employees:8833","type":"post","subtype":"employees","id":"8833"}]},{"_type":"_","title":"Offshore","employees":[{"value":"post:employees:9171","type":"post","subtype":"employees","id":"9171"},{"value":"post:employees:9179","type":"post","subtype":"employees","id":"9179"}]},{"_type":"_","title":"Komponenter & Reservedele","employees":[{"value":"post:employees:917","type":"post","subtype":"employees","id":"917"}]},{"_type":"_","title":"QHSE","employees":[{"value":"post:employees:8842","type":"post","subtype":"employees","id":"8842"}]}]},{"_type":"banner","nav_title":"Service stations","image":"41","background_color":"bg-secondary-light","content_position":3,"pretitle":"Servicestationer","title":"T\u00e6nker globalt. Fungerer lokalt. ","text":"Med mere end 25 servicestationer i Nordeuropa, er vi udrustet til at im\u00f8dekomme dine lokale behov. Brug det interaktive kort til at se, hvor vores servicestationer er placeret. Kontakt din lokale repr\u00e6sentant for at oprette et m\u00f8de. ","button":{"value":"","url":"\/da\/service-stations\/","anchor":"Se hvor du kan finde os  ","blank":"0"}}],"app_templates_cookies_top_banner_owbhuiifxuselbez":{"value":"","col":"6","position":"before"},"app_templates_cookies_top_banner_image":"","app_templates_cookies_top_banner_pcshihu6jnlqzjkk":{"value":"","col":"6","position":"before"},"app_templates_cookies_top_banner_dwdirnrsue38ivs8":{"value":"","col":"6","position":"before"},"app_templates_cookies_top_banner_pretitle":"","app_templates_cookies_top_banner_title":"","app_templates_cookies_top_banner_lqjxmk7pwrmnozm4":{"value":"","col":"6","position":"before"},"app_templates_customer_service_top_banner_geojvgb3heowek1z":{"value":"","col":"6","position":"before"},"app_templates_customer_service_top_banner_image":"","app_templates_customer_service_top_banner_kyai2dwreqkmgzir":{"value":"","col":"6","position":"before"},"app_templates_customer_service_top_banner_deu08c4ykkgmqqha":{"value":"","col":"6","position":"before"},"app_templates_customer_service_top_banner_pretitle":"","app_templates_customer_service_top_banner_title":"","app_templates_customer_service_top_banner_uk4w0pfungzxms8v":{"value":"","col":"6","position":"before"},"app_templates_customer_service_contact_title":"","app_templates_customer_service_contact_background":"bg-white","app_templates_customer_service_contact_description":"","app_templates_customer_service_contact_drop_downs":[],"app_templates_customer_service_contact_placeholder":"","app_templates_customer_service_contact_to":"","app_templates_customer_service_contact_button":"","app_templates_customer_service_contact_employees":[],"app_templates_customer_service_contact_hide_company":false,"app_templates_customer_service_contact_section_title":"","app_templates_customer_service_contact_section_description":"","app_templates_customer_service_contact_section_contact_info":[],"app_templates_customer_service_modules_modules":[],"app_templates_homepage_top_banner_image":"","app_templates_homepage_top_banner_video":"","app_templates_homepage_top_banner_title":"","app_templates_homepage_top_banner_description":"","app_templates_homepage_top_banner_button":{"value":"","url":"","anchor":"","blank":0},"app_templates_homepage_top_section_services":[],"app_templates_homepage_top_section_text":"","app_templates_homepage_top_section_button":{"value":"","url":"","anchor":"","blank":0},"app_templates_homepage_modules_modules":[],"app_templates_homepage_fr_top_banner_image":"","app_templates_homepage_fr_top_banner_video":"","app_templates_homepage_fr_top_banner_title":"","app_templates_homepage_fr_top_banner_description":"","app_templates_homepage_fr_top_banner_button":{"value":"","url":"","anchor":"","blank":0},"app_templates_homepage_fr_top_section_services":[],"app_templates_homepage_fr_top_section_text":"","app_templates_homepage_fr_top_section_button":{"value":"","url":"","anchor":"","blank":0},"app_templates_homepage_fr_modules_modules":[],"app_templates_iframe_top_banner_hajupb4llnedxkbr":{"value":"","col":"6","position":"before"},"app_templates_iframe_top_banner_image":"","app_templates_iframe_top_banner_nee87lgallgwvznb":{"value":"","col":"6","position":"before"},"app_templates_iframe_top_banner_k6oi0bb5bptvtpmv":{"value":"","col":"6","position":"before"},"app_templates_iframe_top_banner_pretitle":"","app_templates_iframe_top_banner_title":"","app_templates_iframe_top_banner_uwvmooiwefd6vof7":{"value":"","col":"6","position":"before"},"app_templates_iframe_iframe_url":"","app_templates_map_top_banner_n6wp0truq6uly2ij":{"value":"","col":"6","position":"before"},"app_templates_map_top_banner_image":"","app_templates_map_top_banner_svoaftkftvg9qpui":{"value":"","col":"6","position":"before"},"app_templates_map_top_banner_fciaij3ktjfevoqt":{"value":"","col":"6","position":"before"},"app_templates_map_top_banner_pretitle":"","app_templates_map_top_banner_title":"","app_templates_map_top_banner_fopqjanqbsmmcw7p":{"value":"","col":"6","position":"before"},"app_templates_map_modules_modules":[],"app_templates_media_top_banner_zulvrkfvml4m7dzb":{"value":"","col":"6","position":"before"},"app_templates_media_top_banner_image":"","app_templates_media_top_banner_4qkesvcee8nutp90":{"value":"","col":"6","position":"before"},"app_templates_media_top_banner_bgtauaqy2vtpabm3":{"value":"","col":"6","position":"before"},"app_templates_media_top_banner_pretitle":"","app_templates_media_top_banner_title":"","app_templates_media_top_banner_agqjhxubhc0bl5tp":{"value":"","col":"6","position":"before"},"app_templates_media_modules_modules":[],"app_templates_modules_top_banner_mk3thw1esgscnq6k":{"value":"","col":"6","position":"before"},"app_templates_modules_top_banner_image":"","app_templates_modules_top_banner_lan0nspcgq7i9hls":{"value":"","col":"6","position":"before"},"app_templates_modules_top_banner_z5gzufnjknggqpxg":{"value":"","col":"6","position":"before"},"app_templates_modules_top_banner_pretitle":"","app_templates_modules_top_banner_title":"","app_templates_modules_top_banner_mcb1vffyvcupfyfk":{"value":"","col":"6","position":"before"},"app_templates_modules_modules_modules":[],"app_templates_support_top_banner_q6zzc1wqjgpbgucv":{"value":"","col":"6","position":"before"},"app_templates_support_top_banner_image":"","app_templates_support_top_banner_zjybrvo51jzny2xh":{"value":"","col":"6","position":"before"},"app_templates_support_top_banner_kmcv9tsexva62n4c":{"value":"","col":"6","position":"before"},"app_templates_support_top_banner_pretitle":"","app_templates_support_top_banner_title":"","app_templates_support_top_banner_gxephdicc11a6ohi":{"value":"","col":"6","position":"before"},"app_templates_support_modules_modules":[],"_links":{"self":[{"href":"https:\/\/www.connectedwind.com\/da\/wp-json\/wp\/v2\/pages\/1030","targetHints":{"allow":["GET"]}}],"collection":[{"href":"https:\/\/www.connectedwind.com\/da\/wp-json\/wp\/v2\/pages"}],"about":[{"href":"https:\/\/www.connectedwind.com\/da\/wp-json\/wp\/v2\/types\/page"}],"author":[{"embeddable":true,"href":"https:\/\/www.connectedwind.com\/da\/wp-json\/wp\/v2\/users\/2"}],"replies":[{"embeddable":true,"href":"https:\/\/www.connectedwind.com\/da\/wp-json\/wp\/v2\/comments?post=1030"}],"version-history":[{"count":36,"href":"https:\/\/www.connectedwind.com\/da\/wp-json\/wp\/v2\/pages\/1030\/revisions"}],"predecessor-version":[{"id":9336,"href":"https:\/\/www.connectedwind.com\/da\/wp-json\/wp\/v2\/pages\/1030\/revisions\/9336"}],"wp:attachment":[{"href":"https:\/\/www.connectedwind.com\/da\/wp-json\/wp\/v2\/media?parent=1030"}],"curies":[{"name":"wp","href":"https:\/\/api.w.org\/{rel}","templated":true}]}}