{"id":1036,"date":"2018-10-24T10:25:16","date_gmt":"2018-10-24T10:25:16","guid":{"rendered":"https:\/\/www.connectedwind.com\/homepage\/"},"modified":"2021-05-04T12:45:17","modified_gmt":"2021-05-04T10:45:17","slug":"homepage","status":"publish","type":"page","link":"https:\/\/www.connectedwind.com\/da\/","title":{"rendered":"Homepage"},"content":{"rendered":"","protected":false},"excerpt":{"rendered":"","protected":false},"author":2,"featured_media":0,"parent":0,"menu_order":0,"comment_status":"closed","ping_status":"closed","template":"views\/template-homepage.blade.php","meta":{"footnotes":""},"class_list":["post-1036","page","type-page","status-publish","hentry"],"yoast_head":"<!-- This site is optimized with the Yoast SEO plugin v24.7 - https:\/\/yoast.com\/wordpress\/plugins\/seo\/ -->\n<title>Connected Wind Services - ISP for reliable O&amp;M services &amp; parts<\/title>\n<meta name=\"description\" content=\"Learn how to get reliable local service, repairs, parts, inspection &amp; maintenance for your wind turbines &amp; gearboxes from one of Europe\u2019s leading ISPs.\" \/>\n<meta name=\"robots\" content=\"index, follow, max-snippet:-1, max-image-preview:large, max-video-preview:-1\" \/>\n<link rel=\"canonical\" href=\"https:\/\/www.connectedwind.com\/da\/\" \/>\n<meta property=\"og:locale\" content=\"da_DK\" \/>\n<meta property=\"og:type\" content=\"article\" \/>\n<meta property=\"og:title\" content=\"Connected Wind Services - ISP for reliable O&amp;M services &amp; parts\" \/>\n<meta property=\"og:description\" content=\"Learn how to get reliable local service, repairs, parts, inspection &amp; maintenance for your wind turbines &amp; gearboxes from one of Europe\u2019s leading ISPs.\" \/>\n<meta property=\"og:url\" content=\"https:\/\/www.connectedwind.com\/da\/\" \/>\n<meta property=\"og:site_name\" content=\"Connected Wind Services\" \/>\n<meta property=\"article:modified_time\" content=\"2021-05-04T10:45:17+00:00\" \/>\n<meta name=\"twitter:card\" content=\"summary_large_image\" \/>\n<script type=\"application\/ld+json\" class=\"yoast-schema-graph\">{\"@context\":\"https:\/\/schema.org\",\"@graph\":[{\"@type\":\"WebPage\",\"@id\":\"https:\/\/www.connectedwind.com\/da\/\",\"url\":\"https:\/\/www.connectedwind.com\/da\/\",\"name\":\"Connected Wind Services - ISP for reliable O&M services & parts\",\"isPartOf\":{\"@id\":\"https:\/\/www.connectedwind.com\/fr\/#website\"},\"datePublished\":\"2018-10-24T10:25:16+00:00\",\"dateModified\":\"2021-05-04T10:45:17+00:00\",\"description\":\"Learn how to get reliable local service, repairs, parts, inspection & maintenance for your wind turbines & gearboxes from one of Europe\u2019s leading ISPs.\",\"breadcrumb\":{\"@id\":\"https:\/\/www.connectedwind.com\/da\/#breadcrumb\"},\"inLanguage\":\"da-DK\",\"potentialAction\":[{\"@type\":\"ReadAction\",\"target\":[\"https:\/\/www.connectedwind.com\/da\/\"]}]},{\"@type\":\"BreadcrumbList\",\"@id\":\"https:\/\/www.connectedwind.com\/da\/#breadcrumb\",\"itemListElement\":[{\"@type\":\"ListItem\",\"position\":1,\"name\":\"Home\",\"item\":\"https:\/\/www.connectedwind.com\/da\/\"},{\"@type\":\"ListItem\",\"position\":2,\"name\":\"Homepage\"}]},{\"@type\":\"WebSite\",\"@id\":\"https:\/\/www.connectedwind.com\/fr\/#website\",\"url\":\"https:\/\/www.connectedwind.com\/fr\/\",\"name\":\"Connected Wind Services\",\"description\":\"ISP for reliable O&amp;M services &amp; parts\",\"potentialAction\":[{\"@type\":\"SearchAction\",\"target\":{\"@type\":\"EntryPoint\",\"urlTemplate\":\"https:\/\/www.connectedwind.com\/fr\/?s={search_term_string}\"},\"query-input\":{\"@type\":\"PropertyValueSpecification\",\"valueRequired\":true,\"valueName\":\"search_term_string\"}}],\"inLanguage\":\"da-DK\"}]}<\/script>\n<!-- \/ Yoast SEO plugin. -->","yoast_head_json":{"title":"Connected Wind Services - ISP for reliable O&M services & parts","description":"Learn how to get reliable local service, repairs, parts, inspection & maintenance for your wind turbines & gearboxes from one of Europe\u2019s leading ISPs.","robots":{"index":"index","follow":"follow","max-snippet":"max-snippet:-1","max-image-preview":"max-image-preview:large","max-video-preview":"max-video-preview:-1"},"canonical":"https:\/\/www.connectedwind.com\/da\/","og_locale":"da_DK","og_type":"article","og_title":"Connected Wind Services - ISP for reliable O&M services & parts","og_description":"Learn how to get reliable local service, repairs, parts, inspection & maintenance for your wind turbines & gearboxes from one of Europe\u2019s leading ISPs.","og_url":"https:\/\/www.connectedwind.com\/da\/","og_site_name":"Connected Wind Services","article_modified_time":"2021-05-04T10:45:17+00:00","twitter_card":"summary_large_image","schema":{"@context":"https:\/\/schema.org","@graph":[{"@type":"WebPage","@id":"https:\/\/www.connectedwind.com\/da\/","url":"https:\/\/www.connectedwind.com\/da\/","name":"Connected Wind Services - ISP for reliable O&M services & parts","isPartOf":{"@id":"https:\/\/www.connectedwind.com\/fr\/#website"},"datePublished":"2018-10-24T10:25:16+00:00","dateModified":"2021-05-04T10:45:17+00:00","description":"Learn how to get reliable local service, repairs, parts, inspection & maintenance for your wind turbines & gearboxes from one of Europe\u2019s leading ISPs.","breadcrumb":{"@id":"https:\/\/www.connectedwind.com\/da\/#breadcrumb"},"inLanguage":"da-DK","potentialAction":[{"@type":"ReadAction","target":["https:\/\/www.connectedwind.com\/da\/"]}]},{"@type":"BreadcrumbList","@id":"https:\/\/www.connectedwind.com\/da\/#breadcrumb","itemListElement":[{"@type":"ListItem","position":1,"name":"Home","item":"https:\/\/www.connectedwind.com\/da\/"},{"@type":"ListItem","position":2,"name":"Homepage"}]},{"@type":"WebSite","@id":"https:\/\/www.connectedwind.com\/fr\/#website","url":"https:\/\/www.connectedwind.com\/fr\/","name":"Connected Wind Services","description":"ISP for reliable O&amp;M services &amp; parts","potentialAction":[{"@type":"SearchAction","target":{"@type":"EntryPoint","urlTemplate":"https:\/\/www.connectedwind.com\/fr\/?s={search_term_string}"},"query-input":{"@type":"PropertyValueSpecification","valueRequired":true,"valueName":"search_term_string"}}],"inLanguage":"da-DK"}]}},"app_templates_career_top_banner_bx9ujpc64qjlkhni":{"value":"","col":"6","position":"before"},"app_templates_career_top_banner_image":"","app_templates_career_top_banner_pvnzrjkgym7qavxk":{"value":"","col":"6","position":"before"},"app_templates_career_top_banner_rkzhnpxckqg4hnfz":{"value":"","col":"6","position":"before"},"app_templates_career_top_banner_pretitle":"","app_templates_career_top_banner_title":"","app_templates_career_top_banner_gfzsfwffnfkmbpcl":{"value":"","col":"6","position":"before"},"app_templates_career_modules_modules":[],"app_templates_contact_top_banner_rjt0gdihsrenlsib":{"value":"","col":"6","position":"before"},"app_templates_contact_top_banner_image":"","app_templates_contact_top_banner_9xm4wjlxzaiytsr1":{"value":"","col":"6","position":"before"},"app_templates_contact_top_banner_6dwcc8udbhsqvd1d":{"value":"","col":"6","position":"before"},"app_templates_contact_top_banner_pretitle":"","app_templates_contact_top_banner_title":"","app_templates_contact_top_banner_kq1pdehpn2dyzixm":{"value":"","col":"6","position":"before"},"app_templates_contact_contact_title":"","app_templates_contact_contact_background":"bg-white","app_templates_contact_contact_description":"","app_templates_contact_contact_drop_downs":[],"app_templates_contact_contact_placeholder":"","app_templates_contact_contact_to":"","app_templates_contact_contact_button":"","app_templates_contact_contact_employees":[],"app_templates_contact_contact_hide_company":false,"app_templates_contact_offices_offices":[],"app_templates_contact_modules_modules":[],"app_templates_cookies_top_banner_uyxpp8x0pvn61ct9":{"value":"","col":"6","position":"before"},"app_templates_cookies_top_banner_image":"","app_templates_cookies_top_banner_qcyaajggcek8unmt":{"value":"","col":"6","position":"before"},"app_templates_cookies_top_banner_1ipyz0zxkkfux6bl":{"value":"","col":"6","position":"before"},"app_templates_cookies_top_banner_pretitle":"","app_templates_cookies_top_banner_title":"","app_templates_cookies_top_banner_xavk3rvpsrcmrjxd":{"value":"","col":"6","position":"before"},"app_templates_customer_service_top_banner_csmeva6codih9rpv":{"value":"","col":"6","position":"before"},"app_templates_customer_service_top_banner_image":"","app_templates_customer_service_top_banner_i5taa6drxyjupuse":{"value":"","col":"6","position":"before"},"app_templates_customer_service_top_banner_32ehfjsbnyzk9wmq":{"value":"","col":"6","position":"before"},"app_templates_customer_service_top_banner_pretitle":"","app_templates_customer_service_top_banner_title":"","app_templates_customer_service_top_banner_it6ktb7995fsc8om":{"value":"","col":"6","position":"before"},"app_templates_customer_service_contact_title":"","app_templates_customer_service_contact_background":"bg-white","app_templates_customer_service_contact_description":"","app_templates_customer_service_contact_drop_downs":[],"app_templates_customer_service_contact_placeholder":"","app_templates_customer_service_contact_to":"","app_templates_customer_service_contact_button":"","app_templates_customer_service_contact_employees":[],"app_templates_customer_service_contact_hide_company":false,"app_templates_customer_service_contact_section_title":"","app_templates_customer_service_contact_section_description":"","app_templates_customer_service_contact_section_contact_info":[],"app_templates_customer_service_modules_modules":[],"app_templates_homepage_top_banner_image":"882","app_templates_homepage_top_banner_video":"7178","app_templates_homepage_top_banner_title":"Vi styrker fremtidens energi","app_templates_homepage_top_banner_description":"Vi tror p\u00e5, at lang levetid er n\u00f8glen\r\ntil at styrke b\u00e6redygtig energi \u2013 \r\ni virksomheder, samfund og verden. \r\n","app_templates_homepage_top_banner_button":{"value":"","url":"\/da\/discover-our-capabilities\/","anchor":"Udforsk vores evner","blank":"0"},"app_templates_homepage_top_section_services":[{"value":"post:services:132","type":"post","subtype":"services","id":"132"},{"value":"post:services:137","type":"post","subtype":"services","id":"137"},{"value":"post:services:141","type":"post","subtype":"services","id":"141"},{"value":"post:services:139","type":"post","subtype":"services","id":"139"},{"value":"post:services:665","type":"post","subtype":"services","id":"665"}],"app_templates_homepage_top_section_text":"Vi er en global, selvst\u00e6ndig serviceleverand\u00f8r med mere en 30 \u00e5rs erfaring, dedikeret til at styrke fremtidens vindmuligheder, virksomheder og samfund \u2013 i \u00e9n forbundet verden.  \r\n\r\n","app_templates_homepage_top_section_button":{"value":"","url":"\/da\/about\/","anchor":"L\u00e6r os at kende","blank":"1"},"app_templates_homepage_modules_modules":[{"_type":"recent_insights","title":"Nyheder","description":"L\u00e6r mere om Connected Wind Services under nyheder"},{"_type":"textbox_image","background_color":"bg-primary","image_position":1,"image":"3978","pretitle":"Komponenter og reservedele ","title":"Mere end 5000","text":"Med et stort lager af varer fra et bredt udvalg af brands og et kvalificeret teknisk supportteam, der kan identificere, indk\u00f8be og levere de rigtige dele med kort leveringstid, er Connected Wind Services din one-stop shop for reservedele.","features":[],"button":{"value":"","url":"\/component-list\/","anchor":"Se hvad vi har p\u00e5 lager","blank":"1"},"button2":{"value":"","url":"","anchor":"","blank":"1"}},{"_type":"textbox_image","background_color":"bg-white","image_position":3,"image":"6903","pretitle":"Karriere","title":"Bliv en del af Connected Wind Services teamet og hj\u00e6lp os med at holde m\u00f8llerne k\u00f8rende","text":"Vil du v\u00e6re en del af en hurtigt voksende, global organisation med en venlig, st\u00f8ttende og professionel atmosf\u00e6re? Connected Wind Services er en moderne arbejdsplads, hvor vi har fokus p\u00e5 vores medarbejderes f\u00e6rdigheder og udvikling, samtidig med at vi skaber medvind for vores kunder.\r\n\r\nBenyt lejligheden og bliv en del af vores team.","features":[],"button":{"value":"","url":"\/da\/careers\/","anchor":"Karriere","blank":"1"},"button2":{"value":"","url":"","anchor":"","blank":"1"}},{"_type":"banner","image":"41","background_color":"bg-secondary-light","content_position":3,"pretitle":"Servicestationer","title":"T\u00e6nker globalt. Fungerer lokalt. ","text":"Med mere end 25 servicestationer i Nordeuropa, er vi udrustet til at im\u00f8dekomme dine lokale behov. Brug det interaktive kort til at se, hvor vores servicestationer er placeret. Kontakt din lokale repr\u00e6sentant for at oprette et m\u00f8de. ","button":{"value":"","url":"\/da\/service-stations\/","anchor":"Se hvor du kan finde os  ","blank":"1"}}],"app_templates_homepage_fr_top_banner_image":"","app_templates_homepage_fr_top_banner_video":"","app_templates_homepage_fr_top_banner_title":"","app_templates_homepage_fr_top_banner_description":"","app_templates_homepage_fr_top_banner_button":{"value":"","url":"","anchor":"","blank":0},"app_templates_homepage_fr_top_section_services":[],"app_templates_homepage_fr_top_section_text":"","app_templates_homepage_fr_top_section_button":{"value":"","url":"","anchor":"","blank":0},"app_templates_homepage_fr_modules_modules":[],"app_templates_iframe_top_banner_lv1inftpr0tio4cf":{"value":"","col":"6","position":"before"},"app_templates_iframe_top_banner_image":"","app_templates_iframe_top_banner_b4lmy0kz0aasqwpc":{"value":"","col":"6","position":"before"},"app_templates_iframe_top_banner_lkvxtbof5isweszi":{"value":"","col":"6","position":"before"},"app_templates_iframe_top_banner_pretitle":"","app_templates_iframe_top_banner_title":"","app_templates_iframe_top_banner_9rrvugi1zmmfrbxg":{"value":"","col":"6","position":"before"},"app_templates_iframe_iframe_url":"","app_templates_map_top_banner_wqzmz5ydkg61as2y":{"value":"","col":"6","position":"before"},"app_templates_map_top_banner_image":"","app_templates_map_top_banner_chgbhr4zikxmclyo":{"value":"","col":"6","position":"before"},"app_templates_map_top_banner_hmauc10xbm8d4eai":{"value":"","col":"6","position":"before"},"app_templates_map_top_banner_pretitle":"","app_templates_map_top_banner_title":"","app_templates_map_top_banner_oemtjpmnuh3oyfoa":{"value":"","col":"6","position":"before"},"app_templates_map_modules_modules":[],"app_templates_media_top_banner_29jqvpf7zj7sscck":{"value":"","col":"6","position":"before"},"app_templates_media_top_banner_image":"","app_templates_media_top_banner_ubmgam1aeuchiprp":{"value":"","col":"6","position":"before"},"app_templates_media_top_banner_x8rbhjpw9pvm1joi":{"value":"","col":"6","position":"before"},"app_templates_media_top_banner_pretitle":"","app_templates_media_top_banner_title":"","app_templates_media_top_banner_g9fxheqg4ckk6plp":{"value":"","col":"6","position":"before"},"app_templates_media_modules_modules":[],"app_templates_modules_top_banner_mt9g9ud5szdxri0d":{"value":"","col":"6","position":"before"},"app_templates_modules_top_banner_image":"","app_templates_modules_top_banner_xourtqiijqmlilu6":{"value":"","col":"6","position":"before"},"app_templates_modules_top_banner_gv4dsoxatqtskuhn":{"value":"","col":"6","position":"before"},"app_templates_modules_top_banner_pretitle":"","app_templates_modules_top_banner_title":"","app_templates_modules_top_banner_55n4uuytmwityxwo":{"value":"","col":"6","position":"before"},"app_templates_modules_modules_modules":[],"app_templates_support_top_banner_wamtg2k9bna9zj10":{"value":"","col":"6","position":"before"},"app_templates_support_top_banner_image":"","app_templates_support_top_banner_xqpobxejcm9elu4m":{"value":"","col":"6","position":"before"},"app_templates_support_top_banner_vqumikwmj6l2iogi":{"value":"","col":"6","position":"before"},"app_templates_support_top_banner_pretitle":"","app_templates_support_top_banner_title":"","app_templates_support_top_banner_ryvtlw7enu4aiuwz":{"value":"","col":"6","position":"before"},"app_templates_support_modules_modules":[],"_links":{"self":[{"href":"https:\/\/www.connectedwind.com\/da\/wp-json\/wp\/v2\/pages\/1036","targetHints":{"allow":["GET"]}}],"collection":[{"href":"https:\/\/www.connectedwind.com\/da\/wp-json\/wp\/v2\/pages"}],"about":[{"href":"https:\/\/www.connectedwind.com\/da\/wp-json\/wp\/v2\/types\/page"}],"author":[{"embeddable":true,"href":"https:\/\/www.connectedwind.com\/da\/wp-json\/wp\/v2\/users\/2"}],"replies":[{"embeddable":true,"href":"https:\/\/www.connectedwind.com\/da\/wp-json\/wp\/v2\/comments?post=1036"}],"version-history":[{"count":7,"href":"https:\/\/www.connectedwind.com\/da\/wp-json\/wp\/v2\/pages\/1036\/revisions"}],"predecessor-version":[{"id":7183,"href":"https:\/\/www.connectedwind.com\/da\/wp-json\/wp\/v2\/pages\/1036\/revisions\/7183"}],"wp:attachment":[{"href":"https:\/\/www.connectedwind.com\/da\/wp-json\/wp\/v2\/media?parent=1036"}],"curies":[{"name":"wp","href":"https:\/\/api.w.org\/{rel}","templated":true}]}}