{"id":163,"date":"2018-10-24T12:26:46","date_gmt":"2018-10-24T10:26:46","guid":{"rendered":"https:\/\/www.connectedwind.com\/about\/"},"modified":"2025-08-11T13:11:40","modified_gmt":"2025-08-11T11:11:40","slug":"about","status":"publish","type":"page","link":"https:\/\/www.connectedwind.com\/da\/about\/","title":{"rendered":"Om os"},"content":{"rendered":"","protected":false},"excerpt":{"rendered":"","protected":false},"author":2,"featured_media":0,"parent":0,"menu_order":0,"comment_status":"closed","ping_status":"closed","template":"views\/template-modules.blade.php","meta":{"footnotes":""},"class_list":["post-163","page","type-page","status-publish","hentry"],"yoast_head":"<!-- This site is optimized with the Yoast SEO plugin v24.7 - https:\/\/yoast.com\/wordpress\/plugins\/seo\/ -->\n<title>Om os - Connected Wind Services<\/title>\n<meta name=\"robots\" content=\"index, follow, max-snippet:-1, max-image-preview:large, max-video-preview:-1\" \/>\n<link rel=\"canonical\" href=\"https:\/\/www.connectedwind.com\/da\/about\/\" \/>\n<meta property=\"og:locale\" content=\"da_DK\" \/>\n<meta property=\"og:type\" content=\"article\" \/>\n<meta property=\"og:title\" content=\"Om os - Connected Wind Services\" \/>\n<meta property=\"og:url\" content=\"https:\/\/www.connectedwind.com\/da\/about\/\" \/>\n<meta property=\"og:site_name\" content=\"Connected Wind Services\" \/>\n<meta property=\"article:modified_time\" content=\"2025-08-11T11:11:40+00:00\" \/>\n<meta name=\"twitter:card\" content=\"summary_large_image\" \/>\n<script type=\"application\/ld+json\" class=\"yoast-schema-graph\">{\"@context\":\"https:\/\/schema.org\",\"@graph\":[{\"@type\":\"WebPage\",\"@id\":\"https:\/\/www.connectedwind.com\/da\/about\/\",\"url\":\"https:\/\/www.connectedwind.com\/da\/about\/\",\"name\":\"Om os - Connected Wind Services\",\"isPartOf\":{\"@id\":\"https:\/\/www.connectedwind.com\/fr\/#website\"},\"datePublished\":\"2018-10-24T10:26:46+00:00\",\"dateModified\":\"2025-08-11T11:11:40+00:00\",\"breadcrumb\":{\"@id\":\"https:\/\/www.connectedwind.com\/da\/about\/#breadcrumb\"},\"inLanguage\":\"da-DK\",\"potentialAction\":[{\"@type\":\"ReadAction\",\"target\":[\"https:\/\/www.connectedwind.com\/da\/about\/\"]}]},{\"@type\":\"BreadcrumbList\",\"@id\":\"https:\/\/www.connectedwind.com\/da\/about\/#breadcrumb\",\"itemListElement\":[{\"@type\":\"ListItem\",\"position\":1,\"name\":\"Home\",\"item\":\"https:\/\/www.connectedwind.com\/da\/\"},{\"@type\":\"ListItem\",\"position\":2,\"name\":\"Om os\"}]},{\"@type\":\"WebSite\",\"@id\":\"https:\/\/www.connectedwind.com\/fr\/#website\",\"url\":\"https:\/\/www.connectedwind.com\/fr\/\",\"name\":\"Connected Wind Services\",\"description\":\"ISP for reliable O&amp;M services &amp; parts\",\"potentialAction\":[{\"@type\":\"SearchAction\",\"target\":{\"@type\":\"EntryPoint\",\"urlTemplate\":\"https:\/\/www.connectedwind.com\/fr\/?s={search_term_string}\"},\"query-input\":{\"@type\":\"PropertyValueSpecification\",\"valueRequired\":true,\"valueName\":\"search_term_string\"}}],\"inLanguage\":\"da-DK\"}]}<\/script>\n<!-- \/ Yoast SEO plugin. -->","yoast_head_json":{"title":"Om os - Connected Wind Services","robots":{"index":"index","follow":"follow","max-snippet":"max-snippet:-1","max-image-preview":"max-image-preview:large","max-video-preview":"max-video-preview:-1"},"canonical":"https:\/\/www.connectedwind.com\/da\/about\/","og_locale":"da_DK","og_type":"article","og_title":"Om os - Connected Wind Services","og_url":"https:\/\/www.connectedwind.com\/da\/about\/","og_site_name":"Connected Wind Services","article_modified_time":"2025-08-11T11:11:40+00:00","twitter_card":"summary_large_image","schema":{"@context":"https:\/\/schema.org","@graph":[{"@type":"WebPage","@id":"https:\/\/www.connectedwind.com\/da\/about\/","url":"https:\/\/www.connectedwind.com\/da\/about\/","name":"Om os - Connected Wind Services","isPartOf":{"@id":"https:\/\/www.connectedwind.com\/fr\/#website"},"datePublished":"2018-10-24T10:26:46+00:00","dateModified":"2025-08-11T11:11:40+00:00","breadcrumb":{"@id":"https:\/\/www.connectedwind.com\/da\/about\/#breadcrumb"},"inLanguage":"da-DK","potentialAction":[{"@type":"ReadAction","target":["https:\/\/www.connectedwind.com\/da\/about\/"]}]},{"@type":"BreadcrumbList","@id":"https:\/\/www.connectedwind.com\/da\/about\/#breadcrumb","itemListElement":[{"@type":"ListItem","position":1,"name":"Home","item":"https:\/\/www.connectedwind.com\/da\/"},{"@type":"ListItem","position":2,"name":"Om os"}]},{"@type":"WebSite","@id":"https:\/\/www.connectedwind.com\/fr\/#website","url":"https:\/\/www.connectedwind.com\/fr\/","name":"Connected Wind Services","description":"ISP for reliable O&amp;M services &amp; parts","potentialAction":[{"@type":"SearchAction","target":{"@type":"EntryPoint","urlTemplate":"https:\/\/www.connectedwind.com\/fr\/?s={search_term_string}"},"query-input":{"@type":"PropertyValueSpecification","valueRequired":true,"valueName":"search_term_string"}}],"inLanguage":"da-DK"}]}},"app_templates_career_top_banner_a2i3h7dldjjpxuzb":{"value":"","col":"6","position":"before"},"app_templates_career_top_banner_image":"","app_templates_career_top_banner_gmoig8yl1ufts79a":{"value":"","col":"6","position":"before"},"app_templates_career_top_banner_52ph2dnwlpnlxxmq":{"value":"","col":"6","position":"before"},"app_templates_career_top_banner_pretitle":"","app_templates_career_top_banner_title":"","app_templates_career_top_banner_7wgyjxuvkjzfwi8o":{"value":"","col":"6","position":"before"},"app_templates_career_modules_modules":[],"app_templates_contact_top_banner_wdfxoknehyikopg0":{"value":"","col":"6","position":"before"},"app_templates_contact_top_banner_image":"","app_templates_contact_top_banner_od3sk1rvopcz4gun":{"value":"","col":"6","position":"before"},"app_templates_contact_top_banner_vcnbjlt26fjb1iqz":{"value":"","col":"6","position":"before"},"app_templates_contact_top_banner_pretitle":"","app_templates_contact_top_banner_title":"","app_templates_contact_top_banner_868in4nsnayw72b9":{"value":"","col":"6","position":"before"},"app_templates_contact_contact_title":"","app_templates_contact_contact_background":"bg-white","app_templates_contact_contact_description":"","app_templates_contact_contact_drop_downs":[],"app_templates_contact_contact_placeholder":"","app_templates_contact_contact_to":"","app_templates_contact_contact_button":"","app_templates_contact_contact_employees":[],"app_templates_contact_contact_hide_company":false,"app_templates_contact_offices_offices":[],"app_templates_contact_modules_modules":[],"app_templates_cookies_top_banner_uzm9eao1fgvyawrg":{"value":"","col":"6","position":"before"},"app_templates_cookies_top_banner_image":"","app_templates_cookies_top_banner_ch3ypqqgz5a0jkce":{"value":"","col":"6","position":"before"},"app_templates_cookies_top_banner_5unqzrosbsnnqj4b":{"value":"","col":"6","position":"before"},"app_templates_cookies_top_banner_pretitle":"","app_templates_cookies_top_banner_title":"","app_templates_cookies_top_banner_mjbh8lyrysva2wob":{"value":"","col":"6","position":"before"},"app_templates_customer_service_top_banner_bnrc19wtoeoqlj5l":{"value":"","col":"6","position":"before"},"app_templates_customer_service_top_banner_image":"","app_templates_customer_service_top_banner_9jjlbpmo0xjiycgy":{"value":"","col":"6","position":"before"},"app_templates_customer_service_top_banner_dzl8zvcl6w1miy3g":{"value":"","col":"6","position":"before"},"app_templates_customer_service_top_banner_pretitle":"","app_templates_customer_service_top_banner_title":"","app_templates_customer_service_top_banner_nqwqqlch20pvyaro":{"value":"","col":"6","position":"before"},"app_templates_customer_service_contact_title":"","app_templates_customer_service_contact_background":"bg-white","app_templates_customer_service_contact_description":"","app_templates_customer_service_contact_drop_downs":[],"app_templates_customer_service_contact_placeholder":"","app_templates_customer_service_contact_to":"","app_templates_customer_service_contact_button":"","app_templates_customer_service_contact_employees":[],"app_templates_customer_service_contact_hide_company":false,"app_templates_customer_service_contact_section_title":"","app_templates_customer_service_contact_section_description":"","app_templates_customer_service_contact_section_contact_info":[],"app_templates_customer_service_modules_modules":[],"app_templates_homepage_top_banner_image":"","app_templates_homepage_top_banner_video":"","app_templates_homepage_top_banner_title":"","app_templates_homepage_top_banner_description":"","app_templates_homepage_top_banner_button":{"value":"","url":"","anchor":"","blank":0},"app_templates_homepage_top_section_services":[],"app_templates_homepage_top_section_text":"","app_templates_homepage_top_section_button":{"value":"","url":"","anchor":"","blank":0},"app_templates_homepage_modules_modules":[],"app_templates_homepage_fr_top_banner_image":"","app_templates_homepage_fr_top_banner_video":"","app_templates_homepage_fr_top_banner_title":"","app_templates_homepage_fr_top_banner_description":"","app_templates_homepage_fr_top_banner_button":{"value":"","url":"","anchor":"","blank":0},"app_templates_homepage_fr_top_section_services":[],"app_templates_homepage_fr_top_section_text":"","app_templates_homepage_fr_top_section_button":{"value":"","url":"","anchor":"","blank":0},"app_templates_homepage_fr_modules_modules":[],"app_templates_iframe_top_banner_sfoo3yhns8ly01u1":{"value":"","col":"6","position":"before"},"app_templates_iframe_top_banner_image":"","app_templates_iframe_top_banner_3k5zoz9mwpeanr2t":{"value":"","col":"6","position":"before"},"app_templates_iframe_top_banner_fn8achmucsv4hfwz":{"value":"","col":"6","position":"before"},"app_templates_iframe_top_banner_pretitle":"","app_templates_iframe_top_banner_title":"","app_templates_iframe_top_banner_gs8lxsuepzxqy242":{"value":"","col":"6","position":"before"},"app_templates_iframe_iframe_url":"","app_templates_map_top_banner_pbfunlusobdb74jl":{"value":"","col":"6","position":"before"},"app_templates_map_top_banner_image":"","app_templates_map_top_banner_kfd3s5xr2arimxfk":{"value":"","col":"6","position":"before"},"app_templates_map_top_banner_cl3cmbsyqrfrfap5":{"value":"","col":"6","position":"before"},"app_templates_map_top_banner_pretitle":"","app_templates_map_top_banner_title":"","app_templates_map_top_banner_gjrfyejs1izs5vib":{"value":"","col":"6","position":"before"},"app_templates_map_modules_modules":[],"app_templates_media_top_banner_y9xkr7886srynxz4":{"value":"","col":"6","position":"before"},"app_templates_media_top_banner_image":"","app_templates_media_top_banner_imfj9a0jnisz8yco":{"value":"","col":"6","position":"before"},"app_templates_media_top_banner_tfezaqouxh9karkn":{"value":"","col":"6","position":"before"},"app_templates_media_top_banner_pretitle":"","app_templates_media_top_banner_title":"","app_templates_media_top_banner_x1ho95xesqzgsvez":{"value":"","col":"6","position":"before"},"app_templates_media_modules_modules":[],"app_templates_modules_top_banner_6r6qp8ngufingmvi":{"value":"","col":"6","position":"before"},"app_templates_modules_top_banner_image":"827","app_templates_modules_top_banner_mcm21bzprqkixtbf":{"value":"","col":"6","position":"before"},"app_templates_modules_top_banner_mxe3mbiewqmcofmd":{"value":"","col":"6","position":"before"},"app_templates_modules_top_banner_pretitle":"Om os","app_templates_modules_top_banner_title":"Vi har skabt medvind siden 1987","app_templates_modules_top_banner_log64ytejlpvas3l":{"value":"","col":"6","position":"before"},"app_templates_modules_modules_modules":[{"_type":"text_image","nav_title":"Vores story","image":"7949","video":"","background_color":"bg-secondary-light","image_position":3,"pretitle":"","title":"Vores story","subtitle":"Vi er Connected Wind Services. En selvst\u00e6ndig, global servicepartner p\u00e5 markedet for vedvarende energi. Selvom vores navn er nyt, er vores historie, arv og erfaring det ikke.\r\n","text":"Vi har dedikeret os til at fremme overgangen til b\u00e6redygtig energi og udfordrer derfor de nuv\u00e6rende service l\u00f8sninger samt udforsker nye, innovative m\u00e5der at reducere kompleksiteten og optimere driften af vindm\u00f8ller ved at kombinere vores store viden og erfaring med progressiv t\u00e6nkning.","button":{"value":"","url":"","anchor":"","blank":"1"},"show_shares":false},{"_type":"stats","nav_title":"Referencer","title":"Vores referencer","image":"83","columns":4,"stats":[{"_type":"_","metric":"1.","title":"ISP i Europa"},{"_type":"_","metric":"30+","title":"\u00c5rs erfaring"},{"_type":"_","metric":"50+","title":"Serviceteams "},{"_type":"_","metric":"1400+","title":"MW"},{"_type":"_","metric":"1700+","title":"Vindm\u00f8ller i service"},{"_type":"_","metric":"5000+","title":"Reservedele"}]},{"_type":"text_image","nav_title":"Fremgangsm\u00e5de ","image":"4066","video":"","background_color":"bg-secondary-light","image_position":3,"pretitle":"","title":"Vores tilgang","subtitle":"","text":"Hos CWS er vi altid opm\u00e6rksomme p\u00e5 og har forst\u00e5else for individuelle kunders behov, vi skr\u00e6ddersyer l\u00f8sninger og servicekoncepter for at reducere nedetid og sikre levetid, samt maksimalt udbytte og beskyttelse af aktiver og ressourcer.\r\n\r\nTil gavn for os alle. Vi mener, at banebrydende mennesker er drivkraften bag positive forandringer. Og vi agter at g\u00f8re vores del til at st\u00f8tte deres mission.\r\n\r\nMed vores lokale tilstedev\u00e6relse, tillid og gennemsigtighed som vores vejledende principper kan vores kunder stole p\u00e5 os som den professionelle partner, som f\u00e5r deres forhindringer til at forsvinde og sikre dem stabil drift.","button":{"value":"","url":"\/da\/discover-our-capabilities\/","anchor":"Udforsk vores evner","blank":"1"},"show_shares":false},{"_type":"references","nav_title":"Kunder ","title":"Leading the way. Together.","logos":["1359","834","1355","772","764","895","897","774","780","840","836","832","727","901","729","899","788","842","786","782","766","893","891","889"],"button":{"value":"","url":"","anchor":"","blank":"1"}},{"_type":"timeline","nav_title":"Historie","pretitle":"Vores historie","title":"Banebrydende vindservice siden 1987","description":"Vi mener, at banebrydende mennesker er drivkraften bag positive forandringer. Og vi agter at g\u00f8re vores del til at st\u00f8tte deres mission ved konstant at udvikle og tilpasse vores forretning til deres behov. \r\n","entries":[{"_type":"_","time":"2024","title":"CWS Group (forretningsenheder i Tyskland, Danmark, Sverige og Frankrig) er opdelt i separate enheder.","description":""},{"_type":"_","time":"2019","title":"CWS overtager Concept Wind Service ApS","description":"CWS erhvervede aktiver og servicekontrakter fra Concept Wind Service ApS i det sydlige Danmark."},{"_type":"_","time":"2018","title":"Speedwind GmbH bliver opk\u00f8bt","description":"CWS opk\u00f8ber aktiver og servicekontrakter fra Speedwind GmbH."},{"_type":"_","time":"2016","title":"EnBW k\u00f8ber CWS Group","description":"Ved k\u00f8b af ISP Connected Wind Services A\/S (CWS), som har hovedkontor i Danmark, forts\u00e6tter EnBW Energie Baden-W\u00fcrttemberg AG deres systematiske udbygning af forretningssegmentet Renewable Energies."},{"_type":"_","time":"2014","title":"Nyt navn: Connected Wind Services","description":"Connected Wind Services var tidligere kendt som DMP; Men vi har \u00e6ndret vores navn til Connected Wind Services. Hvorfor? Vi vil gerne afspejle det faktum, at vi har udviklet os til en af Europas st\u00e6rkeste selvst\u00e6ndige serviceleverand\u00f8rer."},{"_type":"_","time":"2014","title":"Triventus Service AB erhverves","description":"DMP-koncernen k\u00f8ber Triventus Service AB for at fremskynde selskabets udvikling. K\u00f8bet styrker DMP-koncernens markedsposition i Nordeuropa og medf\u00f8rer \u00f8jeblikkelige synergier, da Triventus Service f\u00e5r adgang til et bredere serviceudbud og et bredere udvalg af gear- og reservedele, mens DMP-koncernen udvider sin geografiske d\u00e6kning og stordriftsfordele i indk\u00f8b og teknologiske kompetencer."},{"_type":"_","time":"2013","title":"Hanstholmm\u00f8llen Vind i Danmark erhverves og fusioneres med DMP Service","description":""},{"_type":"_","time":"2013","title":"Windservice NF erhverves","description":"DMP M\u00f8lleservice k\u00f8ber Windservice NF i Tyskland for fortsat at styrke koncernens positive udvikling."},{"_type":"_","time":"2012","title":"DMP Service bliver opk\u00f8bt af Polaris Equity","description":"Polaris Private Equity er en dansk egenkapitals fond med fokus p\u00e5 opk\u00f8bsinvesteringer i veletablerede sm\u00e5- og Mid Cap-operationer i Danmark og Sverige. Polaris har f\u00e5et en r\u00e6kke priser - f.eks. DVCA Private Equity House of the Year 2010 og SVCA Fundraising of the Year 2010."},{"_type":"_","time":"2007","title":"DMP Service k\u00f8ber Nordtank \/ NEG Micon fabrikken fra Vestas","description":"DMP har hoveds\u00e6de i de tidligere Nordtank- og NEG Micon-fabrikker uden for Aarhus, hvor virksomheden har skabt en fleksibel produktionskapacitet samt et omfattende lager af v\u00e6sentlige komponenter til en lang r\u00e6kke turbine modeller."},{"_type":"_","time":"2006","title":"Triventus Service AB bliver grundlagt","description":"Triventus Service er Sveriges f\u00f8rende uafh\u00e6ngige serviceudbyder og udf\u00f8rer service p\u00e5 mere end 350 vindm\u00f8ller, b\u00e5de i kW og MW-klassen."},{"_type":"_","time":"2003","title":"Windservice NF grundl\u00e6gges","description":"Windservice NF blev grundlagt i 2003 og blev hurtigt et succesfuldt og indbringende selskab med en forventet oms\u00e6tning p\u00e5 6 mio. EUR i 2012. Windservice NF tilbyder vindm\u00f8lle- og vindm\u00f8llefarmsbetjening i Tyskland med s\u00e6rlig fokus p\u00e5 den nordlige region af Friesland. "},{"_type":"_","time":"1987","title":"DMP Service er grundlagt","description":"DMP M\u00f8lleservice blev grundlagt i 1987 og er Nordens f\u00f8rende selvst\u00e6ndige udbyder af service og vedligeholdelse af vindm\u00f8ller og vindm\u00f8lleparker med aktiviteter inden for tre forretningsomr\u00e5der: Service og vedligeholdelse, gearistands\u00e6ttelse, og salg af reservedele."}]},{"_type":"employees","nav_title":"Ledelse ","title":"Ledelse ","hide_contact":false,"description":"Connected Wind Services\u2019 ledelse","categories":[{"_type":"_","title":"","employees":[]},{"_type":"_","title":"Management CWS DK","employees":[{"value":"post:employees:965","type":"post","subtype":"employees","id":"965"},{"value":"post:employees:986","type":"post","subtype":"employees","id":"986"},{"value":"post:employees:3588","type":"post","subtype":"employees","id":"3588"}]}]},{"_type":"textbox_image","nav_title":"Health & safety","background_color":"bg-secondary-light","image_position":3,"image":"530","pretitle":"Health & safety","title":"Vi h\u00e6ver standarden ","text":"Vi opretholder det h\u00f8jeste sikkerhedsniveau med engagerede teknikere, der har den h\u00f8jeste GWO-uddannelse. Vi stopper aldrig med at forny os, hvilket g\u00f8r det muligt for os l\u00f8bende at forbedre vores services og l\u00f8sninger - fremme teknologi og forl\u00e6nge levetiden af vores kunders aktiver. Vores lokale tilstedev\u00e6relse sikrer samtidig kort responstid og hurtig h\u00e5ndtering af vores kunders problemer.","features":[],"button":{"value":"","url":"\/da\/downloads\/","anchor":"Download vores QHSE-politik","blank":"1"},"button2":{"value":"","url":"","anchor":"","blank":"1"}},{"_type":"textbox_image","nav_title":"B\u00e6redygtighed ","background_color":"bg-primary","image_position":1,"image":"84","pretitle":"B\u00e6redygtighed ","title":"Vi fremmer overgangen til b\u00e6redygtig energi","text":"Vi skubber den gr\u00f8nne bev\u00e6gelse fremad \u2013 og holder verden i gang. Dedikeret til at fremme overgangen til b\u00e6redygtig energi udfordrer vi de nuv\u00e6rende servicel\u00f8sninger og udforsker nye, innovative m\u00e5der at reducere kompleksiteten og optimere driften af vindm\u00f8ller.\r\n\r\nVi v\u00e6rds\u00e6tter direkte og gennemsigtig kommunikation med vores kunder - for at hj\u00e6lpe virksomhederne fremad og vores partnere med at skabe et b\u00e6redygtigt fundament for fremtiden. For den eneste m\u00e5de, vi kommer t\u00e6ttere p\u00e5 en gr\u00f8n fremtid, er sammen.","features":[],"button":{"value":"","url":"","anchor":"","blank":"1"},"button2":{"value":"","url":"","anchor":"","blank":"1"}}],"app_templates_support_top_banner_481mrsjnromcmv0x":{"value":"","col":"6","position":"before"},"app_templates_support_top_banner_image":"","app_templates_support_top_banner_reovkjgbjkcgydpm":{"value":"","col":"6","position":"before"},"app_templates_support_top_banner_cclnvuialmhffijp":{"value":"","col":"6","position":"before"},"app_templates_support_top_banner_pretitle":"","app_templates_support_top_banner_title":"","app_templates_support_top_banner_fjaqnejrdvfxzkkf":{"value":"","col":"6","position":"before"},"app_templates_support_modules_modules":[],"_links":{"self":[{"href":"https:\/\/www.connectedwind.com\/da\/wp-json\/wp\/v2\/pages\/163","targetHints":{"allow":["GET"]}}],"collection":[{"href":"https:\/\/www.connectedwind.com\/da\/wp-json\/wp\/v2\/pages"}],"about":[{"href":"https:\/\/www.connectedwind.com\/da\/wp-json\/wp\/v2\/types\/page"}],"author":[{"embeddable":true,"href":"https:\/\/www.connectedwind.com\/da\/wp-json\/wp\/v2\/users\/2"}],"replies":[{"embeddable":true,"href":"https:\/\/www.connectedwind.com\/da\/wp-json\/wp\/v2\/comments?post=163"}],"version-history":[{"count":25,"href":"https:\/\/www.connectedwind.com\/da\/wp-json\/wp\/v2\/pages\/163\/revisions"}],"predecessor-version":[{"id":9450,"href":"https:\/\/www.connectedwind.com\/da\/wp-json\/wp\/v2\/pages\/163\/revisions\/9450"}],"wp:attachment":[{"href":"https:\/\/www.connectedwind.com\/da\/wp-json\/wp\/v2\/media?parent=163"}],"curies":[{"name":"wp","href":"https:\/\/api.w.org\/{rel}","templated":true}]}}