{"id":4387,"date":"2019-11-29T12:56:02","date_gmt":"2019-11-29T11:56:02","guid":{"rendered":"https:\/\/www.connectedwind.com\/?page_id=4387"},"modified":"2023-02-13T14:53:04","modified_gmt":"2023-02-13T13:53:04","slug":"all-in-service","status":"publish","type":"page","link":"https:\/\/www.connectedwind.com\/da\/all-in-service\/","title":{"rendered":"All-in service"},"content":{"rendered":"","protected":false},"excerpt":{"rendered":"","protected":false},"author":17,"featured_media":0,"parent":0,"menu_order":0,"comment_status":"closed","ping_status":"closed","template":"views\/template-modules.blade.php","meta":{"footnotes":""},"class_list":["post-4387","page","type-page","status-publish","hentry"],"yoast_head":"<!-- This site is optimized with the Yoast SEO plugin v24.7 - https:\/\/yoast.com\/wordpress\/plugins\/seo\/ -->\n<title>All-in service - Connected Wind Services<\/title>\n<meta name=\"robots\" content=\"index, follow, max-snippet:-1, max-image-preview:large, max-video-preview:-1\" \/>\n<link rel=\"canonical\" href=\"https:\/\/www.connectedwind.com\/da\/all-in-service\/\" \/>\n<meta property=\"og:locale\" content=\"da_DK\" \/>\n<meta property=\"og:type\" content=\"article\" \/>\n<meta property=\"og:title\" content=\"All-in service - Connected Wind Services\" \/>\n<meta property=\"og:url\" content=\"https:\/\/www.connectedwind.com\/da\/all-in-service\/\" \/>\n<meta property=\"og:site_name\" content=\"Connected Wind Services\" \/>\n<meta property=\"article:modified_time\" content=\"2023-02-13T13:53:04+00:00\" \/>\n<meta name=\"twitter:card\" content=\"summary_large_image\" \/>\n<script type=\"application\/ld+json\" class=\"yoast-schema-graph\">{\"@context\":\"https:\/\/schema.org\",\"@graph\":[{\"@type\":\"WebPage\",\"@id\":\"https:\/\/www.connectedwind.com\/da\/all-in-service\/\",\"url\":\"https:\/\/www.connectedwind.com\/da\/all-in-service\/\",\"name\":\"All-in service - Connected Wind Services\",\"isPartOf\":{\"@id\":\"https:\/\/www.connectedwind.com\/fr\/#website\"},\"datePublished\":\"2019-11-29T11:56:02+00:00\",\"dateModified\":\"2023-02-13T13:53:04+00:00\",\"breadcrumb\":{\"@id\":\"https:\/\/www.connectedwind.com\/da\/all-in-service\/#breadcrumb\"},\"inLanguage\":\"da-DK\",\"potentialAction\":[{\"@type\":\"ReadAction\",\"target\":[\"https:\/\/www.connectedwind.com\/da\/all-in-service\/\"]}]},{\"@type\":\"BreadcrumbList\",\"@id\":\"https:\/\/www.connectedwind.com\/da\/all-in-service\/#breadcrumb\",\"itemListElement\":[{\"@type\":\"ListItem\",\"position\":1,\"name\":\"Home\",\"item\":\"https:\/\/www.connectedwind.com\/da\/\"},{\"@type\":\"ListItem\",\"position\":2,\"name\":\"All-in service\"}]},{\"@type\":\"WebSite\",\"@id\":\"https:\/\/www.connectedwind.com\/fr\/#website\",\"url\":\"https:\/\/www.connectedwind.com\/fr\/\",\"name\":\"Connected Wind Services\",\"description\":\"ISP for reliable O&amp;M services &amp; parts\",\"potentialAction\":[{\"@type\":\"SearchAction\",\"target\":{\"@type\":\"EntryPoint\",\"urlTemplate\":\"https:\/\/www.connectedwind.com\/fr\/?s={search_term_string}\"},\"query-input\":{\"@type\":\"PropertyValueSpecification\",\"valueRequired\":true,\"valueName\":\"search_term_string\"}}],\"inLanguage\":\"da-DK\"}]}<\/script>\n<!-- \/ Yoast SEO plugin. -->","yoast_head_json":{"title":"All-in service - Connected Wind Services","robots":{"index":"index","follow":"follow","max-snippet":"max-snippet:-1","max-image-preview":"max-image-preview:large","max-video-preview":"max-video-preview:-1"},"canonical":"https:\/\/www.connectedwind.com\/da\/all-in-service\/","og_locale":"da_DK","og_type":"article","og_title":"All-in service - Connected Wind Services","og_url":"https:\/\/www.connectedwind.com\/da\/all-in-service\/","og_site_name":"Connected Wind Services","article_modified_time":"2023-02-13T13:53:04+00:00","twitter_card":"summary_large_image","schema":{"@context":"https:\/\/schema.org","@graph":[{"@type":"WebPage","@id":"https:\/\/www.connectedwind.com\/da\/all-in-service\/","url":"https:\/\/www.connectedwind.com\/da\/all-in-service\/","name":"All-in service - Connected Wind Services","isPartOf":{"@id":"https:\/\/www.connectedwind.com\/fr\/#website"},"datePublished":"2019-11-29T11:56:02+00:00","dateModified":"2023-02-13T13:53:04+00:00","breadcrumb":{"@id":"https:\/\/www.connectedwind.com\/da\/all-in-service\/#breadcrumb"},"inLanguage":"da-DK","potentialAction":[{"@type":"ReadAction","target":["https:\/\/www.connectedwind.com\/da\/all-in-service\/"]}]},{"@type":"BreadcrumbList","@id":"https:\/\/www.connectedwind.com\/da\/all-in-service\/#breadcrumb","itemListElement":[{"@type":"ListItem","position":1,"name":"Home","item":"https:\/\/www.connectedwind.com\/da\/"},{"@type":"ListItem","position":2,"name":"All-in service"}]},{"@type":"WebSite","@id":"https:\/\/www.connectedwind.com\/fr\/#website","url":"https:\/\/www.connectedwind.com\/fr\/","name":"Connected Wind Services","description":"ISP for reliable O&amp;M services &amp; parts","potentialAction":[{"@type":"SearchAction","target":{"@type":"EntryPoint","urlTemplate":"https:\/\/www.connectedwind.com\/fr\/?s={search_term_string}"},"query-input":{"@type":"PropertyValueSpecification","valueRequired":true,"valueName":"search_term_string"}}],"inLanguage":"da-DK"}]}},"app_templates_career_top_banner_rhzvuywpofrpuqsg":{"value":"","col":"6","position":"before"},"app_templates_career_top_banner_image":"","app_templates_career_top_banner_rgtux9an6qqsjaeg":{"value":"","col":"6","position":"before"},"app_templates_career_top_banner_0gcmlj0agns3quek":{"value":"","col":"6","position":"before"},"app_templates_career_top_banner_pretitle":"","app_templates_career_top_banner_title":"","app_templates_career_top_banner_dmzntdqemxnfkczj":{"value":"","col":"6","position":"before"},"app_templates_career_modules_modules":[],"app_templates_contact_top_banner_lmlhzh8dvthliwxy":{"value":"","col":"6","position":"before"},"app_templates_contact_top_banner_image":"","app_templates_contact_top_banner_h5wpjiiuthzcmlbm":{"value":"","col":"6","position":"before"},"app_templates_contact_top_banner_vql1pmbzaknsld5c":{"value":"","col":"6","position":"before"},"app_templates_contact_top_banner_pretitle":"","app_templates_contact_top_banner_title":"","app_templates_contact_top_banner_e7izlvj0d3eqt54s":{"value":"","col":"6","position":"before"},"app_templates_contact_contact_title":"","app_templates_contact_contact_background":"bg-white","app_templates_contact_contact_description":"","app_templates_contact_contact_drop_downs":[],"app_templates_contact_contact_placeholder":"","app_templates_contact_contact_to":"","app_templates_contact_contact_button":"","app_templates_contact_contact_employees":[],"app_templates_contact_contact_hide_company":false,"app_templates_contact_offices_offices":[],"app_templates_contact_modules_modules":[],"app_templates_cookies_top_banner_yk3tb9a5yfxlzpqa":{"value":"","col":"6","position":"before"},"app_templates_cookies_top_banner_image":"","app_templates_cookies_top_banner_5szlkkjjyj4er63p":{"value":"","col":"6","position":"before"},"app_templates_cookies_top_banner_lulbinwdshx6ab1l":{"value":"","col":"6","position":"before"},"app_templates_cookies_top_banner_pretitle":"","app_templates_cookies_top_banner_title":"","app_templates_cookies_top_banner_s86fcvaehryrrsaj":{"value":"","col":"6","position":"before"},"app_templates_customer_service_top_banner_qkqlavnrgw7uze7o":{"value":"","col":"6","position":"before"},"app_templates_customer_service_top_banner_image":"","app_templates_customer_service_top_banner_yu1qjwln9hfyvtwq":{"value":"","col":"6","position":"before"},"app_templates_customer_service_top_banner_asdh7llwxyxkoxzu":{"value":"","col":"6","position":"before"},"app_templates_customer_service_top_banner_pretitle":"","app_templates_customer_service_top_banner_title":"","app_templates_customer_service_top_banner_88ifrslxrvajsthi":{"value":"","col":"6","position":"before"},"app_templates_customer_service_contact_title":"","app_templates_customer_service_contact_background":"bg-white","app_templates_customer_service_contact_description":"","app_templates_customer_service_contact_drop_downs":[],"app_templates_customer_service_contact_placeholder":"","app_templates_customer_service_contact_to":"","app_templates_customer_service_contact_button":"","app_templates_customer_service_contact_employees":[],"app_templates_customer_service_contact_hide_company":false,"app_templates_customer_service_contact_section_title":"","app_templates_customer_service_contact_section_description":"","app_templates_customer_service_contact_section_contact_info":[],"app_templates_customer_service_modules_modules":[],"app_templates_homepage_top_banner_image":"","app_templates_homepage_top_banner_video":"","app_templates_homepage_top_banner_title":"","app_templates_homepage_top_banner_description":"","app_templates_homepage_top_banner_button":{"value":"","url":"","anchor":"","blank":0},"app_templates_homepage_top_section_services":[],"app_templates_homepage_top_section_text":"","app_templates_homepage_top_section_button":{"value":"","url":"","anchor":"","blank":0},"app_templates_homepage_modules_modules":[],"app_templates_homepage_fr_top_banner_image":"","app_templates_homepage_fr_top_banner_video":"","app_templates_homepage_fr_top_banner_title":"","app_templates_homepage_fr_top_banner_description":"","app_templates_homepage_fr_top_banner_button":{"value":"","url":"","anchor":"","blank":0},"app_templates_homepage_fr_top_section_services":[],"app_templates_homepage_fr_top_section_text":"","app_templates_homepage_fr_top_section_button":{"value":"","url":"","anchor":"","blank":0},"app_templates_homepage_fr_modules_modules":[],"app_templates_iframe_top_banner_cf9lr35aqylljjhn":{"value":"","col":"6","position":"before"},"app_templates_iframe_top_banner_image":"","app_templates_iframe_top_banner_wxd3gdnz4nbo94oq":{"value":"","col":"6","position":"before"},"app_templates_iframe_top_banner_isxrxfyhnhdx0waf":{"value":"","col":"6","position":"before"},"app_templates_iframe_top_banner_pretitle":"","app_templates_iframe_top_banner_title":"","app_templates_iframe_top_banner_upevpqbboa1wsc3g":{"value":"","col":"6","position":"before"},"app_templates_iframe_iframe_url":"","app_templates_map_top_banner_0mzgppliveqhj2ac":{"value":"","col":"6","position":"before"},"app_templates_map_top_banner_image":"","app_templates_map_top_banner_xkbzo3jhvpyqldnz":{"value":"","col":"6","position":"before"},"app_templates_map_top_banner_twsxpzfbp7gj6wok":{"value":"","col":"6","position":"before"},"app_templates_map_top_banner_pretitle":"","app_templates_map_top_banner_title":"","app_templates_map_top_banner_kpnuzx0h9nqjehyk":{"value":"","col":"6","position":"before"},"app_templates_map_modules_modules":[],"app_templates_media_top_banner_pntldarbu61cg2cj":{"value":"","col":"6","position":"before"},"app_templates_media_top_banner_image":"","app_templates_media_top_banner_z5n6ceph6fwu8ozx":{"value":"","col":"6","position":"before"},"app_templates_media_top_banner_rcmcutfk5b0mzg3v":{"value":"","col":"6","position":"before"},"app_templates_media_top_banner_pretitle":"","app_templates_media_top_banner_title":"","app_templates_media_top_banner_mwofls3qpecrsdke":{"value":"","col":"6","position":"before"},"app_templates_media_modules_modules":[],"app_templates_modules_top_banner_h2tckk0r74tnpalf":{"value":"","col":"6","position":"before"},"app_templates_modules_top_banner_image":"4427","app_templates_modules_top_banner_dwffrqqycbwpjpbj":{"value":"","col":"6","position":"before"},"app_templates_modules_top_banner_p9hrtkz7k0ibbcp1":{"value":"","col":"6","position":"before"},"app_templates_modules_top_banner_pretitle":"All-in service","app_templates_modules_top_banner_title":"Dr\u00f8mmer du ogs\u00e5 om en god nats s\u00f8vn?","app_templates_modules_top_banner_17w6oqydvfzxtwc8":{"value":"","col":"6","position":"before"},"app_templates_modules_modules_modules":[{"_type":"text_image","nav_title":"Introduktion","image":"","video":"4588","background_color":"bg-secondary-light","image_position":3,"pretitle":"","title":"V\u00e6lg All-In service og sov trygt om natten","subtitle":"Bekymret for nedbrud, reparationer og uventede omkostninger?\r\nS\u00e5 er vores All-in service m\u00e5ske l\u00f8sningen for dig.","text":"Hos Connected Wind Services g\u00e5r vi all-in p\u00e5 service, s\u00e5 du kan g\u00e5 all-in p\u00e5 det du br\u00e6nder for. Derfor har vi nu udviklet et servicekoncept, hvor vi tilbyder en fast 5-\u00e5rig aftale til ejere af \u00e6ldre m\u00f8ller med alt hvad du har brug for i \u00e9n pakke.\r\n\r\nMed All-in service kan du trygt l\u00e6gge dine bekymringer p\u00e5 hylden. Vi overtager nemlig hele driften af din m\u00f8lle og s\u00f8rger for alt service og reparation mod en fast betaling pr. kW som m\u00f8llerne producerer.\r\n\r\nDet sikrer, at vi har en f\u00e6lles interesse i at m\u00f8llerne producerer s\u00e5 meget som muligt, samtidig med at de totale omkostningerne holdes nede. Og s\u00e5 betyder det at hj\u00e6lpen altid er der lige med det samme.\r\n\r\nHar du en vindm\u00f8lle og den st\u00e5r over for en st\u00f8rre reparation nu, s\u00e5 kan en All-in service aftale m\u00e5ske ogs\u00e5 hj\u00e6lpe dig af med dine bekymringer. Kontakt os for mere information.","button":{"value":"","url":"#kontakt","anchor":"F\u00e5 et tilbud","blank":"1"},"show_shares":true},{"_type":"stats","nav_title":"Referencer","title":"","image":"","columns":3,"stats":[{"_type":"_","metric":"1600+","title":"Vindm\u00f8ller i service"},{"_type":"_","metric":"1300+","title":"MW"},{"_type":"_","metric":"160+","title":"Medarbejdere"},{"_type":"_","metric":"50+","title":"Serviceteams"}]},{"_type":"textbox_image","nav_title":"Servicepakke","background_color":"bg-primary","image_position":1,"image":"4450","pretitle":"Din servicepakke","title":"F\u00e5 det hele i \u00e9n pakke","text":"Slip dine bekymringer og g\u00e5 all-in p\u00e5 lige det du dr\u00f8mmer om. Med en All-in serviceaftale fra Connected Wind Services er du d\u00e6kket de n\u00e6ste 5 a\u030ar. Desuden slipper du for at skulle have penge op af lommen ved skift af st\u00f8rre komponenter.","features":[{"_type":"_","feature":"5-\u00e5rig serviceaftale med alt inkluderet"},{"_type":"_","feature":"Service og reparation af din m\u00f8lle"},{"_type":"_","feature":"Hovedkomponentudskiftning inkl. hovedkomponenter"},{"_type":"_","feature":"24-7 overv\u00e5gning inkl. m\u00e5neds rapportering "},{"_type":"_","feature":"Ved salg af vindm\u00f8llen har du mulighed for at tr\u00e6de ud af aftalen"},{"_type":"_","feature":"Tilbydes p\u00e5 m\u00f8lletyper Neg Micon 600 \u2013 900 KW og Vestas V42- V52"}],"button":{"value":"","url":"#kontakt","anchor":"F\u00e5 et tilbud","blank":"1"},"button2":{"value":"","url":"","anchor":"","blank":"1"}},{"_type":"features","nav_title":"Dine fordele","pretitle":"Dine fordele","title":"Overlad trygt din m\u00f8lle til os","description":"","size":6,"features":[{"_type":"_","icon":null,"title":"Alt inkluderet","description":"En All-in serviceaftale indeholder alt hvad du har beh\u00f8ver for at holde din m\u00f8lle k\u00f8rende. Fra 24-7 overv\u00e5gning samt service og reparation af din m\u00f8lle til hovedkomponentudskiftning inkl. hovedkomponenter. Det er din garanti for maksimal oppetid og ro i sindet."},{"_type":"_","icon":null,"title":"F\u00e6lles interesser","description":"Vi s\u00f8rger for alt service og reparationer mod en fast betaling pr. kW som m\u00f8llerne producerer. Det sikrer at vi har en f\u00e6lles interesse i at m\u00f8llerne producerer s\u00e5 meget som muligt, samtidig med at de totale omkostningerne holdes nede."},{"_type":"_","icon":null,"title":"Slip for penge op af lommen","description":"Frygten for pludselige nedbrud, st\u00f8rre reparationer og uventede omkostninger ved udskiftning af komponenter er noget de fleste m\u00f8lleejere kan ligge s\u00f8vnl\u00f8se over. Men med en All-In service aftale kan du sove trygt velvidende at b\u00e5de service, reparationer og hovedkomponentudskiftning inkl. hovedkomponenter med i prisen."}]},{"_type":"banner","nav_title":"Lokationer ","image":"1283","background_color":"bg-secondary-light","content_position":3,"pretitle":"Lokale servicestationer","title":"T\u00e6nker globalt. Fungerer lokalt. ","text":"Med mere end 25 servicestationer i Nordeuropa, er vi udrustet til at im\u00f8dekomme dine lokale behov. Brug det interaktive kort til at se, hvor vores servicestationer er placeret. Kontakt din lokale repr\u00e6sentant for at oprette et m\u00f8de. ","button":{"value":"","url":"\/da\/service-stations\/","anchor":"Se hvor du kan finde os","blank":"1"}},{"_type":"contact","nav_title":"Kontakt","title":"Indhent et tilbud","background":"bg-white","description":"Kontakt din lokale salgskontakt for at f\u00e5 mere at vide om hvad, vi kan tilbyde dig eller indhent et uforpligtende tilbud.","drop_downs":[],"placeholder":"Besked","to":"henrik.stove@connectedwind.com  ","button":"Indhent et tilbud","employees":[{"value":"post:employees:8207","type":"post","subtype":"employees","id":"8207"}],"hide_company":false}],"app_templates_support_top_banner_yniex0qybtbsdd74":{"value":"","col":"6","position":"before"},"app_templates_support_top_banner_image":"","app_templates_support_top_banner_yzpneewfstrydxr7":{"value":"","col":"6","position":"before"},"app_templates_support_top_banner_qmx1nzojlhucbtmh":{"value":"","col":"6","position":"before"},"app_templates_support_top_banner_pretitle":"","app_templates_support_top_banner_title":"","app_templates_support_top_banner_7nytautsrtbciho5":{"value":"","col":"6","position":"before"},"app_templates_support_modules_modules":[],"_links":{"self":[{"href":"https:\/\/www.connectedwind.com\/da\/wp-json\/wp\/v2\/pages\/4387","targetHints":{"allow":["GET"]}}],"collection":[{"href":"https:\/\/www.connectedwind.com\/da\/wp-json\/wp\/v2\/pages"}],"about":[{"href":"https:\/\/www.connectedwind.com\/da\/wp-json\/wp\/v2\/types\/page"}],"author":[{"embeddable":true,"href":"https:\/\/www.connectedwind.com\/da\/wp-json\/wp\/v2\/users\/17"}],"replies":[{"embeddable":true,"href":"https:\/\/www.connectedwind.com\/da\/wp-json\/wp\/v2\/comments?post=4387"}],"version-history":[{"count":53,"href":"https:\/\/www.connectedwind.com\/da\/wp-json\/wp\/v2\/pages\/4387\/revisions"}],"predecessor-version":[{"id":8209,"href":"https:\/\/www.connectedwind.com\/da\/wp-json\/wp\/v2\/pages\/4387\/revisions\/8209"}],"wp:attachment":[{"href":"https:\/\/www.connectedwind.com\/da\/wp-json\/wp\/v2\/media?parent=4387"}],"curies":[{"name":"wp","href":"https:\/\/api.w.org\/{rel}","templated":true}]}}