{"id":1004,"date":"2019-01-16T11:10:54","date_gmt":"2019-01-16T10:10:54","guid":{"rendered":"https:\/\/www.connectedwind.com\/discover-our-capabilities\/"},"modified":"2020-03-12T08:21:19","modified_gmt":"2020-03-12T07:21:19","slug":"entdecken-sie-unsere-kompetenzen","status":"publish","type":"page","link":"https:\/\/www.connectedwind.com\/de\/entdecken-sie-unsere-kompetenzen\/","title":{"rendered":"Entdecken Sie unsere Kompetenzen"},"content":{"rendered":"","protected":false},"excerpt":{"rendered":"","protected":false},"author":17,"featured_media":0,"parent":0,"menu_order":0,"comment_status":"closed","ping_status":"closed","template":"views\/template-modules.blade.php","meta":{"footnotes":""},"class_list":["post-1004","page","type-page","status-publish","hentry"],"yoast_head":"<!-- This site is optimized with the Yoast SEO plugin v24.7 - https:\/\/yoast.com\/wordpress\/plugins\/seo\/ -->\n<title>Entdecken Sie unsere Kompetenzen - Connected Wind Services<\/title>\n<meta name=\"robots\" content=\"index, follow, max-snippet:-1, max-image-preview:large, max-video-preview:-1\" \/>\n<link rel=\"canonical\" href=\"https:\/\/www.connectedwind.com\/de\/entdecken-sie-unsere-kompetenzen\/\" \/>\n<meta property=\"og:locale\" content=\"de_DE\" \/>\n<meta property=\"og:type\" content=\"article\" \/>\n<meta property=\"og:title\" content=\"Entdecken Sie unsere Kompetenzen - Connected Wind Services\" \/>\n<meta property=\"og:url\" content=\"https:\/\/www.connectedwind.com\/de\/entdecken-sie-unsere-kompetenzen\/\" \/>\n<meta property=\"og:site_name\" content=\"Connected Wind Services\" \/>\n<meta property=\"article:modified_time\" content=\"2020-03-12T07:21:19+00:00\" \/>\n<meta name=\"twitter:card\" content=\"summary_large_image\" \/>\n<script type=\"application\/ld+json\" class=\"yoast-schema-graph\">{\"@context\":\"https:\/\/schema.org\",\"@graph\":[{\"@type\":\"WebPage\",\"@id\":\"https:\/\/www.connectedwind.com\/de\/entdecken-sie-unsere-kompetenzen\/\",\"url\":\"https:\/\/www.connectedwind.com\/de\/entdecken-sie-unsere-kompetenzen\/\",\"name\":\"Entdecken Sie unsere Kompetenzen - Connected Wind Services\",\"isPartOf\":{\"@id\":\"https:\/\/www.connectedwind.com\/fr\/#website\"},\"datePublished\":\"2019-01-16T10:10:54+00:00\",\"dateModified\":\"2020-03-12T07:21:19+00:00\",\"breadcrumb\":{\"@id\":\"https:\/\/www.connectedwind.com\/de\/entdecken-sie-unsere-kompetenzen\/#breadcrumb\"},\"inLanguage\":\"de-DE\",\"potentialAction\":[{\"@type\":\"ReadAction\",\"target\":[\"https:\/\/www.connectedwind.com\/de\/entdecken-sie-unsere-kompetenzen\/\"]}]},{\"@type\":\"BreadcrumbList\",\"@id\":\"https:\/\/www.connectedwind.com\/de\/entdecken-sie-unsere-kompetenzen\/#breadcrumb\",\"itemListElement\":[{\"@type\":\"ListItem\",\"position\":1,\"name\":\"Home\",\"item\":\"https:\/\/www.connectedwind.com\/de\/\"},{\"@type\":\"ListItem\",\"position\":2,\"name\":\"Entdecken Sie unsere Kompetenzen\"}]},{\"@type\":\"WebSite\",\"@id\":\"https:\/\/www.connectedwind.com\/fr\/#website\",\"url\":\"https:\/\/www.connectedwind.com\/fr\/\",\"name\":\"Connected Wind Services\",\"description\":\"ISP for reliable O&amp;M services &amp; parts\",\"potentialAction\":[{\"@type\":\"SearchAction\",\"target\":{\"@type\":\"EntryPoint\",\"urlTemplate\":\"https:\/\/www.connectedwind.com\/fr\/?s={search_term_string}\"},\"query-input\":{\"@type\":\"PropertyValueSpecification\",\"valueRequired\":true,\"valueName\":\"search_term_string\"}}],\"inLanguage\":\"de-DE\"}]}<\/script>\n<!-- \/ Yoast SEO plugin. -->","yoast_head_json":{"title":"Entdecken Sie unsere Kompetenzen - Connected Wind Services","robots":{"index":"index","follow":"follow","max-snippet":"max-snippet:-1","max-image-preview":"max-image-preview:large","max-video-preview":"max-video-preview:-1"},"canonical":"https:\/\/www.connectedwind.com\/de\/entdecken-sie-unsere-kompetenzen\/","og_locale":"de_DE","og_type":"article","og_title":"Entdecken Sie unsere Kompetenzen - Connected Wind Services","og_url":"https:\/\/www.connectedwind.com\/de\/entdecken-sie-unsere-kompetenzen\/","og_site_name":"Connected Wind Services","article_modified_time":"2020-03-12T07:21:19+00:00","twitter_card":"summary_large_image","schema":{"@context":"https:\/\/schema.org","@graph":[{"@type":"WebPage","@id":"https:\/\/www.connectedwind.com\/de\/entdecken-sie-unsere-kompetenzen\/","url":"https:\/\/www.connectedwind.com\/de\/entdecken-sie-unsere-kompetenzen\/","name":"Entdecken Sie unsere Kompetenzen - Connected Wind Services","isPartOf":{"@id":"https:\/\/www.connectedwind.com\/fr\/#website"},"datePublished":"2019-01-16T10:10:54+00:00","dateModified":"2020-03-12T07:21:19+00:00","breadcrumb":{"@id":"https:\/\/www.connectedwind.com\/de\/entdecken-sie-unsere-kompetenzen\/#breadcrumb"},"inLanguage":"de-DE","potentialAction":[{"@type":"ReadAction","target":["https:\/\/www.connectedwind.com\/de\/entdecken-sie-unsere-kompetenzen\/"]}]},{"@type":"BreadcrumbList","@id":"https:\/\/www.connectedwind.com\/de\/entdecken-sie-unsere-kompetenzen\/#breadcrumb","itemListElement":[{"@type":"ListItem","position":1,"name":"Home","item":"https:\/\/www.connectedwind.com\/de\/"},{"@type":"ListItem","position":2,"name":"Entdecken Sie unsere Kompetenzen"}]},{"@type":"WebSite","@id":"https:\/\/www.connectedwind.com\/fr\/#website","url":"https:\/\/www.connectedwind.com\/fr\/","name":"Connected Wind Services","description":"ISP for reliable O&amp;M services &amp; parts","potentialAction":[{"@type":"SearchAction","target":{"@type":"EntryPoint","urlTemplate":"https:\/\/www.connectedwind.com\/fr\/?s={search_term_string}"},"query-input":{"@type":"PropertyValueSpecification","valueRequired":true,"valueName":"search_term_string"}}],"inLanguage":"de-DE"}]}},"app_templates_career_top_banner_c10ektobdvgg4puh":{"value":"","col":"6","position":"before"},"app_templates_career_top_banner_image":"","app_templates_career_top_banner_tyahopstdi4pomrf":{"value":"","col":"6","position":"before"},"app_templates_career_top_banner_kp2a7xoz8nmzcwyr":{"value":"","col":"6","position":"before"},"app_templates_career_top_banner_pretitle":"","app_templates_career_top_banner_title":"","app_templates_career_top_banner_nzubtqqghboono5m":{"value":"","col":"6","position":"before"},"app_templates_career_modules_modules":[],"app_templates_contact_top_banner_zdpomioqylwregyn":{"value":"","col":"6","position":"before"},"app_templates_contact_top_banner_image":"","app_templates_contact_top_banner_mgmxpxapnmg9sljr":{"value":"","col":"6","position":"before"},"app_templates_contact_top_banner_djc4f4g52qntfhn7":{"value":"","col":"6","position":"before"},"app_templates_contact_top_banner_pretitle":"","app_templates_contact_top_banner_title":"","app_templates_contact_top_banner_0so7cusnwe3otvzs":{"value":"","col":"6","position":"before"},"app_templates_contact_contact_title":"","app_templates_contact_contact_background":"bg-white","app_templates_contact_contact_description":"","app_templates_contact_contact_drop_downs":[],"app_templates_contact_contact_placeholder":"","app_templates_contact_contact_to":"","app_templates_contact_contact_button":"","app_templates_contact_contact_employees":[],"app_templates_contact_contact_hide_company":false,"app_templates_contact_offices_offices":[],"app_templates_contact_modules_modules":[],"app_templates_cookies_top_banner_txenrat5afjzslla":{"value":"","col":"6","position":"before"},"app_templates_cookies_top_banner_image":"","app_templates_cookies_top_banner_sfdtczsb0fxudkib":{"value":"","col":"6","position":"before"},"app_templates_cookies_top_banner_eijliatnldqelmgd":{"value":"","col":"6","position":"before"},"app_templates_cookies_top_banner_pretitle":"","app_templates_cookies_top_banner_title":"","app_templates_cookies_top_banner_qty5yqpbzwkaszhi":{"value":"","col":"6","position":"before"},"app_templates_customer_service_top_banner_2kihdoiaqyaoynwq":{"value":"","col":"6","position":"before"},"app_templates_customer_service_top_banner_image":"","app_templates_customer_service_top_banner_5azs06p94xj5om2q":{"value":"","col":"6","position":"before"},"app_templates_customer_service_top_banner_m5dki0rdgazl8bm5":{"value":"","col":"6","position":"before"},"app_templates_customer_service_top_banner_pretitle":"","app_templates_customer_service_top_banner_title":"","app_templates_customer_service_top_banner_k2nuaziignsofdgq":{"value":"","col":"6","position":"before"},"app_templates_customer_service_contact_title":"","app_templates_customer_service_contact_background":"bg-white","app_templates_customer_service_contact_description":"","app_templates_customer_service_contact_drop_downs":[],"app_templates_customer_service_contact_placeholder":"","app_templates_customer_service_contact_to":"","app_templates_customer_service_contact_button":"","app_templates_customer_service_contact_employees":[],"app_templates_customer_service_contact_hide_company":false,"app_templates_customer_service_contact_section_title":"","app_templates_customer_service_contact_section_description":"","app_templates_customer_service_contact_section_contact_info":[],"app_templates_customer_service_modules_modules":[],"app_templates_homepage_top_banner_image":"","app_templates_homepage_top_banner_video":"","app_templates_homepage_top_banner_title":"","app_templates_homepage_top_banner_description":"","app_templates_homepage_top_banner_button":{"value":"","url":"","anchor":"","blank":0},"app_templates_homepage_top_section_services":[],"app_templates_homepage_top_section_text":"","app_templates_homepage_top_section_button":{"value":"","url":"","anchor":"","blank":0},"app_templates_homepage_modules_modules":[],"app_templates_homepage_fr_top_banner_image":"","app_templates_homepage_fr_top_banner_video":"","app_templates_homepage_fr_top_banner_title":"","app_templates_homepage_fr_top_banner_description":"","app_templates_homepage_fr_top_banner_button":{"value":"","url":"","anchor":"","blank":0},"app_templates_homepage_fr_top_section_services":[],"app_templates_homepage_fr_top_section_text":"","app_templates_homepage_fr_top_section_button":{"value":"","url":"","anchor":"","blank":0},"app_templates_homepage_fr_modules_modules":[],"app_templates_iframe_top_banner_zfoudyuzpntccerd":{"value":"","col":"6","position":"before"},"app_templates_iframe_top_banner_image":"","app_templates_iframe_top_banner_mziypoj1s4cpqh05":{"value":"","col":"6","position":"before"},"app_templates_iframe_top_banner_mlldb2wrqciu7hzx":{"value":"","col":"6","position":"before"},"app_templates_iframe_top_banner_pretitle":"","app_templates_iframe_top_banner_title":"","app_templates_iframe_top_banner_ng2ryszk8odmovj9":{"value":"","col":"6","position":"before"},"app_templates_iframe_iframe_url":"","app_templates_map_top_banner_fyy0bkq9ndhibhgu":{"value":"","col":"6","position":"before"},"app_templates_map_top_banner_image":"","app_templates_map_top_banner_vtz9jc3tuif0orll":{"value":"","col":"6","position":"before"},"app_templates_map_top_banner_kuc54flonuf5grpk":{"value":"","col":"6","position":"before"},"app_templates_map_top_banner_pretitle":"","app_templates_map_top_banner_title":"","app_templates_map_top_banner_kklpv9akqdfcea6y":{"value":"","col":"6","position":"before"},"app_templates_map_modules_modules":[],"app_templates_media_top_banner_lle0e7knd8hope0j":{"value":"","col":"6","position":"before"},"app_templates_media_top_banner_image":"","app_templates_media_top_banner_ylowzhbxkpfmvrtm":{"value":"","col":"6","position":"before"},"app_templates_media_top_banner_fvbe0snbdxy0lz6o":{"value":"","col":"6","position":"before"},"app_templates_media_top_banner_pretitle":"","app_templates_media_top_banner_title":"","app_templates_media_top_banner_1h49c9b2m7fc6g0w":{"value":"","col":"6","position":"before"},"app_templates_media_modules_modules":[],"app_templates_modules_top_banner_c2uere1ivuxximyl":{"value":"","col":"6","position":"before"},"app_templates_modules_top_banner_image":"658","app_templates_modules_top_banner_wuep9qkwrogrjvtq":{"value":"","col":"6","position":"before"},"app_templates_modules_top_banner_xlvnrpgmchxl1h4m":{"value":"","col":"6","position":"before"},"app_templates_modules_top_banner_pretitle":"","app_templates_modules_top_banner_title":"Entdecken Sie unsere Kompetenzen","app_templates_modules_top_banner_smo0ndgedbrclbba":{"value":"","col":"6","position":"before"},"app_templates_modules_modules_modules":[{"_type":"boxes","nav_title":"Kompetenzen","pretitle":"","title":"Unsere Kompetenzen","description":"Entdecken Sie unsere Kompetenzen und erfahren Sie mehr \u00fcber Connected Wind Services","boxes":[{"_type":"_","image":"470","title":"Service & Wartung","description":"So halten wir mehr als 1.500 Windenergieanlagen in ganz Europa in Bewegung","link":{"value":"","url":"\/de\/services\/service-maintenance\/","anchor":"Service & Wartung","blank":"1"}},{"_type":"_","image":"522","title":"Serviceprojekte","description":"Nutzen Sie den Vorteil einer erfahrenen Serviceorganisation f\u00fcr Serviceprojekte und eines der gr\u00f6\u00dften betriebseigenen Instandsetzungswerke Europas","link":{"value":"","url":"\/de\/services\/service-projects\/","anchor":"Serviceprojekte","blank":"1"}},{"_type":"_","image":"526","title":"Ersatzteile","description":"Einer der schnellsten Ersatzteilserviceanbieter in der Windenergiebranche","link":{"value":"","url":"\/de\/services\/components-spare-parts\/","anchor":"Ersatzteile","blank":"1"}},{"_type":"_","image":"1388","title":"Up-tower Reparaturen","description":"Connected Wind Services verf\u00fcgt \u00fcber langj\u00e4hrige Erfahrung bei Up-tower Reparaturen","link":{"value":"","url":"\/de\/services\/refurbishment\/","anchor":"Refurbishment","blank":"1"}},{"_type":"_","image":"685","title":"Fern\u00fcberwachung","description":"Mit CONNECT24\u20227 werden Betrieb & Wartung Ihrer Windenergieanlage auf effektive Weise aufrechterhalten","link":{"value":"","url":"\/de\/services\/surveillance\/","anchor":"Fern\u00fcberwachung","blank":"1"}}]},{"_type":"stats","nav_title":"Erfolgsbilanz","title":"Unsere Erfolgsbilanz","image":"83","columns":4,"stats":[{"_type":"_","metric":"1.","title":"ISP in Europa"},{"_type":"_","metric":"30+ ","title":"Jahre Erfahrung"},{"_type":"_","metric":"50+","title":"Serviceteams"},{"_type":"_","metric":"1400+","title":"MW"},{"_type":"_","metric":"1700+","title":"WEAs im Service"},{"_type":"_","metric":"5000+","title":"Artikel auf Lager"}]}],"app_templates_support_top_banner_92axrfilckyhalxo":{"value":"","col":"6","position":"before"},"app_templates_support_top_banner_image":"","app_templates_support_top_banner_9of4ucu9sxoc6zwa":{"value":"","col":"6","position":"before"},"app_templates_support_top_banner_3f6wjpird01tboqn":{"value":"","col":"6","position":"before"},"app_templates_support_top_banner_pretitle":"","app_templates_support_top_banner_title":"","app_templates_support_top_banner_vxt2mxzhbmj6tcby":{"value":"","col":"6","position":"before"},"app_templates_support_modules_modules":[],"_links":{"self":[{"href":"https:\/\/www.connectedwind.com\/de\/wp-json\/wp\/v2\/pages\/1004","targetHints":{"allow":["GET"]}}],"collection":[{"href":"https:\/\/www.connectedwind.com\/de\/wp-json\/wp\/v2\/pages"}],"about":[{"href":"https:\/\/www.connectedwind.com\/de\/wp-json\/wp\/v2\/types\/page"}],"author":[{"embeddable":true,"href":"https:\/\/www.connectedwind.com\/de\/wp-json\/wp\/v2\/users\/17"}],"replies":[{"embeddable":true,"href":"https:\/\/www.connectedwind.com\/de\/wp-json\/wp\/v2\/comments?post=1004"}],"version-history":[{"count":8,"href":"https:\/\/www.connectedwind.com\/de\/wp-json\/wp\/v2\/pages\/1004\/revisions"}],"predecessor-version":[{"id":4995,"href":"https:\/\/www.connectedwind.com\/de\/wp-json\/wp\/v2\/pages\/1004\/revisions\/4995"}],"wp:attachment":[{"href":"https:\/\/www.connectedwind.com\/de\/wp-json\/wp\/v2\/media?parent=1004"}],"curies":[{"name":"wp","href":"https:\/\/api.w.org\/{rel}","templated":true}]}}