{"id":1020,"date":"2018-10-26T15:03:40","date_gmt":"2018-10-26T13:03:40","guid":{"rendered":"https:\/\/www.connectedwind.com\/customer-service\/"},"modified":"2024-12-04T09:36:33","modified_gmt":"2024-12-04T08:36:33","slug":"kundenservice","status":"publish","type":"page","link":"https:\/\/www.connectedwind.com\/de\/kundenservice\/","title":{"rendered":"Kundenservice"},"content":{"rendered":"","protected":false},"excerpt":{"rendered":"","protected":false},"author":2,"featured_media":0,"parent":0,"menu_order":0,"comment_status":"closed","ping_status":"closed","template":"views\/template-customer-service.blade.php","meta":{"footnotes":""},"class_list":["post-1020","page","type-page","status-publish","hentry"],"yoast_head":"<!-- This site is optimized with the Yoast SEO plugin v24.7 - https:\/\/yoast.com\/wordpress\/plugins\/seo\/ -->\n<title>Kundenservice - Connected Wind Services<\/title>\n<meta name=\"robots\" content=\"index, follow, max-snippet:-1, max-image-preview:large, max-video-preview:-1\" \/>\n<link rel=\"canonical\" href=\"https:\/\/www.connectedwind.com\/de\/kundenservice\/\" \/>\n<meta property=\"og:locale\" content=\"de_DE\" \/>\n<meta property=\"og:type\" content=\"article\" \/>\n<meta property=\"og:title\" content=\"Kundenservice - Connected Wind Services\" \/>\n<meta property=\"og:url\" content=\"https:\/\/www.connectedwind.com\/de\/kundenservice\/\" \/>\n<meta property=\"og:site_name\" content=\"Connected Wind Services\" \/>\n<meta property=\"article:modified_time\" content=\"2024-12-04T08:36:33+00:00\" \/>\n<meta name=\"twitter:card\" content=\"summary_large_image\" \/>\n<script type=\"application\/ld+json\" class=\"yoast-schema-graph\">{\"@context\":\"https:\/\/schema.org\",\"@graph\":[{\"@type\":\"WebPage\",\"@id\":\"https:\/\/www.connectedwind.com\/de\/kundenservice\/\",\"url\":\"https:\/\/www.connectedwind.com\/de\/kundenservice\/\",\"name\":\"Kundenservice - Connected Wind Services\",\"isPartOf\":{\"@id\":\"https:\/\/www.connectedwind.com\/fr\/#website\"},\"datePublished\":\"2018-10-26T13:03:40+00:00\",\"dateModified\":\"2024-12-04T08:36:33+00:00\",\"breadcrumb\":{\"@id\":\"https:\/\/www.connectedwind.com\/de\/kundenservice\/#breadcrumb\"},\"inLanguage\":\"de-DE\",\"potentialAction\":[{\"@type\":\"ReadAction\",\"target\":[\"https:\/\/www.connectedwind.com\/de\/kundenservice\/\"]}]},{\"@type\":\"BreadcrumbList\",\"@id\":\"https:\/\/www.connectedwind.com\/de\/kundenservice\/#breadcrumb\",\"itemListElement\":[{\"@type\":\"ListItem\",\"position\":1,\"name\":\"Home\",\"item\":\"https:\/\/www.connectedwind.com\/de\/\"},{\"@type\":\"ListItem\",\"position\":2,\"name\":\"Kundenservice\"}]},{\"@type\":\"WebSite\",\"@id\":\"https:\/\/www.connectedwind.com\/fr\/#website\",\"url\":\"https:\/\/www.connectedwind.com\/fr\/\",\"name\":\"Connected Wind Services\",\"description\":\"ISP for reliable O&amp;M services &amp; parts\",\"potentialAction\":[{\"@type\":\"SearchAction\",\"target\":{\"@type\":\"EntryPoint\",\"urlTemplate\":\"https:\/\/www.connectedwind.com\/fr\/?s={search_term_string}\"},\"query-input\":{\"@type\":\"PropertyValueSpecification\",\"valueRequired\":true,\"valueName\":\"search_term_string\"}}],\"inLanguage\":\"de-DE\"}]}<\/script>\n<!-- \/ Yoast SEO plugin. -->","yoast_head_json":{"title":"Kundenservice - Connected Wind Services","robots":{"index":"index","follow":"follow","max-snippet":"max-snippet:-1","max-image-preview":"max-image-preview:large","max-video-preview":"max-video-preview:-1"},"canonical":"https:\/\/www.connectedwind.com\/de\/kundenservice\/","og_locale":"de_DE","og_type":"article","og_title":"Kundenservice - Connected Wind Services","og_url":"https:\/\/www.connectedwind.com\/de\/kundenservice\/","og_site_name":"Connected Wind Services","article_modified_time":"2024-12-04T08:36:33+00:00","twitter_card":"summary_large_image","schema":{"@context":"https:\/\/schema.org","@graph":[{"@type":"WebPage","@id":"https:\/\/www.connectedwind.com\/de\/kundenservice\/","url":"https:\/\/www.connectedwind.com\/de\/kundenservice\/","name":"Kundenservice - Connected Wind Services","isPartOf":{"@id":"https:\/\/www.connectedwind.com\/fr\/#website"},"datePublished":"2018-10-26T13:03:40+00:00","dateModified":"2024-12-04T08:36:33+00:00","breadcrumb":{"@id":"https:\/\/www.connectedwind.com\/de\/kundenservice\/#breadcrumb"},"inLanguage":"de-DE","potentialAction":[{"@type":"ReadAction","target":["https:\/\/www.connectedwind.com\/de\/kundenservice\/"]}]},{"@type":"BreadcrumbList","@id":"https:\/\/www.connectedwind.com\/de\/kundenservice\/#breadcrumb","itemListElement":[{"@type":"ListItem","position":1,"name":"Home","item":"https:\/\/www.connectedwind.com\/de\/"},{"@type":"ListItem","position":2,"name":"Kundenservice"}]},{"@type":"WebSite","@id":"https:\/\/www.connectedwind.com\/fr\/#website","url":"https:\/\/www.connectedwind.com\/fr\/","name":"Connected Wind Services","description":"ISP for reliable O&amp;M services &amp; parts","potentialAction":[{"@type":"SearchAction","target":{"@type":"EntryPoint","urlTemplate":"https:\/\/www.connectedwind.com\/fr\/?s={search_term_string}"},"query-input":{"@type":"PropertyValueSpecification","valueRequired":true,"valueName":"search_term_string"}}],"inLanguage":"de-DE"}]}},"app_templates_career_top_banner_2jorqgicb9lykudw":{"value":"","col":"6","position":"before"},"app_templates_career_top_banner_image":"","app_templates_career_top_banner_m3sfaygqmvfzgavl":{"value":"","col":"6","position":"before"},"app_templates_career_top_banner_bpzacfwpkluydlwp":{"value":"","col":"6","position":"before"},"app_templates_career_top_banner_pretitle":"","app_templates_career_top_banner_title":"","app_templates_career_top_banner_2kacygs0rdrj5fa9":{"value":"","col":"6","position":"before"},"app_templates_career_modules_modules":[],"app_templates_contact_top_banner_asi9ncqg0izo7mfw":{"value":"","col":"6","position":"before"},"app_templates_contact_top_banner_image":"","app_templates_contact_top_banner_is9ttth2rmd5daeh":{"value":"","col":"6","position":"before"},"app_templates_contact_top_banner_un1efdsl7prgo8ga":{"value":"","col":"6","position":"before"},"app_templates_contact_top_banner_pretitle":"","app_templates_contact_top_banner_title":"","app_templates_contact_top_banner_8chikxppyoopporj":{"value":"","col":"6","position":"before"},"app_templates_contact_contact_title":"","app_templates_contact_contact_background":"bg-white","app_templates_contact_contact_description":"","app_templates_contact_contact_drop_downs":[],"app_templates_contact_contact_placeholder":"","app_templates_contact_contact_to":"","app_templates_contact_contact_button":"","app_templates_contact_contact_employees":[],"app_templates_contact_contact_hide_company":false,"app_templates_contact_offices_offices":[],"app_templates_contact_modules_modules":[],"app_templates_cookies_top_banner_sx8njnak5z3pvuvg":{"value":"","col":"6","position":"before"},"app_templates_cookies_top_banner_image":"","app_templates_cookies_top_banner_odjhjuoyqvyq3whm":{"value":"","col":"6","position":"before"},"app_templates_cookies_top_banner_qs7vfuehr0zee6e7":{"value":"","col":"6","position":"before"},"app_templates_cookies_top_banner_pretitle":"","app_templates_cookies_top_banner_title":"","app_templates_cookies_top_banner_owqdx1np1kjlkbz1":{"value":"","col":"6","position":"before"},"app_templates_customer_service_top_banner_hxstqe4caqrjjtmp":{"value":"","col":"6","position":"before"},"app_templates_customer_service_top_banner_image":"33","app_templates_customer_service_top_banner_qvurreskasqbrtt7":{"value":"","col":"6","position":"before"},"app_templates_customer_service_top_banner_ngxz8myqw2pnzkmx":{"value":"","col":"6","position":"before"},"app_templates_customer_service_top_banner_pretitle":"Kundenservice","app_templates_customer_service_top_banner_title":"Wir verhelfen Ihnen zu Ihrem Fortschritt","app_templates_customer_service_top_banner_hsd7cgha6sgwbupr":{"value":"","col":"6","position":"before"},"app_templates_customer_service_contact_title":"Kundenservice","app_templates_customer_service_contact_background":"bg-secondary-light","app_templates_customer_service_contact_description":"Im Laufe der Jahre haben wir nicht nur unser Know-how in Bezug auf den Service und die Wartung von Windenergieanlagen weiterentwickelt, sondern auch unser Gesch\u00e4ft durch ein Ersatzteillager, Up-tower Reparaturen und einen \u00dcberwachungsservice erweitert. Als Ihr professioneller Servicepartner wissen wir genau, was Sie ben\u00f6tigen, um vorw\u00e4rtszukommen.\r\n\r\nBen\u00f6tigen Sie Unterst\u00fctzung? Hier erhalten Sie Hilfe.\r\n","app_templates_customer_service_contact_drop_downs":[],"app_templates_customer_service_contact_placeholder":"Nachricht","app_templates_customer_service_contact_to":"support.de@connectedwind.com","app_templates_customer_service_contact_button":"Senden","app_templates_customer_service_contact_employees":[{"value":"post:employees:942","type":"post","subtype":"employees","id":"942"},{"value":"post:employees:7452","type":"post","subtype":"employees","id":"7452"}],"app_templates_customer_service_contact_hide_company":false,"app_templates_customer_service_contact_section_title":"Kundenservice","app_templates_customer_service_contact_section_description":"Bitte kontaktieren Sie uns per Telefon oder E-Mail oder verwenden Sie unser Kontaktformular.","app_templates_customer_service_contact_section_contact_info":[{"_type":"_","title":"Deutschland","phone":"+49 4848 90 128 0","email":"support.de@connectedwind.com"}],"app_templates_customer_service_modules_modules":[{"_type":"textbox_image","background_color":"bg-white","image_position":3,"image":"61","pretitle":"FAQ - H\u00e4ufig gestellte Fragen","title":"Finden Sie die Antworten auf Ihre Fragen","text":"<em>Wie k\u00f6nnen wir Ihnen behilflich sein?<\/em>\r\n\r\nWindenergieanlagen sind komplexe Maschinen. Ihre Wartung wirft oftmals eine Reihe von verschiedensten Fragen auf. Kleine und gro\u00dfe Fragen. Wir haben einige der am h\u00e4ufigsten gestellten Fragen f\u00fcr Sie gesammelt und sie in logischer Form kategorisiert, damit Sie das Beste aus Ihrer Zeit machen k\u00f6nnen.","features":[],"button":{"value":"","url":"\/de\/faq\/","anchor":"In unseren FAQ nach Antworten suchen","blank":"0"},"button2":{"value":"","url":"","anchor":"","blank":"1"}},{"_type":"textbox_image","background_color":"bg-primary","image_position":1,"image":"62","pretitle":"Downloads","title":"Downloads, Richtlinien und Dokumentationen","text":"Transparenz wird bei Connected Wind Services gro\u00dfgeschrieben. Eine transparente Dokumentation und direkte Kommunikation f\u00f6rdern das gegenseitige Vertrauen und die entsprechenden Handlungen. Hier finden Sie unsere aktuellen Downloads, Richtlinien und Zertifikate.\r\n\r\nBen\u00f6tigen Sie weitere Informationen? Bleiben Sie in Verbindung:\r\n\r\n<a href=\"mailto:inga.christiansen@connectedwind.com\">Bitte kontaktieren Sie uns hier.<\/a>","features":[],"button":{"value":"","url":"\/de\/downloads\/","anchor":"Download-Archiv durchsuchen","blank":"0"},"button2":{"value":"","url":"","anchor":"","blank":"1"}},{"_type":"textbox_image","background_color":"bg-white","image_position":3,"image":"61","pretitle":"Compliance","title":"Infos und Meldung von Verst\u00f6\u00dfen","text":"<div class=\"xmsonormal\" data-identifyelement=\"351\">Die Connected Wind Deutschland GmbH ist ein Tochterunternehmen der EnBW. F\u00fcr die Meldung von Verst\u00f6\u00dfen oder Verdachtsf\u00e4llen steht Ihnen daher die\u00a0<a title=\"Hier findest du alle Infos und die M\u00f6glichkeit einen Vorgang zu melden.\" href=\"https:\/\/www.enbw.com\/unternehmen\/konzern\/ueber-uns\/compliance\/\" target=\"_blank\" rel=\"noopener noreferrer\" data-identifyelement=\"352\">Anlaufstelle der EnBW<\/a>\u00a0zur Verf\u00fcgung.<\/div>\r\n<div data-identifyelement=\"354\"><\/div>\r\n<div class=\"xmsonormal\" data-identifyelement=\"355\">Bei der Anlaufstelle k\u00f6nnen Sie Hinweise auf m\u00f6gliche Gesetzes- oder Regelverst\u00f6\u00dfe geben aber auch Compliance-Verletzungen in den Bereichen Menschenrechte und Umweltschutz melden.<\/div>","features":[],"button":{"value":"","url":"https:\/\/app.convercent.com\/de-de\/LandingPage\/d3d2f480-d8ef-ed11-a99b-000d3ab9f296","anchor":"Hinweisgebersystem","blank":"0"},"button2":{"value":"","url":"","anchor":"","blank":"1"}},{"_type":"banner","image":"41","background_color":"bg-secondary-light","content_position":3,"pretitle":"Die n\u00e4chstgelegene Servicestation suchen","title":"Global denken. Auf lokaler Ebene handeln.","text":"Mit mehr als 25 Servicestellen in Nordeuropa verf\u00fcgen wir \u00fcber die Voraussetzungen, um Ihren lokalen Anforderungen gerecht zu werden. Auf der interaktiven Landkarte sehen Sie, wo sich unsere Servicestellen befinden. \r\n\r\nNehmen Sie Kontakt mit Ihrem regionalen Vertreter auf, um ein Treffen zu vereinbaren.","button":{"value":"","url":"\/de\/service-stations\/","anchor":"Wo Sie uns finden","blank":"0"}},{"_type":"contact","title":"Sie haben ein Problem mit Ihrer Anlage? Melden Sie es uns.","background":"bg-white","description":"Sollten Sie ein Problem mit Ihrer Anlage haben, erhalten Sie hier die M\u00f6glichkeit, uns die St\u00f6rung zu melden. Wir k\u00fcmmern uns dann umgehend. Teilen Sie uns bitte alle relevanten Informationen zu Ihrer Anlage mit.","drop_downs":["standort","anlagennummer"],"placeholder":"St\u00f6rungsmeldung","to":"notdienst@connectedwind.com","button":"St\u00f6rung melden","employees":[{"value":"post:employees:1885","type":"post","subtype":"employees","id":"1885"},{"value":"post:employees:8036","type":"post","subtype":"employees","id":"8036"}],"hide_company":false}],"app_templates_homepage_top_banner_image":"","app_templates_homepage_top_banner_video":"","app_templates_homepage_top_banner_title":"","app_templates_homepage_top_banner_description":"","app_templates_homepage_top_banner_button":{"value":"","url":"","anchor":"","blank":0},"app_templates_homepage_top_section_services":[],"app_templates_homepage_top_section_text":"","app_templates_homepage_top_section_button":{"value":"","url":"","anchor":"","blank":0},"app_templates_homepage_modules_modules":[],"app_templates_homepage_fr_top_banner_image":"","app_templates_homepage_fr_top_banner_video":"","app_templates_homepage_fr_top_banner_title":"","app_templates_homepage_fr_top_banner_description":"","app_templates_homepage_fr_top_banner_button":{"value":"","url":"","anchor":"","blank":0},"app_templates_homepage_fr_top_section_services":[],"app_templates_homepage_fr_top_section_text":"","app_templates_homepage_fr_top_section_button":{"value":"","url":"","anchor":"","blank":0},"app_templates_homepage_fr_modules_modules":[],"app_templates_iframe_top_banner_p8yyr9mwutuyu1gr":{"value":"","col":"6","position":"before"},"app_templates_iframe_top_banner_image":"","app_templates_iframe_top_banner_pqdohqvfjf7knwlr":{"value":"","col":"6","position":"before"},"app_templates_iframe_top_banner_haozumpbz0zlgygb":{"value":"","col":"6","position":"before"},"app_templates_iframe_top_banner_pretitle":"","app_templates_iframe_top_banner_title":"","app_templates_iframe_top_banner_xk3shyusyvdeetnh":{"value":"","col":"6","position":"before"},"app_templates_iframe_iframe_url":"","app_templates_map_top_banner_dbkkm1a9bs4xjiqr":{"value":"","col":"6","position":"before"},"app_templates_map_top_banner_image":"","app_templates_map_top_banner_wfdtoyzjpic0oqog":{"value":"","col":"6","position":"before"},"app_templates_map_top_banner_mmmzkypqx2drwmwk":{"value":"","col":"6","position":"before"},"app_templates_map_top_banner_pretitle":"","app_templates_map_top_banner_title":"","app_templates_map_top_banner_lm45fm0sjquw88ng":{"value":"","col":"6","position":"before"},"app_templates_map_modules_modules":[],"app_templates_media_top_banner_yfklb1k1ykasxq85":{"value":"","col":"6","position":"before"},"app_templates_media_top_banner_image":"","app_templates_media_top_banner_vo48socolagzod6g":{"value":"","col":"6","position":"before"},"app_templates_media_top_banner_rprcfi13zcexjg6l":{"value":"","col":"6","position":"before"},"app_templates_media_top_banner_pretitle":"","app_templates_media_top_banner_title":"","app_templates_media_top_banner_4trantoss4ndtgp4":{"value":"","col":"6","position":"before"},"app_templates_media_modules_modules":[],"app_templates_modules_top_banner_rtxyb72ipoulyphj":{"value":"","col":"6","position":"before"},"app_templates_modules_top_banner_image":"","app_templates_modules_top_banner_vrzzralsjqeqmlrm":{"value":"","col":"6","position":"before"},"app_templates_modules_top_banner_mlj66tqebtxq5azl":{"value":"","col":"6","position":"before"},"app_templates_modules_top_banner_pretitle":"","app_templates_modules_top_banner_title":"","app_templates_modules_top_banner_rtdjfyeczp9fd9wu":{"value":"","col":"6","position":"before"},"app_templates_modules_modules_modules":[],"app_templates_support_top_banner_iiglxq1xiesjuwzv":{"value":"","col":"6","position":"before"},"app_templates_support_top_banner_image":"","app_templates_support_top_banner_mpyydnxo3zqlzvbx":{"value":"","col":"6","position":"before"},"app_templates_support_top_banner_yeq730y1vtqg5zbh":{"value":"","col":"6","position":"before"},"app_templates_support_top_banner_pretitle":"","app_templates_support_top_banner_title":"","app_templates_support_top_banner_chk2gwjcbczqgyso":{"value":"","col":"6","position":"before"},"app_templates_support_modules_modules":[],"_links":{"self":[{"href":"https:\/\/www.connectedwind.com\/de\/wp-json\/wp\/v2\/pages\/1020","targetHints":{"allow":["GET"]}}],"collection":[{"href":"https:\/\/www.connectedwind.com\/de\/wp-json\/wp\/v2\/pages"}],"about":[{"href":"https:\/\/www.connectedwind.com\/de\/wp-json\/wp\/v2\/types\/page"}],"author":[{"embeddable":true,"href":"https:\/\/www.connectedwind.com\/de\/wp-json\/wp\/v2\/users\/2"}],"replies":[{"embeddable":true,"href":"https:\/\/www.connectedwind.com\/de\/wp-json\/wp\/v2\/comments?post=1020"}],"version-history":[{"count":9,"href":"https:\/\/www.connectedwind.com\/de\/wp-json\/wp\/v2\/pages\/1020\/revisions"}],"predecessor-version":[{"id":9230,"href":"https:\/\/www.connectedwind.com\/de\/wp-json\/wp\/v2\/pages\/1020\/revisions\/9230"}],"wp:attachment":[{"href":"https:\/\/www.connectedwind.com\/de\/wp-json\/wp\/v2\/media?parent=1020"}],"curies":[{"name":"wp","href":"https:\/\/api.w.org\/{rel}","templated":true}]}}