{"id":1022,"date":"2018-10-24T12:39:58","date_gmt":"2018-10-24T10:39:58","guid":{"rendered":"https:\/\/www.connectedwind.com\/service-stations\/"},"modified":"2024-01-19T07:48:27","modified_gmt":"2024-01-19T06:48:27","slug":"servicestationen","status":"publish","type":"page","link":"https:\/\/www.connectedwind.com\/de\/servicestationen\/","title":{"rendered":"Servicestationen"},"content":{"rendered":"","protected":false},"excerpt":{"rendered":"","protected":false},"author":2,"featured_media":0,"parent":0,"menu_order":0,"comment_status":"closed","ping_status":"closed","template":"views\/template-support.blade.php","meta":{"footnotes":""},"class_list":["post-1022","page","type-page","status-publish","hentry"],"yoast_head":"<!-- This site is optimized with the Yoast SEO plugin v24.7 - https:\/\/yoast.com\/wordpress\/plugins\/seo\/ -->\n<title>Servicestationen - Connected Wind Services<\/title>\n<meta name=\"robots\" content=\"index, follow, max-snippet:-1, max-image-preview:large, max-video-preview:-1\" \/>\n<link rel=\"canonical\" href=\"https:\/\/www.connectedwind.com\/de\/servicestationen\/\" \/>\n<meta property=\"og:locale\" content=\"de_DE\" \/>\n<meta property=\"og:type\" content=\"article\" \/>\n<meta property=\"og:title\" content=\"Servicestationen - Connected Wind Services\" \/>\n<meta property=\"og:url\" content=\"https:\/\/www.connectedwind.com\/de\/servicestationen\/\" \/>\n<meta property=\"og:site_name\" content=\"Connected Wind Services\" \/>\n<meta property=\"article:modified_time\" content=\"2024-01-19T06:48:27+00:00\" \/>\n<meta name=\"twitter:card\" content=\"summary_large_image\" \/>\n<script type=\"application\/ld+json\" class=\"yoast-schema-graph\">{\"@context\":\"https:\/\/schema.org\",\"@graph\":[{\"@type\":\"WebPage\",\"@id\":\"https:\/\/www.connectedwind.com\/de\/servicestationen\/\",\"url\":\"https:\/\/www.connectedwind.com\/de\/servicestationen\/\",\"name\":\"Servicestationen - Connected Wind Services\",\"isPartOf\":{\"@id\":\"https:\/\/www.connectedwind.com\/fr\/#website\"},\"datePublished\":\"2018-10-24T10:39:58+00:00\",\"dateModified\":\"2024-01-19T06:48:27+00:00\",\"breadcrumb\":{\"@id\":\"https:\/\/www.connectedwind.com\/de\/servicestationen\/#breadcrumb\"},\"inLanguage\":\"de-DE\",\"potentialAction\":[{\"@type\":\"ReadAction\",\"target\":[\"https:\/\/www.connectedwind.com\/de\/servicestationen\/\"]}]},{\"@type\":\"BreadcrumbList\",\"@id\":\"https:\/\/www.connectedwind.com\/de\/servicestationen\/#breadcrumb\",\"itemListElement\":[{\"@type\":\"ListItem\",\"position\":1,\"name\":\"Home\",\"item\":\"https:\/\/www.connectedwind.com\/de\/\"},{\"@type\":\"ListItem\",\"position\":2,\"name\":\"Servicestationen\"}]},{\"@type\":\"WebSite\",\"@id\":\"https:\/\/www.connectedwind.com\/fr\/#website\",\"url\":\"https:\/\/www.connectedwind.com\/fr\/\",\"name\":\"Connected Wind Services\",\"description\":\"ISP for reliable O&amp;M services &amp; parts\",\"potentialAction\":[{\"@type\":\"SearchAction\",\"target\":{\"@type\":\"EntryPoint\",\"urlTemplate\":\"https:\/\/www.connectedwind.com\/fr\/?s={search_term_string}\"},\"query-input\":{\"@type\":\"PropertyValueSpecification\",\"valueRequired\":true,\"valueName\":\"search_term_string\"}}],\"inLanguage\":\"de-DE\"}]}<\/script>\n<!-- \/ Yoast SEO plugin. -->","yoast_head_json":{"title":"Servicestationen - Connected Wind Services","robots":{"index":"index","follow":"follow","max-snippet":"max-snippet:-1","max-image-preview":"max-image-preview:large","max-video-preview":"max-video-preview:-1"},"canonical":"https:\/\/www.connectedwind.com\/de\/servicestationen\/","og_locale":"de_DE","og_type":"article","og_title":"Servicestationen - Connected Wind Services","og_url":"https:\/\/www.connectedwind.com\/de\/servicestationen\/","og_site_name":"Connected Wind Services","article_modified_time":"2024-01-19T06:48:27+00:00","twitter_card":"summary_large_image","schema":{"@context":"https:\/\/schema.org","@graph":[{"@type":"WebPage","@id":"https:\/\/www.connectedwind.com\/de\/servicestationen\/","url":"https:\/\/www.connectedwind.com\/de\/servicestationen\/","name":"Servicestationen - Connected Wind Services","isPartOf":{"@id":"https:\/\/www.connectedwind.com\/fr\/#website"},"datePublished":"2018-10-24T10:39:58+00:00","dateModified":"2024-01-19T06:48:27+00:00","breadcrumb":{"@id":"https:\/\/www.connectedwind.com\/de\/servicestationen\/#breadcrumb"},"inLanguage":"de-DE","potentialAction":[{"@type":"ReadAction","target":["https:\/\/www.connectedwind.com\/de\/servicestationen\/"]}]},{"@type":"BreadcrumbList","@id":"https:\/\/www.connectedwind.com\/de\/servicestationen\/#breadcrumb","itemListElement":[{"@type":"ListItem","position":1,"name":"Home","item":"https:\/\/www.connectedwind.com\/de\/"},{"@type":"ListItem","position":2,"name":"Servicestationen"}]},{"@type":"WebSite","@id":"https:\/\/www.connectedwind.com\/fr\/#website","url":"https:\/\/www.connectedwind.com\/fr\/","name":"Connected Wind Services","description":"ISP for reliable O&amp;M services &amp; parts","potentialAction":[{"@type":"SearchAction","target":{"@type":"EntryPoint","urlTemplate":"https:\/\/www.connectedwind.com\/fr\/?s={search_term_string}"},"query-input":{"@type":"PropertyValueSpecification","valueRequired":true,"valueName":"search_term_string"}}],"inLanguage":"de-DE"}]}},"app_templates_career_top_banner_hp91wwqxjepvrfr4":{"value":"","col":"6","position":"before"},"app_templates_career_top_banner_image":"","app_templates_career_top_banner_lnyzrnvxklz3dmqw":{"value":"","col":"6","position":"before"},"app_templates_career_top_banner_n1sstfcnegmc5lac":{"value":"","col":"6","position":"before"},"app_templates_career_top_banner_pretitle":"","app_templates_career_top_banner_title":"","app_templates_career_top_banner_xnodxi2khn2msmv3":{"value":"","col":"6","position":"before"},"app_templates_career_modules_modules":[],"app_templates_contact_top_banner_nmo99grf69duc1w9":{"value":"","col":"6","position":"before"},"app_templates_contact_top_banner_image":"","app_templates_contact_top_banner_u3xtbkegyh7uv3fv":{"value":"","col":"6","position":"before"},"app_templates_contact_top_banner_dtdifajkzc9yofsj":{"value":"","col":"6","position":"before"},"app_templates_contact_top_banner_pretitle":"","app_templates_contact_top_banner_title":"","app_templates_contact_top_banner_xl6xwyrpyvxdmzlz":{"value":"","col":"6","position":"before"},"app_templates_contact_contact_title":"","app_templates_contact_contact_background":"bg-white","app_templates_contact_contact_description":"","app_templates_contact_contact_drop_downs":[],"app_templates_contact_contact_placeholder":"","app_templates_contact_contact_to":"","app_templates_contact_contact_button":"","app_templates_contact_contact_employees":[],"app_templates_contact_contact_hide_company":false,"app_templates_contact_offices_offices":[],"app_templates_contact_modules_modules":[],"app_templates_cookies_top_banner_f8auwgfwdzgyakoz":{"value":"","col":"6","position":"before"},"app_templates_cookies_top_banner_image":"","app_templates_cookies_top_banner_55amif3yhffrjda7":{"value":"","col":"6","position":"before"},"app_templates_cookies_top_banner_qpneavyqtvmifbmo":{"value":"","col":"6","position":"before"},"app_templates_cookies_top_banner_pretitle":"","app_templates_cookies_top_banner_title":"","app_templates_cookies_top_banner_zulbvmccvbapxdfl":{"value":"","col":"6","position":"before"},"app_templates_customer_service_top_banner_3nf3eeg18o62cx2d":{"value":"","col":"6","position":"before"},"app_templates_customer_service_top_banner_image":"","app_templates_customer_service_top_banner_mrbzfbaoivfa25r7":{"value":"","col":"6","position":"before"},"app_templates_customer_service_top_banner_olnk0timpv6jxtqy":{"value":"","col":"6","position":"before"},"app_templates_customer_service_top_banner_pretitle":"","app_templates_customer_service_top_banner_title":"","app_templates_customer_service_top_banner_z0sfuyt34guuinug":{"value":"","col":"6","position":"before"},"app_templates_customer_service_contact_title":"","app_templates_customer_service_contact_background":"bg-white","app_templates_customer_service_contact_description":"","app_templates_customer_service_contact_drop_downs":[],"app_templates_customer_service_contact_placeholder":"","app_templates_customer_service_contact_to":"","app_templates_customer_service_contact_button":"","app_templates_customer_service_contact_employees":[],"app_templates_customer_service_contact_hide_company":false,"app_templates_customer_service_contact_section_title":"","app_templates_customer_service_contact_section_description":"","app_templates_customer_service_contact_section_contact_info":[],"app_templates_customer_service_modules_modules":[],"app_templates_homepage_top_banner_image":"","app_templates_homepage_top_banner_video":"","app_templates_homepage_top_banner_title":"","app_templates_homepage_top_banner_description":"","app_templates_homepage_top_banner_button":{"value":"","url":"","anchor":"","blank":0},"app_templates_homepage_top_section_services":[],"app_templates_homepage_top_section_text":"","app_templates_homepage_top_section_button":{"value":"","url":"","anchor":"","blank":0},"app_templates_homepage_modules_modules":[],"app_templates_homepage_fr_top_banner_image":"","app_templates_homepage_fr_top_banner_video":"","app_templates_homepage_fr_top_banner_title":"","app_templates_homepage_fr_top_banner_description":"","app_templates_homepage_fr_top_banner_button":{"value":"","url":"","anchor":"","blank":0},"app_templates_homepage_fr_top_section_services":[],"app_templates_homepage_fr_top_section_text":"","app_templates_homepage_fr_top_section_button":{"value":"","url":"","anchor":"","blank":0},"app_templates_homepage_fr_modules_modules":[],"app_templates_iframe_top_banner_ayxwajmy2el73yg5":{"value":"","col":"6","position":"before"},"app_templates_iframe_top_banner_image":"","app_templates_iframe_top_banner_tm3c5dqrujncva4i":{"value":"","col":"6","position":"before"},"app_templates_iframe_top_banner_givnqhtbye7fk1q8":{"value":"","col":"6","position":"before"},"app_templates_iframe_top_banner_pretitle":"","app_templates_iframe_top_banner_title":"","app_templates_iframe_top_banner_7bftbnhx7pteynxs":{"value":"","col":"6","position":"before"},"app_templates_iframe_iframe_url":"","app_templates_map_top_banner_beixrczukguy0ueg":{"value":"","col":"6","position":"before"},"app_templates_map_top_banner_image":"","app_templates_map_top_banner_6fubcs8jifgc8acz":{"value":"","col":"6","position":"before"},"app_templates_map_top_banner_ljkkbgrctxffk11g":{"value":"","col":"6","position":"before"},"app_templates_map_top_banner_pretitle":"","app_templates_map_top_banner_title":"","app_templates_map_top_banner_1qrorob8hiledbha":{"value":"","col":"6","position":"before"},"app_templates_map_modules_modules":[],"app_templates_media_top_banner_btpsxdlerfcazyzf":{"value":"","col":"6","position":"before"},"app_templates_media_top_banner_image":"","app_templates_media_top_banner_fwc5shzxeatx5y5t":{"value":"","col":"6","position":"before"},"app_templates_media_top_banner_mkgh98g00xln1zu0":{"value":"","col":"6","position":"before"},"app_templates_media_top_banner_pretitle":"","app_templates_media_top_banner_title":"","app_templates_media_top_banner_nf4ut8xd9mzry6gn":{"value":"","col":"6","position":"before"},"app_templates_media_modules_modules":[],"app_templates_modules_top_banner_g1veqcoidqfmalbw":{"value":"","col":"6","position":"before"},"app_templates_modules_top_banner_image":"","app_templates_modules_top_banner_r8qyvrxr7vdjdjag":{"value":"","col":"6","position":"before"},"app_templates_modules_top_banner_jzqbr29i7xumfmng":{"value":"","col":"6","position":"before"},"app_templates_modules_top_banner_pretitle":"","app_templates_modules_top_banner_title":"","app_templates_modules_top_banner_gk0cudgalw0chd7c":{"value":"","col":"6","position":"before"},"app_templates_modules_modules_modules":[],"app_templates_support_top_banner_t8gsfliith4jvish":{"value":"","col":"6","position":"before"},"app_templates_support_top_banner_image":"42","app_templates_support_top_banner_tntkchyypxgzkejj":{"value":"","col":"6","position":"before"},"app_templates_support_top_banner_hlkjhz3dyhgb5hen":{"value":"","col":"6","position":"before"},"app_templates_support_top_banner_pretitle":"Servicestationen","app_templates_support_top_banner_title":"Wir denken global. Und handeln auf lokaler Ebene.","app_templates_support_top_banner_cergslcdpiildsax":{"value":"","col":"6","position":"before"},"app_templates_support_modules_modules":[{"_type":"map","title":"Die n\u00e4chstgelegene Servicestation suchen","description":"Hier finden Sie die Adressen der Anlaufstellen von Connected Wind Services in Europa.\r\n\r\nAuf der Karte unten finden Sie Ihre n\u00e4chstgelegene Servicestation, um mit Ihrem lokalen B\u00fcro Kontakt aufzunehmen.\r\n","categories":[{"_type":"_","title":"Main offices","locations":[{"_type":"_","title":"Connected Wind Services A\/S","street":"Gren\u00e5vej 629","city":"Sk\u00f8dstrup","zip_code":"8541","country":"D\u00e4nemark"},{"_type":"_","title":"Connected Wind Services Sverige AB","street":"\u00c5karev\u00e4gen 17","city":"Falkenberg","zip_code":"311 32","country":"Schweden"},{"_type":"_","title":"Connected Wind Services Deutschland GmbH","street":"M\u00fchlenberg 19","city":"Rantrum","zip_code":"25873","country":"Deutschland"},{"_type":"_","title":"Connected Wind Services Danmark A\/S","street":"Gren\u00e5vej 629","city":"Sk\u00f8dstrup","zip_code":"8541","country":"D\u00e4nemark"},{"_type":"_","title":"Connected Wind Services France SAS","street":"10 avenue Mar\u00e9chal Foch","city":"Dijon","zip_code":"21000","country":"Frankreich"}]},{"_type":"_","title":"Servicestationen","locations":[{"_type":"_","title":"Servicestation Eberswalde","street":"","city":"Eberswalde","zip_code":"16225","country":"Deutschland"},{"_type":"_","title":"Servicestation D\u00f6beln","street":"","city":"D\u00f6beln","zip_code":"04720","country":"Deutschland"},{"_type":"_","title":"Servicestation Bobitz","street":"","city":"Bobitz","zip_code":"23996","country":"Deutschland"},{"_type":"_","title":"Servicestation Bremerv\u00f6rde","street":"","city":"Bremerv\u00f6rde","zip_code":"27432","country":"Deutschland"},{"_type":"_","title":"Servicestation Burgdorf","street":"","city":"Burgdorf","zip_code":"31303","country":"Deutschland"},{"_type":"_","title":"Servicestation Prenzlau","street":"","city":"Prenzlau","zip_code":"17291","country":"Deutschland"},{"_type":"_","title":"Servicestation Trollh\u00e4ttan","street":"","city":"Trollh\u00e4ttan","zip_code":"461 38 ","country":"Schweden"},{"_type":"_","title":"Servicestation Falk\u00f6ping c\/o Vianor ","street":"","city":"Falk\u00f6ping","zip_code":"521 41 ","country":"Schweden"},{"_type":"_","title":"Servicestation Sk\u00e4nninge","street":"","city":"Sk\u00e4nninge","zip_code":"596 34 ","country":"Schweden"},{"_type":"_","title":"Servicestation Kristianstad c\/o Kristiandstads Kylservice ","street":"","city":"Kristianstad","zip_code":"291 36 ","country":"Schweden"},{"_type":"_","title":"Servicestation Svendborg","street":"","city":"Svendborg","zip_code":"","country":"D\u00e4nemark"},{"_type":"_","title":"Servicestation Hemmet","street":"","city":"Hemmet","zip_code":"","country":"D\u00e4nemark"},{"_type":"_","title":"Servicestation Randers SV","street":"","city":"Randers ","zip_code":"","country":"D\u00e4nemark"},{"_type":"_","title":"Servicestation Hasselager","street":"","city":"Hasselager","zip_code":"","country":"D\u00e4nemark"},{"_type":"_","title":"Servicestation Balle","street":"","city":"Balle","zip_code":"","country":"D\u00e4nemark"},{"_type":"_","title":"Servicestation Brande","street":"","city":"Brande","zip_code":"","country":"D\u00e4nemark"},{"_type":"_","title":"Servicestation Hanstholm","street":"","city":"Hanstholm","zip_code":"","country":"D\u00e4nemark"},{"_type":"_","title":"Servicestation Hurup Thy","street":"","city":"Hurup Thy","zip_code":"","country":"D\u00e4nemark"},{"_type":"_","title":"Servicestation Svinninge","street":"","city":"Svinninge","zip_code":"","country":"D\u00e4nemark"},{"_type":"_","title":"Servicestation R\u00f8de Kro","street":"","city":"R\u00f8de Kro","zip_code":"","country":"D\u00e4nemark"},{"_type":"_","title":"Servicestation Nyk\u00f8bing F","street":"","city":"Nyk\u00f8bing F","zip_code":"","country":"D\u00e4nemark"},{"_type":"_","title":"Servicestation Vonge","street":"","city":"Vonge","zip_code":"","country":"D\u00e4nemark"},{"_type":"_","title":"Servicestation Lisbjerg, \u00c5rhus N","street":"","city":"Lisbjerg, \u00c5rhus N","zip_code":"8200","country":"D\u00e4nemark"},{"_type":"_","title":"Servicestation Aalborg","street":"","city":"Aalborg","zip_code":"9210","country":"D\u00e4nemark"},{"_type":"_","title":"Servicestation Holstebro","street":"","city":"Holstebro","zip_code":"7500","country":"D\u00e4nemark"},{"_type":"_","title":"Servicestation Otterup, Fyn","street":"","city":"Otterup, Fyn","zip_code":"5450","country":"D\u00e4nemark"},{"_type":"_","title":"Servicestation Dijon","street":"10 avenue Mar\u00e9chal Foch","city":"Dijon","zip_code":"21000","country":"Frankreich"}]}]},{"_type":"contact","title":"Haben Sie Fragen?","background":"bg-white","description":"Bei Fragen entnehmen Sie weitere Informationen bitte unseren H\u00e4ufig gestellten Fragen (FAQ). Hier k\u00f6nnen Sie Antworten auf die am h\u00e4ufigsten gestellten Fragen finden sowie Informationen dar\u00fcber, wie Sie Unterst\u00fctzung erhalten. Sie haben auch die M\u00f6glichkeit, direkt Kontakt zu uns aufzunehmen.\r\n","drop_downs":[],"placeholder":"Anfrage","to":"alexander.morozov@connectedwind.com","button":"Senden","employees":[{"value":"post:employees:971","type":"post","subtype":"employees","id":"971"}],"hide_company":false}],"_links":{"self":[{"href":"https:\/\/www.connectedwind.com\/de\/wp-json\/wp\/v2\/pages\/1022","targetHints":{"allow":["GET"]}}],"collection":[{"href":"https:\/\/www.connectedwind.com\/de\/wp-json\/wp\/v2\/pages"}],"about":[{"href":"https:\/\/www.connectedwind.com\/de\/wp-json\/wp\/v2\/types\/page"}],"author":[{"embeddable":true,"href":"https:\/\/www.connectedwind.com\/de\/wp-json\/wp\/v2\/users\/2"}],"replies":[{"embeddable":true,"href":"https:\/\/www.connectedwind.com\/de\/wp-json\/wp\/v2\/comments?post=1022"}],"version-history":[{"count":19,"href":"https:\/\/www.connectedwind.com\/de\/wp-json\/wp\/v2\/pages\/1022\/revisions"}],"predecessor-version":[{"id":8714,"href":"https:\/\/www.connectedwind.com\/de\/wp-json\/wp\/v2\/pages\/1022\/revisions\/8714"}],"wp:attachment":[{"href":"https:\/\/www.connectedwind.com\/de\/wp-json\/wp\/v2\/media?parent=1022"}],"curies":[{"name":"wp","href":"https:\/\/api.w.org\/{rel}","templated":true}]}}