{"id":1025,"date":"2018-10-24T12:39:28","date_gmt":"2018-10-24T10:39:28","guid":{"rendered":"https:\/\/www.connectedwind.com\/faq\/"},"modified":"2019-11-06T14:29:21","modified_gmt":"2019-11-06T13:29:21","slug":"faq","status":"publish","type":"page","link":"https:\/\/www.connectedwind.com\/de\/faq\/","title":{"rendered":"FAQ"},"content":{"rendered":"","protected":false},"excerpt":{"rendered":"","protected":false},"author":2,"featured_media":0,"parent":0,"menu_order":0,"comment_status":"closed","ping_status":"closed","template":"views\/template-support.blade.php","meta":{"footnotes":""},"class_list":["post-1025","page","type-page","status-publish","hentry"],"yoast_head":"<!-- This site is optimized with the Yoast SEO plugin v24.7 - https:\/\/yoast.com\/wordpress\/plugins\/seo\/ -->\n<title>FAQ - Connected Wind Services<\/title>\n<meta name=\"robots\" content=\"index, follow, max-snippet:-1, max-image-preview:large, max-video-preview:-1\" \/>\n<link rel=\"canonical\" href=\"https:\/\/www.connectedwind.com\/de\/faq\/\" \/>\n<meta property=\"og:locale\" content=\"de_DE\" \/>\n<meta property=\"og:type\" content=\"article\" \/>\n<meta property=\"og:title\" content=\"FAQ - Connected Wind Services\" \/>\n<meta property=\"og:url\" content=\"https:\/\/www.connectedwind.com\/de\/faq\/\" \/>\n<meta property=\"og:site_name\" content=\"Connected Wind Services\" \/>\n<meta property=\"article:modified_time\" content=\"2019-11-06T13:29:21+00:00\" \/>\n<meta name=\"twitter:card\" content=\"summary_large_image\" \/>\n<script type=\"application\/ld+json\" class=\"yoast-schema-graph\">{\"@context\":\"https:\/\/schema.org\",\"@graph\":[{\"@type\":\"WebPage\",\"@id\":\"https:\/\/www.connectedwind.com\/de\/faq\/\",\"url\":\"https:\/\/www.connectedwind.com\/de\/faq\/\",\"name\":\"FAQ - Connected Wind Services\",\"isPartOf\":{\"@id\":\"https:\/\/www.connectedwind.com\/fr\/#website\"},\"datePublished\":\"2018-10-24T10:39:28+00:00\",\"dateModified\":\"2019-11-06T13:29:21+00:00\",\"breadcrumb\":{\"@id\":\"https:\/\/www.connectedwind.com\/de\/faq\/#breadcrumb\"},\"inLanguage\":\"de-DE\",\"potentialAction\":[{\"@type\":\"ReadAction\",\"target\":[\"https:\/\/www.connectedwind.com\/de\/faq\/\"]}]},{\"@type\":\"BreadcrumbList\",\"@id\":\"https:\/\/www.connectedwind.com\/de\/faq\/#breadcrumb\",\"itemListElement\":[{\"@type\":\"ListItem\",\"position\":1,\"name\":\"Home\",\"item\":\"https:\/\/www.connectedwind.com\/de\/\"},{\"@type\":\"ListItem\",\"position\":2,\"name\":\"FAQ\"}]},{\"@type\":\"WebSite\",\"@id\":\"https:\/\/www.connectedwind.com\/fr\/#website\",\"url\":\"https:\/\/www.connectedwind.com\/fr\/\",\"name\":\"Connected Wind Services\",\"description\":\"ISP for reliable O&amp;M services &amp; parts\",\"potentialAction\":[{\"@type\":\"SearchAction\",\"target\":{\"@type\":\"EntryPoint\",\"urlTemplate\":\"https:\/\/www.connectedwind.com\/fr\/?s={search_term_string}\"},\"query-input\":{\"@type\":\"PropertyValueSpecification\",\"valueRequired\":true,\"valueName\":\"search_term_string\"}}],\"inLanguage\":\"de-DE\"}]}<\/script>\n<!-- \/ Yoast SEO plugin. -->","yoast_head_json":{"title":"FAQ - Connected Wind Services","robots":{"index":"index","follow":"follow","max-snippet":"max-snippet:-1","max-image-preview":"max-image-preview:large","max-video-preview":"max-video-preview:-1"},"canonical":"https:\/\/www.connectedwind.com\/de\/faq\/","og_locale":"de_DE","og_type":"article","og_title":"FAQ - Connected Wind Services","og_url":"https:\/\/www.connectedwind.com\/de\/faq\/","og_site_name":"Connected Wind Services","article_modified_time":"2019-11-06T13:29:21+00:00","twitter_card":"summary_large_image","schema":{"@context":"https:\/\/schema.org","@graph":[{"@type":"WebPage","@id":"https:\/\/www.connectedwind.com\/de\/faq\/","url":"https:\/\/www.connectedwind.com\/de\/faq\/","name":"FAQ - Connected Wind Services","isPartOf":{"@id":"https:\/\/www.connectedwind.com\/fr\/#website"},"datePublished":"2018-10-24T10:39:28+00:00","dateModified":"2019-11-06T13:29:21+00:00","breadcrumb":{"@id":"https:\/\/www.connectedwind.com\/de\/faq\/#breadcrumb"},"inLanguage":"de-DE","potentialAction":[{"@type":"ReadAction","target":["https:\/\/www.connectedwind.com\/de\/faq\/"]}]},{"@type":"BreadcrumbList","@id":"https:\/\/www.connectedwind.com\/de\/faq\/#breadcrumb","itemListElement":[{"@type":"ListItem","position":1,"name":"Home","item":"https:\/\/www.connectedwind.com\/de\/"},{"@type":"ListItem","position":2,"name":"FAQ"}]},{"@type":"WebSite","@id":"https:\/\/www.connectedwind.com\/fr\/#website","url":"https:\/\/www.connectedwind.com\/fr\/","name":"Connected Wind Services","description":"ISP for reliable O&amp;M services &amp; parts","potentialAction":[{"@type":"SearchAction","target":{"@type":"EntryPoint","urlTemplate":"https:\/\/www.connectedwind.com\/fr\/?s={search_term_string}"},"query-input":{"@type":"PropertyValueSpecification","valueRequired":true,"valueName":"search_term_string"}}],"inLanguage":"de-DE"}]}},"app_templates_career_top_banner_f75d5v0smx8llsok":{"value":"","col":"6","position":"before"},"app_templates_career_top_banner_image":"","app_templates_career_top_banner_dm54qxvdrdkhwrn8":{"value":"","col":"6","position":"before"},"app_templates_career_top_banner_zkydpxsspebjj9qo":{"value":"","col":"6","position":"before"},"app_templates_career_top_banner_pretitle":"","app_templates_career_top_banner_title":"","app_templates_career_top_banner_woeuglhugofwrkbm":{"value":"","col":"6","position":"before"},"app_templates_career_modules_modules":[],"app_templates_contact_top_banner_nshbxjxvbzuqvow4":{"value":"","col":"6","position":"before"},"app_templates_contact_top_banner_image":"","app_templates_contact_top_banner_wvcjzsw3vtuwdy1o":{"value":"","col":"6","position":"before"},"app_templates_contact_top_banner_wmo3e6yglnib7628":{"value":"","col":"6","position":"before"},"app_templates_contact_top_banner_pretitle":"","app_templates_contact_top_banner_title":"","app_templates_contact_top_banner_h0t8xpxpjcmd7vgn":{"value":"","col":"6","position":"before"},"app_templates_contact_contact_title":"","app_templates_contact_contact_background":"bg-white","app_templates_contact_contact_description":"","app_templates_contact_contact_drop_downs":[],"app_templates_contact_contact_placeholder":"","app_templates_contact_contact_to":"","app_templates_contact_contact_button":"","app_templates_contact_contact_employees":[],"app_templates_contact_contact_hide_company":false,"app_templates_contact_offices_offices":[],"app_templates_contact_modules_modules":[],"app_templates_cookies_top_banner_26ukuutvwdjl40zp":{"value":"","col":"6","position":"before"},"app_templates_cookies_top_banner_image":"","app_templates_cookies_top_banner_p05olfohwoux6ohp":{"value":"","col":"6","position":"before"},"app_templates_cookies_top_banner_go0roghpq4epjyo3":{"value":"","col":"6","position":"before"},"app_templates_cookies_top_banner_pretitle":"","app_templates_cookies_top_banner_title":"","app_templates_cookies_top_banner_cz9ohiyn4bx6bsgv":{"value":"","col":"6","position":"before"},"app_templates_customer_service_top_banner_p1zycy8ha0qv05ex":{"value":"","col":"6","position":"before"},"app_templates_customer_service_top_banner_image":"","app_templates_customer_service_top_banner_kngnqu6udulpzvuq":{"value":"","col":"6","position":"before"},"app_templates_customer_service_top_banner_gntwqtkltkyk2xsi":{"value":"","col":"6","position":"before"},"app_templates_customer_service_top_banner_pretitle":"","app_templates_customer_service_top_banner_title":"","app_templates_customer_service_top_banner_agde6fjoqjapoiiz":{"value":"","col":"6","position":"before"},"app_templates_customer_service_contact_title":"","app_templates_customer_service_contact_background":"bg-white","app_templates_customer_service_contact_description":"","app_templates_customer_service_contact_drop_downs":[],"app_templates_customer_service_contact_placeholder":"","app_templates_customer_service_contact_to":"","app_templates_customer_service_contact_button":"","app_templates_customer_service_contact_employees":[],"app_templates_customer_service_contact_hide_company":false,"app_templates_customer_service_contact_section_title":"","app_templates_customer_service_contact_section_description":"","app_templates_customer_service_contact_section_contact_info":[],"app_templates_customer_service_modules_modules":[],"app_templates_homepage_top_banner_image":"","app_templates_homepage_top_banner_video":"","app_templates_homepage_top_banner_title":"","app_templates_homepage_top_banner_description":"","app_templates_homepage_top_banner_button":{"value":"","url":"","anchor":"","blank":0},"app_templates_homepage_top_section_services":[],"app_templates_homepage_top_section_text":"","app_templates_homepage_top_section_button":{"value":"","url":"","anchor":"","blank":0},"app_templates_homepage_modules_modules":[],"app_templates_homepage_fr_top_banner_image":"","app_templates_homepage_fr_top_banner_video":"","app_templates_homepage_fr_top_banner_title":"","app_templates_homepage_fr_top_banner_description":"","app_templates_homepage_fr_top_banner_button":{"value":"","url":"","anchor":"","blank":0},"app_templates_homepage_fr_top_section_services":[],"app_templates_homepage_fr_top_section_text":"","app_templates_homepage_fr_top_section_button":{"value":"","url":"","anchor":"","blank":0},"app_templates_homepage_fr_modules_modules":[],"app_templates_iframe_top_banner_spwfofyvvnwxjn6x":{"value":"","col":"6","position":"before"},"app_templates_iframe_top_banner_image":"","app_templates_iframe_top_banner_2ezegzz6kcz1kq4v":{"value":"","col":"6","position":"before"},"app_templates_iframe_top_banner_6ebtbxyn1qdkmgpa":{"value":"","col":"6","position":"before"},"app_templates_iframe_top_banner_pretitle":"","app_templates_iframe_top_banner_title":"","app_templates_iframe_top_banner_b9i3fo5iyygf9jss":{"value":"","col":"6","position":"before"},"app_templates_iframe_iframe_url":"","app_templates_map_top_banner_qfsha2xgmkux0ynr":{"value":"","col":"6","position":"before"},"app_templates_map_top_banner_image":"","app_templates_map_top_banner_jbmpx78qqdjmdbbv":{"value":"","col":"6","position":"before"},"app_templates_map_top_banner_jakg5dahd4aowsqe":{"value":"","col":"6","position":"before"},"app_templates_map_top_banner_pretitle":"","app_templates_map_top_banner_title":"","app_templates_map_top_banner_wcwtegfcvsswv5hf":{"value":"","col":"6","position":"before"},"app_templates_map_modules_modules":[],"app_templates_media_top_banner_9jypkox1kio0l68s":{"value":"","col":"6","position":"before"},"app_templates_media_top_banner_image":"","app_templates_media_top_banner_vjix9nloopinh7kt":{"value":"","col":"6","position":"before"},"app_templates_media_top_banner_fweeqdgtwfpk5er0":{"value":"","col":"6","position":"before"},"app_templates_media_top_banner_pretitle":"","app_templates_media_top_banner_title":"","app_templates_media_top_banner_kiizuxsuxa8p8fis":{"value":"","col":"6","position":"before"},"app_templates_media_modules_modules":[],"app_templates_modules_top_banner_ucsvi8ke9dkhpqyg":{"value":"","col":"6","position":"before"},"app_templates_modules_top_banner_image":"","app_templates_modules_top_banner_okfogboaf7n4agha":{"value":"","col":"6","position":"before"},"app_templates_modules_top_banner_ixorujdup48vvi5q":{"value":"","col":"6","position":"before"},"app_templates_modules_top_banner_pretitle":"","app_templates_modules_top_banner_title":"","app_templates_modules_top_banner_ahcltllmbr9mvo2t":{"value":"","col":"6","position":"before"},"app_templates_modules_modules_modules":[],"app_templates_support_top_banner_ennybp57bfziy0ff":{"value":"","col":"6","position":"before"},"app_templates_support_top_banner_image":"61","app_templates_support_top_banner_tzubi2uccympnykl":{"value":"","col":"6","position":"before"},"app_templates_support_top_banner_9dppsngt79pxwbeu":{"value":"","col":"6","position":"before"},"app_templates_support_top_banner_pretitle":"FAQ","app_templates_support_top_banner_title":"Frequently Asked Questions","app_templates_support_top_banner_hwhpt0fhx0lzxl7z":{"value":"","col":"6","position":"before"},"app_templates_support_modules_modules":[{"_type":"accordion","title":"Finden Sie Ihre Antworten","description":"In diesen h\u00e4ufig gestellten Fragen (FAQ) finden Sie Antworten auf einige der g\u00e4ngigsten Fragen. Sie erhalten Antworte und au\u00dferdem viele weitere n\u00fctzliche Informationen.\r\n\r\nSollten Sie weitere Hilfe ben\u00f6tigen, bieten wir Ihnen auch noch andere M\u00f6glichkeiten zur Kontaktaufnahme weiter unten auf dieser Seite.\r\n","categories":[{"_type":"_","title":"Service & Wartung","items":[{"_type":"_","title":"Ist CWS ein marken\u00fcbergreifender unabh\u00e4ngiger Serviceanbieter?","text":"Ja, wir bieten Service &amp; Wartung f\u00fcr eine breite Palette von Modellen und Marken."},{"_type":"_","title":"Arbeitet CWS auch Offshore?","text":"Ja, wir bieten sowohl Service &amp; Wartung als auch Serviceprojekte f\u00fcr Offshore-Anlagen an."},{"_type":"_","title":"Kann ich als Kunde von CWS einen einzigen Ansprechpartner zur Verf\u00fcgung gestellt bekommen?","text":"Ganz bestimmt. Wir haben f\u00fcr alle unsere Service &amp; Wartungs-Kunden einen Servicemanager vorgesehen."},{"_type":"_","title":"In welchen L\u00e4ndern bietet CWS Vertr\u00e4ge f\u00fcr Service & Wartung an?","text":"Derzeit bieten wir in D\u00e4nemark, Schweden, Deutschland und Frankreich Vertr\u00e4ge f\u00fcr Service &amp; Wartung an."},{"_type":"_","title":"Bietet CWS eine Rund-um-die-Uhr-\u00dcberwachung unserer WEAs?","text":"Ja, unser betriebsinternes \u00dcberwachungsteam steht an 365 Tagen pro Jahr rund um die Uhr zur Verf\u00fcgung."}]},{"_type":"_","title":"Serviceprojekte","items":[{"_type":"_","title":"In welchen L\u00e4ndern bietet CWS Serviceprojekte an?","text":"Serviceprojekte und die Lieferung von Ersatzteilen bieten wir weltweit an."},{"_type":"_","title":"Kann CWS Supervision zur Verf\u00fcgung stellen?","text":"Ja, CWS verf\u00fcgt \u00fcber viele Supervisor mit weitreichender Erfahrung."},{"_type":"_","title":"Kann CWS Serviceprojekte f\u00fcr alle WEA-Typen bereitstellen?","text":"Nein, aber als marken\u00fcbergreifender unabh\u00e4ngiger Serviceanbieter k\u00f6nnen wir das f\u00fcr die meisten g\u00e4ngigen WEA-Modelle tun."},{"_type":"_","title":"Verf\u00fcgt CWS \u00fcber betriebseigene Werkzeuge f\u00fcr den Austausch von Hauptkomponenten?","text":"Ja, wir verf\u00fcgen \u00fcber Spezialwerkzeuge f\u00fcr eine breite Palette von Austauscht\u00e4tigkeiten von Hauptkomponenten sowie f\u00fcr eine Vielzahl von WEA-Modellen."},{"_type":"_","title":"Kann CWS eine Plug 'n' Play-L\u00f6sung bereitstellen, einschlie\u00dflich Arbeitskraft, Kran, Ersatzteile etc.?","text":"Ja. CWS f\u00fchrte Projekte in genau diesem Umfang bereits viele Mal durch."},{"_type":"_","title":"Kauft CWS alte und\/oder defekte WEAs?","text":"Ja. Gelegentlich kaufen wir verschiedene WEAs f\u00fcr unsere Lagerhaltung."}]},{"_type":"_","title":"Ersatzteile","items":[{"_type":"_","title":"Liefert CWS weltweit?","text":"Ja. Wir haben Kunden auf der ganzen Welt, zum Beispiel in Jamaika, Japan, Frankreich, Spanien und den USA."},{"_type":"_","title":"Welche Lieferzeiten gelten bei CWS?","text":"Auf Lager: 1\u20135 Werktage\r\nStandard: 8\u201314 Werktage\r\nDringend: 3\u20137 Werktage (Kostenaufschlag: 135 \u20ac exkl. Versandkosten)"},{"_type":"_","title":"Kann CWS Ersatzteile f\u00fcr alle WEA-Typen bereitstellen?","text":"Als marken\u00fcbergreifender unabh\u00e4ngiger Serviceanbieter k\u00f6nnen wir das f\u00fcr die meisten g\u00e4ngigen WEA-Modelle tun."}]},{"_type":"_","title":"Up-tower Reparaturen","items":[{"_type":"_","title":"Bietet CWS Plug 'n' Play-Getriebe an?","text":"Ja. CWS verf\u00fcgt \u00fcber langj\u00e4hrige Erfahrung mit der Lieferung von Plug 'n' Play-L\u00f6sungen."},{"_type":"_","title":"Bietet CWS beim Austausch von Hauptkomponenten einen R\u00fcckkauf an?","text":"Ja. CWS bietet im Rahmen des Austauschs sowohl einen R\u00fcckkauf (bei dem die getauschte Einheit gekauft wird) als auch einen direkten Verkauf an."},{"_type":"_","title":"Bietet CWS Up-Tower-Reparaturen\/-Austausche von Getrieben an?","text":"Ja. CWS verf\u00fcgt \u00fcber langj\u00e4hrige Erfahrung mit Up-Tower-Reparaturen und entwickelte im Lauf der Jahre Tools und Verfahren f\u00fcr eine gro\u00dfe Auswahl an spezifischen Getrieben."},{"_type":"_","title":"Hat CWS Getriebe und Hauptwellen auf Lager, die direkt verf\u00fcgbar sind?","text":"Ja, CWS hat eine gro\u00dfe Auswahl an Komponenten auf Lager, die sofort lieferbar sind."},{"_type":"_","title":"Bietet CWS an, Getriebe in Kundenbesitz zu lagern, einschlie\u00dflich der ben\u00f6tigten Erhaltungsma\u00dfnahmen?","text":"Ja. CWS hat diese Art von Service in den letzten Jahren bereits mehreren Kunden zur Verf\u00fcgung gestellt."}]},{"_type":"_","title":"Fern\u00fcberwachung","items":[{"_type":"_","title":"Handelt es sich bei der 24-Stunden-\u00dcberwachung um eine tats\u00e4chliche Bemannung?","text":"Ja. Unsere 24-Stunden-\u00dcberwachung ist 24 Stunden pro Tag tats\u00e4chlich bemannt."},{"_type":"_","title":"Bietet CWS eine App zur \u00dcberwachung?","text":"Ja. Diese Option stellen wir mit unserer CONNECT24\u20227-App zur Verf\u00fcgung.\r\n\r\n<a href=\"https:\/\/play.google.com\/store\/apps\/details?id=com.mitateknik.connect\">Android Download<\/a>\r\n\r\n<a href=\"https:\/\/itunes.apple.com\/de\/app\/connect-24-7-scada-app\/id1058383581?mt=8\">iOS Download<\/a>"},{"_type":"_","title":"Kann CWS diesen Service f\u00fcr mehrere WEA-Marken zur Verf\u00fcgung stellen?","text":"Ja. Viele unterschiedliche Modelle an Controllern und WEAs sind mit unserer 24-Stunden-\u00dcberwachung verbunden."}]},{"_type":"_","title":"Unser Bewerbungsprozess","items":[{"_type":"_","title":"In welchen Sprachen kann ich mich bei Connected Wind Services bewerben?","text":"Sie k\u00f6nnen Ihre Bewerbung in folgenden Sprachen bei uns einreichen:\r\n<ul>\r\n \t<li>Deutsch<\/li>\r\n \t<li>Englisch<\/li>\r\n<\/ul>"},{"_type":"_","title":"Wie kann ich meine Bewerbung bei Connected Wind Services einreichen?","text":"Sie k\u00f6nnen Ihre Bewerbung entweder in Papierform oder per E-Mail an uns senden oder sie digital bei uns einreichen."},{"_type":"_","title":"Welche Dokumente werden f\u00fcr die Bewerbung ben\u00f6tigt?","text":"Bitte senden Sie uns Ihren Lebenslauf, ein Anschreiben\/Motivationsschreiben und Ihre best\u00e4tigten Qualifikationen."},{"_type":"_","title":"Muss ich meiner Bewerbung ein Foto beif\u00fcgen?","text":"Sie m\u00fcssen sich bei uns nicht mit einem Foto bewerben. Wir ben\u00f6tigen Ihren Lebenslauf und Ihre best\u00e4tigten Qualifikationen."}]}]},{"_type":"contact","title":"Haben Sie Ihre Antwort gefunden?","background":"bg-white","description":"Wenn Sie keine Antwort auf Ihre Frage finden k\u00f6nnen, nehmen Sie bitte Kontakt mit uns auf.","drop_downs":[],"placeholder":"","to":"franziska.ingwersen@connectedwind.com","button":"Senden","employees":[],"hide_company":false}],"_links":{"self":[{"href":"https:\/\/www.connectedwind.com\/de\/wp-json\/wp\/v2\/pages\/1025","targetHints":{"allow":["GET"]}}],"collection":[{"href":"https:\/\/www.connectedwind.com\/de\/wp-json\/wp\/v2\/pages"}],"about":[{"href":"https:\/\/www.connectedwind.com\/de\/wp-json\/wp\/v2\/types\/page"}],"author":[{"embeddable":true,"href":"https:\/\/www.connectedwind.com\/de\/wp-json\/wp\/v2\/users\/2"}],"replies":[{"embeddable":true,"href":"https:\/\/www.connectedwind.com\/de\/wp-json\/wp\/v2\/comments?post=1025"}],"version-history":[{"count":3,"href":"https:\/\/www.connectedwind.com\/de\/wp-json\/wp\/v2\/pages\/1025\/revisions"}],"predecessor-version":[{"id":4373,"href":"https:\/\/www.connectedwind.com\/de\/wp-json\/wp\/v2\/pages\/1025\/revisions\/4373"}],"wp:attachment":[{"href":"https:\/\/www.connectedwind.com\/de\/wp-json\/wp\/v2\/media?parent=1025"}],"curies":[{"name":"wp","href":"https:\/\/api.w.org\/{rel}","templated":true}]}}