{"id":1027,"date":"2018-10-24T12:28:05","date_gmt":"2018-10-24T10:28:05","guid":{"rendered":"https:\/\/www.connectedwind.com\/careers\/"},"modified":"2026-03-26T09:48:46","modified_gmt":"2026-03-26T08:48:46","slug":"jobs-karriere","status":"publish","type":"page","link":"https:\/\/www.connectedwind.com\/de\/jobs-karriere\/","title":{"rendered":"Jobs &#038; Karriere"},"content":{"rendered":"","protected":false},"excerpt":{"rendered":"","protected":false},"author":2,"featured_media":0,"parent":0,"menu_order":0,"comment_status":"closed","ping_status":"closed","template":"views\/template-career.blade.php","meta":{"footnotes":""},"class_list":["post-1027","page","type-page","status-publish","hentry"],"yoast_head":"<!-- This site is optimized with the Yoast SEO plugin v24.7 - https:\/\/yoast.com\/wordpress\/plugins\/seo\/ -->\n<title>Jobs &amp; Karriere - Connected Wind Services<\/title>\n<meta name=\"robots\" content=\"index, follow, max-snippet:-1, max-image-preview:large, max-video-preview:-1\" \/>\n<link rel=\"canonical\" href=\"https:\/\/www.connectedwind.com\/de\/jobs-karriere\/\" \/>\n<meta property=\"og:locale\" content=\"de_DE\" \/>\n<meta property=\"og:type\" content=\"article\" \/>\n<meta property=\"og:title\" content=\"Jobs &amp; Karriere - Connected Wind Services\" \/>\n<meta property=\"og:url\" content=\"https:\/\/www.connectedwind.com\/de\/jobs-karriere\/\" \/>\n<meta property=\"og:site_name\" content=\"Connected Wind Services\" \/>\n<meta property=\"article:modified_time\" content=\"2026-03-26T08:48:46+00:00\" \/>\n<meta name=\"twitter:card\" content=\"summary_large_image\" \/>\n<script type=\"application\/ld+json\" class=\"yoast-schema-graph\">{\"@context\":\"https:\/\/schema.org\",\"@graph\":[{\"@type\":\"WebPage\",\"@id\":\"https:\/\/www.connectedwind.com\/de\/jobs-karriere\/\",\"url\":\"https:\/\/www.connectedwind.com\/de\/jobs-karriere\/\",\"name\":\"Jobs & Karriere - Connected Wind Services\",\"isPartOf\":{\"@id\":\"https:\/\/www.connectedwind.com\/fr\/#website\"},\"datePublished\":\"2018-10-24T10:28:05+00:00\",\"dateModified\":\"2026-03-26T08:48:46+00:00\",\"breadcrumb\":{\"@id\":\"https:\/\/www.connectedwind.com\/de\/jobs-karriere\/#breadcrumb\"},\"inLanguage\":\"de-DE\",\"potentialAction\":[{\"@type\":\"ReadAction\",\"target\":[\"https:\/\/www.connectedwind.com\/de\/jobs-karriere\/\"]}]},{\"@type\":\"BreadcrumbList\",\"@id\":\"https:\/\/www.connectedwind.com\/de\/jobs-karriere\/#breadcrumb\",\"itemListElement\":[{\"@type\":\"ListItem\",\"position\":1,\"name\":\"Home\",\"item\":\"https:\/\/www.connectedwind.com\/de\/\"},{\"@type\":\"ListItem\",\"position\":2,\"name\":\"Jobs &#038; Karriere\"}]},{\"@type\":\"WebSite\",\"@id\":\"https:\/\/www.connectedwind.com\/fr\/#website\",\"url\":\"https:\/\/www.connectedwind.com\/fr\/\",\"name\":\"Connected Wind Services\",\"description\":\"ISP for reliable O&amp;M services &amp; parts\",\"potentialAction\":[{\"@type\":\"SearchAction\",\"target\":{\"@type\":\"EntryPoint\",\"urlTemplate\":\"https:\/\/www.connectedwind.com\/fr\/?s={search_term_string}\"},\"query-input\":{\"@type\":\"PropertyValueSpecification\",\"valueRequired\":true,\"valueName\":\"search_term_string\"}}],\"inLanguage\":\"de-DE\"}]}<\/script>\n<!-- \/ Yoast SEO plugin. -->","yoast_head_json":{"title":"Jobs & Karriere - Connected Wind Services","robots":{"index":"index","follow":"follow","max-snippet":"max-snippet:-1","max-image-preview":"max-image-preview:large","max-video-preview":"max-video-preview:-1"},"canonical":"https:\/\/www.connectedwind.com\/de\/jobs-karriere\/","og_locale":"de_DE","og_type":"article","og_title":"Jobs & Karriere - Connected Wind Services","og_url":"https:\/\/www.connectedwind.com\/de\/jobs-karriere\/","og_site_name":"Connected Wind Services","article_modified_time":"2026-03-26T08:48:46+00:00","twitter_card":"summary_large_image","schema":{"@context":"https:\/\/schema.org","@graph":[{"@type":"WebPage","@id":"https:\/\/www.connectedwind.com\/de\/jobs-karriere\/","url":"https:\/\/www.connectedwind.com\/de\/jobs-karriere\/","name":"Jobs & Karriere - Connected Wind Services","isPartOf":{"@id":"https:\/\/www.connectedwind.com\/fr\/#website"},"datePublished":"2018-10-24T10:28:05+00:00","dateModified":"2026-03-26T08:48:46+00:00","breadcrumb":{"@id":"https:\/\/www.connectedwind.com\/de\/jobs-karriere\/#breadcrumb"},"inLanguage":"de-DE","potentialAction":[{"@type":"ReadAction","target":["https:\/\/www.connectedwind.com\/de\/jobs-karriere\/"]}]},{"@type":"BreadcrumbList","@id":"https:\/\/www.connectedwind.com\/de\/jobs-karriere\/#breadcrumb","itemListElement":[{"@type":"ListItem","position":1,"name":"Home","item":"https:\/\/www.connectedwind.com\/de\/"},{"@type":"ListItem","position":2,"name":"Jobs &#038; Karriere"}]},{"@type":"WebSite","@id":"https:\/\/www.connectedwind.com\/fr\/#website","url":"https:\/\/www.connectedwind.com\/fr\/","name":"Connected Wind Services","description":"ISP for reliable O&amp;M services &amp; parts","potentialAction":[{"@type":"SearchAction","target":{"@type":"EntryPoint","urlTemplate":"https:\/\/www.connectedwind.com\/fr\/?s={search_term_string}"},"query-input":{"@type":"PropertyValueSpecification","valueRequired":true,"valueName":"search_term_string"}}],"inLanguage":"de-DE"}]}},"app_templates_career_top_banner_bz0fwckfyjvo2xdq":{"value":"","col":"6","position":"before"},"app_templates_career_top_banner_image":"6687","app_templates_career_top_banner_orb9hqqz02jvm6qi":{"value":"","col":"6","position":"before"},"app_templates_career_top_banner_iv3zosd6wiy5v2sm":{"value":"","col":"6","position":"before"},"app_templates_career_top_banner_pretitle":"Jobs & Karriere","app_templates_career_top_banner_title":"Werde ein Teil von uns","app_templates_career_top_banner_obhuwhv11gpz7ecw":{"value":"","col":"6","position":"before"},"app_templates_career_modules_modules":[{"_type":"text_image","nav_title":"Einleitung","image":"8559","video":"","background_color":"bg-secondary-light","image_position":3,"pretitle":"","title":"Arbeiten bei Connected Wind Services ","subtitle":"","text":"Du bist Elektriker und willst hoch hinaus? \u2705\r\nDu hast Erfahrung in der Windenergiebranche? \u2705\r\nDu m\u00f6chtest von zahlreichen Benefits profitieren? \u2705\r\nDu m\u00f6chtest bis zu 31 EUR pro Stunde verdienen? \u2705\r\nDu f\u00fchlst dich angesprochen? \u2705\r\n\r\nSieh Dir doch einfach mal unsere Stellenanzeigen an.","button":{"value":"","url":"","anchor":"","blank":"1"},"show_shares":false},{"_type":"textbox_image","nav_title":"Karriere mit R\u00fcckenwind","background_color":"bg-primary","image_position":1,"image":"7915","pretitle":"Arbeiten bei Connected Wind Services","title":"Werde ein Teil von uns","text":"M\u00f6chtest Du Teil eines mittelst\u00e4ndischen Unternehmens werden, das regional und international arbeitet? Du sch\u00e4tzt eine kollegiale, f\u00f6rdernde und professionelle Atmosph\u00e4re? Du suchst einen Job, bei dem Du gro\u00dfe Turbinen in Bewegung halten kannst und im Team etwas f\u00fcr die Windenergie und eine saubere Zukunft tun kannst? Du kannst dir vorstellen, gerne in luftigen H\u00f6hen zu arbeiten?\r\n\r\n<strong>Dann bist Du richtig bei uns!<\/strong>\r\n\r\nRuf uns an +49 4848 90128 0 oder schreibe uns Deine Kontaktdaten an <a href=\"bewerbung@connectedwind.com\">Bewerbung<\/a>.\r\n\r\nWir freuen uns sehr, wenn wir von Dir h\u00f6ren!","features":[],"button":{"value":"","url":"","anchor":"","blank":"0"},"button2":{"value":"","url":"","anchor":"","blank":"0"}},{"_type":"features","nav_title":"Unternehmenskultur","pretitle":"Unsere Unternehmenskultur","title":"Wir sind ein Unternehmen mit Werten","description":"\r\nDie Wartung von Windenergieanlagen und Erweiterung ihrer Lebensdauer ist nur ein Teil unserer T\u00e4tigkeiten.\r\n\r\nWir unterst\u00fctzen die gr\u00fcne Bewegung. Wir verhelfen Unternehmen zu ihren Fortschritten. Und wir unterst\u00fctzen unsere Partner dabei, eine nachhaltige Grundlage f\u00fcr die Zukunft zu gestalten.\r\n\r\nWir schaffen innovative L\u00f6sungen f\u00fcr komplexe Probleme, was die Technologie vorantreibt und Erwartungen \u00fcbertrifft.\r\n\r\nAls professioneller Servicepartner wissen wir genau, was unsere Kunden ben\u00f6tigen, um vorw\u00e4rtszukommen.","size":12,"features":[{"_type":"_","icon":null,"title":"Transparent","description":"Eine transparente Dokumentation und Kommunikation f\u00f6rdert das gegenseitige Vertrauen und die entsprechenden Vorhaben. Die Wertsch\u00e4tzung unserer Vereinbarungen ist f\u00fcr uns ebenso wichtig, wie f\u00fcr Sie. Unsere Erfahrung und Fachkenntnis sind der Garant f\u00fcr unsere Kunden, dass wir wissen, was wir tun. Sie k\u00f6nnen sich auf uns als ihren professionellen Partner verlassen und darauf, dass wir komplizierte Dinge in Angriff nehmen k\u00f6nnen. Wir helfen ihnen, Hindernisse zu \u00fcberwinden und unterst\u00fctzen Sie auf Ihrem Weg nach vorn.\r\n"},{"_type":"_","icon":null,"title":"Verf\u00fcgbar","description":"Als marken\u00fcbergreifender Serviceanbieter bieten wir flexible L\u00f6sungen, die auf die Anforderungen unserer Kunden genauestens abgestimmt werden. Unsere Pr\u00e4senz vor Ort sorgt f\u00fcr kurze Reaktionszeiten und eine prompte Bearbeitung der Kundenanforderungen. Durch unsere Struktur und vielseitig qualifizierte Herangehensweise k\u00f6nnen wir uns an die Anforderungen eines sich st\u00e4ndig ver\u00e4ndernden Marktes anpassen. Wir bieten ma\u00dfgeschneiderte L\u00f6sungen und Servicekonzepte, um einen maximalen Nutzen und Schutz der Anlagen und Ressourcen zu gew\u00e4hrleisten.\r\n"},{"_type":"_","icon":null,"title":"Fortschrittlich","description":"Auf einem Wettbewerbsmarkt mit sowohl kleinen lokalen unabh\u00e4ngigen Serviceanbietern als auch gro\u00dfen internationalen OEMs streben wir stets an, die Erwartungen unserer Kunden zu \u00fcbertreffen. Wir sind laufend um Innovationen bem\u00fcht, sodass wir unseren Service und unsere L\u00f6sungen kontinuierlich verbessern k\u00f6nnen, was wiederum die Technologie vorantreibt und die Lebensdauer der Anlagen unserer Kunden verl\u00e4ngert.\r\n"}]},{"_type":"vacancies","nav_title":"Ausgeschriebene Stellen","title":"Ausgeschriebene Stellen","description":"Erfahre mehr \u00fcber unsere ausgeschriebenen Stellen bei Connected Wind Services Deutschland GmbH","vacancies":[{"value":"post:vacancies:4609","type":"post","subtype":"vacancies","id":"4609"},{"value":"post:vacancies:8665","type":"post","subtype":"vacancies","id":"8665"},{"value":"post:vacancies:9515","type":"post","subtype":"vacancies","id":"9515"},{"value":"post:vacancies:9009","type":"post","subtype":"vacancies","id":"9009"},{"value":"post:vacancies:8724","type":"post","subtype":"vacancies","id":"8724"},{"value":"post:vacancies:8387","type":"post","subtype":"vacancies","id":"8387"},{"value":"post:vacancies:9047","type":"post","subtype":"vacancies","id":"9047"},{"value":"post:vacancies:8933","type":"post","subtype":"vacancies","id":"8933"}]},{"_type":"textbox_image","nav_title":"Initiativbewerbungen","background_color":"bg-primary","image_position":1,"image":"79","pretitle":"Initiativbewerbungen","title":"Du erf\u00fcllst die Voraussetzungen, um Teil unseres Teams zu werden","text":"F\u00f6rdere Dein Potenzial und werde Mitarbeiter von Connected Wind Services. Wenn Du die Welt in Bewegung halten m\u00f6chtest, wollen wir gerne mehr \u00fcber Dich erfahren. Als Mitarbeiter von Connected Wind Services wirst Du Teil einer aufstrebenden globalen Organisation mit hochgesteckten Zielen, die eine kollegiale, f\u00f6rdernde und stets hoch professionelle Atmosph\u00e4re bietet!\r\n\r\nSieh Dir bitte auch die offenen Stellen unserer anderen lokalen Websites an.","features":[],"button":{"value":"","url":"\/de\/careers\/#kontakt","anchor":"Jetzt bewerben","blank":"1"},"button2":{"value":"","url":"","anchor":"","blank":"1"}},{"_type":"employee_stories","nav_title":"Mitarbeiter Stories","title":"Mitarbeiter Stories","description":"\r\nErfahre mehr \u00fcber die Mitarbeit bei Connected Wind Services ","employee_stories":[]},{"_type":"accordion","nav_title":"FAQ","title":"Hast Du Fragen?","description":"Bei Fragen zu unseren offenen Stellen entnimmst Du weitere Informationen bitte unseren h\u00e4ufig gestellten Fragen (FAQ).\r\nHier kannst Du Antworten auf die am h\u00e4ufigsten gestellten Fragen finden.\r\n","categories":[{"_type":"_","title":"","items":[{"_type":"_","title":"In welchen Sprachen kann ich mich bei Connected Wind Services bewerben?","text":"Du kannst Deine Bewerbung in folgenden Sprachen bei uns einreichen:\r\n<ul>\r\n \t<li>Deutsch<\/li>\r\n \t<li>Englisch<\/li>\r\n<\/ul>\r\n&nbsp;"},{"_type":"_","title":"Wie kann ich meine Bewerbung bei Connected Wind Services einreichen?","text":"Du kannst Deine Bewerbung entweder in Papierform oder per E-Mail an uns senden oder sie digital bei uns einreichen."},{"_type":"_","title":"Welche Dokumente werden f\u00fcr die Bewerbung ben\u00f6tigt?","text":"Bitte sende uns Deinen Lebenslauf und, nach M\u00f6glichkeit, Deine best\u00e4tigten Qualifikationen."},{"_type":"_","title":"Muss ich meiner Bewerbung ein Foto beif\u00fcgen?","text":"Du musst Dich bei uns nicht mit einem Foto bewerben. Wir ben\u00f6tigen Deinen Lebenslauf und, nach M\u00f6glichkeit, Deine best\u00e4tigten Qualifikationen."}]}]},{"_type":"contact","nav_title":"Kontakt","title":"Kontaktiere uns","background":"bg-white","description":"Bei Fragen zu offenen Stellen, Initiativbewerbungen oder Bewerbungen wende Dich bitte an:","drop_downs":["bewerbungen"],"placeholder":"","to":"bewerbung@connectedwind.com","button":"Senden","employees":[],"hide_company":true}],"app_templates_contact_top_banner_jvvk5ymwb1a2simk":{"value":"","col":"6","position":"before"},"app_templates_contact_top_banner_image":"","app_templates_contact_top_banner_kxjmb75jwmme5ovo":{"value":"","col":"6","position":"before"},"app_templates_contact_top_banner_vaajnludasm9dzmz":{"value":"","col":"6","position":"before"},"app_templates_contact_top_banner_pretitle":"","app_templates_contact_top_banner_title":"","app_templates_contact_top_banner_vb2hk06zxftss3dl":{"value":"","col":"6","position":"before"},"app_templates_contact_contact_title":"","app_templates_contact_contact_background":"bg-white","app_templates_contact_contact_description":"","app_templates_contact_contact_drop_downs":[],"app_templates_contact_contact_placeholder":"","app_templates_contact_contact_to":"","app_templates_contact_contact_button":"","app_templates_contact_contact_employees":[],"app_templates_contact_contact_hide_company":false,"app_templates_contact_offices_offices":[],"app_templates_contact_modules_modules":[],"app_templates_cookies_top_banner_cfwnbxmxoqmou3yu":{"value":"","col":"6","position":"before"},"app_templates_cookies_top_banner_image":"","app_templates_cookies_top_banner_jjrdftzwnxzjbw3o":{"value":"","col":"6","position":"before"},"app_templates_cookies_top_banner_w9hciwembncq8pyl":{"value":"","col":"6","position":"before"},"app_templates_cookies_top_banner_pretitle":"","app_templates_cookies_top_banner_title":"","app_templates_cookies_top_banner_ynpo93isuc5vfnjg":{"value":"","col":"6","position":"before"},"app_templates_customer_service_top_banner_2tbjxlcvevmlo8l6":{"value":"","col":"6","position":"before"},"app_templates_customer_service_top_banner_image":"","app_templates_customer_service_top_banner_2szlnivuxvammn1q":{"value":"","col":"6","position":"before"},"app_templates_customer_service_top_banner_dclnzbsar16cqrma":{"value":"","col":"6","position":"before"},"app_templates_customer_service_top_banner_pretitle":"","app_templates_customer_service_top_banner_title":"","app_templates_customer_service_top_banner_bkzxxevmbcnqc0a9":{"value":"","col":"6","position":"before"},"app_templates_customer_service_contact_title":"","app_templates_customer_service_contact_background":"bg-white","app_templates_customer_service_contact_description":"","app_templates_customer_service_contact_drop_downs":[],"app_templates_customer_service_contact_placeholder":"","app_templates_customer_service_contact_to":"","app_templates_customer_service_contact_button":"","app_templates_customer_service_contact_employees":[],"app_templates_customer_service_contact_hide_company":false,"app_templates_customer_service_contact_section_title":"","app_templates_customer_service_contact_section_description":"","app_templates_customer_service_contact_section_contact_info":[],"app_templates_customer_service_modules_modules":[],"app_templates_homepage_top_banner_image":"","app_templates_homepage_top_banner_video":"","app_templates_homepage_top_banner_title":"","app_templates_homepage_top_banner_description":"","app_templates_homepage_top_banner_button":{"value":"","url":"","anchor":"","blank":0},"app_templates_homepage_top_section_services":[],"app_templates_homepage_top_section_text":"","app_templates_homepage_top_section_button":{"value":"","url":"","anchor":"","blank":0},"app_templates_homepage_modules_modules":[],"app_templates_homepage_fr_top_banner_image":"","app_templates_homepage_fr_top_banner_video":"","app_templates_homepage_fr_top_banner_title":"","app_templates_homepage_fr_top_banner_description":"","app_templates_homepage_fr_top_banner_button":{"value":"","url":"","anchor":"","blank":0},"app_templates_homepage_fr_top_section_services":[],"app_templates_homepage_fr_top_section_text":"","app_templates_homepage_fr_top_section_button":{"value":"","url":"","anchor":"","blank":0},"app_templates_homepage_fr_modules_modules":[],"app_templates_iframe_top_banner_ousqtkjbkvaumomn":{"value":"","col":"6","position":"before"},"app_templates_iframe_top_banner_image":"","app_templates_iframe_top_banner_ffzm9jn71cnx9ghr":{"value":"","col":"6","position":"before"},"app_templates_iframe_top_banner_h9ype5cvhdjjbu4c":{"value":"","col":"6","position":"before"},"app_templates_iframe_top_banner_pretitle":"","app_templates_iframe_top_banner_title":"","app_templates_iframe_top_banner_7kbcb7q8khtbn7oj":{"value":"","col":"6","position":"before"},"app_templates_iframe_iframe_url":"","app_templates_map_top_banner_7laezfmvjd8ihgho":{"value":"","col":"6","position":"before"},"app_templates_map_top_banner_image":"","app_templates_map_top_banner_p2qxjxd9d0uh1olz":{"value":"","col":"6","position":"before"},"app_templates_map_top_banner_5tlbyeqdn31ekuny":{"value":"","col":"6","position":"before"},"app_templates_map_top_banner_pretitle":"","app_templates_map_top_banner_title":"","app_templates_map_top_banner_2fijjuhgwel3dmc1":{"value":"","col":"6","position":"before"},"app_templates_map_modules_modules":[],"app_templates_media_top_banner_xjtjuoawsqevprym":{"value":"","col":"6","position":"before"},"app_templates_media_top_banner_image":"","app_templates_media_top_banner_qckznkz4hk3cmsti":{"value":"","col":"6","position":"before"},"app_templates_media_top_banner_yuufneaelr6iv1th":{"value":"","col":"6","position":"before"},"app_templates_media_top_banner_pretitle":"","app_templates_media_top_banner_title":"","app_templates_media_top_banner_lzwggam8bmfn83yx":{"value":"","col":"6","position":"before"},"app_templates_media_modules_modules":[],"app_templates_modules_top_banner_aerkcjfdzbunbdps":{"value":"","col":"6","position":"before"},"app_templates_modules_top_banner_image":"","app_templates_modules_top_banner_rs3xooz8guk9t9su":{"value":"","col":"6","position":"before"},"app_templates_modules_top_banner_5ore94muekkyex1i":{"value":"","col":"6","position":"before"},"app_templates_modules_top_banner_pretitle":"","app_templates_modules_top_banner_title":"","app_templates_modules_top_banner_9uhdxpb9vtolvdlz":{"value":"","col":"6","position":"before"},"app_templates_modules_modules_modules":[],"app_templates_support_top_banner_b4bmmackmyz6eyjn":{"value":"","col":"6","position":"before"},"app_templates_support_top_banner_image":"","app_templates_support_top_banner_ul3fotwz5ywjxjsy":{"value":"","col":"6","position":"before"},"app_templates_support_top_banner_lbmoi2knyipbqxfr":{"value":"","col":"6","position":"before"},"app_templates_support_top_banner_pretitle":"","app_templates_support_top_banner_title":"","app_templates_support_top_banner_myfqdmcpdd4071gj":{"value":"","col":"6","position":"before"},"app_templates_support_modules_modules":[],"_links":{"self":[{"href":"https:\/\/www.connectedwind.com\/de\/wp-json\/wp\/v2\/pages\/1027","targetHints":{"allow":["GET"]}}],"collection":[{"href":"https:\/\/www.connectedwind.com\/de\/wp-json\/wp\/v2\/pages"}],"about":[{"href":"https:\/\/www.connectedwind.com\/de\/wp-json\/wp\/v2\/types\/page"}],"author":[{"embeddable":true,"href":"https:\/\/www.connectedwind.com\/de\/wp-json\/wp\/v2\/users\/2"}],"replies":[{"embeddable":true,"href":"https:\/\/www.connectedwind.com\/de\/wp-json\/wp\/v2\/comments?post=1027"}],"version-history":[{"count":107,"href":"https:\/\/www.connectedwind.com\/de\/wp-json\/wp\/v2\/pages\/1027\/revisions"}],"predecessor-version":[{"id":9576,"href":"https:\/\/www.connectedwind.com\/de\/wp-json\/wp\/v2\/pages\/1027\/revisions\/9576"}],"wp:attachment":[{"href":"https:\/\/www.connectedwind.com\/de\/wp-json\/wp\/v2\/media?parent=1027"}],"curies":[{"name":"wp","href":"https:\/\/api.w.org\/{rel}","templated":true}]}}