{"id":1034,"date":"2018-10-24T12:26:46","date_gmt":"2018-10-24T10:26:46","guid":{"rendered":"https:\/\/www.connectedwind.com\/about\/"},"modified":"2024-08-14T15:32:42","modified_gmt":"2024-08-14T13:32:42","slug":"ueber-uns","status":"publish","type":"page","link":"https:\/\/www.connectedwind.com\/de\/ueber-uns\/","title":{"rendered":"\u00dcber uns"},"content":{"rendered":"","protected":false},"excerpt":{"rendered":"","protected":false},"author":2,"featured_media":0,"parent":0,"menu_order":0,"comment_status":"closed","ping_status":"closed","template":"views\/template-modules.blade.php","meta":{"footnotes":""},"class_list":["post-1034","page","type-page","status-publish","hentry"],"yoast_head":"<!-- This site is optimized with the Yoast SEO plugin v24.7 - https:\/\/yoast.com\/wordpress\/plugins\/seo\/ -->\n<title>\u00dcber uns - Connected Wind Services<\/title>\n<meta name=\"robots\" content=\"index, follow, max-snippet:-1, max-image-preview:large, max-video-preview:-1\" \/>\n<link rel=\"canonical\" href=\"https:\/\/www.connectedwind.com\/de\/ueber-uns\/\" \/>\n<meta property=\"og:locale\" content=\"de_DE\" \/>\n<meta property=\"og:type\" content=\"article\" \/>\n<meta property=\"og:title\" content=\"\u00dcber uns - Connected Wind Services\" \/>\n<meta property=\"og:url\" content=\"https:\/\/www.connectedwind.com\/de\/ueber-uns\/\" \/>\n<meta property=\"og:site_name\" content=\"Connected Wind Services\" \/>\n<meta property=\"article:modified_time\" content=\"2024-08-14T13:32:42+00:00\" \/>\n<meta name=\"twitter:card\" content=\"summary_large_image\" \/>\n<script type=\"application\/ld+json\" class=\"yoast-schema-graph\">{\"@context\":\"https:\/\/schema.org\",\"@graph\":[{\"@type\":\"WebPage\",\"@id\":\"https:\/\/www.connectedwind.com\/de\/ueber-uns\/\",\"url\":\"https:\/\/www.connectedwind.com\/de\/ueber-uns\/\",\"name\":\"\u00dcber uns - Connected Wind Services\",\"isPartOf\":{\"@id\":\"https:\/\/www.connectedwind.com\/fr\/#website\"},\"datePublished\":\"2018-10-24T10:26:46+00:00\",\"dateModified\":\"2024-08-14T13:32:42+00:00\",\"breadcrumb\":{\"@id\":\"https:\/\/www.connectedwind.com\/de\/ueber-uns\/#breadcrumb\"},\"inLanguage\":\"de-DE\",\"potentialAction\":[{\"@type\":\"ReadAction\",\"target\":[\"https:\/\/www.connectedwind.com\/de\/ueber-uns\/\"]}]},{\"@type\":\"BreadcrumbList\",\"@id\":\"https:\/\/www.connectedwind.com\/de\/ueber-uns\/#breadcrumb\",\"itemListElement\":[{\"@type\":\"ListItem\",\"position\":1,\"name\":\"Home\",\"item\":\"https:\/\/www.connectedwind.com\/de\/\"},{\"@type\":\"ListItem\",\"position\":2,\"name\":\"\u00dcber uns\"}]},{\"@type\":\"WebSite\",\"@id\":\"https:\/\/www.connectedwind.com\/fr\/#website\",\"url\":\"https:\/\/www.connectedwind.com\/fr\/\",\"name\":\"Connected Wind Services\",\"description\":\"ISP for reliable O&amp;M services &amp; parts\",\"potentialAction\":[{\"@type\":\"SearchAction\",\"target\":{\"@type\":\"EntryPoint\",\"urlTemplate\":\"https:\/\/www.connectedwind.com\/fr\/?s={search_term_string}\"},\"query-input\":{\"@type\":\"PropertyValueSpecification\",\"valueRequired\":true,\"valueName\":\"search_term_string\"}}],\"inLanguage\":\"de-DE\"}]}<\/script>\n<!-- \/ Yoast SEO plugin. -->","yoast_head_json":{"title":"\u00dcber uns - Connected Wind Services","robots":{"index":"index","follow":"follow","max-snippet":"max-snippet:-1","max-image-preview":"max-image-preview:large","max-video-preview":"max-video-preview:-1"},"canonical":"https:\/\/www.connectedwind.com\/de\/ueber-uns\/","og_locale":"de_DE","og_type":"article","og_title":"\u00dcber uns - Connected Wind Services","og_url":"https:\/\/www.connectedwind.com\/de\/ueber-uns\/","og_site_name":"Connected Wind Services","article_modified_time":"2024-08-14T13:32:42+00:00","twitter_card":"summary_large_image","schema":{"@context":"https:\/\/schema.org","@graph":[{"@type":"WebPage","@id":"https:\/\/www.connectedwind.com\/de\/ueber-uns\/","url":"https:\/\/www.connectedwind.com\/de\/ueber-uns\/","name":"\u00dcber uns - Connected Wind Services","isPartOf":{"@id":"https:\/\/www.connectedwind.com\/fr\/#website"},"datePublished":"2018-10-24T10:26:46+00:00","dateModified":"2024-08-14T13:32:42+00:00","breadcrumb":{"@id":"https:\/\/www.connectedwind.com\/de\/ueber-uns\/#breadcrumb"},"inLanguage":"de-DE","potentialAction":[{"@type":"ReadAction","target":["https:\/\/www.connectedwind.com\/de\/ueber-uns\/"]}]},{"@type":"BreadcrumbList","@id":"https:\/\/www.connectedwind.com\/de\/ueber-uns\/#breadcrumb","itemListElement":[{"@type":"ListItem","position":1,"name":"Home","item":"https:\/\/www.connectedwind.com\/de\/"},{"@type":"ListItem","position":2,"name":"\u00dcber uns"}]},{"@type":"WebSite","@id":"https:\/\/www.connectedwind.com\/fr\/#website","url":"https:\/\/www.connectedwind.com\/fr\/","name":"Connected Wind Services","description":"ISP for reliable O&amp;M services &amp; parts","potentialAction":[{"@type":"SearchAction","target":{"@type":"EntryPoint","urlTemplate":"https:\/\/www.connectedwind.com\/fr\/?s={search_term_string}"},"query-input":{"@type":"PropertyValueSpecification","valueRequired":true,"valueName":"search_term_string"}}],"inLanguage":"de-DE"}]}},"app_templates_career_top_banner_8e9saqrncrvk10xy":{"value":"","col":"6","position":"before"},"app_templates_career_top_banner_image":"","app_templates_career_top_banner_d44rdc8hnobrxifa":{"value":"","col":"6","position":"before"},"app_templates_career_top_banner_ohvq3s5jeai7rgd8":{"value":"","col":"6","position":"before"},"app_templates_career_top_banner_pretitle":"","app_templates_career_top_banner_title":"","app_templates_career_top_banner_xckmaenabp0rksfz":{"value":"","col":"6","position":"before"},"app_templates_career_modules_modules":[],"app_templates_contact_top_banner_ojfwgii2vddpbz3e":{"value":"","col":"6","position":"before"},"app_templates_contact_top_banner_image":"","app_templates_contact_top_banner_3ozyp7mrzr6vlvjh":{"value":"","col":"6","position":"before"},"app_templates_contact_top_banner_vihntqjubjdymwtz":{"value":"","col":"6","position":"before"},"app_templates_contact_top_banner_pretitle":"","app_templates_contact_top_banner_title":"","app_templates_contact_top_banner_9zqvv2wakwed0l5h":{"value":"","col":"6","position":"before"},"app_templates_contact_contact_title":"","app_templates_contact_contact_background":"bg-white","app_templates_contact_contact_description":"","app_templates_contact_contact_drop_downs":[],"app_templates_contact_contact_placeholder":"","app_templates_contact_contact_to":"","app_templates_contact_contact_button":"","app_templates_contact_contact_employees":[],"app_templates_contact_contact_hide_company":false,"app_templates_contact_offices_offices":[],"app_templates_contact_modules_modules":[],"app_templates_cookies_top_banner_6bjmkt0trahad8lz":{"value":"","col":"6","position":"before"},"app_templates_cookies_top_banner_image":"","app_templates_cookies_top_banner_l2jcalqces4fzlng":{"value":"","col":"6","position":"before"},"app_templates_cookies_top_banner_4xh17z1wnxfzdwnl":{"value":"","col":"6","position":"before"},"app_templates_cookies_top_banner_pretitle":"","app_templates_cookies_top_banner_title":"","app_templates_cookies_top_banner_dvkh4h6ecymyxjb3":{"value":"","col":"6","position":"before"},"app_templates_customer_service_top_banner_phbf9rw0oxzgeakc":{"value":"","col":"6","position":"before"},"app_templates_customer_service_top_banner_image":"","app_templates_customer_service_top_banner_qkgggjw5eks6m5qp":{"value":"","col":"6","position":"before"},"app_templates_customer_service_top_banner_kte5cm3zwerhhmyw":{"value":"","col":"6","position":"before"},"app_templates_customer_service_top_banner_pretitle":"","app_templates_customer_service_top_banner_title":"","app_templates_customer_service_top_banner_xcp1lbepizvdxfqg":{"value":"","col":"6","position":"before"},"app_templates_customer_service_contact_title":"","app_templates_customer_service_contact_background":"bg-white","app_templates_customer_service_contact_description":"","app_templates_customer_service_contact_drop_downs":[],"app_templates_customer_service_contact_placeholder":"","app_templates_customer_service_contact_to":"","app_templates_customer_service_contact_button":"","app_templates_customer_service_contact_employees":[],"app_templates_customer_service_contact_hide_company":false,"app_templates_customer_service_contact_section_title":"","app_templates_customer_service_contact_section_description":"","app_templates_customer_service_contact_section_contact_info":[],"app_templates_customer_service_modules_modules":[],"app_templates_homepage_top_banner_image":"","app_templates_homepage_top_banner_video":"","app_templates_homepage_top_banner_title":"","app_templates_homepage_top_banner_description":"","app_templates_homepage_top_banner_button":{"value":"","url":"","anchor":"","blank":0},"app_templates_homepage_top_section_services":[],"app_templates_homepage_top_section_text":"","app_templates_homepage_top_section_button":{"value":"","url":"","anchor":"","blank":0},"app_templates_homepage_modules_modules":[],"app_templates_homepage_fr_top_banner_image":"","app_templates_homepage_fr_top_banner_video":"","app_templates_homepage_fr_top_banner_title":"","app_templates_homepage_fr_top_banner_description":"","app_templates_homepage_fr_top_banner_button":{"value":"","url":"","anchor":"","blank":0},"app_templates_homepage_fr_top_section_services":[],"app_templates_homepage_fr_top_section_text":"","app_templates_homepage_fr_top_section_button":{"value":"","url":"","anchor":"","blank":0},"app_templates_homepage_fr_modules_modules":[],"app_templates_iframe_top_banner_z8dpwvscyudoq6ou":{"value":"","col":"6","position":"before"},"app_templates_iframe_top_banner_image":"","app_templates_iframe_top_banner_fs4quw2kyhosfn3n":{"value":"","col":"6","position":"before"},"app_templates_iframe_top_banner_moubq2e3bwo8pt6o":{"value":"","col":"6","position":"before"},"app_templates_iframe_top_banner_pretitle":"","app_templates_iframe_top_banner_title":"","app_templates_iframe_top_banner_fpqyouzeaqds1tem":{"value":"","col":"6","position":"before"},"app_templates_iframe_iframe_url":"","app_templates_map_top_banner_vnuzjcx7k2xa6ums":{"value":"","col":"6","position":"before"},"app_templates_map_top_banner_image":"","app_templates_map_top_banner_fdcrvqsyfrd3g4tt":{"value":"","col":"6","position":"before"},"app_templates_map_top_banner_mrptecvjwfmhtzrv":{"value":"","col":"6","position":"before"},"app_templates_map_top_banner_pretitle":"","app_templates_map_top_banner_title":"","app_templates_map_top_banner_9nggoeubfjdrlnv1":{"value":"","col":"6","position":"before"},"app_templates_map_modules_modules":[],"app_templates_media_top_banner_owf3hf2jecukuypz":{"value":"","col":"6","position":"before"},"app_templates_media_top_banner_image":"","app_templates_media_top_banner_er6wqka0juksuoc1":{"value":"","col":"6","position":"before"},"app_templates_media_top_banner_s5bniryumiymh7to":{"value":"","col":"6","position":"before"},"app_templates_media_top_banner_pretitle":"","app_templates_media_top_banner_title":"","app_templates_media_top_banner_nn7djvsmcb7uieda":{"value":"","col":"6","position":"before"},"app_templates_media_modules_modules":[],"app_templates_modules_top_banner_qinckltb93lir8by":{"value":"","col":"6","position":"before"},"app_templates_modules_top_banner_image":"827","app_templates_modules_top_banner_gwmkxmj8kqhabbcd":{"value":"","col":"6","position":"before"},"app_templates_modules_top_banner_ls6bzv3mpfzn6oaw":{"value":"","col":"6","position":"before"},"app_templates_modules_top_banner_pretitle":"\u00dcber uns","app_templates_modules_top_banner_title":"Fortschritt & Innovation seit 1987","app_templates_modules_top_banner_qbdojo2utortnrw7":{"value":"","col":"6","position":"before"},"app_templates_modules_modules_modules":[{"_type":"text_image","nav_title":"Visionen & Ziele","image":"1306","video":"","background_color":"bg-secondary-light","image_position":3,"pretitle":"","title":"Visionen & Ziele","subtitle":"Wir sind Connected Wind Services. Ein unabh\u00e4ngiger, globaler Servicepartner auf dem Markt f\u00fcr erneuerbare Energien. Unsere Geschichte, unser Erbe und unsere Erfahrung sind altbew\u00e4hrt.\r\n","text":"Wir haben uns dazu verschrieben, den \u00dcbergang zu nachhaltiger Energie voranzutreiben. Daher fordern wir die herk\u00f6mmlichen Servicel\u00f6sungen mit neuen, innovativen Methoden heraus und optimieren den Betrieb von Windenergieanlagen, indem wir unsere umfassenden Kenntnisse und Erfahrungen mit progressivem Denken in Einklang bringen.","button":{"value":"","url":"","anchor":"","blank":"1"},"show_shares":false},{"_type":"stats","nav_title":"Unsere Erfolgsbilanz","title":"Unsere Erfolgsbilanz","image":"83","columns":4,"stats":[{"_type":"_","metric":"1.","title":"ISP in Europa"},{"_type":"_","metric":"30+","title":"Jahre Erfahrung"},{"_type":"_","metric":"50+","title":"Serviceteams "},{"_type":"_","metric":"1400+","title":"MW"},{"_type":"_","metric":"1700+","title":"WEAs im Service"},{"_type":"_","metric":"5000+","title":"Artikel auf Lager"}]},{"_type":"text_image","nav_title":"Strategie & Herangehensweise","image":"4012","video":"","background_color":"bg-secondary-light","image_position":3,"pretitle":"","title":"Unsere Strategie","subtitle":"","text":"Den individuellen Kundenanforderungen widmen wir uns stets mit Aufmerksamkeit und Verst\u00e4ndnis. Wir entwickeln ma\u00dfgeschneiderte L\u00f6sungen und Servicekonzepte, um Ausfallzeiten zu reduzieren und Langlebigkeit, maximalen Nutzen und den Schutz von Anlagen und Ressourcen zu gew\u00e4hrleisten.\r\n\r\nZum Wohle von uns allen. Wir sind \u00fcberzeugt, dass Menschen mit Pioniergeist die treibende Kraft hinter positiven Ver\u00e4nderungen sind. Und wir wollen unseren Teil dazu beitragen, um Ihre Mission zu unterst\u00fctzen.\r\n\r\nMit einer starken Pr\u00e4senz vor Ort und Vertrauen und Transparenz als unseren Leitprinzipien k\u00f6nnen sich unsere Kunden auf uns verlassen. Wir verstehen unsere Rolle als Ihren professionellen Partner, der Ihnen hilft, jegliche Hindernisse zu \u00fcberwinden und einen stetigen Fortschritt beizubehalten.","button":{"value":"","url":"\/de\/discover-our-capabilities\/","anchor":"Entdecken Sie unsere Kompetenzen","blank":"0"},"show_shares":false},{"_type":"references","nav_title":"Unsere Kunden","title":"Wegweisend. Zusammen.","logos":["1360","1605","1356","1580","1576","1633","1634","1581","1584","1608","1606","1604","1561","1636","1562","1635","1588","1609","1587","1585","1577","1630","1631","1632"],"button":{"value":"","url":"","anchor":"","blank":"1"}},{"_type":"timeline","nav_title":"Unsere Geschichte","pretitle":"Unsere Geschichte","title":"Zukunftsweisender Windenergieservice seit 1987","description":"Wir sind \u00fcberzeugt, dass Menschen mit Pioniergeist die treibende Kraft hinter positiven Ver\u00e4nderungen sind. Daher sind wir bestrebt, unseren Teil dazu beizutragen, um ihre Mission zu unterst\u00fctzen. Dies erreichen wir, indem wir uns kontinuierlich weiterentwickeln und unser Gesch\u00e4ft an Ihre Anforderungen anpassen.\r\n","entries":[{"_type":"_","time":"2019","title":"\u00dcbernahme von Power Wind Partners AB (PWP) und Gnosj\u00f6 Energi AB in Schweden","description":"Die EnBW Sverige AB \u00fcbernimmt die Power Wind Partners AB (PWP) und Gnosj\u00f6 Energi AB in Schweden, insgesamt 7 Windparks mit 51 Turbinen und 105 MW. Das Turbinenportfolio passt perfekt zum CWS-Technologie-Know-how von Vestas, Siemens und Nordex und bietet CWS SE die M\u00f6glichkeit, in neue geografische M\u00e4rkte in Mittel- und Nordschweden zu expandieren."},{"_type":"_","time":"2019","title":"CWS akquiriert Concept Wind Service ApS","description":"CWS akquiriert Anlagen und Servicevertr\u00e4ge der Concept Wind Service ApS im s\u00fcdlichen D\u00e4nemark."},{"_type":"_","time":"2018","title":"Akquirierung der Speedwind GmbH","description":"CWS akquiriert Anlagen und Servicevertr\u00e4ge der Speedwind GmbH."},{"_type":"_","time":"2016","title":"EnBW erwirbt die CWS Group","description":"Mit dem Erwerb des ISP Connected Wind Services A\/S mit Sitz in D\u00e4nemark forciert die EnBW Energie Baden-W\u00fcrttemberg AG systematisch den Ausbau seines Gesch\u00e4ftsfelds der Erneuerbaren Energie."},{"_type":"_","time":"2014","title":"Neuer Name: Connected Wind Services","description":"Connected Wind Services war bisher unter dem Namen DMP bekannt. Wir entschlie\u00dfen uns dennoch, unseren Namen in Connected Wind Services zu \u00e4ndern. Warum? Wir wollen die Tatsache widerspiegeln, dass wir uns zu einem der st\u00e4rksten unabh\u00e4ngigen Serviceanbieter Europas entwickelt haben."},{"_type":"_","time":"2014","title":"Akquirierung der Triventus Service AB","description":"Die DMP Group erwirbt Triventus Service AB, um die Entwicklung des Unternehmens zu beschleunigen. Die Akquirierung st\u00e4rkt die Marktposition der DMP Group in Nordeuropa und bringt unmittelbare Synergien mit sich. So erh\u00e4lt die Triventus Service AB Zugang zu einem breiteren Serviceangebot und einer breiteren Palette an Getrieben und Ersatzteilen. Gleichzeitig erweitert die DMP Group ihre geografische Reichweite und erh\u00e4lt Gr\u00f6\u00dfenvorteile bei der Beschaffung und den technologischen Kompetenzen."},{"_type":"_","time":"2013","title":"Akquirierung der Hanstholmm\u00f8llen Vind in D\u00e4nemark und Fusionierung zu DMP Service ","description":"Hanstholmm\u00f8llen Vind in D\u00e4nemark wird erworben und fusioniert zur DMP Service."},{"_type":"_","time":"2013","title":"Akquirierung  von Windservice NF ","description":"DMP M\u00f8lleservice erwirbt Windservice NF in Deutschland, um die positiven Entwicklungen der Gruppe weiter zu verst\u00e4rken."},{"_type":"_","time":"2012","title":"DMP Service wird von Polaris Equity akquiriert","description":"Polaris Private Equity ist ein d\u00e4nischer Private Equity Fonds mit Schwerpunkt auf Buy-out-Investitionen in gut etablierte Small- und Mid Caps in D\u00e4nemark und Schweden. Polaris erhielt eine Reihe von Auszeichnungen \u2013 z. B. DVCA Private Equity House of the Year 2010 und das SVCA Fundraising of the Year 2010."},{"_type":"_","time":"2007","title":"DMP Service akquiriert das Nordtank\/NEG Micon-Werk von Vestas","description":"Die DMP hat ihren Sitz auf dem ehemaligen Gel\u00e4nde der Nordtank- und NEG Micon-Fabriken au\u00dferhalb von Aarhus, D\u00e4nemark. Hier stehen dem Unternehmen eine angepasste und flexible Produktionskapazit\u00e4t sowie ein umfangreiches Lager an wesentlichen Komponenten f\u00fcr eine Vielzahl von WEA-Modellen zur Verf\u00fcgung."},{"_type":"_","time":"2006","title":"Gr\u00fcndung der Triventus Service AB","description":"Die Triventus Service ist Schwedens f\u00fchrender unabh\u00e4ngiger Serviceanbieter und hat mehr als 350 Windenergieanlagen unter Servicevertrag \u2013 sowohl f\u00fcr kW- als auch MW-Klassen."},{"_type":"_","time":"2003","title":"Gr\u00fcndung der Windservice NF","description":"Die 2003 gegr\u00fcndete Windservice NF entwickelte sich schnell zu einem erfolgreichen und profitablen Unternehmen mit einem gesch\u00e4tzten Umsatz von 6 Millionen Euro im Jahr 2012. Die Windservice NF ist ein Serviceanbieter f\u00fcr Windenergieanlagen und Windparks in Deutschland mit einem besonderen Schwerpunkt auf der Region Nordfriesland."},{"_type":"_","time":"1987","title":"Gr\u00fcndung von DMP Service","description":"Der 1987 gegr\u00fcndete DMP M\u00f8lleservice ist in den nordischen L\u00e4ndern der f\u00fchrende unabh\u00e4ngige Service- und Wartungsanbieter f\u00fcr Windenergieanlagen und Windparks mit einem T\u00e4tigkeitsbereich in drei Gesch\u00e4ftsfeldern: Service und Wartung, Instandsetzung von Getrieben und Verkauf von Ersatzteilen."}]},{"_type":"employees","nav_title":"Management","title":"Management","hide_contact":false,"description":"Connected Wind Services Gesch\u00e4ftsleitung","categories":[{"_type":"_","title":"Group Management","employees":[{"value":"post:employees:3586","type":"post","subtype":"employees","id":"3586"},{"value":"post:employees:985","type":"post","subtype":"employees","id":"985"}]},{"_type":"_","title":"Business Unit Management","employees":[{"value":"post:employees:8986","type":"post","subtype":"employees","id":"8986"},{"value":"post:employees:966","type":"post","subtype":"employees","id":"966"},{"value":"post:employees:980","type":"post","subtype":"employees","id":"980"},{"value":"post:employees:6316","type":"post","subtype":"employees","id":"6316"}]}]},{"_type":"textbox_image","nav_title":"Health & Safety","background_color":"bg-secondary-light","image_position":3,"image":"530","pretitle":"Health & Safety","title":"Erh\u00f6hte Standards","text":"Sie k\u00f6nnen davon ausgehen, dass wir ein H\u00f6chstma\u00df an Sicherheit einhalten, mit engagierten Technikern, die gem\u00e4\u00df den h\u00f6chsten GWO-Ausbildungsstandards zertifiziert sind. Wir sind laufend um Innovationen bem\u00fcht, sodass wir unseren Service und unsere L\u00f6sungen kontinuierlich verbessern k\u00f6nnen, was wiederum die Technologie vorantreibt und die Lebensdauer der Anlagen unserer Kunden verl\u00e4ngert. Unsere Pr\u00e4senz vor Ort sorgt f\u00fcr kurze Reaktionszeiten und eine prompte Bearbeitung der Kundenanforderungen.","features":[],"button":{"value":"","url":"\/de\/downloads\/","anchor":"Download QHSE-Richtlinien ","blank":"0"},"button2":{"value":"","url":"","anchor":"","blank":"1"}},{"_type":"textbox_image","nav_title":"Nachhaltigkeit","background_color":"bg-primary","image_position":1,"image":"84","pretitle":"Nachhaltigkeit","title":"Den \u00dcbergang zu nachhaltiger Energie vorantreiben","text":"Wir unterst\u00fctzen das Fortschreiten einer gr\u00fcnen Bewegung \u2013 und halten dabei die Welt in Bewegung. Wir haben uns dazu verschrieben, den \u00dcbergang zu nachhaltiger Energie voranzutreiben. Daher fordern wir die herk\u00f6mmlichen Servicel\u00f6sungen mit neuen, innovativen Methoden heraus und optimieren den Betrieb von Windenergieanlagen.\r\n\r\nEine direkte und transparente Kommunikation mit unseren Kunden ist uns wichtig. So k\u00f6nnen wir Unternehmen besser zu ihrem Fortschritt verhelfen und unsere Partner dabei unterst\u00fctzen, eine nachhaltige Grundlage f\u00fcr die Zukunft zu schaffen. Denn wir k\u00f6nnen diese Bewegung nur dann erfolgreich in die Richtung der nachhaltigen Energieversorgung vorantreiben und uns so einer gr\u00fcneren Zukunft n\u00e4hern, wenn wir diesen Weg <em>gemeinsam<\/em> gehen.","features":[],"button":{"value":"","url":"","anchor":"","blank":"1"},"button2":{"value":"","url":"","anchor":"","blank":"1"}}],"app_templates_support_top_banner_7qzdahnoxlfjcden":{"value":"","col":"6","position":"before"},"app_templates_support_top_banner_image":"","app_templates_support_top_banner_c9s73vl65bz4r49m":{"value":"","col":"6","position":"before"},"app_templates_support_top_banner_jyqgiz70qetsdvyp":{"value":"","col":"6","position":"before"},"app_templates_support_top_banner_pretitle":"","app_templates_support_top_banner_title":"","app_templates_support_top_banner_kbanjd0ipnv63hbi":{"value":"","col":"6","position":"before"},"app_templates_support_modules_modules":[],"_links":{"self":[{"href":"https:\/\/www.connectedwind.com\/de\/wp-json\/wp\/v2\/pages\/1034","targetHints":{"allow":["GET"]}}],"collection":[{"href":"https:\/\/www.connectedwind.com\/de\/wp-json\/wp\/v2\/pages"}],"about":[{"href":"https:\/\/www.connectedwind.com\/de\/wp-json\/wp\/v2\/types\/page"}],"author":[{"embeddable":true,"href":"https:\/\/www.connectedwind.com\/de\/wp-json\/wp\/v2\/users\/2"}],"replies":[{"embeddable":true,"href":"https:\/\/www.connectedwind.com\/de\/wp-json\/wp\/v2\/comments?post=1034"}],"version-history":[{"count":44,"href":"https:\/\/www.connectedwind.com\/de\/wp-json\/wp\/v2\/pages\/1034\/revisions"}],"predecessor-version":[{"id":9053,"href":"https:\/\/www.connectedwind.com\/de\/wp-json\/wp\/v2\/pages\/1034\/revisions\/9053"}],"wp:attachment":[{"href":"https:\/\/www.connectedwind.com\/de\/wp-json\/wp\/v2\/media?parent=1034"}],"curies":[{"name":"wp","href":"https:\/\/api.w.org\/{rel}","templated":true}]}}