{"id":1038,"date":"2018-10-24T10:25:16","date_gmt":"2018-10-24T10:25:16","guid":{"rendered":"https:\/\/www.connectedwind.com\/homepage\/"},"modified":"2024-01-30T11:54:39","modified_gmt":"2024-01-30T10:54:39","slug":"homepage","status":"publish","type":"page","link":"https:\/\/www.connectedwind.com\/de\/","title":{"rendered":"Homepage"},"content":{"rendered":"","protected":false},"excerpt":{"rendered":"","protected":false},"author":2,"featured_media":0,"parent":0,"menu_order":0,"comment_status":"closed","ping_status":"closed","template":"views\/template-homepage.blade.php","meta":{"footnotes":""},"class_list":["post-1038","page","type-page","status-publish","hentry"],"yoast_head":"<!-- This site is optimized with the Yoast SEO plugin v24.7 - https:\/\/yoast.com\/wordpress\/plugins\/seo\/ -->\n<title>Connected Wind Services - ISP for reliable O&amp;M services &amp; parts<\/title>\n<meta name=\"description\" content=\"Learn how to get reliable local service, repairs, parts, inspection &amp; maintenance for your wind turbines &amp; gearboxes from one of Europe\u2019s leading ISPs.\" \/>\n<meta name=\"robots\" content=\"index, follow, max-snippet:-1, max-image-preview:large, max-video-preview:-1\" \/>\n<link rel=\"canonical\" href=\"https:\/\/www.connectedwind.com\/de\/\" \/>\n<meta property=\"og:locale\" content=\"de_DE\" \/>\n<meta property=\"og:type\" content=\"article\" \/>\n<meta property=\"og:title\" content=\"Connected Wind Services - ISP for reliable O&amp;M services &amp; parts\" \/>\n<meta property=\"og:description\" content=\"Learn how to get reliable local service, repairs, parts, inspection &amp; maintenance for your wind turbines &amp; gearboxes from one of Europe\u2019s leading ISPs.\" \/>\n<meta property=\"og:url\" content=\"https:\/\/www.connectedwind.com\/de\/\" \/>\n<meta property=\"og:site_name\" content=\"Connected Wind Services\" \/>\n<meta property=\"article:modified_time\" content=\"2024-01-30T10:54:39+00:00\" \/>\n<meta name=\"twitter:card\" content=\"summary_large_image\" \/>\n<script type=\"application\/ld+json\" class=\"yoast-schema-graph\">{\"@context\":\"https:\/\/schema.org\",\"@graph\":[{\"@type\":\"WebPage\",\"@id\":\"https:\/\/www.connectedwind.com\/de\/\",\"url\":\"https:\/\/www.connectedwind.com\/de\/\",\"name\":\"Connected Wind Services - ISP for reliable O&M services & parts\",\"isPartOf\":{\"@id\":\"https:\/\/www.connectedwind.com\/fr\/#website\"},\"datePublished\":\"2018-10-24T10:25:16+00:00\",\"dateModified\":\"2024-01-30T10:54:39+00:00\",\"description\":\"Learn how to get reliable local service, repairs, parts, inspection & maintenance for your wind turbines & gearboxes from one of Europe\u2019s leading ISPs.\",\"breadcrumb\":{\"@id\":\"https:\/\/www.connectedwind.com\/de\/#breadcrumb\"},\"inLanguage\":\"de-DE\",\"potentialAction\":[{\"@type\":\"ReadAction\",\"target\":[\"https:\/\/www.connectedwind.com\/de\/\"]}]},{\"@type\":\"BreadcrumbList\",\"@id\":\"https:\/\/www.connectedwind.com\/de\/#breadcrumb\",\"itemListElement\":[{\"@type\":\"ListItem\",\"position\":1,\"name\":\"Home\",\"item\":\"https:\/\/www.connectedwind.com\/de\/\"},{\"@type\":\"ListItem\",\"position\":2,\"name\":\"Homepage\"}]},{\"@type\":\"WebSite\",\"@id\":\"https:\/\/www.connectedwind.com\/fr\/#website\",\"url\":\"https:\/\/www.connectedwind.com\/fr\/\",\"name\":\"Connected Wind Services\",\"description\":\"ISP for reliable O&amp;M services &amp; parts\",\"potentialAction\":[{\"@type\":\"SearchAction\",\"target\":{\"@type\":\"EntryPoint\",\"urlTemplate\":\"https:\/\/www.connectedwind.com\/fr\/?s={search_term_string}\"},\"query-input\":{\"@type\":\"PropertyValueSpecification\",\"valueRequired\":true,\"valueName\":\"search_term_string\"}}],\"inLanguage\":\"de-DE\"}]}<\/script>\n<!-- \/ Yoast SEO plugin. -->","yoast_head_json":{"title":"Connected Wind Services - ISP for reliable O&M services & parts","description":"Learn how to get reliable local service, repairs, parts, inspection & maintenance for your wind turbines & gearboxes from one of Europe\u2019s leading ISPs.","robots":{"index":"index","follow":"follow","max-snippet":"max-snippet:-1","max-image-preview":"max-image-preview:large","max-video-preview":"max-video-preview:-1"},"canonical":"https:\/\/www.connectedwind.com\/de\/","og_locale":"de_DE","og_type":"article","og_title":"Connected Wind Services - ISP for reliable O&M services & parts","og_description":"Learn how to get reliable local service, repairs, parts, inspection & maintenance for your wind turbines & gearboxes from one of Europe\u2019s leading ISPs.","og_url":"https:\/\/www.connectedwind.com\/de\/","og_site_name":"Connected Wind Services","article_modified_time":"2024-01-30T10:54:39+00:00","twitter_card":"summary_large_image","schema":{"@context":"https:\/\/schema.org","@graph":[{"@type":"WebPage","@id":"https:\/\/www.connectedwind.com\/de\/","url":"https:\/\/www.connectedwind.com\/de\/","name":"Connected Wind Services - ISP for reliable O&M services & parts","isPartOf":{"@id":"https:\/\/www.connectedwind.com\/fr\/#website"},"datePublished":"2018-10-24T10:25:16+00:00","dateModified":"2024-01-30T10:54:39+00:00","description":"Learn how to get reliable local service, repairs, parts, inspection & maintenance for your wind turbines & gearboxes from one of Europe\u2019s leading ISPs.","breadcrumb":{"@id":"https:\/\/www.connectedwind.com\/de\/#breadcrumb"},"inLanguage":"de-DE","potentialAction":[{"@type":"ReadAction","target":["https:\/\/www.connectedwind.com\/de\/"]}]},{"@type":"BreadcrumbList","@id":"https:\/\/www.connectedwind.com\/de\/#breadcrumb","itemListElement":[{"@type":"ListItem","position":1,"name":"Home","item":"https:\/\/www.connectedwind.com\/de\/"},{"@type":"ListItem","position":2,"name":"Homepage"}]},{"@type":"WebSite","@id":"https:\/\/www.connectedwind.com\/fr\/#website","url":"https:\/\/www.connectedwind.com\/fr\/","name":"Connected Wind Services","description":"ISP for reliable O&amp;M services &amp; parts","potentialAction":[{"@type":"SearchAction","target":{"@type":"EntryPoint","urlTemplate":"https:\/\/www.connectedwind.com\/fr\/?s={search_term_string}"},"query-input":{"@type":"PropertyValueSpecification","valueRequired":true,"valueName":"search_term_string"}}],"inLanguage":"de-DE"}]}},"app_templates_career_top_banner_meqacnwjakeepii4":{"value":"","col":"6","position":"before"},"app_templates_career_top_banner_image":"","app_templates_career_top_banner_ogsqasziwqqp1g7d":{"value":"","col":"6","position":"before"},"app_templates_career_top_banner_qgeelkrzunnptqo8":{"value":"","col":"6","position":"before"},"app_templates_career_top_banner_pretitle":"","app_templates_career_top_banner_title":"","app_templates_career_top_banner_bvuufkgxupxxouta":{"value":"","col":"6","position":"before"},"app_templates_career_modules_modules":[],"app_templates_contact_top_banner_5jbbh8c6a09l9fha":{"value":"","col":"6","position":"before"},"app_templates_contact_top_banner_image":"","app_templates_contact_top_banner_y3nqn7pbykfuvjt4":{"value":"","col":"6","position":"before"},"app_templates_contact_top_banner_lt84jxz8xyz78yad":{"value":"","col":"6","position":"before"},"app_templates_contact_top_banner_pretitle":"","app_templates_contact_top_banner_title":"","app_templates_contact_top_banner_1s1cu5y6ho6jgx25":{"value":"","col":"6","position":"before"},"app_templates_contact_contact_title":"","app_templates_contact_contact_background":"bg-white","app_templates_contact_contact_description":"","app_templates_contact_contact_drop_downs":[],"app_templates_contact_contact_placeholder":"","app_templates_contact_contact_to":"","app_templates_contact_contact_button":"","app_templates_contact_contact_employees":[],"app_templates_contact_contact_hide_company":false,"app_templates_contact_offices_offices":[],"app_templates_contact_modules_modules":[],"app_templates_cookies_top_banner_vssc8dyrxkzil67y":{"value":"","col":"6","position":"before"},"app_templates_cookies_top_banner_image":"","app_templates_cookies_top_banner_0r84aowphrrfini3":{"value":"","col":"6","position":"before"},"app_templates_cookies_top_banner_eoyaecdy8x4d6dbm":{"value":"","col":"6","position":"before"},"app_templates_cookies_top_banner_pretitle":"","app_templates_cookies_top_banner_title":"","app_templates_cookies_top_banner_la2guwarigs0yft8":{"value":"","col":"6","position":"before"},"app_templates_customer_service_top_banner_0urpaaeh5pn38zab":{"value":"","col":"6","position":"before"},"app_templates_customer_service_top_banner_image":"","app_templates_customer_service_top_banner_sdj4icdbfpbqcqup":{"value":"","col":"6","position":"before"},"app_templates_customer_service_top_banner_qzuxev1jipoirnrd":{"value":"","col":"6","position":"before"},"app_templates_customer_service_top_banner_pretitle":"","app_templates_customer_service_top_banner_title":"","app_templates_customer_service_top_banner_i21y6yqlprfycohn":{"value":"","col":"6","position":"before"},"app_templates_customer_service_contact_title":"","app_templates_customer_service_contact_background":"bg-white","app_templates_customer_service_contact_description":"","app_templates_customer_service_contact_drop_downs":[],"app_templates_customer_service_contact_placeholder":"","app_templates_customer_service_contact_to":"","app_templates_customer_service_contact_button":"","app_templates_customer_service_contact_employees":[],"app_templates_customer_service_contact_hide_company":false,"app_templates_customer_service_contact_section_title":"","app_templates_customer_service_contact_section_description":"","app_templates_customer_service_contact_section_contact_info":[],"app_templates_customer_service_modules_modules":[],"app_templates_homepage_top_banner_image":"882","app_templates_homepage_top_banner_video":"8771","app_templates_homepage_top_banner_title":"Wir treiben eine zukunftsorientierte Entwicklung voran","app_templates_homepage_top_banner_description":"Langlebigkeit ist der Schl\u00fcssel, \r\num die Nachhaltigkeit von \r\nUnternehmen, der Gesellschaft\r\n und der gesamten Welt voranzutreiben \u2013 \r\ndavon sind wir \u00fcberzeugt.\r\n\r\n","app_templates_homepage_top_banner_button":{"value":"","url":"\/de\/discover-our-capabilities\/","anchor":"Entdecken Sie unsere Kompetenzen","blank":"0"},"app_templates_homepage_top_section_services":[{"value":"post:services:132","type":"post","subtype":"services","id":"132"},{"value":"post:services:137","type":"post","subtype":"services","id":"137"},{"value":"post:services:141","type":"post","subtype":"services","id":"141"},{"value":"post:services:139","type":"post","subtype":"services","id":"139"},{"value":"post:services:665","type":"post","subtype":"services","id":"665"}],"app_templates_homepage_top_section_text":"Als weltweit unabh\u00e4ngiger Serviceanbieter mit mehr als 30 Jahren Erfahrung haben wir uns zum Ziel gesetzt, den Fortschritt von Windenergieanlagen, Unternehmen und der Gesellschaft in einer vernetzten Welt voranzutreiben.","app_templates_homepage_top_section_button":{"value":"","url":"\/de\/about\/","anchor":"Erfahren Sie mehr \u00fcber uns","blank":"0"},"app_templates_homepage_modules_modules":[{"_type":"recent_insights","title":"Insights","description":"Erfahren Sie mehr \u00fcber Connected Wind Services in unseren News & Insights"},{"_type":"textbox_image","background_color":"bg-primary","image_position":1,"image":"3993","pretitle":"Ersatzteile","title":"Mehr als 5.000","text":"Mit einer Vielzahl vorr\u00e4tiger Ersatzteile verschiedenster Marken in unserem Lager und mit einem kompetenten technischen Support, der in k\u00fcrzester Zeit die richtigen Ersatzteile bestimmen, beschaffen und liefern kann, ist Connected Wind Services Ihr One-Stop-Shop f\u00fcr Ersatzteile.","features":[],"button":{"value":"","url":"","anchor":"","blank":"0"},"button2":{"value":"","url":"","anchor":"","blank":"1"}},{"_type":"textbox_image","background_color":"bg-white","image_position":3,"image":"6902","pretitle":"Jobs & Karriere","title":"Treibe den Fortschritt gemeinsam mit uns voran","text":"M\u00f6chtest Du Teil einer aufstrebenden, globalen Organisation mit hochgesteckten Zielen werden, die eine kollegiale, f\u00f6rdernde und hoch professionelle Arbeitsatmosph\u00e4re bietet?\r\n\r\nConnected Wind Services ist ein moderner Arbeitsplatz, an dem wir die Qualifikationen und die pers\u00f6nliche Entwicklung der Mitarbeiter zu sch\u00e4tzen wissen. Alle Mitarbeiter sind an der Betreuung der Kunden von Connected Wind Services aktiv beteiligt.\r\n\r\nNutze die Gelegenheit, indem Du Teil unseres Teams wirst.","features":[],"button":{"value":"","url":"\/de\/careers\/","anchor":"Jobs & Karriere","blank":"0"},"button2":{"value":"","url":"","anchor":"","blank":"1"}},{"_type":"banner","image":"41","background_color":"bg-secondary-light","content_position":3,"pretitle":"Servicestationen","title":"Global denken. Auf lokaler Ebene handeln.","text":"Mit mehr als 25 Servicestationen in Nordeuropa verf\u00fcgen wir \u00fcber die Voraussetzungen, um Ihren lokalen Anforderungen gerecht zu werden. Auf unserer interaktiven Landkarte sehen Sie, wo sich unsere Servicestationen befinden. \r\n\r\nNehmen Sie Kontakt mit Ihrem regionalen Vertreter auf, um ein Treffen zu vereinbaren.","button":{"value":"","url":"\/de\/service-stations\/","anchor":"Wo Sie uns finden","blank":"0"}}],"app_templates_homepage_fr_top_banner_image":"","app_templates_homepage_fr_top_banner_video":"","app_templates_homepage_fr_top_banner_title":"","app_templates_homepage_fr_top_banner_description":"","app_templates_homepage_fr_top_banner_button":{"value":"","url":"","anchor":"","blank":0},"app_templates_homepage_fr_top_section_services":[],"app_templates_homepage_fr_top_section_text":"","app_templates_homepage_fr_top_section_button":{"value":"","url":"","anchor":"","blank":0},"app_templates_homepage_fr_modules_modules":[],"app_templates_iframe_top_banner_nnmgych0miq7bm6w":{"value":"","col":"6","position":"before"},"app_templates_iframe_top_banner_image":"","app_templates_iframe_top_banner_3rxlxzyc5vxg71uy":{"value":"","col":"6","position":"before"},"app_templates_iframe_top_banner_d5f5mdgpzochmns0":{"value":"","col":"6","position":"before"},"app_templates_iframe_top_banner_pretitle":"","app_templates_iframe_top_banner_title":"","app_templates_iframe_top_banner_5drcm4crpdg9tddl":{"value":"","col":"6","position":"before"},"app_templates_iframe_iframe_url":"","app_templates_map_top_banner_yqr7navinnjsy3gd":{"value":"","col":"6","position":"before"},"app_templates_map_top_banner_image":"","app_templates_map_top_banner_u0euxjeyek1ydcof":{"value":"","col":"6","position":"before"},"app_templates_map_top_banner_gd2kah2dndsgvdbb":{"value":"","col":"6","position":"before"},"app_templates_map_top_banner_pretitle":"","app_templates_map_top_banner_title":"","app_templates_map_top_banner_izgudqqggpil2a2r":{"value":"","col":"6","position":"before"},"app_templates_map_modules_modules":[],"app_templates_media_top_banner_vow38b8u8aouyomn":{"value":"","col":"6","position":"before"},"app_templates_media_top_banner_image":"","app_templates_media_top_banner_gsfdsykqyblueyyx":{"value":"","col":"6","position":"before"},"app_templates_media_top_banner_i3phnkdjpl3g0mpq":{"value":"","col":"6","position":"before"},"app_templates_media_top_banner_pretitle":"","app_templates_media_top_banner_title":"","app_templates_media_top_banner_rxl5dwpxlabkcqyo":{"value":"","col":"6","position":"before"},"app_templates_media_modules_modules":[],"app_templates_modules_top_banner_xe23du8hy84opvop":{"value":"","col":"6","position":"before"},"app_templates_modules_top_banner_image":"","app_templates_modules_top_banner_4o36lllasghdhs8j":{"value":"","col":"6","position":"before"},"app_templates_modules_top_banner_dk528wkfzjgndssv":{"value":"","col":"6","position":"before"},"app_templates_modules_top_banner_pretitle":"","app_templates_modules_top_banner_title":"","app_templates_modules_top_banner_6trd6g2tokgqz7wm":{"value":"","col":"6","position":"before"},"app_templates_modules_modules_modules":[],"app_templates_support_top_banner_dj4tdwwwafrui8mp":{"value":"","col":"6","position":"before"},"app_templates_support_top_banner_image":"","app_templates_support_top_banner_24lfvasoti4zir6e":{"value":"","col":"6","position":"before"},"app_templates_support_top_banner_z1n4l8tdhiokg2qs":{"value":"","col":"6","position":"before"},"app_templates_support_top_banner_pretitle":"","app_templates_support_top_banner_title":"","app_templates_support_top_banner_mmzt8s8mkkj3veh3":{"value":"","col":"6","position":"before"},"app_templates_support_modules_modules":[],"_links":{"self":[{"href":"https:\/\/www.connectedwind.com\/de\/wp-json\/wp\/v2\/pages\/1038","targetHints":{"allow":["GET"]}}],"collection":[{"href":"https:\/\/www.connectedwind.com\/de\/wp-json\/wp\/v2\/pages"}],"about":[{"href":"https:\/\/www.connectedwind.com\/de\/wp-json\/wp\/v2\/types\/page"}],"author":[{"embeddable":true,"href":"https:\/\/www.connectedwind.com\/de\/wp-json\/wp\/v2\/users\/2"}],"replies":[{"embeddable":true,"href":"https:\/\/www.connectedwind.com\/de\/wp-json\/wp\/v2\/comments?post=1038"}],"version-history":[{"count":11,"href":"https:\/\/www.connectedwind.com\/de\/wp-json\/wp\/v2\/pages\/1038\/revisions"}],"predecessor-version":[{"id":8776,"href":"https:\/\/www.connectedwind.com\/de\/wp-json\/wp\/v2\/pages\/1038\/revisions\/8776"}],"wp:attachment":[{"href":"https:\/\/www.connectedwind.com\/de\/wp-json\/wp\/v2\/media?parent=1038"}],"curies":[{"name":"wp","href":"https:\/\/api.w.org\/{rel}","templated":true}]}}