{"id":4738,"date":"2020-02-03T12:04:41","date_gmt":"2020-02-03T11:04:41","guid":{"rendered":"https:\/\/www.connectedwind.com\/?page_id=4738"},"modified":"2020-08-31T07:31:47","modified_gmt":"2020-08-31T05:31:47","slug":"basic-eco","status":"publish","type":"page","link":"https:\/\/www.connectedwind.com\/de\/basic-eco\/","title":{"rendered":"Basic ECO"},"content":{"rendered":"","protected":false},"excerpt":{"rendered":"","protected":false},"author":9,"featured_media":0,"parent":0,"menu_order":0,"comment_status":"closed","ping_status":"closed","template":"views\/template-modules.blade.php","meta":{"footnotes":""},"class_list":["post-4738","page","type-page","status-publish","hentry"],"yoast_head":"<!-- This site is optimized with the Yoast SEO plugin v24.7 - https:\/\/yoast.com\/wordpress\/plugins\/seo\/ -->\n<title>Basic ECO - Reduce costs while maintaining quality standards in a post-EEG future - Connected Wind Services<\/title>\n<meta name=\"description\" content=\"Basic ECO enables plant operators to optimally meet the new conditions of the post-EEG phase, enabling dynamic planning for maintenance or troubleshooting and utilizing refurbished or used spare parts for repairs and component replacements.\" \/>\n<meta name=\"robots\" content=\"index, follow, max-snippet:-1, max-image-preview:large, max-video-preview:-1\" \/>\n<link rel=\"canonical\" href=\"https:\/\/www.connectedwind.com\/de\/basic-eco\/\" \/>\n<meta property=\"og:locale\" content=\"de_DE\" \/>\n<meta property=\"og:type\" content=\"article\" \/>\n<meta property=\"og:title\" content=\"Basic ECO - Reduce costs while maintaining quality standards in a post-EEG future - Connected Wind Services\" \/>\n<meta property=\"og:description\" content=\"Basic ECO enables plant operators to optimally meet the new conditions of the post-EEG phase, enabling dynamic planning for maintenance or troubleshooting and utilizing refurbished or used spare parts for repairs and component replacements.\" \/>\n<meta property=\"og:url\" content=\"https:\/\/www.connectedwind.com\/de\/basic-eco\/\" \/>\n<meta property=\"og:site_name\" content=\"Connected Wind Services\" \/>\n<meta property=\"article:modified_time\" content=\"2020-08-31T05:31:47+00:00\" \/>\n<meta name=\"twitter:card\" content=\"summary_large_image\" \/>\n<script type=\"application\/ld+json\" class=\"yoast-schema-graph\">{\"@context\":\"https:\/\/schema.org\",\"@graph\":[{\"@type\":\"WebPage\",\"@id\":\"https:\/\/www.connectedwind.com\/de\/basic-eco\/\",\"url\":\"https:\/\/www.connectedwind.com\/de\/basic-eco\/\",\"name\":\"Basic ECO - Reduce costs while maintaining quality standards in a post-EEG future - Connected Wind Services\",\"isPartOf\":{\"@id\":\"https:\/\/www.connectedwind.com\/fr\/#website\"},\"datePublished\":\"2020-02-03T11:04:41+00:00\",\"dateModified\":\"2020-08-31T05:31:47+00:00\",\"description\":\"Basic ECO enables plant operators to optimally meet the new conditions of the post-EEG phase, enabling dynamic planning for maintenance or troubleshooting and utilizing refurbished or used spare parts for repairs and component replacements.\",\"breadcrumb\":{\"@id\":\"https:\/\/www.connectedwind.com\/de\/basic-eco\/#breadcrumb\"},\"inLanguage\":\"de-DE\",\"potentialAction\":[{\"@type\":\"ReadAction\",\"target\":[\"https:\/\/www.connectedwind.com\/de\/basic-eco\/\"]}]},{\"@type\":\"BreadcrumbList\",\"@id\":\"https:\/\/www.connectedwind.com\/de\/basic-eco\/#breadcrumb\",\"itemListElement\":[{\"@type\":\"ListItem\",\"position\":1,\"name\":\"Home\",\"item\":\"https:\/\/www.connectedwind.com\/de\/\"},{\"@type\":\"ListItem\",\"position\":2,\"name\":\"Basic ECO\"}]},{\"@type\":\"WebSite\",\"@id\":\"https:\/\/www.connectedwind.com\/fr\/#website\",\"url\":\"https:\/\/www.connectedwind.com\/fr\/\",\"name\":\"Connected Wind Services\",\"description\":\"ISP for reliable O&amp;M services &amp; parts\",\"potentialAction\":[{\"@type\":\"SearchAction\",\"target\":{\"@type\":\"EntryPoint\",\"urlTemplate\":\"https:\/\/www.connectedwind.com\/fr\/?s={search_term_string}\"},\"query-input\":{\"@type\":\"PropertyValueSpecification\",\"valueRequired\":true,\"valueName\":\"search_term_string\"}}],\"inLanguage\":\"de-DE\"}]}<\/script>\n<!-- \/ Yoast SEO plugin. -->","yoast_head_json":{"title":"Basic ECO - Reduce costs while maintaining quality standards in a post-EEG future - Connected Wind Services","description":"Basic ECO enables plant operators to optimally meet the new conditions of the post-EEG phase, enabling dynamic planning for maintenance or troubleshooting and utilizing refurbished or used spare parts for repairs and component replacements.","robots":{"index":"index","follow":"follow","max-snippet":"max-snippet:-1","max-image-preview":"max-image-preview:large","max-video-preview":"max-video-preview:-1"},"canonical":"https:\/\/www.connectedwind.com\/de\/basic-eco\/","og_locale":"de_DE","og_type":"article","og_title":"Basic ECO - Reduce costs while maintaining quality standards in a post-EEG future - Connected Wind Services","og_description":"Basic ECO enables plant operators to optimally meet the new conditions of the post-EEG phase, enabling dynamic planning for maintenance or troubleshooting and utilizing refurbished or used spare parts for repairs and component replacements.","og_url":"https:\/\/www.connectedwind.com\/de\/basic-eco\/","og_site_name":"Connected Wind Services","article_modified_time":"2020-08-31T05:31:47+00:00","twitter_card":"summary_large_image","schema":{"@context":"https:\/\/schema.org","@graph":[{"@type":"WebPage","@id":"https:\/\/www.connectedwind.com\/de\/basic-eco\/","url":"https:\/\/www.connectedwind.com\/de\/basic-eco\/","name":"Basic ECO - Reduce costs while maintaining quality standards in a post-EEG future - Connected Wind Services","isPartOf":{"@id":"https:\/\/www.connectedwind.com\/fr\/#website"},"datePublished":"2020-02-03T11:04:41+00:00","dateModified":"2020-08-31T05:31:47+00:00","description":"Basic ECO enables plant operators to optimally meet the new conditions of the post-EEG phase, enabling dynamic planning for maintenance or troubleshooting and utilizing refurbished or used spare parts for repairs and component replacements.","breadcrumb":{"@id":"https:\/\/www.connectedwind.com\/de\/basic-eco\/#breadcrumb"},"inLanguage":"de-DE","potentialAction":[{"@type":"ReadAction","target":["https:\/\/www.connectedwind.com\/de\/basic-eco\/"]}]},{"@type":"BreadcrumbList","@id":"https:\/\/www.connectedwind.com\/de\/basic-eco\/#breadcrumb","itemListElement":[{"@type":"ListItem","position":1,"name":"Home","item":"https:\/\/www.connectedwind.com\/de\/"},{"@type":"ListItem","position":2,"name":"Basic ECO"}]},{"@type":"WebSite","@id":"https:\/\/www.connectedwind.com\/fr\/#website","url":"https:\/\/www.connectedwind.com\/fr\/","name":"Connected Wind Services","description":"ISP for reliable O&amp;M services &amp; parts","potentialAction":[{"@type":"SearchAction","target":{"@type":"EntryPoint","urlTemplate":"https:\/\/www.connectedwind.com\/fr\/?s={search_term_string}"},"query-input":{"@type":"PropertyValueSpecification","valueRequired":true,"valueName":"search_term_string"}}],"inLanguage":"de-DE"}]}},"app_templates_career_top_banner_fsyqujlyf9lnaina":{"value":"","col":"6","position":"before"},"app_templates_career_top_banner_image":"","app_templates_career_top_banner_u3gfhnp0obffghew":{"value":"","col":"6","position":"before"},"app_templates_career_top_banner_d6ve64vwdx2yumdx":{"value":"","col":"6","position":"before"},"app_templates_career_top_banner_pretitle":"","app_templates_career_top_banner_title":"","app_templates_career_top_banner_drmaec9rebpdfet0":{"value":"","col":"6","position":"before"},"app_templates_career_modules_modules":[],"app_templates_contact_top_banner_6vjxcwcll7kdzogx":{"value":"","col":"6","position":"before"},"app_templates_contact_top_banner_image":"","app_templates_contact_top_banner_dgpq3cjqx6vm2ima":{"value":"","col":"6","position":"before"},"app_templates_contact_top_banner_zz057zxsunuuuhs6":{"value":"","col":"6","position":"before"},"app_templates_contact_top_banner_pretitle":"","app_templates_contact_top_banner_title":"","app_templates_contact_top_banner_zqqcxhpu5tevs9eo":{"value":"","col":"6","position":"before"},"app_templates_contact_contact_title":"","app_templates_contact_contact_background":"bg-white","app_templates_contact_contact_description":"","app_templates_contact_contact_drop_downs":[],"app_templates_contact_contact_placeholder":"","app_templates_contact_contact_to":"","app_templates_contact_contact_button":"","app_templates_contact_contact_employees":[],"app_templates_contact_contact_hide_company":false,"app_templates_contact_offices_offices":[],"app_templates_contact_modules_modules":[],"app_templates_cookies_top_banner_hugeekhz1mzmvxvh":{"value":"","col":"6","position":"before"},"app_templates_cookies_top_banner_image":"","app_templates_cookies_top_banner_hpdnglmrr78vwgzt":{"value":"","col":"6","position":"before"},"app_templates_cookies_top_banner_ijarz1rjxi2yyqnw":{"value":"","col":"6","position":"before"},"app_templates_cookies_top_banner_pretitle":"","app_templates_cookies_top_banner_title":"","app_templates_cookies_top_banner_7ir4k1xz4ofbezzc":{"value":"","col":"6","position":"before"},"app_templates_customer_service_top_banner_ff9ijnbsgdcix6do":{"value":"","col":"6","position":"before"},"app_templates_customer_service_top_banner_image":"","app_templates_customer_service_top_banner_r8cedbr3vgyki1tt":{"value":"","col":"6","position":"before"},"app_templates_customer_service_top_banner_ryzcvstxmbvbufdk":{"value":"","col":"6","position":"before"},"app_templates_customer_service_top_banner_pretitle":"","app_templates_customer_service_top_banner_title":"","app_templates_customer_service_top_banner_gszkctq94hlkel9s":{"value":"","col":"6","position":"before"},"app_templates_customer_service_contact_title":"","app_templates_customer_service_contact_background":"bg-white","app_templates_customer_service_contact_description":"","app_templates_customer_service_contact_drop_downs":[],"app_templates_customer_service_contact_placeholder":"","app_templates_customer_service_contact_to":"","app_templates_customer_service_contact_button":"","app_templates_customer_service_contact_employees":[],"app_templates_customer_service_contact_hide_company":false,"app_templates_customer_service_contact_section_title":"","app_templates_customer_service_contact_section_description":"","app_templates_customer_service_contact_section_contact_info":[],"app_templates_customer_service_modules_modules":[],"app_templates_homepage_top_banner_image":"","app_templates_homepage_top_banner_video":"","app_templates_homepage_top_banner_title":"","app_templates_homepage_top_banner_description":"","app_templates_homepage_top_banner_button":{"value":"","url":"","anchor":"","blank":0},"app_templates_homepage_top_section_services":[],"app_templates_homepage_top_section_text":"","app_templates_homepage_top_section_button":{"value":"","url":"","anchor":"","blank":0},"app_templates_homepage_modules_modules":[],"app_templates_homepage_fr_top_banner_image":"","app_templates_homepage_fr_top_banner_video":"","app_templates_homepage_fr_top_banner_title":"","app_templates_homepage_fr_top_banner_description":"","app_templates_homepage_fr_top_banner_button":{"value":"","url":"","anchor":"","blank":0},"app_templates_homepage_fr_top_section_services":[],"app_templates_homepage_fr_top_section_text":"","app_templates_homepage_fr_top_section_button":{"value":"","url":"","anchor":"","blank":0},"app_templates_homepage_fr_modules_modules":[],"app_templates_iframe_top_banner_hgyq8pkbfztopipt":{"value":"","col":"6","position":"before"},"app_templates_iframe_top_banner_image":"","app_templates_iframe_top_banner_yyhwuau4s2fa1hq8":{"value":"","col":"6","position":"before"},"app_templates_iframe_top_banner_5czvg6jtxiwd0ef7":{"value":"","col":"6","position":"before"},"app_templates_iframe_top_banner_pretitle":"","app_templates_iframe_top_banner_title":"","app_templates_iframe_top_banner_qjfc9xsrxhei3vt6":{"value":"","col":"6","position":"before"},"app_templates_iframe_iframe_url":"","app_templates_map_top_banner_gx8xxkkmyzbzbvx3":{"value":"","col":"6","position":"before"},"app_templates_map_top_banner_image":"","app_templates_map_top_banner_abtmnuwn5mhktc8p":{"value":"","col":"6","position":"before"},"app_templates_map_top_banner_gzqqy4cuq2zpylt0":{"value":"","col":"6","position":"before"},"app_templates_map_top_banner_pretitle":"","app_templates_map_top_banner_title":"","app_templates_map_top_banner_48iwalwb3daqqgdq":{"value":"","col":"6","position":"before"},"app_templates_map_modules_modules":[],"app_templates_media_top_banner_fejf3hmuuenvlrxa":{"value":"","col":"6","position":"before"},"app_templates_media_top_banner_image":"","app_templates_media_top_banner_xfvx5gf9pjinjh1q":{"value":"","col":"6","position":"before"},"app_templates_media_top_banner_7lt3yu4cidfkw8bs":{"value":"","col":"6","position":"before"},"app_templates_media_top_banner_pretitle":"","app_templates_media_top_banner_title":"","app_templates_media_top_banner_eegsvw18mzachjw7":{"value":"","col":"6","position":"before"},"app_templates_media_modules_modules":[],"app_templates_modules_top_banner_cgrn8n3jgtrw2til":{"value":"","col":"6","position":"before"},"app_templates_modules_top_banner_image":"5715","app_templates_modules_top_banner_vtbftmrbzmbdtop5":{"value":"","col":"6","position":"before"},"app_templates_modules_top_banner_thkbswicgxmkhrbx":{"value":"","col":"6","position":"before"},"app_templates_modules_top_banner_pretitle":"Basic ECO","app_templates_modules_top_banner_title":"Kosten senken und Qualit\u00e4tsstandards beibehalten","app_templates_modules_top_banner_nhnp1vxmpm4ylmp0":{"value":"","col":"6","position":"before"},"app_templates_modules_modules_modules":[{"_type":"text_image","nav_title":"Einleitung","image":"","video":"5813","background_color":"bg-secondary-light","image_position":3,"pretitle":"Basic ECO","title":"Das zukunftsorientierte Servicekonzept f\u00fcr Altanlagen","subtitle":"","text":"K\u00fcnftig wird sich die wirtschaftliche Situation vieler Windenergieanlagenbesitzer grundlegend \u00e4ndern. Denn das Auslaufen der EEG-Verg\u00fctung stellt Betreiber \u00e4lterer Windenergieanlagen vor die schwierige Entscheidung: Weiterbetrieb wie bisher und dabei Verluste riskieren - oder der R\u00fcckbau der Windenergieanlage.\r\n\r\nDie Kosten sollen sinken, die Qualit\u00e4tsstandards m\u00fcssen jedoch beibehalten werden. Erschwerend kommt hinzu, dass der Reparaturaufwand mit dem Alter der Anlage noch steigt. Der Kostendruck w\u00e4chst somit weiter. Was w\u00fcrden Sie dazu sagen, wenn es eine ma\u00dfgeschneiderte L\u00f6sung g\u00e4be?\r\n\r\nEine gute Nachricht f\u00fcr Sie: Unsere Spezialisten haben eine dynamische Servicel\u00f6sung entwickelt, die optimal auf den Weiterbetrieb alter Windenerieanlagen zugeschnitten ist. Mit Basic ECO bieten wir Ihnen ab sofort ein Produkt an, das Sie als Anlagenbetreiber in die vorteilhafte Lage versetzt, Ihre Anlagen auch nach Auslaufen der EEG-Verg\u00fctung wirtschaftlich weiterlaufen lassen zu k\u00f6nnen. Dies wird unter anderem erm\u00f6glicht durch eine dynamischere Planung f\u00fcr die Wartung oder Fehlersuche und die Verwendung von general\u00fcberholten oder gebrauchten Ersatzteilen bei Reparaturen sowie den Austausch von Gro\u00dfkomponenten.\r\n\r\nAuch in Zukunft erfolgreich. Basic ECO.\r\n","button":{"value":"","url":"\/de\/basic-eco\/#kontakt","anchor":"Kontaktieren Sie uns","blank":"0"},"show_shares":false},{"_type":"stats","nav_title":"Erfolgsbilanz","title":"Unsere Erfolgsbilanz","image":"","columns":3,"stats":[{"_type":"_","metric":"1700+","title":"WEAs im Service"},{"_type":"_","metric":"1400+","title":"MW"},{"_type":"_","metric":"160+","title":"Angestellte"},{"_type":"_","metric":"50+","title":"Serviceteams"}]},{"_type":"textbox_image","nav_title":"Kostenoptimierung","background_color":"bg-primary","image_position":1,"image":"583","pretitle":"Kostenoptimierung","title":"Geringere Kosten bei gleichbleibend hohen Qualit\u00e4tsanspr\u00fcchen","text":"Es ist uns explizit bewusst, dass die Reduzierung der Kosten das Hauptanliegen von Windenergieanlagenbesitzern ist, die in die Post-EEG-Phase eintreten. Die Beibehaltung von Qualit\u00e4tsstandards ist jedoch ebenso wichtig. Dies bedeutet, dass viele Anlagenbesitzer mit einem scheinbar unl\u00f6sbaren Dilemma konfrontiert sind.\r\n\r\nWir haben eine Reihe von Ansatzpunkten ermittelt, um die Kosten zu senken und dennoch die Qualit\u00e4t zu halten. Dazu geh\u00f6ren unter anderem die Tourenplanung und Ersatzteilversorgung sowie der intelligente Einsatz unseres breiten Netzwerks von Kooperationspartnern.\r\n\r\nOptimierungen, die unter anderem im Basic ECO Modell enthalten sind:\r\n<ul>\r\n \t<li>Dynamischere Routenplanungen<\/li>\r\n \t<li>Gr\u00f6\u00dfere Zeitfenster bei Wartungen (+\/- 8 Wochen)<\/li>\r\n \t<li>St\u00f6rungsbehebungen schnellst m\u00f6glich nach Priorit\u00e4t<\/li>\r\n \t<li>Verwendung gebrauchter und \u00fcberholter Gro\u00dfkomponenten<\/li>\r\n<\/ul>","features":[],"button":{"value":"","url":"\/de\/basic-eco\/#kontakt","anchor":"Kontaktieren Sie uns","blank":"0"},"button2":{"value":"","url":"","anchor":"","blank":"0"}},{"_type":"textbox_image","nav_title":"Flexibilit\u00e4t","background_color":"bg-white","image_position":3,"image":"4047","pretitle":"Flexibilit\u00e4t","title":"Auf Ihre Bed\u00fcrfnisse zugeschnitten","text":"Wir wissen, dass Bed\u00fcrfnisse und Anforderungen variieren k\u00f6nnen. Aus diesem Grund bevorzugen wir flexible Leistungen gegen\u00fcber L\u00f6sungen von der Stange - das Basic ECO-Servicekonzept steht beispielhaft f\u00fcr unsere offene, engagierte Betrachtungsweise einer partnerschaftlichen Zusammenarbeit.\r\n\r\nW\u00e4hrend Basic ECO vollst\u00e4ndig auf den Weiterbetrieb von Altanlagen zugeschnitten ist, haben Sie dar\u00fcber hinaus immer die M\u00f6glichkeit, optionale Module in Ihren Vertrag aufzunehmen, falls der Leistungsumfang von Basic ECO nicht in allen Punkten Ihren Anforderungen entspricht.\r\n\r\nWenden Sie sich einfach an Ihren lokalen Vertriebsmitarbeiter, um mehr \u00fcber die Vielzahl Ihrer Optionen zu erfahren. Gemeinsam finden wir die optimale Service- und Instandhaltungsstrategie, die Ihren Anforderungen vollst\u00e4ndig gerecht wird.","features":[],"button":{"value":"","url":"\/de\/basic-eco\/#kontakt","anchor":"Kontaktieren Sie uns","blank":"0"},"button2":{"value":"","url":"","anchor":"","blank":"0"}},{"_type":"textbox_image","nav_title":"Erfahrung","background_color":"bg-secondary-light","image_position":1,"image":"4815","pretitle":"Erfahrung","title":"Wir stehen Ihnen wegweisend zur Seite","text":"Connected Wind Services hat sich seit der Gr\u00fcndung im Jahr 1987 als kompetenter unabh\u00e4ngigen Serviceanbieter bew\u00e4hrt.\r\n\r\nUnsere Vertragsmodelle passen wir kontinuierlich den sich rasch ver\u00e4ndernden Marktentwicklungen an. So unterst\u00fctzen wir Sie professionell mit einem Serviceportfolio, das von der Wartung \u00fcber Up-tower Reparaturen und dem Austausch von Gro\u00dfkomponenten bis hin zur 24\/7-\u00dcberwachung reicht.\r\n\r\nAuf den Punkt gebracht: Wir sind ein globaler unabh\u00e4ngiger Serviceanbieter mit \u00fcber 30 Jahren Erfahrung, der mit Herz und Verstand die Optimierung bestehender Windenergieanlagen lebt \u2013 und das in einer sich immer schneller vernetzenden Welt. Wir sind bereit, Sie tatkr\u00e4ftig in Ihrem individuellen Prozess zu unterst\u00fctzen.","features":[],"button":{"value":"","url":"\/de\/basic-eco\/#kontakt","anchor":"Kontaktieren Sie uns","blank":"0"},"button2":{"value":"","url":"","anchor":"","blank":"0"}},{"_type":"banner","nav_title":"Standorte","image":"1284","background_color":"bg-secondary-light","content_position":3,"pretitle":"Lokale Servicestationen","title":"Global denken. Auf lokaler Ebene handeln.","text":"Mit unseren mehr als 25 Servicestationen in Nordeuropa verf\u00fcgen wir \u00fcber die Voraussetzungen, um Ihren lokalen Anforderungen gerecht zu werden. Auf der interaktiven Landkarte sehen Sie, wo sich unsere Servicestationen befinden.\r\n\r\nNehmen Sie Kontakt mit Ihrem regionalen Vertreter auf, um ein Treffen zu vereinbaren.","button":{"value":"","url":"\/de\/servicestationen\/","anchor":"Wo Sie uns finden","blank":"0"}},{"_type":"contact","nav_title":"Kontakt","title":"Kontaktieren Sie uns","background":"bg-white","description":"Wir sind optimal aufgestellt, um Sie in der Post-EEG-Phase auch zuk\u00fcnftig erfolgreich weiterzubringen. Nehmen Sie mit Ihrem Ansprechpartner f\u00fcr Service- & Wartungsvertr\u00e4ge Kontakt auf, um mehr \u00fcber die M\u00f6glichkeiten und die Vorteile von Basic ECO zu erfahren.","drop_downs":[],"placeholder":"","to":"janpeter.vonhofe@connectedwind.com ","button":"Kontaktieren Sie uns","employees":[{"value":"post:employees:175","type":"post","subtype":"employees","id":"175"}],"hide_company":false}],"app_templates_support_top_banner_wwk8rlcm14vxe8gz":{"value":"","col":"6","position":"before"},"app_templates_support_top_banner_image":"","app_templates_support_top_banner_gddcqespul57za8d":{"value":"","col":"6","position":"before"},"app_templates_support_top_banner_zx3dchgjlfgs1djc":{"value":"","col":"6","position":"before"},"app_templates_support_top_banner_pretitle":"","app_templates_support_top_banner_title":"","app_templates_support_top_banner_pkt4egnjhhdzq3oo":{"value":"","col":"6","position":"before"},"app_templates_support_modules_modules":[],"_links":{"self":[{"href":"https:\/\/www.connectedwind.com\/de\/wp-json\/wp\/v2\/pages\/4738","targetHints":{"allow":["GET"]}}],"collection":[{"href":"https:\/\/www.connectedwind.com\/de\/wp-json\/wp\/v2\/pages"}],"about":[{"href":"https:\/\/www.connectedwind.com\/de\/wp-json\/wp\/v2\/types\/page"}],"author":[{"embeddable":true,"href":"https:\/\/www.connectedwind.com\/de\/wp-json\/wp\/v2\/users\/9"}],"replies":[{"embeddable":true,"href":"https:\/\/www.connectedwind.com\/de\/wp-json\/wp\/v2\/comments?post=4738"}],"version-history":[{"count":84,"href":"https:\/\/www.connectedwind.com\/de\/wp-json\/wp\/v2\/pages\/4738\/revisions"}],"predecessor-version":[{"id":5906,"href":"https:\/\/www.connectedwind.com\/de\/wp-json\/wp\/v2\/pages\/4738\/revisions\/5906"}],"wp:attachment":[{"href":"https:\/\/www.connectedwind.com\/de\/wp-json\/wp\/v2\/media?parent=4738"}],"curies":[{"name":"wp","href":"https:\/\/api.w.org\/{rel}","templated":true}]}}