{"id":5520,"date":"2020-05-27T07:58:03","date_gmt":"2020-05-27T05:58:03","guid":{"rendered":"https:\/\/www.connectedwind.com\/?page_id=5520"},"modified":"2023-01-17T11:34:43","modified_gmt":"2023-01-17T10:34:43","slug":"connected-verbindet","status":"publish","type":"page","link":"https:\/\/www.connectedwind.com\/de\/connected-verbindet\/","title":{"rendered":"Connected verbindet"},"content":{"rendered":"","protected":false},"excerpt":{"rendered":"","protected":false},"author":17,"featured_media":0,"parent":0,"menu_order":0,"comment_status":"closed","ping_status":"closed","template":"views\/template-modules.blade.php","meta":{"footnotes":""},"class_list":["post-5520","page","type-page","status-publish","hentry"],"yoast_head":"<!-- This site is optimized with the Yoast SEO plugin v24.7 - https:\/\/yoast.com\/wordpress\/plugins\/seo\/ -->\n<title>Connected verbindet - Connected Wind Services<\/title>\n<meta name=\"robots\" content=\"index, follow, max-snippet:-1, max-image-preview:large, max-video-preview:-1\" \/>\n<link rel=\"canonical\" href=\"https:\/\/www.connectedwind.com\/de\/connected-verbindet\/\" \/>\n<meta property=\"og:locale\" content=\"de_DE\" \/>\n<meta property=\"og:type\" content=\"article\" \/>\n<meta property=\"og:title\" content=\"Connected verbindet - Connected Wind Services\" \/>\n<meta property=\"og:url\" content=\"https:\/\/www.connectedwind.com\/de\/connected-verbindet\/\" \/>\n<meta property=\"og:site_name\" content=\"Connected Wind Services\" \/>\n<meta property=\"article:modified_time\" content=\"2023-01-17T10:34:43+00:00\" \/>\n<meta name=\"twitter:card\" content=\"summary_large_image\" \/>\n<script type=\"application\/ld+json\" class=\"yoast-schema-graph\">{\"@context\":\"https:\/\/schema.org\",\"@graph\":[{\"@type\":\"WebPage\",\"@id\":\"https:\/\/www.connectedwind.com\/de\/connected-verbindet\/\",\"url\":\"https:\/\/www.connectedwind.com\/de\/connected-verbindet\/\",\"name\":\"Connected verbindet - Connected Wind Services\",\"isPartOf\":{\"@id\":\"https:\/\/www.connectedwind.com\/fr\/#website\"},\"datePublished\":\"2020-05-27T05:58:03+00:00\",\"dateModified\":\"2023-01-17T10:34:43+00:00\",\"breadcrumb\":{\"@id\":\"https:\/\/www.connectedwind.com\/de\/connected-verbindet\/#breadcrumb\"},\"inLanguage\":\"de-DE\",\"potentialAction\":[{\"@type\":\"ReadAction\",\"target\":[\"https:\/\/www.connectedwind.com\/de\/connected-verbindet\/\"]}]},{\"@type\":\"BreadcrumbList\",\"@id\":\"https:\/\/www.connectedwind.com\/de\/connected-verbindet\/#breadcrumb\",\"itemListElement\":[{\"@type\":\"ListItem\",\"position\":1,\"name\":\"Home\",\"item\":\"https:\/\/www.connectedwind.com\/de\/\"},{\"@type\":\"ListItem\",\"position\":2,\"name\":\"Connected verbindet\"}]},{\"@type\":\"WebSite\",\"@id\":\"https:\/\/www.connectedwind.com\/fr\/#website\",\"url\":\"https:\/\/www.connectedwind.com\/fr\/\",\"name\":\"Connected Wind Services\",\"description\":\"ISP for reliable O&amp;M services &amp; parts\",\"potentialAction\":[{\"@type\":\"SearchAction\",\"target\":{\"@type\":\"EntryPoint\",\"urlTemplate\":\"https:\/\/www.connectedwind.com\/fr\/?s={search_term_string}\"},\"query-input\":{\"@type\":\"PropertyValueSpecification\",\"valueRequired\":true,\"valueName\":\"search_term_string\"}}],\"inLanguage\":\"de-DE\"}]}<\/script>\n<!-- \/ Yoast SEO plugin. -->","yoast_head_json":{"title":"Connected verbindet - Connected Wind Services","robots":{"index":"index","follow":"follow","max-snippet":"max-snippet:-1","max-image-preview":"max-image-preview:large","max-video-preview":"max-video-preview:-1"},"canonical":"https:\/\/www.connectedwind.com\/de\/connected-verbindet\/","og_locale":"de_DE","og_type":"article","og_title":"Connected verbindet - Connected Wind Services","og_url":"https:\/\/www.connectedwind.com\/de\/connected-verbindet\/","og_site_name":"Connected Wind Services","article_modified_time":"2023-01-17T10:34:43+00:00","twitter_card":"summary_large_image","schema":{"@context":"https:\/\/schema.org","@graph":[{"@type":"WebPage","@id":"https:\/\/www.connectedwind.com\/de\/connected-verbindet\/","url":"https:\/\/www.connectedwind.com\/de\/connected-verbindet\/","name":"Connected verbindet - Connected Wind Services","isPartOf":{"@id":"https:\/\/www.connectedwind.com\/fr\/#website"},"datePublished":"2020-05-27T05:58:03+00:00","dateModified":"2023-01-17T10:34:43+00:00","breadcrumb":{"@id":"https:\/\/www.connectedwind.com\/de\/connected-verbindet\/#breadcrumb"},"inLanguage":"de-DE","potentialAction":[{"@type":"ReadAction","target":["https:\/\/www.connectedwind.com\/de\/connected-verbindet\/"]}]},{"@type":"BreadcrumbList","@id":"https:\/\/www.connectedwind.com\/de\/connected-verbindet\/#breadcrumb","itemListElement":[{"@type":"ListItem","position":1,"name":"Home","item":"https:\/\/www.connectedwind.com\/de\/"},{"@type":"ListItem","position":2,"name":"Connected verbindet"}]},{"@type":"WebSite","@id":"https:\/\/www.connectedwind.com\/fr\/#website","url":"https:\/\/www.connectedwind.com\/fr\/","name":"Connected Wind Services","description":"ISP for reliable O&amp;M services &amp; parts","potentialAction":[{"@type":"SearchAction","target":{"@type":"EntryPoint","urlTemplate":"https:\/\/www.connectedwind.com\/fr\/?s={search_term_string}"},"query-input":{"@type":"PropertyValueSpecification","valueRequired":true,"valueName":"search_term_string"}}],"inLanguage":"de-DE"}]}},"app_templates_career_top_banner_zwn2gdyitssqivr0":{"value":"","col":"6","position":"before"},"app_templates_career_top_banner_image":"","app_templates_career_top_banner_ot0l8ajjljqxxlm9":{"value":"","col":"6","position":"before"},"app_templates_career_top_banner_lc3oshv61msefn9g":{"value":"","col":"6","position":"before"},"app_templates_career_top_banner_pretitle":"","app_templates_career_top_banner_title":"","app_templates_career_top_banner_iz4a10vfk34qqjc3":{"value":"","col":"6","position":"before"},"app_templates_career_modules_modules":[],"app_templates_contact_top_banner_7xovcpvnim9ljtwc":{"value":"","col":"6","position":"before"},"app_templates_contact_top_banner_image":"","app_templates_contact_top_banner_di5nsdl1lrt4qetp":{"value":"","col":"6","position":"before"},"app_templates_contact_top_banner_ihvp8yxluhbauzqv":{"value":"","col":"6","position":"before"},"app_templates_contact_top_banner_pretitle":"","app_templates_contact_top_banner_title":"","app_templates_contact_top_banner_ohsapsnwok0ndx4x":{"value":"","col":"6","position":"before"},"app_templates_contact_contact_title":"","app_templates_contact_contact_background":"bg-white","app_templates_contact_contact_description":"","app_templates_contact_contact_drop_downs":[],"app_templates_contact_contact_placeholder":"","app_templates_contact_contact_to":"","app_templates_contact_contact_button":"","app_templates_contact_contact_employees":[],"app_templates_contact_contact_hide_company":false,"app_templates_contact_offices_offices":[],"app_templates_contact_modules_modules":[],"app_templates_cookies_top_banner_r3waexmimy0wasgx":{"value":"","col":"6","position":"before"},"app_templates_cookies_top_banner_image":"","app_templates_cookies_top_banner_ahvkrhnhvh6kxlyq":{"value":"","col":"6","position":"before"},"app_templates_cookies_top_banner_gct3kcpcpkhqlwhk":{"value":"","col":"6","position":"before"},"app_templates_cookies_top_banner_pretitle":"","app_templates_cookies_top_banner_title":"","app_templates_cookies_top_banner_tkeo8g3p8l8im0cm":{"value":"","col":"6","position":"before"},"app_templates_customer_service_top_banner_nfu9erpahum5iino":{"value":"","col":"6","position":"before"},"app_templates_customer_service_top_banner_image":"","app_templates_customer_service_top_banner_al1kxu2g9fmenf2f":{"value":"","col":"6","position":"before"},"app_templates_customer_service_top_banner_ejs6iykr335vcsk6":{"value":"","col":"6","position":"before"},"app_templates_customer_service_top_banner_pretitle":"","app_templates_customer_service_top_banner_title":"","app_templates_customer_service_top_banner_vmofebapdnlarbrq":{"value":"","col":"6","position":"before"},"app_templates_customer_service_contact_title":"","app_templates_customer_service_contact_background":"bg-white","app_templates_customer_service_contact_description":"","app_templates_customer_service_contact_drop_downs":[],"app_templates_customer_service_contact_placeholder":"","app_templates_customer_service_contact_to":"","app_templates_customer_service_contact_button":"","app_templates_customer_service_contact_employees":[],"app_templates_customer_service_contact_hide_company":false,"app_templates_customer_service_contact_section_title":"","app_templates_customer_service_contact_section_description":"","app_templates_customer_service_contact_section_contact_info":[],"app_templates_customer_service_modules_modules":[],"app_templates_homepage_top_banner_image":"","app_templates_homepage_top_banner_video":"","app_templates_homepage_top_banner_title":"","app_templates_homepage_top_banner_description":"","app_templates_homepage_top_banner_button":{"value":"","url":"","anchor":"","blank":0},"app_templates_homepage_top_section_services":[],"app_templates_homepage_top_section_text":"","app_templates_homepage_top_section_button":{"value":"","url":"","anchor":"","blank":0},"app_templates_homepage_modules_modules":[],"app_templates_homepage_fr_top_banner_image":"","app_templates_homepage_fr_top_banner_video":"","app_templates_homepage_fr_top_banner_title":"","app_templates_homepage_fr_top_banner_description":"","app_templates_homepage_fr_top_banner_button":{"value":"","url":"","anchor":"","blank":0},"app_templates_homepage_fr_top_section_services":[],"app_templates_homepage_fr_top_section_text":"","app_templates_homepage_fr_top_section_button":{"value":"","url":"","anchor":"","blank":0},"app_templates_homepage_fr_modules_modules":[],"app_templates_iframe_top_banner_qomkon0eqdhng1pc":{"value":"","col":"6","position":"before"},"app_templates_iframe_top_banner_image":"","app_templates_iframe_top_banner_6fdvlw3y9l6n5no3":{"value":"","col":"6","position":"before"},"app_templates_iframe_top_banner_saabglhwy3bvraiw":{"value":"","col":"6","position":"before"},"app_templates_iframe_top_banner_pretitle":"","app_templates_iframe_top_banner_title":"","app_templates_iframe_top_banner_yrc0sbvrv540yvq1":{"value":"","col":"6","position":"before"},"app_templates_iframe_iframe_url":"","app_templates_map_top_banner_oxifpe6hjnihztds":{"value":"","col":"6","position":"before"},"app_templates_map_top_banner_image":"","app_templates_map_top_banner_1xgdaotceirhaffh":{"value":"","col":"6","position":"before"},"app_templates_map_top_banner_syrdajd5myio34qo":{"value":"","col":"6","position":"before"},"app_templates_map_top_banner_pretitle":"","app_templates_map_top_banner_title":"","app_templates_map_top_banner_3twsjqxkfmvmvjqg":{"value":"","col":"6","position":"before"},"app_templates_map_modules_modules":[],"app_templates_media_top_banner_6cha2nmjojkgrm9p":{"value":"","col":"6","position":"before"},"app_templates_media_top_banner_image":"","app_templates_media_top_banner_mi7jwhblgfozaenq":{"value":"","col":"6","position":"before"},"app_templates_media_top_banner_lfxdpkqxphzzsrn2":{"value":"","col":"6","position":"before"},"app_templates_media_top_banner_pretitle":"","app_templates_media_top_banner_title":"","app_templates_media_top_banner_p4lsy1vc3mtzyrnm":{"value":"","col":"6","position":"before"},"app_templates_media_modules_modules":[],"app_templates_modules_top_banner_agwbe2hp4rxldvjx":{"value":"","col":"6","position":"before"},"app_templates_modules_top_banner_image":"5523","app_templates_modules_top_banner_ksu4n7su22dncyod":{"value":"","col":"6","position":"before"},"app_templates_modules_top_banner_bjxhwkaaunsx1xi6":{"value":"","col":"6","position":"before"},"app_templates_modules_top_banner_pretitle":"Connected verbindet","app_templates_modules_top_banner_title":"Kooperation steigert Kompetenz und Kapazit\u00e4t ","app_templates_modules_top_banner_stjpkkijxnjbfbcg":{"value":"","col":"6","position":"before"},"app_templates_modules_modules_modules":[{"_type":"text_image","nav_title":"Einleitung","image":"5533","video":"","background_color":"bg-secondary-light","image_position":3,"pretitle":"","title":"Kooperation b\u00fcndelt Kr\u00e4fte \u2013 Zusammenhalt ist mit  A b s t a n d  die beste Medizin","subtitle":"Connected verbindet","text":"Connected Wind Services - unser Name ist Programm. Verbundenheit spielt in unserem Unternehmen seit jeher eine tragende Rolle: Wir stehen als Kollegen f\u00fcreinander ein und legen gro\u00dfen Wert auf eine partnerschaftliche Beziehung zu unseren Kunden und Lieferanten. Seit \u00fcber 30 Jahren kooperieren wir mit anderen ISPs und unterst\u00fctzen erfolgreiche Kompetenz-Zusammenschl\u00fcsse.\r\n\r\nAuch oder insbesondere in herausfordernden Zeiten stehen wir anderen ISPs tatkr\u00e4ftig zur Seite. Gern bieten wir weiteren ISPs eine Kooperation an. Setzen Sie jetzt auf Zusammenhalt. Mit uns steht Ihnen ein starker Partner zur Seite.\r\n\r\nIn Zukunft gemeinsam erfolgreich.","button":{"value":"","url":"\/de\/connected-verbindet\/#kontakt","anchor":"Kontaktieren Sie uns","blank":"0"},"show_shares":false},{"_type":"stats","nav_title":"Erfolgsbilanz","title":"","image":"","columns":3,"stats":[{"_type":"_","metric":"1700+","title":"WEAs im Service"},{"_type":"_","metric":"1400+","title":"MW"},{"_type":"_","metric":"160+","title":"Angestellte"},{"_type":"_","metric":"50+","title":"Serviceteams"}]},{"_type":"textbox_image","nav_title":"Karriere statt Krise","background_color":"bg-primary","image_position":1,"image":"5528","pretitle":"CWS verbindet","title":"Karriere statt Krise - Sicherheit ist mit  A b s t a n d  die beste Medizin","text":"Als erfahrener, unabh\u00e4ngiger Serviceanbieter auf dem Markt der erneuerbaren Energien und Tochter des EnBW-Konzerns sind wir ein attraktiver, stabiler Arbeitgeber. Wir z\u00e4hlen zur kritischen Infrastruktur, den Unternehmen, die in Krisenzeiten dazu beitragen, die Versorgung der Bev\u00f6lkerung zu gew\u00e4hrleisten. So sind wir in der Lage, auch in herausfordernden Zeiten weiteren Monteuren einen sicheren und nachhaltigen Arbeitsplatz zu bieten.\r\n\r\nSie haben eine fundierte Ausbildung mit elektromechanischem Hintergrund und erhoffen sich in dieser ungewissen Zeit einen sicheren Arbeitsplatz? Dann hei\u00dfen wir Sie in unserer gr\u00fcnen Branche herzlich willkommen.\r\n\r\nNehmen Sie jetzt mit uns Verbindung auf.","features":[],"button":{"value":"","url":"\/de\/connected-verbindet\/#kontakt","anchor":"Kontaktieren Sie uns","blank":"0"},"button2":{"value":"","url":"","anchor":"","blank":"0"}},{"_type":"contact","nav_title":"Kontakt","title":"Kontaktieren Sie uns","background":"bg-white","description":"Nehmen Sie mit Ihrem Ansprechpartner  Kontakt auf, um mehr dar\u00fcber zu erfahren, was wir f\u00fcr Sie tun k\u00f6nnen.\r\n\r\n","drop_downs":[],"placeholder":"Nachricht","to":"bewerbung@connectedwind.com ","button":"Anfrage senden","employees":[{"value":"post:employees:8045","type":"post","subtype":"employees","id":"8045"}],"hide_company":false}],"app_templates_support_top_banner_agznsa6bhsvc4otj":{"value":"","col":"6","position":"before"},"app_templates_support_top_banner_image":"","app_templates_support_top_banner_hldqn9ldz6otnvlv":{"value":"","col":"6","position":"before"},"app_templates_support_top_banner_lmhs12jjhgpydrs7":{"value":"","col":"6","position":"before"},"app_templates_support_top_banner_pretitle":"","app_templates_support_top_banner_title":"","app_templates_support_top_banner_tpmchtd3ljlf0itb":{"value":"","col":"6","position":"before"},"app_templates_support_modules_modules":[],"_links":{"self":[{"href":"https:\/\/www.connectedwind.com\/de\/wp-json\/wp\/v2\/pages\/5520","targetHints":{"allow":["GET"]}}],"collection":[{"href":"https:\/\/www.connectedwind.com\/de\/wp-json\/wp\/v2\/pages"}],"about":[{"href":"https:\/\/www.connectedwind.com\/de\/wp-json\/wp\/v2\/types\/page"}],"author":[{"embeddable":true,"href":"https:\/\/www.connectedwind.com\/de\/wp-json\/wp\/v2\/users\/17"}],"replies":[{"embeddable":true,"href":"https:\/\/www.connectedwind.com\/de\/wp-json\/wp\/v2\/comments?post=5520"}],"version-history":[{"count":18,"href":"https:\/\/www.connectedwind.com\/de\/wp-json\/wp\/v2\/pages\/5520\/revisions"}],"predecessor-version":[{"id":8179,"href":"https:\/\/www.connectedwind.com\/de\/wp-json\/wp\/v2\/pages\/5520\/revisions\/8179"}],"wp:attachment":[{"href":"https:\/\/www.connectedwind.com\/de\/wp-json\/wp\/v2\/media?parent=5520"}],"curies":[{"name":"wp","href":"https:\/\/api.w.org\/{rel}","templated":true}]}}