{"id":5820,"date":"2020-09-10T13:57:49","date_gmt":"2020-09-10T11:57:49","guid":{"rendered":"https:\/\/www.connectedwind.com\/?page_id=5820"},"modified":"2021-11-24T16:27:46","modified_gmt":"2021-11-24T15:27:46","slug":"bedarfsgesteuerte-nachtkennzeichnung","status":"publish","type":"page","link":"https:\/\/www.connectedwind.com\/de\/bedarfsgesteuerte-nachtkennzeichnung\/","title":{"rendered":"Bedarfsgesteuerte Nachtkennzeichnung"},"content":{"rendered":"","protected":false},"excerpt":{"rendered":"","protected":false},"author":17,"featured_media":0,"parent":0,"menu_order":0,"comment_status":"closed","ping_status":"closed","template":"views\/template-modules.blade.php","meta":{"footnotes":""},"class_list":["post-5820","page","type-page","status-publish","hentry"],"yoast_head":"<!-- This site is optimized with the Yoast SEO plugin v24.7 - https:\/\/yoast.com\/wordpress\/plugins\/seo\/ -->\n<title>Bedarfsgesteuerte Nachtkennzeichnung - Connected Wind Services<\/title>\n<meta name=\"robots\" content=\"index, follow, max-snippet:-1, max-image-preview:large, max-video-preview:-1\" \/>\n<link rel=\"canonical\" href=\"https:\/\/www.connectedwind.com\/de\/bedarfsgesteuerte-nachtkennzeichnung\/\" \/>\n<meta property=\"og:locale\" content=\"de_DE\" \/>\n<meta property=\"og:type\" content=\"article\" \/>\n<meta property=\"og:title\" content=\"Bedarfsgesteuerte Nachtkennzeichnung - Connected Wind Services\" \/>\n<meta property=\"og:url\" content=\"https:\/\/www.connectedwind.com\/de\/bedarfsgesteuerte-nachtkennzeichnung\/\" \/>\n<meta property=\"og:site_name\" content=\"Connected Wind Services\" \/>\n<meta property=\"article:modified_time\" content=\"2021-11-24T15:27:46+00:00\" \/>\n<meta name=\"twitter:card\" content=\"summary_large_image\" \/>\n<script type=\"application\/ld+json\" class=\"yoast-schema-graph\">{\"@context\":\"https:\/\/schema.org\",\"@graph\":[{\"@type\":\"WebPage\",\"@id\":\"https:\/\/www.connectedwind.com\/de\/bedarfsgesteuerte-nachtkennzeichnung\/\",\"url\":\"https:\/\/www.connectedwind.com\/de\/bedarfsgesteuerte-nachtkennzeichnung\/\",\"name\":\"Bedarfsgesteuerte Nachtkennzeichnung - Connected Wind Services\",\"isPartOf\":{\"@id\":\"https:\/\/www.connectedwind.com\/fr\/#website\"},\"datePublished\":\"2020-09-10T11:57:49+00:00\",\"dateModified\":\"2021-11-24T15:27:46+00:00\",\"breadcrumb\":{\"@id\":\"https:\/\/www.connectedwind.com\/de\/bedarfsgesteuerte-nachtkennzeichnung\/#breadcrumb\"},\"inLanguage\":\"de-DE\",\"potentialAction\":[{\"@type\":\"ReadAction\",\"target\":[\"https:\/\/www.connectedwind.com\/de\/bedarfsgesteuerte-nachtkennzeichnung\/\"]}]},{\"@type\":\"BreadcrumbList\",\"@id\":\"https:\/\/www.connectedwind.com\/de\/bedarfsgesteuerte-nachtkennzeichnung\/#breadcrumb\",\"itemListElement\":[{\"@type\":\"ListItem\",\"position\":1,\"name\":\"Home\",\"item\":\"https:\/\/www.connectedwind.com\/de\/\"},{\"@type\":\"ListItem\",\"position\":2,\"name\":\"Bedarfsgesteuerte Nachtkennzeichnung\"}]},{\"@type\":\"WebSite\",\"@id\":\"https:\/\/www.connectedwind.com\/fr\/#website\",\"url\":\"https:\/\/www.connectedwind.com\/fr\/\",\"name\":\"Connected Wind Services\",\"description\":\"ISP for reliable O&amp;M services &amp; parts\",\"potentialAction\":[{\"@type\":\"SearchAction\",\"target\":{\"@type\":\"EntryPoint\",\"urlTemplate\":\"https:\/\/www.connectedwind.com\/fr\/?s={search_term_string}\"},\"query-input\":{\"@type\":\"PropertyValueSpecification\",\"valueRequired\":true,\"valueName\":\"search_term_string\"}}],\"inLanguage\":\"de-DE\"}]}<\/script>\n<!-- \/ Yoast SEO plugin. -->","yoast_head_json":{"title":"Bedarfsgesteuerte Nachtkennzeichnung - Connected Wind Services","robots":{"index":"index","follow":"follow","max-snippet":"max-snippet:-1","max-image-preview":"max-image-preview:large","max-video-preview":"max-video-preview:-1"},"canonical":"https:\/\/www.connectedwind.com\/de\/bedarfsgesteuerte-nachtkennzeichnung\/","og_locale":"de_DE","og_type":"article","og_title":"Bedarfsgesteuerte Nachtkennzeichnung - Connected Wind Services","og_url":"https:\/\/www.connectedwind.com\/de\/bedarfsgesteuerte-nachtkennzeichnung\/","og_site_name":"Connected Wind Services","article_modified_time":"2021-11-24T15:27:46+00:00","twitter_card":"summary_large_image","schema":{"@context":"https:\/\/schema.org","@graph":[{"@type":"WebPage","@id":"https:\/\/www.connectedwind.com\/de\/bedarfsgesteuerte-nachtkennzeichnung\/","url":"https:\/\/www.connectedwind.com\/de\/bedarfsgesteuerte-nachtkennzeichnung\/","name":"Bedarfsgesteuerte Nachtkennzeichnung - Connected Wind Services","isPartOf":{"@id":"https:\/\/www.connectedwind.com\/fr\/#website"},"datePublished":"2020-09-10T11:57:49+00:00","dateModified":"2021-11-24T15:27:46+00:00","breadcrumb":{"@id":"https:\/\/www.connectedwind.com\/de\/bedarfsgesteuerte-nachtkennzeichnung\/#breadcrumb"},"inLanguage":"de-DE","potentialAction":[{"@type":"ReadAction","target":["https:\/\/www.connectedwind.com\/de\/bedarfsgesteuerte-nachtkennzeichnung\/"]}]},{"@type":"BreadcrumbList","@id":"https:\/\/www.connectedwind.com\/de\/bedarfsgesteuerte-nachtkennzeichnung\/#breadcrumb","itemListElement":[{"@type":"ListItem","position":1,"name":"Home","item":"https:\/\/www.connectedwind.com\/de\/"},{"@type":"ListItem","position":2,"name":"Bedarfsgesteuerte Nachtkennzeichnung"}]},{"@type":"WebSite","@id":"https:\/\/www.connectedwind.com\/fr\/#website","url":"https:\/\/www.connectedwind.com\/fr\/","name":"Connected Wind Services","description":"ISP for reliable O&amp;M services &amp; parts","potentialAction":[{"@type":"SearchAction","target":{"@type":"EntryPoint","urlTemplate":"https:\/\/www.connectedwind.com\/fr\/?s={search_term_string}"},"query-input":{"@type":"PropertyValueSpecification","valueRequired":true,"valueName":"search_term_string"}}],"inLanguage":"de-DE"}]}},"app_templates_career_top_banner_zbphhqufvxwshqf0":{"value":"","col":"6","position":"before"},"app_templates_career_top_banner_image":"","app_templates_career_top_banner_8lalw1gpf0bocjrv":{"value":"","col":"6","position":"before"},"app_templates_career_top_banner_fmxo4bmnchfpbuah":{"value":"","col":"6","position":"before"},"app_templates_career_top_banner_pretitle":"","app_templates_career_top_banner_title":"","app_templates_career_top_banner_rhtkeiojpnwpxgu3":{"value":"","col":"6","position":"before"},"app_templates_career_modules_modules":[],"app_templates_contact_top_banner_pu0ztnd6t8ow63lo":{"value":"","col":"6","position":"before"},"app_templates_contact_top_banner_image":"","app_templates_contact_top_banner_doqnbiodekkcgsq3":{"value":"","col":"6","position":"before"},"app_templates_contact_top_banner_qu5pxdzwis7tdc7y":{"value":"","col":"6","position":"before"},"app_templates_contact_top_banner_pretitle":"","app_templates_contact_top_banner_title":"","app_templates_contact_top_banner_lvtlvxvkdzkckiwv":{"value":"","col":"6","position":"before"},"app_templates_contact_contact_title":"","app_templates_contact_contact_background":"bg-white","app_templates_contact_contact_description":"","app_templates_contact_contact_drop_downs":[],"app_templates_contact_contact_placeholder":"","app_templates_contact_contact_to":"","app_templates_contact_contact_button":"","app_templates_contact_contact_employees":[],"app_templates_contact_contact_hide_company":false,"app_templates_contact_offices_offices":[],"app_templates_contact_modules_modules":[],"app_templates_cookies_top_banner_nmx6d2afmky3jppm":{"value":"","col":"6","position":"before"},"app_templates_cookies_top_banner_image":"","app_templates_cookies_top_banner_g7054xaevnfjjsxh":{"value":"","col":"6","position":"before"},"app_templates_cookies_top_banner_muji1vygezhaorif":{"value":"","col":"6","position":"before"},"app_templates_cookies_top_banner_pretitle":"","app_templates_cookies_top_banner_title":"","app_templates_cookies_top_banner_wozvuihx1qd0ilkx":{"value":"","col":"6","position":"before"},"app_templates_customer_service_top_banner_dseu859ipdqznbur":{"value":"","col":"6","position":"before"},"app_templates_customer_service_top_banner_image":"","app_templates_customer_service_top_banner_33yl30ssfs9slb46":{"value":"","col":"6","position":"before"},"app_templates_customer_service_top_banner_tuwl2cxzrehyqqdg":{"value":"","col":"6","position":"before"},"app_templates_customer_service_top_banner_pretitle":"","app_templates_customer_service_top_banner_title":"","app_templates_customer_service_top_banner_qphc0q9wumuq4hev":{"value":"","col":"6","position":"before"},"app_templates_customer_service_contact_title":"","app_templates_customer_service_contact_background":"bg-white","app_templates_customer_service_contact_description":"","app_templates_customer_service_contact_drop_downs":[],"app_templates_customer_service_contact_placeholder":"","app_templates_customer_service_contact_to":"","app_templates_customer_service_contact_button":"","app_templates_customer_service_contact_employees":[],"app_templates_customer_service_contact_hide_company":false,"app_templates_customer_service_contact_section_title":"","app_templates_customer_service_contact_section_description":"","app_templates_customer_service_contact_section_contact_info":[],"app_templates_customer_service_modules_modules":[],"app_templates_homepage_top_banner_image":"","app_templates_homepage_top_banner_video":"","app_templates_homepage_top_banner_title":"","app_templates_homepage_top_banner_description":"","app_templates_homepage_top_banner_button":{"value":"","url":"","anchor":"","blank":0},"app_templates_homepage_top_section_services":[],"app_templates_homepage_top_section_text":"","app_templates_homepage_top_section_button":{"value":"","url":"","anchor":"","blank":0},"app_templates_homepage_modules_modules":[],"app_templates_homepage_fr_top_banner_image":"","app_templates_homepage_fr_top_banner_video":"","app_templates_homepage_fr_top_banner_title":"","app_templates_homepage_fr_top_banner_description":"","app_templates_homepage_fr_top_banner_button":{"value":"","url":"","anchor":"","blank":0},"app_templates_homepage_fr_top_section_services":[],"app_templates_homepage_fr_top_section_text":"","app_templates_homepage_fr_top_section_button":{"value":"","url":"","anchor":"","blank":0},"app_templates_homepage_fr_modules_modules":[],"app_templates_iframe_top_banner_eykulwnbcxhn5plb":{"value":"","col":"6","position":"before"},"app_templates_iframe_top_banner_image":"","app_templates_iframe_top_banner_9r2ryvuljyz93ecd":{"value":"","col":"6","position":"before"},"app_templates_iframe_top_banner_g5g1pq9titfe1fym":{"value":"","col":"6","position":"before"},"app_templates_iframe_top_banner_pretitle":"","app_templates_iframe_top_banner_title":"","app_templates_iframe_top_banner_8zgolnndvbfdnmcs":{"value":"","col":"6","position":"before"},"app_templates_iframe_iframe_url":"","app_templates_map_top_banner_3rhrceqekrvrb5te":{"value":"","col":"6","position":"before"},"app_templates_map_top_banner_image":"","app_templates_map_top_banner_wfzof3ndwfvg8jje":{"value":"","col":"6","position":"before"},"app_templates_map_top_banner_qdgosddpd7c5qc1d":{"value":"","col":"6","position":"before"},"app_templates_map_top_banner_pretitle":"","app_templates_map_top_banner_title":"","app_templates_map_top_banner_9o8ocrec57hcptf1":{"value":"","col":"6","position":"before"},"app_templates_map_modules_modules":[],"app_templates_media_top_banner_6new0v30g4nxlp6d":{"value":"","col":"6","position":"before"},"app_templates_media_top_banner_image":"","app_templates_media_top_banner_aqj13yihe22bvz4h":{"value":"","col":"6","position":"before"},"app_templates_media_top_banner_nzspr8tpxwxfooyz":{"value":"","col":"6","position":"before"},"app_templates_media_top_banner_pretitle":"","app_templates_media_top_banner_title":"","app_templates_media_top_banner_l68ylf71n2bhgn7d":{"value":"","col":"6","position":"before"},"app_templates_media_modules_modules":[],"app_templates_modules_top_banner_rmcdhlu0jnlqc57h":{"value":"","col":"6","position":"before"},"app_templates_modules_top_banner_image":"5892","app_templates_modules_top_banner_3y3jh59rtjp78ahb":{"value":"","col":"6","position":"before"},"app_templates_modules_top_banner_iyjyeg4jjghnaafd":{"value":"","col":"6","position":"before"},"app_templates_modules_top_banner_pretitle":"Transponder BNK-System","app_templates_modules_top_banner_title":"Bedarfsgesteuerte Nachtkennzeichnung","app_templates_modules_top_banner_6e3w4w738dlhn32j":{"value":"","col":"6","position":"before"},"app_templates_modules_modules_modules":[{"_type":"text_image","nav_title":"Einleitung","image":"5899","video":"","background_color":"bg-secondary-light","image_position":3,"pretitle":"","title":"Bedarfsgesteuerte Nachtkennzeichnung","subtitle":"Bestellung, Lieferung und Installation der ersten zugelassenen, baumustergepr\u00fcften Transponder BNK-Systeme und Passiv-Radar L\u00f6sungen jetzt auch \u00fcber CWS m\u00f6glich","text":"Die Allgemeine Verwaltungsvorschrift (AVV) zur Kennzeichnung von Luftfahrthindernissen wurde per Bundesratsbeschluss am 14. Februar 2020 verabschiedet. Windenergieanlagen sollen nunmehr nur noch bei Bedarf nachts befeuert werden- eben dann, wenn sich ein Flugobjekt tats\u00e4chlich n\u00e4hert.\r\n\r\nIn 14 Monaten - Ende 2022 - l\u00e4uft die bestehende Frist zur Nachr\u00fcstung der Bedarfsgerechten Nachtkennzeichnung (BNK) in bestehenden Windparks aus, das hei\u00dft die Marktpr\u00e4mie als Teil der EEG-Verg\u00fctung w\u00fcrde bei Nichteinhaltung gef\u00e4hrdet sein. Wer jetzt hoch pokert und auf eine erneute Verl\u00e4ngerung der Frist setzt, k\u00f6nnte am Ende einen Teil der Verg\u00fctung verloren haben.\r\n\r\nDeshalb bieten wir gemeinsam mit unseren Kooperationspartnern und BNK Spezialisten Parasol GmbH &amp; Co.KG sowie Lanthan Safe Sky GmbH (LSS) die Bestellung, Lieferung und Installation der passenden Passiv-Radar L\u00f6sung oder Transponder BNK-Systeme auch \u00fcber unseren Servicebetrieb und integriert in unsere CWS-Serviceprodukte an.\r\n\r\n&nbsp;","button":{"value":"","url":"\/de\/bedarfsgesteuerte-nachtkennzeichnung\/#kontakt","anchor":"Kontaktieren Sie uns","blank":"0"},"show_shares":false},{"_type":"stats","nav_title":"Erfolgsbilanz","title":"Unsere Erfolgsbilanz","image":"","columns":3,"stats":[{"_type":"_","metric":"1700+","title":"WEAs im Service"},{"_type":"_","metric":"1400+","title":"MW"},{"_type":"_","metric":" 160+ ","title":"Angestellte"},{"_type":"_","metric":"50+","title":"Serviceteams"}]},{"_type":"text_image","nav_title":"BNK Passiv-Radar-L\u00f6sung","image":"7589","video":"","background_color":"bg-secondary-light","image_position":1,"pretitle":"","title":"","subtitle":"Die Passiv-Radar-L\u00f6sung zur bedarfsgesteuerten Nachtkennzeichnung f\u00fcr Windkraftanlagen","text":"Parasol-System nutzt vorhandene Radio- und Fernsehsignale, die in Deutschland fl\u00e4chendeckend verf\u00fcgbar sind. Es braucht somit keine eigene Strahlung auszusenden und ben\u00f6tigt keine eigene Frequenzzuteilung der BNetzA und hat dadurch geringere laufende Kosten. Zudem besteht keine Abh\u00e4ngigkeit zu Patentgebern und somit keine Kostenabh\u00e4ngigkeit.\r\n\r\nParasol erkennt relevante Flugobjekte punktgenau und stellt damit sicher, dass die Befeuerung von Windparks ausschlie\u00dflich aktiviert wird, wenn sich tats\u00e4chlich ein Flugobjekt in relevanter N\u00e4he zum Windpark befindet. Anhand der Signallaufzeitberechnung und des Dopplereffektes kann es den Standort eines Flugobjektes wie ein 3D-Radar exakt ausmachen. Fremdsignale von Windkraftfl\u00fcgeln, Vogelschw\u00e4rmen oder Autos werden erkannt und aussortiert, sodass die Beleuchtung der Windkraftanlagen nur im Bedarfsfall eingeschaltet werden muss. Dadurch entstehen sehr geringe Beleuchtungszeiten (&lt;6%) und eine wirkliche Verbesserung f\u00fcr windparknahe Anwohner, f\u00fcr die umliegenden Gemeinden und letztlich f\u00fcr die Akzeptanz.\r\n\r\nDas System ist sicher und flugrechtlich anerkannt und wird als Komplettl\u00f6sung dem Anlagenbetreiber bereitgestellt. Dieses Modell \u00e4hnelt dem Leasingvertrag eines Autos. Es ist ohne Risiko und bei klar abgesteckten finanziellen Aufw\u00e4nden realisierbar. Darin enthalten sind die gesamten Projektaufw\u00e4nde, wie Anerkennungsdurchf\u00fchrung, Befliegung mit eigenen Flugzeugen und Einbindung der WEA mit dazu.\r\n\r\n&nbsp;","button":{"value":"","url":"","anchor":"","blank":"0"},"show_shares":false},{"_type":"textbox_image","nav_title":"Transponder BNK-System","background_color":"bg-primary","image_position":1,"image":"5808","pretitle":"Transponder BNK-System","title":"Einfache Schnittstellenintegration f\u00fcr diverse Anlagentypen","text":"Konfiguriert und ausgelegt wird das Transponder BNK-System durch den BNK-Systemanbieter Lanthan Safe Sky GmbH (LSS). Die Systemintegration erfolgt entweder \u00fcber die seit jeher bew\u00e4hrten LSS-Komponenten oder durch eine von Connected Wind Services entwickelte zentrale Schnittstelle. Geeignet ist diese f\u00fcr Windenergieanlagen mit Mita-Steuerung. Es sind dar\u00fcber hinaus je nach Parkkonfiguration auch Steuerungstypen anderer Anlagenhersteller \u00fcber eine zentrale Schnittstelle realisierbar.\r\n\r\nDie von LSS bereitgestellte Master-Einheit (ATS-3) wird im Maschinenhaus einer Windenergieanlage im Windpark installiert. Diese empf\u00e4ngt die Signale der in den Luftfahrzeugen befindlichen Transponder und leitet sie an den ATS-Server weiter. Die weitergeleiteten Signale werden umgehend ausgewertet und an die Slave\u2013Einheit (ATS-4) versendet. Der ATS-4 wird von Connected Wind Services an einer zentralen Position im Windpark platziert, um hier zum Beispiel \u00fcber das bestehende Mita Arcnet\u2013Netzwerk an jede Windenergieanlage ein Signal zu \u00fcbermitteln, welches die Flugbefeuerung fr\u00fchzeitig aktiviert.\r\n\r\n<img class=\"alignnone size-medium wp-image-5959\" src=\"\/app\/uploads\/2020\/09\/20200317_Lanthan_sky_safety_Logo_RGB_min-600x611.png\" alt=\"\" width=\"125\" height=\"125\" \/>","features":[],"button":{"value":"","url":"https:\/\/www.lanthan-safe-sky.com\/bnk\/","anchor":"Illustration der Funktionsweise","blank":"1"},"button2":{"value":"","url":"","anchor":"","blank":"0"}},{"_type":"textbox_image","nav_title":"Liefer- und Leistungsumfang ","background_color":"bg-white","image_position":3,"image":"5834","pretitle":"Ihre Vorteile","title":"Flexible L\u00f6sungsangebote f\u00fcr die Nachr\u00fcstung","text":"Connected Wind Services erm\u00f6glicht die Aufnahme des BNK-Systems in den bestehenden Wartungsvertrag, um die Nachr\u00fcstung der Windenergieanlage und den Austausch der Flugbefeuerung aus der Hand Ihres Wartungsanbieters zu erhalten. Dar\u00fcber hinaus kann die Nachr\u00fcstung von uns unabh\u00e4ngig vom bestehenden Wartungsvertrag oder den OEM-Produkten erfolgen. Somit bieten wir den gesamten Liefer- und Leistungsumfang f\u00fcr unsere Kunden an. Auch ist jede Mischform der Belieferung und Installation von BNK-System, Windenergieanlage und Flugbefeuerungsnach-r\u00fcstung m\u00f6glich.\r\n\r\n<strong>Ihre Vorteile im \u00dcberblick:<\/strong>\r\n\r\nNachr\u00fcstung der WEA und Austausch der Flugbefeuerung aus der Hand Ihres Wartungsanbieters\r\n\r\nNachr\u00fcstung unabh\u00e4ngig vom bestehenden Wartungsvertrag oder OEM-Produkten\r\n\r\nGesamter Liefer- und Leistungsumfang wird angeboten\r\n\r\nJede Mischform der Belieferung und Installation von BNK-System m\u00f6glich","features":[{"_type":"_","feature":"Nachr\u00fcstung der WEA und Austausch der Flugbefeuerung aus der Hand Ihres Wartungsanbieters"},{"_type":"_","feature":"Nachr\u00fcstung unabh\u00e4ngig vom bestehenden Wartungsvertrag oder OEM-Produkten"},{"_type":"_","feature":" Gesamter Liefer- und Leistungsumfang wird angeboten"},{"_type":"_","feature":"Jede Mischform der Belieferung und Installation von BNK-System m\u00f6glich"}],"button":{"value":"","url":"\/de\/?page_id=5820&preview=true#kontakt","anchor":"Kontaktieren Sie uns","blank":"0"},"button2":{"value":"","url":"","anchor":"","blank":"0"}},{"_type":"banner","nav_title":"Standorte","image":"1284","background_color":"bg-secondary-light","content_position":3,"pretitle":"Lokale Servicestationen","title":"Global denken. Auf lokaler Ebene handeln.","text":"Mit unseren mehr als 25 Servicestationen in Nordeuropa verf\u00fcgen wir \u00fcber die Voraussetzungen, um Ihren lokalen Anforderungen gerecht zu werden. Auf der interaktiven Landkarte sehen Sie, wo sich unsere Servicestationen befinden.\r\n\r\nNehmen Sie Kontakt mit Ihrem regionalen Vertreter auf, um ein Treffen zu vereinbaren.","button":{"value":"","url":"\/de\/servicestationen\/","anchor":"Wo Sie uns finden","blank":"0"}},{"_type":"contact","nav_title":"Kontakt","title":"Kontaktieren Sie uns","background":"bg-white","description":"Nehmen Sie mit Ihrem Ansprechpartner f\u00fcr Bedarfsgesteuerte Nachtkennzeichnung Kontakt auf, um mehr dar\u00fcber zu erfahren, \r\nwas wir f\u00fcr Sie tun k\u00f6nnen.\r\n\r\nSie k\u00f6nnen auch direkt ein Angebot anfordern.","drop_downs":["turbinentyp"],"placeholder":"Nachricht","to":"janpeter.vonhofe@connectedwind.com  ","button":"Anfrage senden","employees":[{"value":"post:employees:971","type":"post","subtype":"employees","id":"971"}],"hide_company":false}],"app_templates_support_top_banner_mdbgce8ypaoz0gen":{"value":"","col":"6","position":"before"},"app_templates_support_top_banner_image":"","app_templates_support_top_banner_ce4c83axqu14og4d":{"value":"","col":"6","position":"before"},"app_templates_support_top_banner_eypwcnvwzxjvture":{"value":"","col":"6","position":"before"},"app_templates_support_top_banner_pretitle":"","app_templates_support_top_banner_title":"","app_templates_support_top_banner_ncaxjqjharcjyytu":{"value":"","col":"6","position":"before"},"app_templates_support_modules_modules":[],"_links":{"self":[{"href":"https:\/\/www.connectedwind.com\/de\/wp-json\/wp\/v2\/pages\/5820","targetHints":{"allow":["GET"]}}],"collection":[{"href":"https:\/\/www.connectedwind.com\/de\/wp-json\/wp\/v2\/pages"}],"about":[{"href":"https:\/\/www.connectedwind.com\/de\/wp-json\/wp\/v2\/types\/page"}],"author":[{"embeddable":true,"href":"https:\/\/www.connectedwind.com\/de\/wp-json\/wp\/v2\/users\/17"}],"replies":[{"embeddable":true,"href":"https:\/\/www.connectedwind.com\/de\/wp-json\/wp\/v2\/comments?post=5820"}],"version-history":[{"count":79,"href":"https:\/\/www.connectedwind.com\/de\/wp-json\/wp\/v2\/pages\/5820\/revisions"}],"predecessor-version":[{"id":7595,"href":"https:\/\/www.connectedwind.com\/de\/wp-json\/wp\/v2\/pages\/5820\/revisions\/7595"}],"wp:attachment":[{"href":"https:\/\/www.connectedwind.com\/de\/wp-json\/wp\/v2\/media?parent=5820"}],"curies":[{"name":"wp","href":"https:\/\/api.w.org\/{rel}","templated":true}]}}