{"id":7425,"date":"2021-06-18T09:55:17","date_gmt":"2021-06-18T07:55:17","guid":{"rendered":"https:\/\/www.connectedwind.com\/videos\/"},"modified":"2022-05-24T19:38:08","modified_gmt":"2022-05-24T17:38:08","slug":"videos","status":"publish","type":"page","link":"https:\/\/www.connectedwind.com\/de\/videos\/","title":{"rendered":"Videos"},"content":{"rendered":"","protected":false},"excerpt":{"rendered":"","protected":false},"author":14,"featured_media":0,"parent":0,"menu_order":0,"comment_status":"closed","ping_status":"closed","template":"views\/template-media.blade.php","meta":{"footnotes":""},"class_list":["post-7425","page","type-page","status-publish","hentry"],"yoast_head":"<!-- This site is optimized with the Yoast SEO plugin v24.7 - https:\/\/yoast.com\/wordpress\/plugins\/seo\/ -->\n<title>Videos - Connected Wind Services<\/title>\n<meta name=\"robots\" content=\"index, follow, max-snippet:-1, max-image-preview:large, max-video-preview:-1\" \/>\n<link rel=\"canonical\" href=\"https:\/\/www.connectedwind.com\/de\/videos\/\" \/>\n<meta property=\"og:locale\" content=\"de_DE\" \/>\n<meta property=\"og:type\" content=\"article\" \/>\n<meta property=\"og:title\" content=\"Videos - Connected Wind Services\" \/>\n<meta property=\"og:url\" content=\"https:\/\/www.connectedwind.com\/de\/videos\/\" \/>\n<meta property=\"og:site_name\" content=\"Connected Wind Services\" \/>\n<meta property=\"article:modified_time\" content=\"2022-05-24T17:38:08+00:00\" \/>\n<meta name=\"twitter:card\" content=\"summary_large_image\" \/>\n<script type=\"application\/ld+json\" class=\"yoast-schema-graph\">{\"@context\":\"https:\/\/schema.org\",\"@graph\":[{\"@type\":\"WebPage\",\"@id\":\"https:\/\/www.connectedwind.com\/de\/videos\/\",\"url\":\"https:\/\/www.connectedwind.com\/de\/videos\/\",\"name\":\"Videos - Connected Wind Services\",\"isPartOf\":{\"@id\":\"https:\/\/www.connectedwind.com\/fr\/#website\"},\"datePublished\":\"2021-06-18T07:55:17+00:00\",\"dateModified\":\"2022-05-24T17:38:08+00:00\",\"breadcrumb\":{\"@id\":\"https:\/\/www.connectedwind.com\/de\/videos\/#breadcrumb\"},\"inLanguage\":\"de-DE\",\"potentialAction\":[{\"@type\":\"ReadAction\",\"target\":[\"https:\/\/www.connectedwind.com\/de\/videos\/\"]}]},{\"@type\":\"BreadcrumbList\",\"@id\":\"https:\/\/www.connectedwind.com\/de\/videos\/#breadcrumb\",\"itemListElement\":[{\"@type\":\"ListItem\",\"position\":1,\"name\":\"Home\",\"item\":\"https:\/\/www.connectedwind.com\/de\/\"},{\"@type\":\"ListItem\",\"position\":2,\"name\":\"Videos\"}]},{\"@type\":\"WebSite\",\"@id\":\"https:\/\/www.connectedwind.com\/fr\/#website\",\"url\":\"https:\/\/www.connectedwind.com\/fr\/\",\"name\":\"Connected Wind Services\",\"description\":\"ISP for reliable O&amp;M services &amp; parts\",\"potentialAction\":[{\"@type\":\"SearchAction\",\"target\":{\"@type\":\"EntryPoint\",\"urlTemplate\":\"https:\/\/www.connectedwind.com\/fr\/?s={search_term_string}\"},\"query-input\":{\"@type\":\"PropertyValueSpecification\",\"valueRequired\":true,\"valueName\":\"search_term_string\"}}],\"inLanguage\":\"de-DE\"}]}<\/script>\n<!-- \/ Yoast SEO plugin. -->","yoast_head_json":{"title":"Videos - Connected Wind Services","robots":{"index":"index","follow":"follow","max-snippet":"max-snippet:-1","max-image-preview":"max-image-preview:large","max-video-preview":"max-video-preview:-1"},"canonical":"https:\/\/www.connectedwind.com\/de\/videos\/","og_locale":"de_DE","og_type":"article","og_title":"Videos - Connected Wind Services","og_url":"https:\/\/www.connectedwind.com\/de\/videos\/","og_site_name":"Connected Wind Services","article_modified_time":"2022-05-24T17:38:08+00:00","twitter_card":"summary_large_image","schema":{"@context":"https:\/\/schema.org","@graph":[{"@type":"WebPage","@id":"https:\/\/www.connectedwind.com\/de\/videos\/","url":"https:\/\/www.connectedwind.com\/de\/videos\/","name":"Videos - Connected Wind Services","isPartOf":{"@id":"https:\/\/www.connectedwind.com\/fr\/#website"},"datePublished":"2021-06-18T07:55:17+00:00","dateModified":"2022-05-24T17:38:08+00:00","breadcrumb":{"@id":"https:\/\/www.connectedwind.com\/de\/videos\/#breadcrumb"},"inLanguage":"de-DE","potentialAction":[{"@type":"ReadAction","target":["https:\/\/www.connectedwind.com\/de\/videos\/"]}]},{"@type":"BreadcrumbList","@id":"https:\/\/www.connectedwind.com\/de\/videos\/#breadcrumb","itemListElement":[{"@type":"ListItem","position":1,"name":"Home","item":"https:\/\/www.connectedwind.com\/de\/"},{"@type":"ListItem","position":2,"name":"Videos"}]},{"@type":"WebSite","@id":"https:\/\/www.connectedwind.com\/fr\/#website","url":"https:\/\/www.connectedwind.com\/fr\/","name":"Connected Wind Services","description":"ISP for reliable O&amp;M services &amp; parts","potentialAction":[{"@type":"SearchAction","target":{"@type":"EntryPoint","urlTemplate":"https:\/\/www.connectedwind.com\/fr\/?s={search_term_string}"},"query-input":{"@type":"PropertyValueSpecification","valueRequired":true,"valueName":"search_term_string"}}],"inLanguage":"de-DE"}]}},"app_templates_career_top_banner_50h2tfjomwlymiwx":{"value":"","col":"6","position":"before"},"app_templates_career_top_banner_image":"","app_templates_career_top_banner_ci4iaa2upruaqkbp":{"value":"","col":"6","position":"before"},"app_templates_career_top_banner_q6isfjxhbemymbq5":{"value":"","col":"6","position":"before"},"app_templates_career_top_banner_pretitle":"","app_templates_career_top_banner_title":"","app_templates_career_top_banner_6rzruqjbihjo3xlh":{"value":"","col":"6","position":"before"},"app_templates_career_modules_modules":[],"app_templates_contact_top_banner_baasvlueco1peawr":{"value":"","col":"6","position":"before"},"app_templates_contact_top_banner_image":"","app_templates_contact_top_banner_88qzficv2nkjt61z":{"value":"","col":"6","position":"before"},"app_templates_contact_top_banner_55u9dfvdqlmho4my":{"value":"","col":"6","position":"before"},"app_templates_contact_top_banner_pretitle":"","app_templates_contact_top_banner_title":"","app_templates_contact_top_banner_5dthnebt486bf1xw":{"value":"","col":"6","position":"before"},"app_templates_contact_contact_title":"","app_templates_contact_contact_background":"bg-white","app_templates_contact_contact_description":"","app_templates_contact_contact_drop_downs":[],"app_templates_contact_contact_placeholder":"","app_templates_contact_contact_to":"","app_templates_contact_contact_button":"","app_templates_contact_contact_employees":[],"app_templates_contact_contact_hide_company":false,"app_templates_contact_offices_offices":[],"app_templates_contact_modules_modules":[],"app_templates_cookies_top_banner_gjf8ngke1kfzngav":{"value":"","col":"6","position":"before"},"app_templates_cookies_top_banner_image":"","app_templates_cookies_top_banner_xxnxzgxjbsaxdrjb":{"value":"","col":"6","position":"before"},"app_templates_cookies_top_banner_zivaho1el3glcrll":{"value":"","col":"6","position":"before"},"app_templates_cookies_top_banner_pretitle":"","app_templates_cookies_top_banner_title":"","app_templates_cookies_top_banner_udkd7ng5n5kpetjd":{"value":"","col":"6","position":"before"},"app_templates_customer_service_top_banner_4id14j4rzafm1pzc":{"value":"","col":"6","position":"before"},"app_templates_customer_service_top_banner_image":"","app_templates_customer_service_top_banner_brppx8euwwczz0ix":{"value":"","col":"6","position":"before"},"app_templates_customer_service_top_banner_wbvtqatbxa83ai9i":{"value":"","col":"6","position":"before"},"app_templates_customer_service_top_banner_pretitle":"","app_templates_customer_service_top_banner_title":"","app_templates_customer_service_top_banner_lmofkwm0oirtnlmu":{"value":"","col":"6","position":"before"},"app_templates_customer_service_contact_title":"","app_templates_customer_service_contact_background":"bg-white","app_templates_customer_service_contact_description":"","app_templates_customer_service_contact_drop_downs":[],"app_templates_customer_service_contact_placeholder":"","app_templates_customer_service_contact_to":"","app_templates_customer_service_contact_button":"","app_templates_customer_service_contact_employees":[],"app_templates_customer_service_contact_hide_company":false,"app_templates_customer_service_contact_section_title":"","app_templates_customer_service_contact_section_description":"","app_templates_customer_service_contact_section_contact_info":[],"app_templates_customer_service_modules_modules":[],"app_templates_homepage_top_banner_image":"","app_templates_homepage_top_banner_video":"","app_templates_homepage_top_banner_title":"","app_templates_homepage_top_banner_description":"","app_templates_homepage_top_banner_button":{"value":"","url":"","anchor":"","blank":0},"app_templates_homepage_top_section_services":[],"app_templates_homepage_top_section_text":"","app_templates_homepage_top_section_button":{"value":"","url":"","anchor":"","blank":0},"app_templates_homepage_modules_modules":[],"app_templates_homepage_fr_top_banner_image":"","app_templates_homepage_fr_top_banner_video":"","app_templates_homepage_fr_top_banner_title":"","app_templates_homepage_fr_top_banner_description":"","app_templates_homepage_fr_top_banner_button":{"value":"","url":"","anchor":"","blank":0},"app_templates_homepage_fr_top_section_services":[],"app_templates_homepage_fr_top_section_text":"","app_templates_homepage_fr_top_section_button":{"value":"","url":"","anchor":"","blank":0},"app_templates_homepage_fr_modules_modules":[],"app_templates_iframe_top_banner_fl8dpdb5snq8zx6d":{"value":"","col":"6","position":"before"},"app_templates_iframe_top_banner_image":"","app_templates_iframe_top_banner_zq9q0p4av7hmvowd":{"value":"","col":"6","position":"before"},"app_templates_iframe_top_banner_in2pptizixuqrt5d":{"value":"","col":"6","position":"before"},"app_templates_iframe_top_banner_pretitle":"","app_templates_iframe_top_banner_title":"","app_templates_iframe_top_banner_uplydhurrrox1nhr":{"value":"","col":"6","position":"before"},"app_templates_iframe_iframe_url":"","app_templates_map_top_banner_y3elaldqmdugsmtu":{"value":"","col":"6","position":"before"},"app_templates_map_top_banner_image":"","app_templates_map_top_banner_izyqmkwth1rzk5yg":{"value":"","col":"6","position":"before"},"app_templates_map_top_banner_6eyvhvehl9yzygl7":{"value":"","col":"6","position":"before"},"app_templates_map_top_banner_pretitle":"","app_templates_map_top_banner_title":"","app_templates_map_top_banner_jm6mylausopzeupj":{"value":"","col":"6","position":"before"},"app_templates_map_modules_modules":[],"app_templates_media_top_banner_p7d7yqt5uric35of":{"value":"","col":"6","position":"before"},"app_templates_media_top_banner_image":"6921","app_templates_media_top_banner_ijw3jhjrcy8tv1nq":{"value":"","col":"6","position":"before"},"app_templates_media_top_banner_8w95iwlr7lz0bd3b":{"value":"","col":"6","position":"before"},"app_templates_media_top_banner_pretitle":"Media","app_templates_media_top_banner_title":"Videos","app_templates_media_top_banner_polgrrb9hemvvtq2":{"value":"","col":"6","position":"before"},"app_templates_media_modules_modules":[{"_type":"media","title":"","sections":[{"_type":"_","title":"Videos","media":[{"_type":"_","title":"Connected Wind Services Branding Video","image":"6848","video":"","youtube":"https:\/\/www.youtube.com\/watch?v=PY6o4XB13Bw&t=6s","body":""},{"_type":"_","title":"Main Component Exchange","image":"4303","video":"","youtube":"https:\/\/www.youtube.com\/watch?v=8YjmH_oPmuA","body":""},{"_type":"_","title":"Connected Wind Services","image":"5884","video":"","youtube":"https:\/\/www.youtube.com\/watch?v=Qvz9QWzEAKU&t=2s","body":""},{"_type":"_","title":"Triebstrangtausch Silberstedt","image":"4755","video":"","youtube":"https:\/\/www.youtube.com\/watch?v=fFwujhCTBho&t=4s","body":""},{"_type":"_","title":"CWS Basic ECO - die Servicel\u00f6sung f\u00fcr Windenergieanlagenbetreiber nach der EEG-F\u00f6rderung","image":"882","video":"","youtube":"https:\/\/www.youtube.com\/watch?v=lAkl6hX_Otc","body":""}]}],"allow_download":false}],"app_templates_modules_top_banner_dcoojh14watec1lp":{"value":"","col":"6","position":"before"},"app_templates_modules_top_banner_image":"","app_templates_modules_top_banner_ldbnust7vdqplatq":{"value":"","col":"6","position":"before"},"app_templates_modules_top_banner_xnmt9obabsnr1za5":{"value":"","col":"6","position":"before"},"app_templates_modules_top_banner_pretitle":"","app_templates_modules_top_banner_title":"","app_templates_modules_top_banner_soullc8etyz8empf":{"value":"","col":"6","position":"before"},"app_templates_modules_modules_modules":[],"app_templates_support_top_banner_estz5uatn1wqysiz":{"value":"","col":"6","position":"before"},"app_templates_support_top_banner_image":"","app_templates_support_top_banner_oxcnedabxorvmfdg":{"value":"","col":"6","position":"before"},"app_templates_support_top_banner_xh7oqw0i1meobxkb":{"value":"","col":"6","position":"before"},"app_templates_support_top_banner_pretitle":"","app_templates_support_top_banner_title":"","app_templates_support_top_banner_zjojv9orh2tild8l":{"value":"","col":"6","position":"before"},"app_templates_support_modules_modules":[],"_links":{"self":[{"href":"https:\/\/www.connectedwind.com\/de\/wp-json\/wp\/v2\/pages\/7425","targetHints":{"allow":["GET"]}}],"collection":[{"href":"https:\/\/www.connectedwind.com\/de\/wp-json\/wp\/v2\/pages"}],"about":[{"href":"https:\/\/www.connectedwind.com\/de\/wp-json\/wp\/v2\/types\/page"}],"author":[{"embeddable":true,"href":"https:\/\/www.connectedwind.com\/de\/wp-json\/wp\/v2\/users\/14"}],"replies":[{"embeddable":true,"href":"https:\/\/www.connectedwind.com\/de\/wp-json\/wp\/v2\/comments?post=7425"}],"version-history":[{"count":1,"href":"https:\/\/www.connectedwind.com\/de\/wp-json\/wp\/v2\/pages\/7425\/revisions"}],"predecessor-version":[{"id":7800,"href":"https:\/\/www.connectedwind.com\/de\/wp-json\/wp\/v2\/pages\/7425\/revisions\/7800"}],"wp:attachment":[{"href":"https:\/\/www.connectedwind.com\/de\/wp-json\/wp\/v2\/media?parent=7425"}],"curies":[{"name":"wp","href":"https:\/\/api.w.org\/{rel}","templated":true}]}}