{"id":2182,"date":"2019-01-16T11:10:54","date_gmt":"2019-01-16T10:10:54","guid":{"rendered":"https:\/\/www.connectedwind.com\/discover-our-capabilities\/"},"modified":"2020-03-12T08:22:36","modified_gmt":"2020-03-12T07:22:36","slug":"decouvrez-nos-competences","status":"publish","type":"page","link":"https:\/\/www.connectedwind.com\/fr\/decouvrez-nos-competences\/","title":{"rendered":"D\u00e9couvrez nos comp\u00e9tences"},"content":{"rendered":"","protected":false},"excerpt":{"rendered":"","protected":false},"author":17,"featured_media":0,"parent":0,"menu_order":0,"comment_status":"closed","ping_status":"closed","template":"views\/template-modules.blade.php","meta":{"footnotes":""},"class_list":["post-2182","page","type-page","status-publish","hentry"],"yoast_head":"<!-- This site is optimized with the Yoast SEO plugin v24.7 - https:\/\/yoast.com\/wordpress\/plugins\/seo\/ -->\n<title>D\u00e9couvrez nos comp\u00e9tences - Connected Wind Services<\/title>\n<meta name=\"robots\" content=\"index, follow, max-snippet:-1, max-image-preview:large, max-video-preview:-1\" \/>\n<link rel=\"canonical\" href=\"https:\/\/www.connectedwind.com\/fr\/decouvrez-nos-competences\/\" \/>\n<meta property=\"og:locale\" content=\"fr_FR\" \/>\n<meta property=\"og:type\" content=\"article\" \/>\n<meta property=\"og:title\" content=\"D\u00e9couvrez nos comp\u00e9tences - Connected Wind Services\" \/>\n<meta property=\"og:url\" content=\"https:\/\/www.connectedwind.com\/fr\/decouvrez-nos-competences\/\" \/>\n<meta property=\"og:site_name\" content=\"Connected Wind Services\" \/>\n<meta property=\"article:modified_time\" content=\"2020-03-12T07:22:36+00:00\" \/>\n<meta name=\"twitter:card\" content=\"summary_large_image\" \/>\n<script type=\"application\/ld+json\" class=\"yoast-schema-graph\">{\"@context\":\"https:\/\/schema.org\",\"@graph\":[{\"@type\":\"WebPage\",\"@id\":\"https:\/\/www.connectedwind.com\/fr\/decouvrez-nos-competences\/\",\"url\":\"https:\/\/www.connectedwind.com\/fr\/decouvrez-nos-competences\/\",\"name\":\"D\u00e9couvrez nos comp\u00e9tences - Connected Wind Services\",\"isPartOf\":{\"@id\":\"https:\/\/www.connectedwind.com\/fr\/#website\"},\"datePublished\":\"2019-01-16T10:10:54+00:00\",\"dateModified\":\"2020-03-12T07:22:36+00:00\",\"breadcrumb\":{\"@id\":\"https:\/\/www.connectedwind.com\/fr\/decouvrez-nos-competences\/#breadcrumb\"},\"inLanguage\":\"fr-FR\",\"potentialAction\":[{\"@type\":\"ReadAction\",\"target\":[\"https:\/\/www.connectedwind.com\/fr\/decouvrez-nos-competences\/\"]}]},{\"@type\":\"BreadcrumbList\",\"@id\":\"https:\/\/www.connectedwind.com\/fr\/decouvrez-nos-competences\/#breadcrumb\",\"itemListElement\":[{\"@type\":\"ListItem\",\"position\":1,\"name\":\"Home\",\"item\":\"https:\/\/www.connectedwind.com\/fr\/\"},{\"@type\":\"ListItem\",\"position\":2,\"name\":\"D\u00e9couvrez nos comp\u00e9tences\"}]},{\"@type\":\"WebSite\",\"@id\":\"https:\/\/www.connectedwind.com\/fr\/#website\",\"url\":\"https:\/\/www.connectedwind.com\/fr\/\",\"name\":\"Connected Wind Services\",\"description\":\"ISP for reliable O&amp;M services &amp; parts\",\"potentialAction\":[{\"@type\":\"SearchAction\",\"target\":{\"@type\":\"EntryPoint\",\"urlTemplate\":\"https:\/\/www.connectedwind.com\/fr\/?s={search_term_string}\"},\"query-input\":{\"@type\":\"PropertyValueSpecification\",\"valueRequired\":true,\"valueName\":\"search_term_string\"}}],\"inLanguage\":\"fr-FR\"}]}<\/script>\n<!-- \/ Yoast SEO plugin. -->","yoast_head_json":{"title":"D\u00e9couvrez nos comp\u00e9tences - Connected Wind Services","robots":{"index":"index","follow":"follow","max-snippet":"max-snippet:-1","max-image-preview":"max-image-preview:large","max-video-preview":"max-video-preview:-1"},"canonical":"https:\/\/www.connectedwind.com\/fr\/decouvrez-nos-competences\/","og_locale":"fr_FR","og_type":"article","og_title":"D\u00e9couvrez nos comp\u00e9tences - Connected Wind Services","og_url":"https:\/\/www.connectedwind.com\/fr\/decouvrez-nos-competences\/","og_site_name":"Connected Wind Services","article_modified_time":"2020-03-12T07:22:36+00:00","twitter_card":"summary_large_image","schema":{"@context":"https:\/\/schema.org","@graph":[{"@type":"WebPage","@id":"https:\/\/www.connectedwind.com\/fr\/decouvrez-nos-competences\/","url":"https:\/\/www.connectedwind.com\/fr\/decouvrez-nos-competences\/","name":"D\u00e9couvrez nos comp\u00e9tences - Connected Wind Services","isPartOf":{"@id":"https:\/\/www.connectedwind.com\/fr\/#website"},"datePublished":"2019-01-16T10:10:54+00:00","dateModified":"2020-03-12T07:22:36+00:00","breadcrumb":{"@id":"https:\/\/www.connectedwind.com\/fr\/decouvrez-nos-competences\/#breadcrumb"},"inLanguage":"fr-FR","potentialAction":[{"@type":"ReadAction","target":["https:\/\/www.connectedwind.com\/fr\/decouvrez-nos-competences\/"]}]},{"@type":"BreadcrumbList","@id":"https:\/\/www.connectedwind.com\/fr\/decouvrez-nos-competences\/#breadcrumb","itemListElement":[{"@type":"ListItem","position":1,"name":"Home","item":"https:\/\/www.connectedwind.com\/fr\/"},{"@type":"ListItem","position":2,"name":"D\u00e9couvrez nos comp\u00e9tences"}]},{"@type":"WebSite","@id":"https:\/\/www.connectedwind.com\/fr\/#website","url":"https:\/\/www.connectedwind.com\/fr\/","name":"Connected Wind Services","description":"ISP for reliable O&amp;M services &amp; parts","potentialAction":[{"@type":"SearchAction","target":{"@type":"EntryPoint","urlTemplate":"https:\/\/www.connectedwind.com\/fr\/?s={search_term_string}"},"query-input":{"@type":"PropertyValueSpecification","valueRequired":true,"valueName":"search_term_string"}}],"inLanguage":"fr-FR"}]}},"app_templates_career_top_banner_p2ky1c5p9wb5bnco":{"value":"","col":"6","position":"before"},"app_templates_career_top_banner_image":"","app_templates_career_top_banner_mzlpiiuadbm8lwal":{"value":"","col":"6","position":"before"},"app_templates_career_top_banner_owcgzofeiddon1lk":{"value":"","col":"6","position":"before"},"app_templates_career_top_banner_pretitle":"","app_templates_career_top_banner_title":"","app_templates_career_top_banner_nwd7mokczfkljpa0":{"value":"","col":"6","position":"before"},"app_templates_career_modules_modules":[],"app_templates_contact_top_banner_uwrop7m67kt6u75d":{"value":"","col":"6","position":"before"},"app_templates_contact_top_banner_image":"","app_templates_contact_top_banner_vatasejpys38grg5":{"value":"","col":"6","position":"before"},"app_templates_contact_top_banner_w4tw0jtgxqahyew4":{"value":"","col":"6","position":"before"},"app_templates_contact_top_banner_pretitle":"","app_templates_contact_top_banner_title":"","app_templates_contact_top_banner_k4sdeltk8wsbyxdq":{"value":"","col":"6","position":"before"},"app_templates_contact_contact_title":"","app_templates_contact_contact_background":"bg-white","app_templates_contact_contact_description":"","app_templates_contact_contact_drop_downs":[],"app_templates_contact_contact_placeholder":"","app_templates_contact_contact_to":"","app_templates_contact_contact_button":"","app_templates_contact_contact_employees":[],"app_templates_contact_contact_hide_company":false,"app_templates_contact_offices_offices":[],"app_templates_contact_modules_modules":[],"app_templates_cookies_top_banner_ti93hp4kl5o1rwp0":{"value":"","col":"6","position":"before"},"app_templates_cookies_top_banner_image":"","app_templates_cookies_top_banner_gfqy9gcrzx4qlhht":{"value":"","col":"6","position":"before"},"app_templates_cookies_top_banner_qekwwsbzklonjvh4":{"value":"","col":"6","position":"before"},"app_templates_cookies_top_banner_pretitle":"","app_templates_cookies_top_banner_title":"","app_templates_cookies_top_banner_esykvycrgwcomegs":{"value":"","col":"6","position":"before"},"app_templates_customer_service_top_banner_7m7v9filbjeukory":{"value":"","col":"6","position":"before"},"app_templates_customer_service_top_banner_image":"","app_templates_customer_service_top_banner_8py16sutggblggdm":{"value":"","col":"6","position":"before"},"app_templates_customer_service_top_banner_ytiod8bq4t7ijmbj":{"value":"","col":"6","position":"before"},"app_templates_customer_service_top_banner_pretitle":"","app_templates_customer_service_top_banner_title":"","app_templates_customer_service_top_banner_cm5z3ecorxin155p":{"value":"","col":"6","position":"before"},"app_templates_customer_service_contact_title":"","app_templates_customer_service_contact_background":"bg-white","app_templates_customer_service_contact_description":"","app_templates_customer_service_contact_drop_downs":[],"app_templates_customer_service_contact_placeholder":"","app_templates_customer_service_contact_to":"","app_templates_customer_service_contact_button":"","app_templates_customer_service_contact_employees":[],"app_templates_customer_service_contact_hide_company":false,"app_templates_customer_service_contact_section_title":"","app_templates_customer_service_contact_section_description":"","app_templates_customer_service_contact_section_contact_info":[],"app_templates_customer_service_modules_modules":[],"app_templates_homepage_top_banner_image":"","app_templates_homepage_top_banner_video":"","app_templates_homepage_top_banner_title":"","app_templates_homepage_top_banner_description":"","app_templates_homepage_top_banner_button":{"value":"","url":"","anchor":"","blank":0},"app_templates_homepage_top_section_services":[],"app_templates_homepage_top_section_text":"","app_templates_homepage_top_section_button":{"value":"","url":"","anchor":"","blank":0},"app_templates_homepage_modules_modules":[],"app_templates_homepage_fr_top_banner_image":"","app_templates_homepage_fr_top_banner_video":"","app_templates_homepage_fr_top_banner_title":"","app_templates_homepage_fr_top_banner_description":"","app_templates_homepage_fr_top_banner_button":{"value":"","url":"","anchor":"","blank":0},"app_templates_homepage_fr_top_section_services":[],"app_templates_homepage_fr_top_section_text":"","app_templates_homepage_fr_top_section_button":{"value":"","url":"","anchor":"","blank":0},"app_templates_homepage_fr_modules_modules":[],"app_templates_iframe_top_banner_d9b6qnrilyz20bew":{"value":"","col":"6","position":"before"},"app_templates_iframe_top_banner_image":"","app_templates_iframe_top_banner_zn0gesrlmr56dfhf":{"value":"","col":"6","position":"before"},"app_templates_iframe_top_banner_iwhdj1acswvfmqje":{"value":"","col":"6","position":"before"},"app_templates_iframe_top_banner_pretitle":"","app_templates_iframe_top_banner_title":"","app_templates_iframe_top_banner_41zprg497aczwpnu":{"value":"","col":"6","position":"before"},"app_templates_iframe_iframe_url":"","app_templates_map_top_banner_mhq7yntl0tdax7c6":{"value":"","col":"6","position":"before"},"app_templates_map_top_banner_image":"","app_templates_map_top_banner_bzmpwmv3mmtcvoag":{"value":"","col":"6","position":"before"},"app_templates_map_top_banner_nk0dfsp0m2hr2xtd":{"value":"","col":"6","position":"before"},"app_templates_map_top_banner_pretitle":"","app_templates_map_top_banner_title":"","app_templates_map_top_banner_g0ifa2fc9wnn0sgy":{"value":"","col":"6","position":"before"},"app_templates_map_modules_modules":[],"app_templates_media_top_banner_b4zefapw5wnozgx5":{"value":"","col":"6","position":"before"},"app_templates_media_top_banner_image":"","app_templates_media_top_banner_lapcbkgm6dtpideo":{"value":"","col":"6","position":"before"},"app_templates_media_top_banner_xbypzz76r5vf8ojw":{"value":"","col":"6","position":"before"},"app_templates_media_top_banner_pretitle":"","app_templates_media_top_banner_title":"","app_templates_media_top_banner_iqdk8g4vk8wvwf41":{"value":"","col":"6","position":"before"},"app_templates_media_modules_modules":[],"app_templates_modules_top_banner_3hzanfv4ubwu9gxm":{"value":"","col":"6","position":"before"},"app_templates_modules_top_banner_image":"658","app_templates_modules_top_banner_8tq5uyz1hg7fay4j":{"value":"","col":"6","position":"before"},"app_templates_modules_top_banner_tru3r6edgo3ukmyd":{"value":"","col":"6","position":"before"},"app_templates_modules_top_banner_pretitle":"","app_templates_modules_top_banner_title":"D\u00e9couvrez nos comp\u00e9tences","app_templates_modules_top_banner_n1w6bleb5qf7tuzv":{"value":"","col":"6","position":"before"},"app_templates_modules_modules_modules":[{"_type":"boxes","nav_title":"Comp\u00e9tences","pretitle":"","title":"Nos comp\u00e9tences","description":"D\u00e9couvrir nos comp\u00e9tences et en savoir plus sur Connected Wind Services","boxes":[{"_type":"_","image":"470","title":"Service & maintenance","description":"D\u00e9couvrez comment fonctionnent plus de 1500 \u00e9oliennes \u00e0 travers l\u2019Europe","link":{"value":"","url":"\/de\/services\/service-maintenance\/\/de\/services\/service-maintenance\/","anchor":"Service & maintenance","blank":"0"}},{"_type":"_","image":"522","title":"Prestations de services","description":"B\u00e9n\u00e9ficiez de l\u2019exp\u00e9rience d\u2019une soci\u00e9t\u00e9 de prestation de services ainsi que de l\u2019une des plus vastes usines de remise en \u00e9tat d\u2019Europe","link":{"value":"","url":"\/fr\/services\/prestations-de-services\/","anchor":"Prestations de services","blank":"0"}},{"_type":"_","image":"526","title":"Composants & pi\u00e8ces d\u00e9tach\u00e9es","description":"Le service de pi\u00e8ces d\u00e9tach\u00e9es le plus rapide parmi tous les fournisseurs de service ind\u00e9pendants de l\u2019industrie \u00e9olienne","link":{"value":"","url":"\/fr\/services\/composants-pieces-detachees\/","anchor":"Composants & Pi\u00e8ces d\u00e9tach\u00e9es","blank":"0"}},{"_type":"_","image":"685","title":"Surveillance","description":"CONNECT24\u20227 vous assiste efficacement dans la maintenance et le bon fonctionnement de votre \u00e9olienne","link":{"value":"","url":"\/fr\/services\/surveillance\/","anchor":"Surveillance","blank":"0"}}]},{"_type":"stats","nav_title":"Chiffres cl\u00e9s","title":"Nos chiffres cl\u00e9s","image":"83","columns":4,"stats":[{"_type":"_","metric":"1er","title":"Prestataire de services ind\u00e9pendant en "},{"_type":"_","metric":"30+ ","title":"Ann\u00e9es d'exp\u00e9rience"},{"_type":"_","metric":"50+","title":"\u00c9quipes de service"},{"_type":"_","metric":"1400+","title":"MW"},{"_type":"_","metric":"1700+","title":"Turbines en service"},{"_type":"_","metric":"5000+","title":"Articles en stock"}]}],"app_templates_support_top_banner_yvncucvglk4krdqc":{"value":"","col":"6","position":"before"},"app_templates_support_top_banner_image":"","app_templates_support_top_banner_qwszmjnj5nomxag5":{"value":"","col":"6","position":"before"},"app_templates_support_top_banner_czuetktesqlhgw1l":{"value":"","col":"6","position":"before"},"app_templates_support_top_banner_pretitle":"","app_templates_support_top_banner_title":"","app_templates_support_top_banner_03vqyextdtfadx7u":{"value":"","col":"6","position":"before"},"app_templates_support_modules_modules":[],"_links":{"self":[{"href":"https:\/\/www.connectedwind.com\/fr\/wp-json\/wp\/v2\/pages\/2182","targetHints":{"allow":["GET"]}}],"collection":[{"href":"https:\/\/www.connectedwind.com\/fr\/wp-json\/wp\/v2\/pages"}],"about":[{"href":"https:\/\/www.connectedwind.com\/fr\/wp-json\/wp\/v2\/types\/page"}],"author":[{"embeddable":true,"href":"https:\/\/www.connectedwind.com\/fr\/wp-json\/wp\/v2\/users\/17"}],"replies":[{"embeddable":true,"href":"https:\/\/www.connectedwind.com\/fr\/wp-json\/wp\/v2\/comments?post=2182"}],"version-history":[{"count":8,"href":"https:\/\/www.connectedwind.com\/fr\/wp-json\/wp\/v2\/pages\/2182\/revisions"}],"predecessor-version":[{"id":4997,"href":"https:\/\/www.connectedwind.com\/fr\/wp-json\/wp\/v2\/pages\/2182\/revisions\/4997"}],"wp:attachment":[{"href":"https:\/\/www.connectedwind.com\/fr\/wp-json\/wp\/v2\/media?parent=2182"}],"curies":[{"name":"wp","href":"https:\/\/api.w.org\/{rel}","templated":true}]}}