{"id":2198,"date":"2018-10-26T15:03:40","date_gmt":"2018-10-26T13:03:40","guid":{"rendered":"https:\/\/www.connectedwind.com\/customer-service\/"},"modified":"2020-08-25T09:55:17","modified_gmt":"2020-08-25T07:55:17","slug":"service-client","status":"publish","type":"page","link":"https:\/\/www.connectedwind.com\/fr\/service-client\/","title":{"rendered":"Service Client"},"content":{"rendered":"","protected":false},"excerpt":{"rendered":"","protected":false},"author":2,"featured_media":0,"parent":0,"menu_order":0,"comment_status":"closed","ping_status":"closed","template":"views\/template-customer-service.blade.php","meta":{"footnotes":""},"class_list":["post-2198","page","type-page","status-publish","hentry"],"yoast_head":"<!-- This site is optimized with the Yoast SEO plugin v24.7 - https:\/\/yoast.com\/wordpress\/plugins\/seo\/ -->\n<title>Service Client - Connected Wind Services<\/title>\n<meta name=\"robots\" content=\"index, follow, max-snippet:-1, max-image-preview:large, max-video-preview:-1\" \/>\n<link rel=\"canonical\" href=\"https:\/\/www.connectedwind.com\/fr\/service-client\/\" \/>\n<meta property=\"og:locale\" content=\"fr_FR\" \/>\n<meta property=\"og:type\" content=\"article\" \/>\n<meta property=\"og:title\" content=\"Service Client - Connected Wind Services\" \/>\n<meta property=\"og:url\" content=\"https:\/\/www.connectedwind.com\/fr\/service-client\/\" \/>\n<meta property=\"og:site_name\" content=\"Connected Wind Services\" \/>\n<meta property=\"article:modified_time\" content=\"2020-08-25T07:55:17+00:00\" \/>\n<meta name=\"twitter:card\" content=\"summary_large_image\" \/>\n<script type=\"application\/ld+json\" class=\"yoast-schema-graph\">{\"@context\":\"https:\/\/schema.org\",\"@graph\":[{\"@type\":\"WebPage\",\"@id\":\"https:\/\/www.connectedwind.com\/fr\/service-client\/\",\"url\":\"https:\/\/www.connectedwind.com\/fr\/service-client\/\",\"name\":\"Service Client - Connected Wind Services\",\"isPartOf\":{\"@id\":\"https:\/\/www.connectedwind.com\/fr\/#website\"},\"datePublished\":\"2018-10-26T13:03:40+00:00\",\"dateModified\":\"2020-08-25T07:55:17+00:00\",\"breadcrumb\":{\"@id\":\"https:\/\/www.connectedwind.com\/fr\/service-client\/#breadcrumb\"},\"inLanguage\":\"fr-FR\",\"potentialAction\":[{\"@type\":\"ReadAction\",\"target\":[\"https:\/\/www.connectedwind.com\/fr\/service-client\/\"]}]},{\"@type\":\"BreadcrumbList\",\"@id\":\"https:\/\/www.connectedwind.com\/fr\/service-client\/#breadcrumb\",\"itemListElement\":[{\"@type\":\"ListItem\",\"position\":1,\"name\":\"Home\",\"item\":\"https:\/\/www.connectedwind.com\/fr\/\"},{\"@type\":\"ListItem\",\"position\":2,\"name\":\"Service Client\"}]},{\"@type\":\"WebSite\",\"@id\":\"https:\/\/www.connectedwind.com\/fr\/#website\",\"url\":\"https:\/\/www.connectedwind.com\/fr\/\",\"name\":\"Connected Wind Services\",\"description\":\"ISP for reliable O&amp;M services &amp; parts\",\"potentialAction\":[{\"@type\":\"SearchAction\",\"target\":{\"@type\":\"EntryPoint\",\"urlTemplate\":\"https:\/\/www.connectedwind.com\/fr\/?s={search_term_string}\"},\"query-input\":{\"@type\":\"PropertyValueSpecification\",\"valueRequired\":true,\"valueName\":\"search_term_string\"}}],\"inLanguage\":\"fr-FR\"}]}<\/script>\n<!-- \/ Yoast SEO plugin. -->","yoast_head_json":{"title":"Service Client - Connected Wind Services","robots":{"index":"index","follow":"follow","max-snippet":"max-snippet:-1","max-image-preview":"max-image-preview:large","max-video-preview":"max-video-preview:-1"},"canonical":"https:\/\/www.connectedwind.com\/fr\/service-client\/","og_locale":"fr_FR","og_type":"article","og_title":"Service Client - Connected Wind Services","og_url":"https:\/\/www.connectedwind.com\/fr\/service-client\/","og_site_name":"Connected Wind Services","article_modified_time":"2020-08-25T07:55:17+00:00","twitter_card":"summary_large_image","schema":{"@context":"https:\/\/schema.org","@graph":[{"@type":"WebPage","@id":"https:\/\/www.connectedwind.com\/fr\/service-client\/","url":"https:\/\/www.connectedwind.com\/fr\/service-client\/","name":"Service Client - Connected Wind Services","isPartOf":{"@id":"https:\/\/www.connectedwind.com\/fr\/#website"},"datePublished":"2018-10-26T13:03:40+00:00","dateModified":"2020-08-25T07:55:17+00:00","breadcrumb":{"@id":"https:\/\/www.connectedwind.com\/fr\/service-client\/#breadcrumb"},"inLanguage":"fr-FR","potentialAction":[{"@type":"ReadAction","target":["https:\/\/www.connectedwind.com\/fr\/service-client\/"]}]},{"@type":"BreadcrumbList","@id":"https:\/\/www.connectedwind.com\/fr\/service-client\/#breadcrumb","itemListElement":[{"@type":"ListItem","position":1,"name":"Home","item":"https:\/\/www.connectedwind.com\/fr\/"},{"@type":"ListItem","position":2,"name":"Service Client"}]},{"@type":"WebSite","@id":"https:\/\/www.connectedwind.com\/fr\/#website","url":"https:\/\/www.connectedwind.com\/fr\/","name":"Connected Wind Services","description":"ISP for reliable O&amp;M services &amp; parts","potentialAction":[{"@type":"SearchAction","target":{"@type":"EntryPoint","urlTemplate":"https:\/\/www.connectedwind.com\/fr\/?s={search_term_string}"},"query-input":{"@type":"PropertyValueSpecification","valueRequired":true,"valueName":"search_term_string"}}],"inLanguage":"fr-FR"}]}},"app_templates_career_top_banner_mwcserpb9y0bw5j7":{"value":"","col":"6","position":"before"},"app_templates_career_top_banner_image":"","app_templates_career_top_banner_9a8m3esbzbmjfuva":{"value":"","col":"6","position":"before"},"app_templates_career_top_banner_kzbzpbq1g9cpiese":{"value":"","col":"6","position":"before"},"app_templates_career_top_banner_pretitle":"","app_templates_career_top_banner_title":"","app_templates_career_top_banner_2olwgarggux3bdnn":{"value":"","col":"6","position":"before"},"app_templates_career_modules_modules":[],"app_templates_contact_top_banner_ugmnofc0ry7eowu4":{"value":"","col":"6","position":"before"},"app_templates_contact_top_banner_image":"","app_templates_contact_top_banner_veunehpgwboprgzs":{"value":"","col":"6","position":"before"},"app_templates_contact_top_banner_mnggfqnenv8y3gqv":{"value":"","col":"6","position":"before"},"app_templates_contact_top_banner_pretitle":"","app_templates_contact_top_banner_title":"","app_templates_contact_top_banner_azt7shi5v7pq8gs4":{"value":"","col":"6","position":"before"},"app_templates_contact_contact_title":"","app_templates_contact_contact_background":"bg-white","app_templates_contact_contact_description":"","app_templates_contact_contact_drop_downs":[],"app_templates_contact_contact_placeholder":"","app_templates_contact_contact_to":"","app_templates_contact_contact_button":"","app_templates_contact_contact_employees":[],"app_templates_contact_contact_hide_company":false,"app_templates_contact_offices_offices":[],"app_templates_contact_modules_modules":[],"app_templates_cookies_top_banner_komk13yeezwbghjz":{"value":"","col":"6","position":"before"},"app_templates_cookies_top_banner_image":"","app_templates_cookies_top_banner_t5otngjfnlyoqcyr":{"value":"","col":"6","position":"before"},"app_templates_cookies_top_banner_jvpn8mh3tlwlxlwb":{"value":"","col":"6","position":"before"},"app_templates_cookies_top_banner_pretitle":"","app_templates_cookies_top_banner_title":"","app_templates_cookies_top_banner_w0krbzdxintngh5y":{"value":"","col":"6","position":"before"},"app_templates_customer_service_top_banner_iksql1ikvhniirye":{"value":"","col":"6","position":"before"},"app_templates_customer_service_top_banner_image":"33","app_templates_customer_service_top_banner_qu3bgosrtz2lknqu":{"value":"","col":"6","position":"before"},"app_templates_customer_service_top_banner_14g8b34silb6oygr":{"value":"","col":"6","position":"before"},"app_templates_customer_service_top_banner_pretitle":"Service client","app_templates_customer_service_top_banner_title":"Nous sommes l\u00e0 pour vous aider \u00e0 progresser","app_templates_customer_service_top_banner_2ea5stajgpl7gz7g":{"value":"","col":"6","position":"before"},"app_templates_customer_service_contact_title":"Service client","app_templates_customer_service_contact_background":"bg-secondary-light","app_templates_customer_service_contact_description":"Au fil du temps, nous avons non seulement d\u00e9velopp\u00e9 notre expertise en termes de services et d\u2019entretien d\u2019\u00e9oliennes, mais nous avons \u00e9galement \u00e9largi notre domaine d\u2019activit\u00e9 pour inclure le stock de pi\u00e8ces de rechange et la surveillance. En tant que partenaires de services professionnels, nous savons exactement quelles sont les conditions essentielles \u00e0 votre progression.\r\n\r\nBesoin d'aide ? Obtenez de l'aide ici.\r\n","app_templates_customer_service_contact_drop_downs":[],"app_templates_customer_service_contact_placeholder":"D\u00e9crivez votre probl\u00e8me","app_templates_customer_service_contact_to":"support.fr@connectedwind.com","app_templates_customer_service_contact_button":"Envoyez votre message","app_templates_customer_service_contact_employees":[],"app_templates_customer_service_contact_hide_company":false,"app_templates_customer_service_contact_section_title":"Service client","app_templates_customer_service_contact_section_description":"Veuillez contacter l\u2019unit\u00e9 commerciale responsable ou utiliser notre formulaire de contact.","app_templates_customer_service_contact_section_contact_info":[{"_type":"_","title":"France","phone":"+33 640 773 660","email":"support.fr@connectedwind.com"}],"app_templates_customer_service_modules_modules":[{"_type":"textbox_image","background_color":"bg-white","image_position":3,"image":"61","pretitle":"FAQ - Questions fr\u00e9quemment pos\u00e9es","title":"Trouvez les r\u00e9ponses \u00e0 vos questions","text":"<em>Comment pouvons-nous vous aider\u00a0?<\/em>\r\n\r\nLes turbines sont des machines complexes et leur entretien peut fr\u00e9quemment devenir la source de nombreuses interrogations majeures et mineures. Nous avons r\u00e9uni pour vous les questions les plus fr\u00e9quemment pos\u00e9es et les avons organis\u00e9es en cat\u00e9gories logiques afin de vous faire gagner du temps.","features":[],"button":{"value":"","url":"\/fr\/faq\/","anchor":"Trouvez des r\u00e9ponses dans notre FAQ","blank":"1"},"button2":{"value":"","url":"","anchor":"","blank":"1"}},{"_type":"textbox_image","background_color":"bg-primary","image_position":1,"image":"62","pretitle":"T\u00e9l\u00e9chargements","title":"T\u00e9l\u00e9chargements, documentations & politiques","text":"Chez Connected Wind Services, nous croyons \u00e0 la transparence. Une documentation transparente et une communication directe assurent l\u2019action et la confiance mutuelle. Consultez nos communiqu\u00e9s de presse r\u00e9cents, nos politiques et nos certificats ici.\r\n\r\nVous avez besoin de plus amples informations? Restez connect\u00e9 sur:\r\n\r\n<a href=\"inga.christiansen@connectedwind.com\">Veuillez nous contacter ici.<\/a>","features":[],"button":{"value":"","url":"\/fr\/telechargements\/","anchor":"Parcourir les archives \u00e0 t\u00e9l\u00e9charger","blank":"0"},"button2":{"value":"","url":"","anchor":"","blank":"1"}},{"_type":"banner","image":"41","background_color":"bg-secondary-light","content_position":3,"pretitle":"Trouvez votre station de service la plus proche","title":"Penser globalement. Agir localement.","text":"Avec plus de 25 stations de service r\u00e9parties en Europe du Nord, nous sommes en mesure de r\u00e9pondre \u00e0 vos demandes locales. Utilisez la carte interactive des pays pour localiser nos stations de service. Contactez votre repr\u00e9sentant local pour prendre rendez-vous.","button":{"value":"","url":"\/fr\/service-stations\/","anchor":"Consultez la carte pour nous trouver","blank":"1"}}],"app_templates_homepage_top_banner_image":"","app_templates_homepage_top_banner_video":"","app_templates_homepage_top_banner_title":"","app_templates_homepage_top_banner_description":"","app_templates_homepage_top_banner_button":{"value":"","url":"","anchor":"","blank":0},"app_templates_homepage_top_section_services":[],"app_templates_homepage_top_section_text":"","app_templates_homepage_top_section_button":{"value":"","url":"","anchor":"","blank":0},"app_templates_homepage_modules_modules":[],"app_templates_homepage_fr_top_banner_image":"","app_templates_homepage_fr_top_banner_video":"","app_templates_homepage_fr_top_banner_title":"","app_templates_homepage_fr_top_banner_description":"","app_templates_homepage_fr_top_banner_button":{"value":"","url":"","anchor":"","blank":0},"app_templates_homepage_fr_top_section_services":[],"app_templates_homepage_fr_top_section_text":"","app_templates_homepage_fr_top_section_button":{"value":"","url":"","anchor":"","blank":0},"app_templates_homepage_fr_modules_modules":[],"app_templates_iframe_top_banner_kqdlbixmk1o7fil5":{"value":"","col":"6","position":"before"},"app_templates_iframe_top_banner_image":"","app_templates_iframe_top_banner_mcxncmzcmwsxy83k":{"value":"","col":"6","position":"before"},"app_templates_iframe_top_banner_bxzwanfilycqa8ip":{"value":"","col":"6","position":"before"},"app_templates_iframe_top_banner_pretitle":"","app_templates_iframe_top_banner_title":"","app_templates_iframe_top_banner_n5gahwrbi1ybfad9":{"value":"","col":"6","position":"before"},"app_templates_iframe_iframe_url":"","app_templates_map_top_banner_7trs4zb5s1eadmvq":{"value":"","col":"6","position":"before"},"app_templates_map_top_banner_image":"","app_templates_map_top_banner_fnpxx6ksdncgrck9":{"value":"","col":"6","position":"before"},"app_templates_map_top_banner_ngqtkdho8ybwrk2x":{"value":"","col":"6","position":"before"},"app_templates_map_top_banner_pretitle":"","app_templates_map_top_banner_title":"","app_templates_map_top_banner_m1sjyxdd9py4ejll":{"value":"","col":"6","position":"before"},"app_templates_map_modules_modules":[],"app_templates_media_top_banner_pts7bvb980945zwk":{"value":"","col":"6","position":"before"},"app_templates_media_top_banner_image":"","app_templates_media_top_banner_aeyie6lxsgp2tqu3":{"value":"","col":"6","position":"before"},"app_templates_media_top_banner_m2dmktxorixinh1e":{"value":"","col":"6","position":"before"},"app_templates_media_top_banner_pretitle":"","app_templates_media_top_banner_title":"","app_templates_media_top_banner_q4sm8nuvzkvof7rq":{"value":"","col":"6","position":"before"},"app_templates_media_modules_modules":[],"app_templates_modules_top_banner_emevydzpk9vaa857":{"value":"","col":"6","position":"before"},"app_templates_modules_top_banner_image":"","app_templates_modules_top_banner_tjwosnb5jqc6jmea":{"value":"","col":"6","position":"before"},"app_templates_modules_top_banner_v7ika5477bjah1zt":{"value":"","col":"6","position":"before"},"app_templates_modules_top_banner_pretitle":"","app_templates_modules_top_banner_title":"","app_templates_modules_top_banner_hrjaz1na8ovguep7":{"value":"","col":"6","position":"before"},"app_templates_modules_modules_modules":[],"app_templates_support_top_banner_pbzntrcn8cunvmzw":{"value":"","col":"6","position":"before"},"app_templates_support_top_banner_image":"","app_templates_support_top_banner_eanpc26cvvdxjql7":{"value":"","col":"6","position":"before"},"app_templates_support_top_banner_ebaf0sil254bxtgm":{"value":"","col":"6","position":"before"},"app_templates_support_top_banner_pretitle":"","app_templates_support_top_banner_title":"","app_templates_support_top_banner_6f64dhaufrclq4eo":{"value":"","col":"6","position":"before"},"app_templates_support_modules_modules":[],"_links":{"self":[{"href":"https:\/\/www.connectedwind.com\/fr\/wp-json\/wp\/v2\/pages\/2198","targetHints":{"allow":["GET"]}}],"collection":[{"href":"https:\/\/www.connectedwind.com\/fr\/wp-json\/wp\/v2\/pages"}],"about":[{"href":"https:\/\/www.connectedwind.com\/fr\/wp-json\/wp\/v2\/types\/page"}],"author":[{"embeddable":true,"href":"https:\/\/www.connectedwind.com\/fr\/wp-json\/wp\/v2\/users\/2"}],"replies":[{"embeddable":true,"href":"https:\/\/www.connectedwind.com\/fr\/wp-json\/wp\/v2\/comments?post=2198"}],"version-history":[{"count":14,"href":"https:\/\/www.connectedwind.com\/fr\/wp-json\/wp\/v2\/pages\/2198\/revisions"}],"predecessor-version":[{"id":5757,"href":"https:\/\/www.connectedwind.com\/fr\/wp-json\/wp\/v2\/pages\/2198\/revisions\/5757"}],"wp:attachment":[{"href":"https:\/\/www.connectedwind.com\/fr\/wp-json\/wp\/v2\/media?parent=2198"}],"curies":[{"name":"wp","href":"https:\/\/api.w.org\/{rel}","templated":true}]}}