{"id":2200,"date":"2018-10-24T12:39:58","date_gmt":"2018-10-24T10:39:58","guid":{"rendered":"https:\/\/www.connectedwind.com\/service-stations\/"},"modified":"2021-06-03T11:33:25","modified_gmt":"2021-06-03T09:33:25","slug":"centres-de-service","status":"publish","type":"page","link":"https:\/\/www.connectedwind.com\/fr\/centres-de-service\/","title":{"rendered":"Centres de service"},"content":{"rendered":"","protected":false},"excerpt":{"rendered":"","protected":false},"author":2,"featured_media":0,"parent":0,"menu_order":0,"comment_status":"closed","ping_status":"closed","template":"views\/template-support.blade.php","meta":{"footnotes":""},"class_list":["post-2200","page","type-page","status-publish","hentry"],"yoast_head":"<!-- This site is optimized with the Yoast SEO plugin v24.7 - https:\/\/yoast.com\/wordpress\/plugins\/seo\/ -->\n<title>Centres de service - Connected Wind Services<\/title>\n<meta name=\"robots\" content=\"index, follow, max-snippet:-1, max-image-preview:large, max-video-preview:-1\" \/>\n<link rel=\"canonical\" href=\"https:\/\/www.connectedwind.com\/fr\/centres-de-service\/\" \/>\n<meta property=\"og:locale\" content=\"fr_FR\" \/>\n<meta property=\"og:type\" content=\"article\" \/>\n<meta property=\"og:title\" content=\"Centres de service - Connected Wind Services\" \/>\n<meta property=\"og:url\" content=\"https:\/\/www.connectedwind.com\/fr\/centres-de-service\/\" \/>\n<meta property=\"og:site_name\" content=\"Connected Wind Services\" \/>\n<meta property=\"article:modified_time\" content=\"2021-06-03T09:33:25+00:00\" \/>\n<meta name=\"twitter:card\" content=\"summary_large_image\" \/>\n<script type=\"application\/ld+json\" class=\"yoast-schema-graph\">{\"@context\":\"https:\/\/schema.org\",\"@graph\":[{\"@type\":\"WebPage\",\"@id\":\"https:\/\/www.connectedwind.com\/fr\/centres-de-service\/\",\"url\":\"https:\/\/www.connectedwind.com\/fr\/centres-de-service\/\",\"name\":\"Centres de service - Connected Wind Services\",\"isPartOf\":{\"@id\":\"https:\/\/www.connectedwind.com\/fr\/#website\"},\"datePublished\":\"2018-10-24T10:39:58+00:00\",\"dateModified\":\"2021-06-03T09:33:25+00:00\",\"breadcrumb\":{\"@id\":\"https:\/\/www.connectedwind.com\/fr\/centres-de-service\/#breadcrumb\"},\"inLanguage\":\"fr-FR\",\"potentialAction\":[{\"@type\":\"ReadAction\",\"target\":[\"https:\/\/www.connectedwind.com\/fr\/centres-de-service\/\"]}]},{\"@type\":\"BreadcrumbList\",\"@id\":\"https:\/\/www.connectedwind.com\/fr\/centres-de-service\/#breadcrumb\",\"itemListElement\":[{\"@type\":\"ListItem\",\"position\":1,\"name\":\"Home\",\"item\":\"https:\/\/www.connectedwind.com\/fr\/\"},{\"@type\":\"ListItem\",\"position\":2,\"name\":\"Centres de service\"}]},{\"@type\":\"WebSite\",\"@id\":\"https:\/\/www.connectedwind.com\/fr\/#website\",\"url\":\"https:\/\/www.connectedwind.com\/fr\/\",\"name\":\"Connected Wind Services\",\"description\":\"ISP for reliable O&amp;M services &amp; parts\",\"potentialAction\":[{\"@type\":\"SearchAction\",\"target\":{\"@type\":\"EntryPoint\",\"urlTemplate\":\"https:\/\/www.connectedwind.com\/fr\/?s={search_term_string}\"},\"query-input\":{\"@type\":\"PropertyValueSpecification\",\"valueRequired\":true,\"valueName\":\"search_term_string\"}}],\"inLanguage\":\"fr-FR\"}]}<\/script>\n<!-- \/ Yoast SEO plugin. -->","yoast_head_json":{"title":"Centres de service - Connected Wind Services","robots":{"index":"index","follow":"follow","max-snippet":"max-snippet:-1","max-image-preview":"max-image-preview:large","max-video-preview":"max-video-preview:-1"},"canonical":"https:\/\/www.connectedwind.com\/fr\/centres-de-service\/","og_locale":"fr_FR","og_type":"article","og_title":"Centres de service - Connected Wind Services","og_url":"https:\/\/www.connectedwind.com\/fr\/centres-de-service\/","og_site_name":"Connected Wind Services","article_modified_time":"2021-06-03T09:33:25+00:00","twitter_card":"summary_large_image","schema":{"@context":"https:\/\/schema.org","@graph":[{"@type":"WebPage","@id":"https:\/\/www.connectedwind.com\/fr\/centres-de-service\/","url":"https:\/\/www.connectedwind.com\/fr\/centres-de-service\/","name":"Centres de service - Connected Wind Services","isPartOf":{"@id":"https:\/\/www.connectedwind.com\/fr\/#website"},"datePublished":"2018-10-24T10:39:58+00:00","dateModified":"2021-06-03T09:33:25+00:00","breadcrumb":{"@id":"https:\/\/www.connectedwind.com\/fr\/centres-de-service\/#breadcrumb"},"inLanguage":"fr-FR","potentialAction":[{"@type":"ReadAction","target":["https:\/\/www.connectedwind.com\/fr\/centres-de-service\/"]}]},{"@type":"BreadcrumbList","@id":"https:\/\/www.connectedwind.com\/fr\/centres-de-service\/#breadcrumb","itemListElement":[{"@type":"ListItem","position":1,"name":"Home","item":"https:\/\/www.connectedwind.com\/fr\/"},{"@type":"ListItem","position":2,"name":"Centres de service"}]},{"@type":"WebSite","@id":"https:\/\/www.connectedwind.com\/fr\/#website","url":"https:\/\/www.connectedwind.com\/fr\/","name":"Connected Wind Services","description":"ISP for reliable O&amp;M services &amp; parts","potentialAction":[{"@type":"SearchAction","target":{"@type":"EntryPoint","urlTemplate":"https:\/\/www.connectedwind.com\/fr\/?s={search_term_string}"},"query-input":{"@type":"PropertyValueSpecification","valueRequired":true,"valueName":"search_term_string"}}],"inLanguage":"fr-FR"}]}},"app_templates_career_top_banner_f1w5lymnxlclyohk":{"value":"","col":"6","position":"before"},"app_templates_career_top_banner_image":"","app_templates_career_top_banner_nkwowdaofdxchprk":{"value":"","col":"6","position":"before"},"app_templates_career_top_banner_jjztfywlbzmfloxe":{"value":"","col":"6","position":"before"},"app_templates_career_top_banner_pretitle":"","app_templates_career_top_banner_title":"","app_templates_career_top_banner_fy4cmkik6i8hhpjx":{"value":"","col":"6","position":"before"},"app_templates_career_modules_modules":[],"app_templates_contact_top_banner_xeuupgytexetiyuq":{"value":"","col":"6","position":"before"},"app_templates_contact_top_banner_image":"","app_templates_contact_top_banner_kjpcet1ddmnn1htg":{"value":"","col":"6","position":"before"},"app_templates_contact_top_banner_rhb7zlbdvqjx7iy1":{"value":"","col":"6","position":"before"},"app_templates_contact_top_banner_pretitle":"","app_templates_contact_top_banner_title":"","app_templates_contact_top_banner_vs2ek3u40mr14f0w":{"value":"","col":"6","position":"before"},"app_templates_contact_contact_title":"","app_templates_contact_contact_background":"bg-white","app_templates_contact_contact_description":"","app_templates_contact_contact_drop_downs":[],"app_templates_contact_contact_placeholder":"","app_templates_contact_contact_to":"","app_templates_contact_contact_button":"","app_templates_contact_contact_employees":[],"app_templates_contact_contact_hide_company":false,"app_templates_contact_offices_offices":[],"app_templates_contact_modules_modules":[],"app_templates_cookies_top_banner_yqbb0ipvy0zacppd":{"value":"","col":"6","position":"before"},"app_templates_cookies_top_banner_image":"","app_templates_cookies_top_banner_diwkgiu06w5hnbp2":{"value":"","col":"6","position":"before"},"app_templates_cookies_top_banner_hj9n4r35kgze0d2a":{"value":"","col":"6","position":"before"},"app_templates_cookies_top_banner_pretitle":"","app_templates_cookies_top_banner_title":"","app_templates_cookies_top_banner_zybdlzmdonlwthz0":{"value":"","col":"6","position":"before"},"app_templates_customer_service_top_banner_0abeemeb0stktti0":{"value":"","col":"6","position":"before"},"app_templates_customer_service_top_banner_image":"","app_templates_customer_service_top_banner_rxdp2pfmgdxno5fg":{"value":"","col":"6","position":"before"},"app_templates_customer_service_top_banner_q1kl8rsp2enjvtq1":{"value":"","col":"6","position":"before"},"app_templates_customer_service_top_banner_pretitle":"","app_templates_customer_service_top_banner_title":"","app_templates_customer_service_top_banner_hofwn7lqtc6wgope":{"value":"","col":"6","position":"before"},"app_templates_customer_service_contact_title":"","app_templates_customer_service_contact_background":"bg-white","app_templates_customer_service_contact_description":"","app_templates_customer_service_contact_drop_downs":[],"app_templates_customer_service_contact_placeholder":"","app_templates_customer_service_contact_to":"","app_templates_customer_service_contact_button":"","app_templates_customer_service_contact_employees":[],"app_templates_customer_service_contact_hide_company":false,"app_templates_customer_service_contact_section_title":"","app_templates_customer_service_contact_section_description":"","app_templates_customer_service_contact_section_contact_info":[],"app_templates_customer_service_modules_modules":[],"app_templates_homepage_top_banner_image":"","app_templates_homepage_top_banner_video":"","app_templates_homepage_top_banner_title":"","app_templates_homepage_top_banner_description":"","app_templates_homepage_top_banner_button":{"value":"","url":"","anchor":"","blank":0},"app_templates_homepage_top_section_services":[],"app_templates_homepage_top_section_text":"","app_templates_homepage_top_section_button":{"value":"","url":"","anchor":"","blank":0},"app_templates_homepage_modules_modules":[],"app_templates_homepage_fr_top_banner_image":"","app_templates_homepage_fr_top_banner_video":"","app_templates_homepage_fr_top_banner_title":"","app_templates_homepage_fr_top_banner_description":"","app_templates_homepage_fr_top_banner_button":{"value":"","url":"","anchor":"","blank":0},"app_templates_homepage_fr_top_section_services":[],"app_templates_homepage_fr_top_section_text":"","app_templates_homepage_fr_top_section_button":{"value":"","url":"","anchor":"","blank":0},"app_templates_homepage_fr_modules_modules":[],"app_templates_iframe_top_banner_thfa8hw2vd91tpmm":{"value":"","col":"6","position":"before"},"app_templates_iframe_top_banner_image":"","app_templates_iframe_top_banner_uwrqdmnagykzj7rz":{"value":"","col":"6","position":"before"},"app_templates_iframe_top_banner_ulc2sqr58wtk3vkf":{"value":"","col":"6","position":"before"},"app_templates_iframe_top_banner_pretitle":"","app_templates_iframe_top_banner_title":"","app_templates_iframe_top_banner_l4z3avrc4oykvyf9":{"value":"","col":"6","position":"before"},"app_templates_iframe_iframe_url":"","app_templates_map_top_banner_6w5nrlaho8yksx6l":{"value":"","col":"6","position":"before"},"app_templates_map_top_banner_image":"","app_templates_map_top_banner_o59iy2zymy8p1ezm":{"value":"","col":"6","position":"before"},"app_templates_map_top_banner_tizzptvxmg6jdf70":{"value":"","col":"6","position":"before"},"app_templates_map_top_banner_pretitle":"","app_templates_map_top_banner_title":"","app_templates_map_top_banner_cyqraradpddyvzzh":{"value":"","col":"6","position":"before"},"app_templates_map_modules_modules":[],"app_templates_media_top_banner_f1duptr1ho2qcahe":{"value":"","col":"6","position":"before"},"app_templates_media_top_banner_image":"","app_templates_media_top_banner_ybn3qv6wxv12nxg7":{"value":"","col":"6","position":"before"},"app_templates_media_top_banner_bzsrsihd3ujtnymd":{"value":"","col":"6","position":"before"},"app_templates_media_top_banner_pretitle":"","app_templates_media_top_banner_title":"","app_templates_media_top_banner_wmuvuunvcftajgu8":{"value":"","col":"6","position":"before"},"app_templates_media_modules_modules":[],"app_templates_modules_top_banner_kzjjhvp85zhkfjta":{"value":"","col":"6","position":"before"},"app_templates_modules_top_banner_image":"","app_templates_modules_top_banner_73rnlgrakxrqymuv":{"value":"","col":"6","position":"before"},"app_templates_modules_top_banner_gvcswy9nvkmgmwdb":{"value":"","col":"6","position":"before"},"app_templates_modules_top_banner_pretitle":"","app_templates_modules_top_banner_title":"","app_templates_modules_top_banner_pin17bk2iaoebrgc":{"value":"","col":"6","position":"before"},"app_templates_modules_modules_modules":[],"app_templates_support_top_banner_hxblocuiwrqolsrg":{"value":"","col":"6","position":"before"},"app_templates_support_top_banner_image":"42","app_templates_support_top_banner_vdhcbvplt6kf828v":{"value":"","col":"6","position":"before"},"app_templates_support_top_banner_wla8spk9unhjendv":{"value":"","col":"6","position":"before"},"app_templates_support_top_banner_pretitle":"Centres de service","app_templates_support_top_banner_title":"Nous pensons international. Et nous agissons localement.","app_templates_support_top_banner_uxa5glvppmtdwrau":{"value":"","col":"6","position":"before"},"app_templates_support_modules_modules":[{"_type":"map","title":"Trouvez votre station de service la plus proche","description":"Trouvez les adresses des principaux bureaux Connected Wind Services en Europe.\r\n\r\nConsultez la carte ci-dessous pour trouver votre station de service la plus proche et prendre contact avec votre bureau local.\r\n\r\n","categories":[{"_type":"_","title":" Bureaux principaux","locations":[{"_type":"_","title":"Connected Wind Services France SAS","street":"LBA Centres d'Affairs, 10 avenue Mar\u00e9chal Foch","city":"Dijon","zip_code":"21000","country":"France"},{"_type":"_","title":"Connected Wind Services Sverige AB","street":"\u00c5karev\u00e4gen 17","city":"Falkenberg","zip_code":"311 32","country":"Schweden"},{"_type":"_","title":"Connected Wind Services Deutschland GmbH","street":"M\u00fchlenberg 19","city":"Rantrum","zip_code":"25873","country":"Deutschland"},{"_type":"_","title":"Connected Wind Services Danmark A\/S","street":"Gren\u00e5vej 629","city":"Sk\u00f8dstrup","zip_code":"8541","country":"D\u00e4nemark"},{"_type":"_","title":"Connected Wind Services Refurbishment A\/S","street":"Gren\u00e5vej 629","city":"Sk\u00f8dstrup","zip_code":"8541","country":"D\u00e4nemark"}]},{"_type":"_","title":"Centres de service ","locations":[{"_type":"_","title":"Stations de service Dijon","street":"","city":"Dijon","zip_code":"21000 ","country":"France"},{"_type":"_","title":"Stations de service B\u00fcddenstedt\/Hohnsleben ","street":"","city":"B\u00fcddenstedt\/Hohnsleben ","zip_code":"38372","country":"Germany"},{"_type":"_","title":"Stations de service D\u00f6beln","street":"","city":"D\u00f6beln","zip_code":"04720","country":"Deutschland"},{"_type":"_","title":"Stations de service Parchim","street":"","city":"Parchim","zip_code":"19370","country":"Deutschland"},{"_type":"_","title":"Stations de service Bremerv\u00f6rde","street":"","city":"Bremerv\u00f6rde","zip_code":"27432","country":"Deutschland"},{"_type":"_","title":"Stations de service Prenzlau","street":"","city":"Prenzlau","zip_code":"17291","country":"Germany"},{"_type":"_","title":"Stations de service Eicklingen","street":"","city":"Eicklingen","zip_code":"29358","country":"Germany"},{"_type":"_","title":"Stations de service Trollh\u00e4ttan","street":"","city":"Trollh\u00e4ttan","zip_code":"461 38 ","country":"Schweden"},{"_type":"_","title":"Stations de service Falk\u00f6ping c\/o Vianor ","street":"","city":"Falk\u00f6ping","zip_code":"521 41 ","country":"Schweden"},{"_type":"_","title":"Stations de service Sk\u00e4nninge","street":"","city":"Sk\u00e4nninge","zip_code":"596 34 ","country":"Schweden"},{"_type":"_","title":"Stations de service Kristianstad c\/o Kristiandstads Kylservice ","street":"","city":"Kristianstad","zip_code":"291 36 ","country":"Schweden"},{"_type":"_","title":"Stations de service Svendborg","street":"","city":"Svendborg","zip_code":"","country":"D\u00e4nemark"},{"_type":"_","title":"Stations de service Hemmet","street":"","city":"Hemmet","zip_code":"","country":"D\u00e4nemark"},{"_type":"_","title":"Stations de service Randers SV","street":"","city":"Randers ","zip_code":"","country":"D\u00e4nemark"},{"_type":"_","title":"Stations de service Hasselager","street":"","city":"Hasselager","zip_code":"","country":"D\u00e4nemark"},{"_type":"_","title":"Stations de service Balle","street":"","city":"Balle","zip_code":"","country":"D\u00e4nemark"},{"_type":"_","title":"Stations de service Brande","street":"","city":"Brande","zip_code":"","country":"D\u00e4nemark"},{"_type":"_","title":"Stations de service Hanstholm","street":"","city":"Hanstholm","zip_code":"","country":"D\u00e4nemark"},{"_type":"_","title":"Stations de service Hurup Thy","street":"","city":"Hurup Thy","zip_code":"","country":"D\u00e4nemark"},{"_type":"_","title":"Stations de service Svinninge","street":"","city":"Svinninge","zip_code":"","country":"D\u00e4nemark"},{"_type":"_","title":"Stations de service R\u00f8de Kro","street":"","city":"R\u00f8de Kro","zip_code":"","country":"D\u00e4nemark"},{"_type":"_","title":"Stations de service Nyk\u00f8bing F","street":"","city":"Nyk\u00f8bing F","zip_code":"","country":"D\u00e4nemark"},{"_type":"_","title":"Stations de service Vonge","street":"","city":"Vonge","zip_code":"","country":"D\u00e4nemark"},{"_type":"_","title":"Servicestation Lisbjerg, \u00c5rhus N","street":"","city":"Lisbjerg, \u00c5rhus N","zip_code":"8200","country":"D\u00e4nemark"},{"_type":"_","title":"Stations de service Aalborg","street":"","city":"Aalborg","zip_code":"9210","country":"D\u00e4nemark"},{"_type":"_","title":"Stations de service Holstebro","street":"","city":"Holstebro","zip_code":"7500","country":"D\u00e4nemark"},{"_type":"_","title":"Stations de service Otterup, Fyn","street":"","city":"Otterup, Fyn","zip_code":"5450","country":"D\u00e4nemark"}]}]},{"_type":"contact","title":"Avez-vous des questions?","background":"bg-white","description":"Si vous avez des questions, veuillez consulter notre Foire Aux Questions (FAQ).\r\n\r\nVous y trouverez des r\u00e9ponses aux questions les plus courantes, ainsi que des informations sur la fa\u00e7on d'obtenir de l'aide.\r\n\r\n\r\n","drop_downs":[],"placeholder":"Message","to":"przemyslaw.smigasiewicz@connectedwind.com","button":"Envoyez votre message","employees":[{"value":"post:employees:4597","type":"post","subtype":"employees","id":"4597"}],"hide_company":false}],"_links":{"self":[{"href":"https:\/\/www.connectedwind.com\/fr\/wp-json\/wp\/v2\/pages\/2200","targetHints":{"allow":["GET"]}}],"collection":[{"href":"https:\/\/www.connectedwind.com\/fr\/wp-json\/wp\/v2\/pages"}],"about":[{"href":"https:\/\/www.connectedwind.com\/fr\/wp-json\/wp\/v2\/types\/page"}],"author":[{"embeddable":true,"href":"https:\/\/www.connectedwind.com\/fr\/wp-json\/wp\/v2\/users\/2"}],"replies":[{"embeddable":true,"href":"https:\/\/www.connectedwind.com\/fr\/wp-json\/wp\/v2\/comments?post=2200"}],"version-history":[{"count":14,"href":"https:\/\/www.connectedwind.com\/fr\/wp-json\/wp\/v2\/pages\/2200\/revisions"}],"predecessor-version":[{"id":7198,"href":"https:\/\/www.connectedwind.com\/fr\/wp-json\/wp\/v2\/pages\/2200\/revisions\/7198"}],"wp:attachment":[{"href":"https:\/\/www.connectedwind.com\/fr\/wp-json\/wp\/v2\/media?parent=2200"}],"curies":[{"name":"wp","href":"https:\/\/api.w.org\/{rel}","templated":true}]}}