{"id":2205,"date":"2018-10-24T12:39:28","date_gmt":"2018-10-24T10:39:28","guid":{"rendered":"https:\/\/www.connectedwind.com\/faq\/"},"modified":"2020-01-30T06:56:58","modified_gmt":"2020-01-30T05:56:58","slug":"faq","status":"publish","type":"page","link":"https:\/\/www.connectedwind.com\/fr\/faq\/","title":{"rendered":"FAQ"},"content":{"rendered":"","protected":false},"excerpt":{"rendered":"","protected":false},"author":2,"featured_media":0,"parent":0,"menu_order":0,"comment_status":"closed","ping_status":"closed","template":"views\/template-support.blade.php","meta":{"footnotes":""},"class_list":["post-2205","page","type-page","status-publish","hentry"],"yoast_head":"<!-- This site is optimized with the Yoast SEO plugin v24.7 - https:\/\/yoast.com\/wordpress\/plugins\/seo\/ -->\n<title>FAQ - Connected Wind Services<\/title>\n<meta name=\"robots\" content=\"index, follow, max-snippet:-1, max-image-preview:large, max-video-preview:-1\" \/>\n<link rel=\"canonical\" href=\"https:\/\/www.connectedwind.com\/fr\/faq\/\" \/>\n<meta property=\"og:locale\" content=\"fr_FR\" \/>\n<meta property=\"og:type\" content=\"article\" \/>\n<meta property=\"og:title\" content=\"FAQ - Connected Wind Services\" \/>\n<meta property=\"og:url\" content=\"https:\/\/www.connectedwind.com\/fr\/faq\/\" \/>\n<meta property=\"og:site_name\" content=\"Connected Wind Services\" \/>\n<meta property=\"article:modified_time\" content=\"2020-01-30T05:56:58+00:00\" \/>\n<meta name=\"twitter:card\" content=\"summary_large_image\" \/>\n<script type=\"application\/ld+json\" class=\"yoast-schema-graph\">{\"@context\":\"https:\/\/schema.org\",\"@graph\":[{\"@type\":\"WebPage\",\"@id\":\"https:\/\/www.connectedwind.com\/fr\/faq\/\",\"url\":\"https:\/\/www.connectedwind.com\/fr\/faq\/\",\"name\":\"FAQ - Connected Wind Services\",\"isPartOf\":{\"@id\":\"https:\/\/www.connectedwind.com\/fr\/#website\"},\"datePublished\":\"2018-10-24T10:39:28+00:00\",\"dateModified\":\"2020-01-30T05:56:58+00:00\",\"breadcrumb\":{\"@id\":\"https:\/\/www.connectedwind.com\/fr\/faq\/#breadcrumb\"},\"inLanguage\":\"fr-FR\",\"potentialAction\":[{\"@type\":\"ReadAction\",\"target\":[\"https:\/\/www.connectedwind.com\/fr\/faq\/\"]}]},{\"@type\":\"BreadcrumbList\",\"@id\":\"https:\/\/www.connectedwind.com\/fr\/faq\/#breadcrumb\",\"itemListElement\":[{\"@type\":\"ListItem\",\"position\":1,\"name\":\"Home\",\"item\":\"https:\/\/www.connectedwind.com\/fr\/\"},{\"@type\":\"ListItem\",\"position\":2,\"name\":\"FAQ\"}]},{\"@type\":\"WebSite\",\"@id\":\"https:\/\/www.connectedwind.com\/fr\/#website\",\"url\":\"https:\/\/www.connectedwind.com\/fr\/\",\"name\":\"Connected Wind Services\",\"description\":\"ISP for reliable O&amp;M services &amp; parts\",\"potentialAction\":[{\"@type\":\"SearchAction\",\"target\":{\"@type\":\"EntryPoint\",\"urlTemplate\":\"https:\/\/www.connectedwind.com\/fr\/?s={search_term_string}\"},\"query-input\":{\"@type\":\"PropertyValueSpecification\",\"valueRequired\":true,\"valueName\":\"search_term_string\"}}],\"inLanguage\":\"fr-FR\"}]}<\/script>\n<!-- \/ Yoast SEO plugin. -->","yoast_head_json":{"title":"FAQ - Connected Wind Services","robots":{"index":"index","follow":"follow","max-snippet":"max-snippet:-1","max-image-preview":"max-image-preview:large","max-video-preview":"max-video-preview:-1"},"canonical":"https:\/\/www.connectedwind.com\/fr\/faq\/","og_locale":"fr_FR","og_type":"article","og_title":"FAQ - Connected Wind Services","og_url":"https:\/\/www.connectedwind.com\/fr\/faq\/","og_site_name":"Connected Wind Services","article_modified_time":"2020-01-30T05:56:58+00:00","twitter_card":"summary_large_image","schema":{"@context":"https:\/\/schema.org","@graph":[{"@type":"WebPage","@id":"https:\/\/www.connectedwind.com\/fr\/faq\/","url":"https:\/\/www.connectedwind.com\/fr\/faq\/","name":"FAQ - Connected Wind Services","isPartOf":{"@id":"https:\/\/www.connectedwind.com\/fr\/#website"},"datePublished":"2018-10-24T10:39:28+00:00","dateModified":"2020-01-30T05:56:58+00:00","breadcrumb":{"@id":"https:\/\/www.connectedwind.com\/fr\/faq\/#breadcrumb"},"inLanguage":"fr-FR","potentialAction":[{"@type":"ReadAction","target":["https:\/\/www.connectedwind.com\/fr\/faq\/"]}]},{"@type":"BreadcrumbList","@id":"https:\/\/www.connectedwind.com\/fr\/faq\/#breadcrumb","itemListElement":[{"@type":"ListItem","position":1,"name":"Home","item":"https:\/\/www.connectedwind.com\/fr\/"},{"@type":"ListItem","position":2,"name":"FAQ"}]},{"@type":"WebSite","@id":"https:\/\/www.connectedwind.com\/fr\/#website","url":"https:\/\/www.connectedwind.com\/fr\/","name":"Connected Wind Services","description":"ISP for reliable O&amp;M services &amp; parts","potentialAction":[{"@type":"SearchAction","target":{"@type":"EntryPoint","urlTemplate":"https:\/\/www.connectedwind.com\/fr\/?s={search_term_string}"},"query-input":{"@type":"PropertyValueSpecification","valueRequired":true,"valueName":"search_term_string"}}],"inLanguage":"fr-FR"}]}},"app_templates_career_top_banner_cwsvrlkfyqnifhku":{"value":"","col":"6","position":"before"},"app_templates_career_top_banner_image":"","app_templates_career_top_banner_7gie7dgiria34kpt":{"value":"","col":"6","position":"before"},"app_templates_career_top_banner_exmmfmxtssksh4mo":{"value":"","col":"6","position":"before"},"app_templates_career_top_banner_pretitle":"","app_templates_career_top_banner_title":"","app_templates_career_top_banner_qskvlx2b5rzf7tao":{"value":"","col":"6","position":"before"},"app_templates_career_modules_modules":[],"app_templates_contact_top_banner_5rgskpwvxcbiswxf":{"value":"","col":"6","position":"before"},"app_templates_contact_top_banner_image":"","app_templates_contact_top_banner_xuzihzcghqw50www":{"value":"","col":"6","position":"before"},"app_templates_contact_top_banner_drklubad5oo96ybk":{"value":"","col":"6","position":"before"},"app_templates_contact_top_banner_pretitle":"","app_templates_contact_top_banner_title":"","app_templates_contact_top_banner_u09jwlctebwrnacb":{"value":"","col":"6","position":"before"},"app_templates_contact_contact_title":"","app_templates_contact_contact_background":"bg-white","app_templates_contact_contact_description":"","app_templates_contact_contact_drop_downs":[],"app_templates_contact_contact_placeholder":"","app_templates_contact_contact_to":"","app_templates_contact_contact_button":"","app_templates_contact_contact_employees":[],"app_templates_contact_contact_hide_company":false,"app_templates_contact_offices_offices":[],"app_templates_contact_modules_modules":[],"app_templates_cookies_top_banner_ntkqajj7pnbecxom":{"value":"","col":"6","position":"before"},"app_templates_cookies_top_banner_image":"","app_templates_cookies_top_banner_2mitbxp7zonz0cyj":{"value":"","col":"6","position":"before"},"app_templates_cookies_top_banner_nyhujovzbckyrbcf":{"value":"","col":"6","position":"before"},"app_templates_cookies_top_banner_pretitle":"","app_templates_cookies_top_banner_title":"","app_templates_cookies_top_banner_ubeomxc0ckkushty":{"value":"","col":"6","position":"before"},"app_templates_customer_service_top_banner_eiiqpigtkyv6cyje":{"value":"","col":"6","position":"before"},"app_templates_customer_service_top_banner_image":"","app_templates_customer_service_top_banner_uosfdyv6isqu06u7":{"value":"","col":"6","position":"before"},"app_templates_customer_service_top_banner_hfbzn8gs5hqjd1nd":{"value":"","col":"6","position":"before"},"app_templates_customer_service_top_banner_pretitle":"","app_templates_customer_service_top_banner_title":"","app_templates_customer_service_top_banner_8bcty4wx5eaf627e":{"value":"","col":"6","position":"before"},"app_templates_customer_service_contact_title":"","app_templates_customer_service_contact_background":"bg-white","app_templates_customer_service_contact_description":"","app_templates_customer_service_contact_drop_downs":[],"app_templates_customer_service_contact_placeholder":"","app_templates_customer_service_contact_to":"","app_templates_customer_service_contact_button":"","app_templates_customer_service_contact_employees":[],"app_templates_customer_service_contact_hide_company":false,"app_templates_customer_service_contact_section_title":"","app_templates_customer_service_contact_section_description":"","app_templates_customer_service_contact_section_contact_info":[],"app_templates_customer_service_modules_modules":[],"app_templates_homepage_top_banner_image":"","app_templates_homepage_top_banner_video":"","app_templates_homepage_top_banner_title":"","app_templates_homepage_top_banner_description":"","app_templates_homepage_top_banner_button":{"value":"","url":"","anchor":"","blank":0},"app_templates_homepage_top_section_services":[],"app_templates_homepage_top_section_text":"","app_templates_homepage_top_section_button":{"value":"","url":"","anchor":"","blank":0},"app_templates_homepage_modules_modules":[],"app_templates_homepage_fr_top_banner_image":"","app_templates_homepage_fr_top_banner_video":"","app_templates_homepage_fr_top_banner_title":"","app_templates_homepage_fr_top_banner_description":"","app_templates_homepage_fr_top_banner_button":{"value":"","url":"","anchor":"","blank":0},"app_templates_homepage_fr_top_section_services":[],"app_templates_homepage_fr_top_section_text":"","app_templates_homepage_fr_top_section_button":{"value":"","url":"","anchor":"","blank":0},"app_templates_homepage_fr_modules_modules":[],"app_templates_iframe_top_banner_qvrrbtatoc1bdxbj":{"value":"","col":"6","position":"before"},"app_templates_iframe_top_banner_image":"","app_templates_iframe_top_banner_11f4ydyuhiwxqhyz":{"value":"","col":"6","position":"before"},"app_templates_iframe_top_banner_1mlke1x3uok9nmcb":{"value":"","col":"6","position":"before"},"app_templates_iframe_top_banner_pretitle":"","app_templates_iframe_top_banner_title":"","app_templates_iframe_top_banner_ked8kbvl6kna8xeq":{"value":"","col":"6","position":"before"},"app_templates_iframe_iframe_url":"","app_templates_map_top_banner_rctjhpoji7wnctah":{"value":"","col":"6","position":"before"},"app_templates_map_top_banner_image":"","app_templates_map_top_banner_5yurruch3ugefir1":{"value":"","col":"6","position":"before"},"app_templates_map_top_banner_tmmjkt1zntlx6pzk":{"value":"","col":"6","position":"before"},"app_templates_map_top_banner_pretitle":"","app_templates_map_top_banner_title":"","app_templates_map_top_banner_r4smtyf9b9gb4xzf":{"value":"","col":"6","position":"before"},"app_templates_map_modules_modules":[],"app_templates_media_top_banner_udkbjs2h94zwwwjz":{"value":"","col":"6","position":"before"},"app_templates_media_top_banner_image":"","app_templates_media_top_banner_ubkskqfu61ffm7be":{"value":"","col":"6","position":"before"},"app_templates_media_top_banner_umvs3szp3fmt1wwo":{"value":"","col":"6","position":"before"},"app_templates_media_top_banner_pretitle":"","app_templates_media_top_banner_title":"","app_templates_media_top_banner_rtthaajpb6a5c5wv":{"value":"","col":"6","position":"before"},"app_templates_media_modules_modules":[],"app_templates_modules_top_banner_efo4jogpi4bzk7hy":{"value":"","col":"6","position":"before"},"app_templates_modules_top_banner_image":"","app_templates_modules_top_banner_wz6x77tw088vsrld":{"value":"","col":"6","position":"before"},"app_templates_modules_top_banner_o4gptks0aq5yjgrq":{"value":"","col":"6","position":"before"},"app_templates_modules_top_banner_pretitle":"","app_templates_modules_top_banner_title":"","app_templates_modules_top_banner_pqierafo4t3gdwb2":{"value":"","col":"6","position":"before"},"app_templates_modules_modules_modules":[],"app_templates_support_top_banner_ds5ssuu1nlmdklfa":{"value":"","col":"6","position":"before"},"app_templates_support_top_banner_image":"61","app_templates_support_top_banner_jy1sbhunxdfqbfle":{"value":"","col":"6","position":"before"},"app_templates_support_top_banner_bitxneyytrko8zcs":{"value":"","col":"6","position":"before"},"app_templates_support_top_banner_pretitle":"FAQ","app_templates_support_top_banner_title":"Questions fr\u00e9quemment pos\u00e9es","app_templates_support_top_banner_yr0sr32y5jyrtjqu":{"value":"","col":"6","position":"before"},"app_templates_support_modules_modules":[{"_type":"accordion","title":"Trouvez votre r\u00e9ponse","description":"Ces FAQ apportent des r\u00e9ponses \u00e0 certaines des questions les plus fr\u00e9quemment pos\u00e9es. Obtenez des informations compl\u00e8tes et utiles, mais aussi des r\u00e9ponses \u00e0 vos questions.\r\n\r\nSi vous avez besoin d\u2019une aide suppl\u00e9mentaire, nous vous proposons plus d'options de contact.\r\n\r\n","categories":[{"_type":"_","title":"Service & Maintenance","items":[{"_type":"_","title":"CWS est-il un prestataire de services ind\u00e9pendant multimarque?","text":"Oui, nous proc\u00e9dons \u00e0 l\u2019exploitation et \u00e0 l\u2019entretien (OAM) sur un large \u00e9ventail de mod\u00e8les et de marques."},{"_type":"_","title":"CWS fonctionne t-il aussi en mer?","text":"Oui, nous fournissons \u00e0 la fois l\u2019exploitation et l\u2019entretien (OAM) et des projets de service en mer."},{"_type":"_","title":"Puis-je disposer d\u2019un point de contact unique en tant que client avec CWS?","text":"Oui bien s\u00fbr, nous avons des gestionnaires de services d\u00e9di\u00e9s \u00e0 tous nos clients exploitation et entretien (OAM)."},{"_type":"_","title":"Quels sont les pays concern\u00e9s par l\u2019offre de contrat OAM de CWS?","text":"Actuellement, nous proposons des contrats exploitation et entretien (OAM) au Danemark, en Su\u00e8de, en Allemagne et en France."},{"_type":"_","title":"CWS propose-t-il une surveillance 24\/7 de nos a\u00e9rog\u00e9n\u00e9rateurs?","text":"Oui, nous avons mis en place notre propre surveillance humaine 24\/7\/365"}]},{"_type":"_","title":"Prestations de services","items":[{"_type":"_","title":"Dans quels pays CWS offre-t-il des prestations de service?","text":"Nous travaillons \u00e0 l'\u00e9chelle mondiale sur les prestations de services et la fourniture de pi\u00e8ces."},{"_type":"_","title":"CWS est-il en mesure de fournir une surveillance?","text":"Oui, CWS a de nombreux superviseurs exp\u00e9riment\u00e9s disponibles."},{"_type":"_","title":"CWS est-il en mesure de fournir des prestations de service pour tous les types d\u2019a\u00e9rog\u00e9n\u00e9rateurs?","text":"Non, mais \u00e9tant un prestataire de services ind\u00e9pendant, nous pouvons prendre en charge les mod\u00e8les les plus courants d\u2019a\u00e9rog\u00e9n\u00e9rateurs."},{"_type":"_","title":"CWS dispose-t-il des outils en interne pour le remplacement des composants principaux?","text":"Oui, nous poss\u00e9dons des outils sp\u00e9ciaux d\u00e9di\u00e9s \u00e0 un large \u00e9ventail d\u2019activit\u00e9s de remplacement de composants principaux ainsi qu\u2019\u00e0 une vaste gamme de mod\u00e8les d\u2019a\u00e9rog\u00e9n\u00e9rateurs."},{"_type":"_","title":"CWS peut-il fournir une solution \u00ab plug \u2019n\u2019 play \u00bb (pr\u00eate \u00e0 l\u2019emploi), incluant les personnes, la grue, les pi\u00e8ces, etc.?","text":"Oui, CWS l\u2019a d\u00e9j\u00e0 fait de nombreuses fois."},{"_type":"_","title":"Est-ce que CWS ach\u00e8te des mod\u00e8les d\u2019a\u00e9rog\u00e9n\u00e9rateurs anciens et\/ou d\u00e9fectueux?","text":"Oui, nous achetons parfois diff\u00e9rents a\u00e9rog\u00e9n\u00e9rateurs pour notre stock."}]},{"_type":"_","title":"Composants & pi\u00e8ces d\u00e9tach\u00e9es","items":[{"_type":"_","title":"Livrez-vous dans le monde entier?","text":"Oui. Nous avons des clients partout dans le monde, par exemple la Jama\u00efque, le Japon, la France, l'Espagne et les \u00c9tats-Unis."},{"_type":"_","title":"Quel est votre d\u00e9lai de livraison?","text":"En stock\u00a0: 1-5 jour ouvrable\r\nHabituellement\u00a0: 8-14 jour ouvrable\r\nUrgent\u00a0: 3-7 jour ouvrable (co\u00fbt suppl\u00e9mentaire de 135 \u20ac hors frais de port)"},{"_type":"_","title":"CWS peut-il fournir des pi\u00e8ces de rechange pour tous les types d\u2019a\u00e9rog\u00e9n\u00e9rateurs?","text":"Notre statut de prestataire de services ind\u00e9pendant multimarque nous permet une prise en charge des mod\u00e8les d\u2019a\u00e9rog\u00e9n\u00e9rateurs les plus courants."}]},{"_type":"_","title":"Surveillance","items":[{"_type":"_","title":"Le service 24\/7 est-il r\u00e9ellement assur\u00e9?","text":"Oui, le 24\/7 est un vrai 24\/7."},{"_type":"_","title":"CWS est-il en mesure de fournir une application pour la surveillance?","text":"Oui, cette option est disponible via notre application Connect 24\/7.\r\n\r\n<a href=\"https:\/\/play.google.com\/store\/apps\/details?id=com.mitateknik.connect\"><em>T\u00e9l\u00e9chargement Android<\/em><\/a>\r\n\r\n<a href=\"https:\/\/itunes.apple.com\/de\/app\/connect-24-7-scada-app\/id1058383581?mt=8\"><em>T\u00e9l\u00e9chargement iOS<\/em><\/a>\r\n\r\n&nbsp;"},{"_type":"_","title":"Ce service est-il disponible aupr\u00e8s de nombreuses marques d\u2019a\u00e9rog\u00e9n\u00e9rateurs?","text":"Oui, de nombreux mod\u00e8les de contr\u00f4leurs et d\u2019a\u00e9rog\u00e9n\u00e9rateurs sont connect\u00e9s \u00e0 notre service 24\/7."}]},{"_type":"_","title":" Notre processus de demande","items":[{"_type":"_","title":"Dans quelles langues puis-je postuler aupr\u00e8s de Connected Wind Services?","text":"Vous pouvez soumettre votre candidature dans les langues suivantes\u00a0:\r\n<ul>\r\n \t<li>Fran\u00e7ais<\/li>\r\n \t<li>Anglais<\/li>\r\n<\/ul>"},{"_type":"_","title":"Comment puis-je envoyer ma candidature \u00e0 Connected Wind Services?","text":"Vous pouvez nous soumettre votre candidature par courrier, par courrier \u00e9lectronique ou num\u00e9rique."},{"_type":"_","title":"Quels sont les documents n\u00e9cessaires pour postuler?","text":"Veuillez nous envoyer votre CV, une courte lettre de motivation ainsi que vos r\u00e9f\u00e9rences."},{"_type":"_","title":"Dois-je joindre une photo \u00e0 ma candidature?","text":"Non, il n\u2019est pas n\u00e9cessaire de nous envoyer une photo avec votre candidature. Nous avons besoin de votre CV et de vos r\u00e9f\u00e9rences."}]}]},{"_type":"contact","title":"Avez-vous trouv\u00e9 votre r\u00e9ponse?","background":"bg-white","description":"Si vous n\u2019avez pas trouv\u00e9 de r\u00e9ponse \u00e0 votre question, n\u2019h\u00e9sitez pas \u00e0 nous contacter.","drop_downs":[],"placeholder":"Message","to":"przemyslaw.smigasiewicz@connectedwind.com","button":"Envoyez votre message","employees":[{"value":"post:employees:4597","type":"post","subtype":"employees","id":"4597"}],"hide_company":false}],"_links":{"self":[{"href":"https:\/\/www.connectedwind.com\/fr\/wp-json\/wp\/v2\/pages\/2205","targetHints":{"allow":["GET"]}}],"collection":[{"href":"https:\/\/www.connectedwind.com\/fr\/wp-json\/wp\/v2\/pages"}],"about":[{"href":"https:\/\/www.connectedwind.com\/fr\/wp-json\/wp\/v2\/types\/page"}],"author":[{"embeddable":true,"href":"https:\/\/www.connectedwind.com\/fr\/wp-json\/wp\/v2\/users\/2"}],"replies":[{"embeddable":true,"href":"https:\/\/www.connectedwind.com\/fr\/wp-json\/wp\/v2\/comments?post=2205"}],"version-history":[{"count":6,"href":"https:\/\/www.connectedwind.com\/fr\/wp-json\/wp\/v2\/pages\/2205\/revisions"}],"predecessor-version":[{"id":4696,"href":"https:\/\/www.connectedwind.com\/fr\/wp-json\/wp\/v2\/pages\/2205\/revisions\/4696"}],"wp:attachment":[{"href":"https:\/\/www.connectedwind.com\/fr\/wp-json\/wp\/v2\/media?parent=2205"}],"curies":[{"name":"wp","href":"https:\/\/api.w.org\/{rel}","templated":true}]}}