{"id":2208,"date":"2018-10-24T12:28:05","date_gmt":"2018-10-24T10:28:05","guid":{"rendered":"https:\/\/www.connectedwind.com\/careers\/"},"modified":"2021-02-25T14:21:52","modified_gmt":"2021-02-25T13:21:52","slug":"carrieres","status":"publish","type":"page","link":"https:\/\/www.connectedwind.com\/fr\/carrieres\/","title":{"rendered":"Carri\u00e8res"},"content":{"rendered":"","protected":false},"excerpt":{"rendered":"","protected":false},"author":2,"featured_media":0,"parent":0,"menu_order":0,"comment_status":"closed","ping_status":"closed","template":"views\/template-career.blade.php","meta":{"footnotes":""},"class_list":["post-2208","page","type-page","status-publish","hentry"],"yoast_head":"<!-- This site is optimized with the Yoast SEO plugin v24.7 - https:\/\/yoast.com\/wordpress\/plugins\/seo\/ -->\n<title>Carri\u00e8res - Connected Wind Services<\/title>\n<meta name=\"robots\" content=\"index, follow, max-snippet:-1, max-image-preview:large, max-video-preview:-1\" \/>\n<link rel=\"canonical\" href=\"https:\/\/www.connectedwind.com\/fr\/carrieres\/\" \/>\n<meta property=\"og:locale\" content=\"fr_FR\" \/>\n<meta property=\"og:type\" content=\"article\" \/>\n<meta property=\"og:title\" content=\"Carri\u00e8res - Connected Wind Services\" \/>\n<meta property=\"og:url\" content=\"https:\/\/www.connectedwind.com\/fr\/carrieres\/\" \/>\n<meta property=\"og:site_name\" content=\"Connected Wind Services\" \/>\n<meta property=\"article:modified_time\" content=\"2021-02-25T13:21:52+00:00\" \/>\n<meta name=\"twitter:card\" content=\"summary_large_image\" \/>\n<script type=\"application\/ld+json\" class=\"yoast-schema-graph\">{\"@context\":\"https:\/\/schema.org\",\"@graph\":[{\"@type\":\"WebPage\",\"@id\":\"https:\/\/www.connectedwind.com\/fr\/carrieres\/\",\"url\":\"https:\/\/www.connectedwind.com\/fr\/carrieres\/\",\"name\":\"Carri\u00e8res - Connected Wind Services\",\"isPartOf\":{\"@id\":\"https:\/\/www.connectedwind.com\/fr\/#website\"},\"datePublished\":\"2018-10-24T10:28:05+00:00\",\"dateModified\":\"2021-02-25T13:21:52+00:00\",\"breadcrumb\":{\"@id\":\"https:\/\/www.connectedwind.com\/fr\/carrieres\/#breadcrumb\"},\"inLanguage\":\"fr-FR\",\"potentialAction\":[{\"@type\":\"ReadAction\",\"target\":[\"https:\/\/www.connectedwind.com\/fr\/carrieres\/\"]}]},{\"@type\":\"BreadcrumbList\",\"@id\":\"https:\/\/www.connectedwind.com\/fr\/carrieres\/#breadcrumb\",\"itemListElement\":[{\"@type\":\"ListItem\",\"position\":1,\"name\":\"Home\",\"item\":\"https:\/\/www.connectedwind.com\/fr\/\"},{\"@type\":\"ListItem\",\"position\":2,\"name\":\"Carri\u00e8res\"}]},{\"@type\":\"WebSite\",\"@id\":\"https:\/\/www.connectedwind.com\/fr\/#website\",\"url\":\"https:\/\/www.connectedwind.com\/fr\/\",\"name\":\"Connected Wind Services\",\"description\":\"ISP for reliable O&amp;M services &amp; parts\",\"potentialAction\":[{\"@type\":\"SearchAction\",\"target\":{\"@type\":\"EntryPoint\",\"urlTemplate\":\"https:\/\/www.connectedwind.com\/fr\/?s={search_term_string}\"},\"query-input\":{\"@type\":\"PropertyValueSpecification\",\"valueRequired\":true,\"valueName\":\"search_term_string\"}}],\"inLanguage\":\"fr-FR\"}]}<\/script>\n<!-- \/ Yoast SEO plugin. -->","yoast_head_json":{"title":"Carri\u00e8res - Connected Wind Services","robots":{"index":"index","follow":"follow","max-snippet":"max-snippet:-1","max-image-preview":"max-image-preview:large","max-video-preview":"max-video-preview:-1"},"canonical":"https:\/\/www.connectedwind.com\/fr\/carrieres\/","og_locale":"fr_FR","og_type":"article","og_title":"Carri\u00e8res - Connected Wind Services","og_url":"https:\/\/www.connectedwind.com\/fr\/carrieres\/","og_site_name":"Connected Wind Services","article_modified_time":"2021-02-25T13:21:52+00:00","twitter_card":"summary_large_image","schema":{"@context":"https:\/\/schema.org","@graph":[{"@type":"WebPage","@id":"https:\/\/www.connectedwind.com\/fr\/carrieres\/","url":"https:\/\/www.connectedwind.com\/fr\/carrieres\/","name":"Carri\u00e8res - Connected Wind Services","isPartOf":{"@id":"https:\/\/www.connectedwind.com\/fr\/#website"},"datePublished":"2018-10-24T10:28:05+00:00","dateModified":"2021-02-25T13:21:52+00:00","breadcrumb":{"@id":"https:\/\/www.connectedwind.com\/fr\/carrieres\/#breadcrumb"},"inLanguage":"fr-FR","potentialAction":[{"@type":"ReadAction","target":["https:\/\/www.connectedwind.com\/fr\/carrieres\/"]}]},{"@type":"BreadcrumbList","@id":"https:\/\/www.connectedwind.com\/fr\/carrieres\/#breadcrumb","itemListElement":[{"@type":"ListItem","position":1,"name":"Home","item":"https:\/\/www.connectedwind.com\/fr\/"},{"@type":"ListItem","position":2,"name":"Carri\u00e8res"}]},{"@type":"WebSite","@id":"https:\/\/www.connectedwind.com\/fr\/#website","url":"https:\/\/www.connectedwind.com\/fr\/","name":"Connected Wind Services","description":"ISP for reliable O&amp;M services &amp; parts","potentialAction":[{"@type":"SearchAction","target":{"@type":"EntryPoint","urlTemplate":"https:\/\/www.connectedwind.com\/fr\/?s={search_term_string}"},"query-input":{"@type":"PropertyValueSpecification","valueRequired":true,"valueName":"search_term_string"}}],"inLanguage":"fr-FR"}]}},"app_templates_career_top_banner_zra1datergsclvbj":{"value":"","col":"6","position":"before"},"app_templates_career_top_banner_image":"420","app_templates_career_top_banner_cwygkcz87scl04tg":{"value":"","col":"6","position":"before"},"app_templates_career_top_banner_bpz589zuoo0b1pwt":{"value":"","col":"6","position":"before"},"app_templates_career_top_banner_pretitle":"Carri\u00e8res","app_templates_career_top_banner_title":"Rejoignez le mouvement","app_templates_career_top_banner_l0dgdpaxlgi0m7kb":{"value":"","col":"6","position":"before"},"app_templates_career_modules_modules":[{"_type":"text_image","nav_title":"Pr\u00e9sentation","image":"78","video":"","background_color":"bg-secondary-light","image_position":3,"pretitle":"","title":"Travailler chez Connected","subtitle":"Emplois dans l\u2019\u00e9olien chez Connected Wind Services Europe","text":"Vous souhaitez rejoindre une entreprise en plein essor, ambitieuse, dans un environnement de travail hautement professionnel, amical et solidaire ? Alors vous \u00eates au bon endroit.","button":{"value":"","url":"","anchor":"","blank":"1"},"show_shares":false},{"_type":"features","nav_title":" La culture d'entreprise","pretitle":" La culture d'entreprise","title":"Nous sommes une entreprise avec des valeurs","description":"Entretenir et prolonger la dur\u00e9e de vie des turbines n\u2019est qu\u2019une partie de notre mission :\r\n\r\nNous aidons le mouvement \u00e9cologiste. Nous contribuons \u00e0 faire progresser les entreprises, et nos partenaires afin de construire une base durable pour l'avenir.\r\n\r\nNous cr\u00e9ons des solutions innovantes pour r\u00e9pondre \u00e0 des probl\u00e8mes complexes. Faire progresser la technologie pour d\u00e9passer les attentes.\r\n\r\nEn tant que partenaires de services professionnels, nous savons exactement quelles sont les conditions sine qua non \u00e0 la progression de nos clients.\r\n","size":12,"features":[{"_type":"_","icon":null,"title":"Transparence","description":"Une documentation et une communication transparente assurent l\u2019action et la confiance mutuelle. Le respect de nos accords est aussi important pour nous que pour vous. Notre exp\u00e9rience et notre savoir-faire prouvent \u00e0 nos clients que nous ma\u00eetrisons notre m\u00e9tier. Ils peuvent compter sur nous en tant que partenaires professionnels d\u00e9di\u00e9s \u00e0 la r\u00e9duction de la complexit\u00e9. Nous \u00e9liminons les obstacles et nous contribuons \u00e0 leur progression.\r\n"},{"_type":"_","icon":null,"title":"R\u00e9actif","description":"En tant que prestataire de services multi-marques, nous proposons des solutions flexibles et adapt\u00e9es aux besoins pr\u00e9cis de chaque client. Notre implantation locale assure un temps de r\u00e9ponse court et un traitement rapide des besoins de nos clients. Notre configuration et notre approche multi-comp\u00e9tences nous permettent de nous adapter \u00e0 un march\u00e9 en constante \u00e9volution. Nous cr\u00e9ons des solutions et des concepts de services sur mesure afin de maximiser le rendement ainsi que la protection des actifs et des ressources.\r\n"},{"_type":"_","icon":null,"title":"Progressiste","description":"Sur un march\u00e9 o\u00f9 nous sommes en concurrence permanente avec des petits prestataires de services ind\u00e9pendants locaux et des grands FEO internationaux, nous nous effor\u00e7ons de toujours aller au-del\u00e0 des attentes de nos clients. Nous ne cessons jamais d'innover, ce qui nous permet d'am\u00e9liorer continuellement nos services et solutions. Nous contribuons \u00e0 faire avancer la technologie et \u00e0 prolonger la vie des actifs de nos clients.\r\n"}]},{"_type":"vacancies","nav_title":"Postes vacants","title":"Postes vacants","description":"En savoir plus sur les offres d'emploi chez Connected Wind Services","vacancies":[{"value":"post:vacancies:3327","type":"post","subtype":"vacancies","id":"3327"}]},{"_type":"textbox_image","nav_title":"Candidature","background_color":"bg-primary","image_position":1,"image":"79","pretitle":"Candidatures spontan\u00e9es","title":"Poss\u00e9dez-vous les qualit\u00e9s n\u00e9cessaires pour rejoindre l\u2019\u00e9quipe?","text":"Exploitez votre potentiel\u00a0: rejoignez Connected Wind Services. Si vous voulez maintenir le monde en mouvement, nous avons besoin de vous. En travaillant pour Connected Wind Services, vous int\u00e9grez une entreprise ambitieuse, en plein essor et offrant un environnement de travail amical, solidaire et toujours tr\u00e8s professionnel\u00a0!\r\n\r\nVeuillez \u00e9galement consulter les postes vacants sur nos sites internet locaux.","features":[],"button":{"value":"","url":"\/fr\/carrieres\/#contact","anchor":"Postulez maintenant","blank":"0"},"button2":{"value":"","url":"","anchor":"","blank":"1"}},{"_type":"employee_stories","nav_title":"T\u00e9moignages des employ\u00e9s","title":"T\u00e9moignages des employ\u00e9s","description":"En savoir plus sur l\u2019environnement de travail chez Connected Wind Services","employee_stories":[{"value":"post:employee-stories:1649","type":"post","subtype":"employee-stories","id":"1649"},{"value":"post:employee-stories:1257","type":"post","subtype":"employee-stories","id":"1257"},{"value":"post:employee-stories:1646","type":"post","subtype":"employee-stories","id":"1646"},{"value":"post:employee-stories:1653","type":"post","subtype":"employee-stories","id":"1653"}]},{"_type":"accordion","nav_title":"FAQ","title":"Vous avez des questions?","description":"Si vous avez des questions concernant nos offres d'emploi, veuillez consulter notre Foire Aux Questions (FAQ).\r\nVous y trouverez des r\u00e9ponses aux questions les plus fr\u00e9quemment pos\u00e9es.\r\n\r\n","categories":[{"_type":"_","title":"","items":[{"_type":"_","title":"Dans quelles langues puis-je postuler aupr\u00e8s de Connected Wind Services?","text":"Vous pouvez soumettre votre candidature dans les langues suivantes\u00a0:\r\n<ul>\r\n \t<li>Fran\u00e7ais<\/li>\r\n \t<li>Anglais<\/li>\r\n<\/ul>\r\n&nbsp;\r\n\r\n&nbsp;\r\n\r\n&nbsp;"},{"_type":"_","title":"Comment puis-je envoyer ma candidature \u00e0 Connected Wind Services?","text":"Vous pouvez nous soumettre votre candidature par courrier, par courrier \u00e9lectronique ou num\u00e9rique."},{"_type":"_","title":"Quels sont les documents n\u00e9cessaires pour postuler?","text":"Veuillez nous envoyer votre CV, une courte lettre de motivation ainsi que vos r\u00e9f\u00e9rences."},{"_type":"_","title":"Dois-je joindre une photo \u00e0 ma candidature?","text":"Non, il n\u2019est pas n\u00e9cessaire de nous envoyer une photo avec votre candidature. Nous avons besoin de votre CV et de vos r\u00e9f\u00e9rences."}]}]},{"_type":"contact","nav_title":"Contact","title":"Contactez-nous","background":"bg-white","description":"En cas de questions relatives aux postes vacants, aux offres d\u2019emploi ou aux candidatures, veuillez contacter:","drop_downs":[],"placeholder":"Message","to":"christina.kebbel@connectedwind.com","button":"Envoyez votre message","employees":[{"value":"post:employees:2046","type":"post","subtype":"employees","id":"2046"}],"hide_company":true}],"app_templates_contact_top_banner_1dzudiqyzg2bhx6y":{"value":"","col":"6","position":"before"},"app_templates_contact_top_banner_image":"","app_templates_contact_top_banner_uzanvdcshbob8d4l":{"value":"","col":"6","position":"before"},"app_templates_contact_top_banner_tcxdics2sdgdbaci":{"value":"","col":"6","position":"before"},"app_templates_contact_top_banner_pretitle":"","app_templates_contact_top_banner_title":"","app_templates_contact_top_banner_l0jibovbhbrps6r0":{"value":"","col":"6","position":"before"},"app_templates_contact_contact_title":"","app_templates_contact_contact_background":"bg-white","app_templates_contact_contact_description":"","app_templates_contact_contact_drop_downs":[],"app_templates_contact_contact_placeholder":"","app_templates_contact_contact_to":"","app_templates_contact_contact_button":"","app_templates_contact_contact_employees":[],"app_templates_contact_contact_hide_company":false,"app_templates_contact_offices_offices":[],"app_templates_contact_modules_modules":[],"app_templates_cookies_top_banner_d5d05tqmqceournn":{"value":"","col":"6","position":"before"},"app_templates_cookies_top_banner_image":"","app_templates_cookies_top_banner_lbhcir6b7tvyrdyw":{"value":"","col":"6","position":"before"},"app_templates_cookies_top_banner_sawlr29vpkbwtow5":{"value":"","col":"6","position":"before"},"app_templates_cookies_top_banner_pretitle":"","app_templates_cookies_top_banner_title":"","app_templates_cookies_top_banner_ww7by17w6o95prp5":{"value":"","col":"6","position":"before"},"app_templates_customer_service_top_banner_0vr1ssfcrkhchf3y":{"value":"","col":"6","position":"before"},"app_templates_customer_service_top_banner_image":"","app_templates_customer_service_top_banner_cdoyalts2tcmym4v":{"value":"","col":"6","position":"before"},"app_templates_customer_service_top_banner_zt9epzsygmmar97j":{"value":"","col":"6","position":"before"},"app_templates_customer_service_top_banner_pretitle":"","app_templates_customer_service_top_banner_title":"","app_templates_customer_service_top_banner_5s7h4pjgmh7ysjsl":{"value":"","col":"6","position":"before"},"app_templates_customer_service_contact_title":"","app_templates_customer_service_contact_background":"bg-white","app_templates_customer_service_contact_description":"","app_templates_customer_service_contact_drop_downs":[],"app_templates_customer_service_contact_placeholder":"","app_templates_customer_service_contact_to":"","app_templates_customer_service_contact_button":"","app_templates_customer_service_contact_employees":[],"app_templates_customer_service_contact_hide_company":false,"app_templates_customer_service_contact_section_title":"","app_templates_customer_service_contact_section_description":"","app_templates_customer_service_contact_section_contact_info":[],"app_templates_customer_service_modules_modules":[],"app_templates_homepage_top_banner_image":"","app_templates_homepage_top_banner_video":"","app_templates_homepage_top_banner_title":"","app_templates_homepage_top_banner_description":"","app_templates_homepage_top_banner_button":{"value":"","url":"","anchor":"","blank":0},"app_templates_homepage_top_section_services":[],"app_templates_homepage_top_section_text":"","app_templates_homepage_top_section_button":{"value":"","url":"","anchor":"","blank":0},"app_templates_homepage_modules_modules":[],"app_templates_homepage_fr_top_banner_image":"","app_templates_homepage_fr_top_banner_video":"","app_templates_homepage_fr_top_banner_title":"","app_templates_homepage_fr_top_banner_description":"","app_templates_homepage_fr_top_banner_button":{"value":"","url":"","anchor":"","blank":0},"app_templates_homepage_fr_top_section_services":[],"app_templates_homepage_fr_top_section_text":"","app_templates_homepage_fr_top_section_button":{"value":"","url":"","anchor":"","blank":0},"app_templates_homepage_fr_modules_modules":[],"app_templates_iframe_top_banner_91rwh7jdkv8g3a0b":{"value":"","col":"6","position":"before"},"app_templates_iframe_top_banner_image":"","app_templates_iframe_top_banner_ztmi5uwp9yl2xaas":{"value":"","col":"6","position":"before"},"app_templates_iframe_top_banner_lnnz1mn6rrqh5tqt":{"value":"","col":"6","position":"before"},"app_templates_iframe_top_banner_pretitle":"","app_templates_iframe_top_banner_title":"","app_templates_iframe_top_banner_odapwceyjlown58v":{"value":"","col":"6","position":"before"},"app_templates_iframe_iframe_url":"","app_templates_map_top_banner_tpvqeyoriwbjrpup":{"value":"","col":"6","position":"before"},"app_templates_map_top_banner_image":"","app_templates_map_top_banner_ruea209mdng2dhnv":{"value":"","col":"6","position":"before"},"app_templates_map_top_banner_yk2nllnn6ouoavhv":{"value":"","col":"6","position":"before"},"app_templates_map_top_banner_pretitle":"","app_templates_map_top_banner_title":"","app_templates_map_top_banner_yf0rearnzdbavnlu":{"value":"","col":"6","position":"before"},"app_templates_map_modules_modules":[],"app_templates_media_top_banner_m7sqjfmk7zg5dvfe":{"value":"","col":"6","position":"before"},"app_templates_media_top_banner_image":"","app_templates_media_top_banner_9sb66ky2u79vru9v":{"value":"","col":"6","position":"before"},"app_templates_media_top_banner_m04mx1dtoeagprme":{"value":"","col":"6","position":"before"},"app_templates_media_top_banner_pretitle":"","app_templates_media_top_banner_title":"","app_templates_media_top_banner_seijenos6likphkw":{"value":"","col":"6","position":"before"},"app_templates_media_modules_modules":[],"app_templates_modules_top_banner_0yyyb8ewcg3ucyzi":{"value":"","col":"6","position":"before"},"app_templates_modules_top_banner_image":"","app_templates_modules_top_banner_tlkfelc7ufdpsdwr":{"value":"","col":"6","position":"before"},"app_templates_modules_top_banner_auqxanvzlrjuxroj":{"value":"","col":"6","position":"before"},"app_templates_modules_top_banner_pretitle":"","app_templates_modules_top_banner_title":"","app_templates_modules_top_banner_bxsahguwwqbzvii4":{"value":"","col":"6","position":"before"},"app_templates_modules_modules_modules":[],"app_templates_support_top_banner_oslbfryirr9vx3ak":{"value":"","col":"6","position":"before"},"app_templates_support_top_banner_image":"","app_templates_support_top_banner_msttdti2kk0eulf2":{"value":"","col":"6","position":"before"},"app_templates_support_top_banner_dpmexh8scbevsb5r":{"value":"","col":"6","position":"before"},"app_templates_support_top_banner_pretitle":"","app_templates_support_top_banner_title":"","app_templates_support_top_banner_svcnmog3sr2ad5ef":{"value":"","col":"6","position":"before"},"app_templates_support_modules_modules":[],"_links":{"self":[{"href":"https:\/\/www.connectedwind.com\/fr\/wp-json\/wp\/v2\/pages\/2208","targetHints":{"allow":["GET"]}}],"collection":[{"href":"https:\/\/www.connectedwind.com\/fr\/wp-json\/wp\/v2\/pages"}],"about":[{"href":"https:\/\/www.connectedwind.com\/fr\/wp-json\/wp\/v2\/types\/page"}],"author":[{"embeddable":true,"href":"https:\/\/www.connectedwind.com\/fr\/wp-json\/wp\/v2\/users\/2"}],"replies":[{"embeddable":true,"href":"https:\/\/www.connectedwind.com\/fr\/wp-json\/wp\/v2\/comments?post=2208"}],"version-history":[{"count":14,"href":"https:\/\/www.connectedwind.com\/fr\/wp-json\/wp\/v2\/pages\/2208\/revisions"}],"predecessor-version":[{"id":6931,"href":"https:\/\/www.connectedwind.com\/fr\/wp-json\/wp\/v2\/pages\/2208\/revisions\/6931"}],"wp:attachment":[{"href":"https:\/\/www.connectedwind.com\/fr\/wp-json\/wp\/v2\/media?parent=2208"}],"curies":[{"name":"wp","href":"https:\/\/api.w.org\/{rel}","templated":true}]}}