{"id":2210,"date":"2018-10-24T12:28:05","date_gmt":"2018-10-24T10:28:05","guid":{"rendered":"https:\/\/www.connectedwind.com\/contact\/"},"modified":"2024-10-07T11:21:21","modified_gmt":"2024-10-07T09:21:21","slug":"contact","status":"publish","type":"page","link":"https:\/\/www.connectedwind.com\/fr\/contact\/","title":{"rendered":"Contact"},"content":{"rendered":"","protected":false},"excerpt":{"rendered":"","protected":false},"author":2,"featured_media":0,"parent":0,"menu_order":0,"comment_status":"closed","ping_status":"closed","template":"views\/template-contact.blade.php","meta":{"footnotes":""},"class_list":["post-2210","page","type-page","status-publish","hentry"],"yoast_head":"<!-- This site is optimized with the Yoast SEO plugin v24.7 - https:\/\/yoast.com\/wordpress\/plugins\/seo\/ -->\n<title>Contact - Connected Wind Services<\/title>\n<meta name=\"robots\" content=\"index, follow, max-snippet:-1, max-image-preview:large, max-video-preview:-1\" \/>\n<link rel=\"canonical\" href=\"https:\/\/www.connectedwind.com\/fr\/contact\/\" \/>\n<meta property=\"og:locale\" content=\"fr_FR\" \/>\n<meta property=\"og:type\" content=\"article\" \/>\n<meta property=\"og:title\" content=\"Contact - Connected Wind Services\" \/>\n<meta property=\"og:url\" content=\"https:\/\/www.connectedwind.com\/fr\/contact\/\" \/>\n<meta property=\"og:site_name\" content=\"Connected Wind Services\" \/>\n<meta property=\"article:modified_time\" content=\"2024-10-07T09:21:21+00:00\" \/>\n<meta name=\"twitter:card\" content=\"summary_large_image\" \/>\n<script type=\"application\/ld+json\" class=\"yoast-schema-graph\">{\"@context\":\"https:\/\/schema.org\",\"@graph\":[{\"@type\":\"WebPage\",\"@id\":\"https:\/\/www.connectedwind.com\/fr\/contact\/\",\"url\":\"https:\/\/www.connectedwind.com\/fr\/contact\/\",\"name\":\"Contact - Connected Wind Services\",\"isPartOf\":{\"@id\":\"https:\/\/www.connectedwind.com\/fr\/#website\"},\"datePublished\":\"2018-10-24T10:28:05+00:00\",\"dateModified\":\"2024-10-07T09:21:21+00:00\",\"breadcrumb\":{\"@id\":\"https:\/\/www.connectedwind.com\/fr\/contact\/#breadcrumb\"},\"inLanguage\":\"fr-FR\",\"potentialAction\":[{\"@type\":\"ReadAction\",\"target\":[\"https:\/\/www.connectedwind.com\/fr\/contact\/\"]}]},{\"@type\":\"BreadcrumbList\",\"@id\":\"https:\/\/www.connectedwind.com\/fr\/contact\/#breadcrumb\",\"itemListElement\":[{\"@type\":\"ListItem\",\"position\":1,\"name\":\"Home\",\"item\":\"https:\/\/www.connectedwind.com\/fr\/\"},{\"@type\":\"ListItem\",\"position\":2,\"name\":\"Contact\"}]},{\"@type\":\"WebSite\",\"@id\":\"https:\/\/www.connectedwind.com\/fr\/#website\",\"url\":\"https:\/\/www.connectedwind.com\/fr\/\",\"name\":\"Connected Wind Services\",\"description\":\"ISP for reliable O&amp;M services &amp; parts\",\"potentialAction\":[{\"@type\":\"SearchAction\",\"target\":{\"@type\":\"EntryPoint\",\"urlTemplate\":\"https:\/\/www.connectedwind.com\/fr\/?s={search_term_string}\"},\"query-input\":{\"@type\":\"PropertyValueSpecification\",\"valueRequired\":true,\"valueName\":\"search_term_string\"}}],\"inLanguage\":\"fr-FR\"}]}<\/script>\n<!-- \/ Yoast SEO plugin. -->","yoast_head_json":{"title":"Contact - Connected Wind Services","robots":{"index":"index","follow":"follow","max-snippet":"max-snippet:-1","max-image-preview":"max-image-preview:large","max-video-preview":"max-video-preview:-1"},"canonical":"https:\/\/www.connectedwind.com\/fr\/contact\/","og_locale":"fr_FR","og_type":"article","og_title":"Contact - Connected Wind Services","og_url":"https:\/\/www.connectedwind.com\/fr\/contact\/","og_site_name":"Connected Wind Services","article_modified_time":"2024-10-07T09:21:21+00:00","twitter_card":"summary_large_image","schema":{"@context":"https:\/\/schema.org","@graph":[{"@type":"WebPage","@id":"https:\/\/www.connectedwind.com\/fr\/contact\/","url":"https:\/\/www.connectedwind.com\/fr\/contact\/","name":"Contact - Connected Wind Services","isPartOf":{"@id":"https:\/\/www.connectedwind.com\/fr\/#website"},"datePublished":"2018-10-24T10:28:05+00:00","dateModified":"2024-10-07T09:21:21+00:00","breadcrumb":{"@id":"https:\/\/www.connectedwind.com\/fr\/contact\/#breadcrumb"},"inLanguage":"fr-FR","potentialAction":[{"@type":"ReadAction","target":["https:\/\/www.connectedwind.com\/fr\/contact\/"]}]},{"@type":"BreadcrumbList","@id":"https:\/\/www.connectedwind.com\/fr\/contact\/#breadcrumb","itemListElement":[{"@type":"ListItem","position":1,"name":"Home","item":"https:\/\/www.connectedwind.com\/fr\/"},{"@type":"ListItem","position":2,"name":"Contact"}]},{"@type":"WebSite","@id":"https:\/\/www.connectedwind.com\/fr\/#website","url":"https:\/\/www.connectedwind.com\/fr\/","name":"Connected Wind Services","description":"ISP for reliable O&amp;M services &amp; parts","potentialAction":[{"@type":"SearchAction","target":{"@type":"EntryPoint","urlTemplate":"https:\/\/www.connectedwind.com\/fr\/?s={search_term_string}"},"query-input":{"@type":"PropertyValueSpecification","valueRequired":true,"valueName":"search_term_string"}}],"inLanguage":"fr-FR"}]}},"app_templates_career_top_banner_c2drpdsqow5sd5y4":{"value":"","col":"6","position":"before"},"app_templates_career_top_banner_image":"","app_templates_career_top_banner_jrt0higfbksddiut":{"value":"","col":"6","position":"before"},"app_templates_career_top_banner_wa1tc4fozwg08ft4":{"value":"","col":"6","position":"before"},"app_templates_career_top_banner_pretitle":"","app_templates_career_top_banner_title":"","app_templates_career_top_banner_0sgdbcou9w2ikzh9":{"value":"","col":"6","position":"before"},"app_templates_career_modules_modules":[],"app_templates_contact_top_banner_bwfz2io9nx6yxu1l":{"value":"","col":"6","position":"before"},"app_templates_contact_top_banner_image":"64","app_templates_contact_top_banner_0pxsgnzghkeeuldn":{"value":"","col":"6","position":"before"},"app_templates_contact_top_banner_s2f6vh9ietsokpft":{"value":"","col":"6","position":"before"},"app_templates_contact_top_banner_pretitle":"Contact","app_templates_contact_top_banner_title":"Contactez-nous","app_templates_contact_top_banner_5ie3ror9rzkxc6em":{"value":"","col":"6","position":"before"},"app_templates_contact_contact_title":"Dites-nous bonjour!","app_templates_contact_contact_background":"bg-secondary-light","app_templates_contact_contact_description":"Nous voulons vous aider \u00e0 aller de l'avant.\r\n\r\nPour toute question, probl\u00e8me ou autres sujets, n\u2019h\u00e9sitez pas \u00e0 nous contacter \u00e0 tout moment.\r\n","app_templates_contact_contact_drop_downs":[],"app_templates_contact_contact_placeholder":"Message","app_templates_contact_contact_to":"info.fr@connectedwind.com","app_templates_contact_contact_button":"Envoyez votre message","app_templates_contact_contact_employees":[],"app_templates_contact_contact_hide_company":false,"app_templates_contact_offices_offices":[{"_type":"_","background_color":"bg-primary","image_position":1,"phone":"+33 640 773 660","email":"info.fr@connectedwind.com","website":{"value":"","url":"\/fr\/","anchor":"https:\/\/www.connectedwind.com\/fr\/","blank":"1"},"image":"2472","title":"Connected Wind Services France SAS","pretitle":" France","address":"3 impasse Boirac , 21000 Dijon\r\nFrance\r\n"}],"app_templates_contact_modules_modules":[{"_type":"employees","nav_title":"Gestion","title":"Gestion & services","hide_contact":false,"description":"Vous avez des questions ou besoin d\u2019assistance\u00a0? Entrez en contact avec la personne de votre choix ou consultez directement notre Foire aux Questions (FAQ) <a href=\"https:\/\/www.connectedwind.com\/fr\/faq\/\">ici<\/a>.\r\n\r\n&nbsp;","categories":[{"_type":"_","title":" Gestion des unit\u00e9s commerciales","employees":[{"value":"post:employees:6285","type":"post","subtype":"employees","id":"6285"}]},{"_type":"_","title":" Service & Maintenance \/ Prestations de services","employees":[{"value":"post:employees:4597","type":"post","subtype":"employees","id":"4597"}]},{"_type":"_","title":" Composants & pi\u00e8ces de rechange","employees":[{"value":"post:employees:959","type":"post","subtype":"employees","id":"959"},{"value":"post:employees:944","type":"post","subtype":"employees","id":"944"}]},{"_type":"_","title":" Marketing de groupe","employees":[]}]},{"_type":"banner","nav_title":"Stations de service","image":"41","background_color":"bg-secondary-light","content_position":3,"pretitle":"Centres de service","title":"Penser globalement. Agir localement.","text":"Avec plus de 25 stations de service r\u00e9parties en Europe du Nord, nous sommes en mesure de r\u00e9pondre \u00e0 vos demandes locales. Utilisez la carte interactive des pays pour localiser nos stations de service. Contactez votre repr\u00e9sentant local pour prendre rendez-vous.","button":{"value":"","url":"\/fr\/centres-de-service\/","anchor":"Centres de service","blank":"0"}}],"app_templates_cookies_top_banner_pqafvxyowvcamvzy":{"value":"","col":"6","position":"before"},"app_templates_cookies_top_banner_image":"","app_templates_cookies_top_banner_enu0gy44auqgmzya":{"value":"","col":"6","position":"before"},"app_templates_cookies_top_banner_h3s9qa9hipjwimbe":{"value":"","col":"6","position":"before"},"app_templates_cookies_top_banner_pretitle":"","app_templates_cookies_top_banner_title":"","app_templates_cookies_top_banner_z83drz9whmxgqyyj":{"value":"","col":"6","position":"before"},"app_templates_customer_service_top_banner_midhwpqagffzuway":{"value":"","col":"6","position":"before"},"app_templates_customer_service_top_banner_image":"","app_templates_customer_service_top_banner_yqzttc7iktddb53k":{"value":"","col":"6","position":"before"},"app_templates_customer_service_top_banner_etyo4jpevjsdm8dr":{"value":"","col":"6","position":"before"},"app_templates_customer_service_top_banner_pretitle":"","app_templates_customer_service_top_banner_title":"","app_templates_customer_service_top_banner_vv7tidbykntavui1":{"value":"","col":"6","position":"before"},"app_templates_customer_service_contact_title":"","app_templates_customer_service_contact_background":"bg-white","app_templates_customer_service_contact_description":"","app_templates_customer_service_contact_drop_downs":[],"app_templates_customer_service_contact_placeholder":"","app_templates_customer_service_contact_to":"","app_templates_customer_service_contact_button":"","app_templates_customer_service_contact_employees":[],"app_templates_customer_service_contact_hide_company":false,"app_templates_customer_service_contact_section_title":"","app_templates_customer_service_contact_section_description":"","app_templates_customer_service_contact_section_contact_info":[],"app_templates_customer_service_modules_modules":[],"app_templates_homepage_top_banner_image":"","app_templates_homepage_top_banner_video":"","app_templates_homepage_top_banner_title":"","app_templates_homepage_top_banner_description":"","app_templates_homepage_top_banner_button":{"value":"","url":"","anchor":"","blank":0},"app_templates_homepage_top_section_services":[],"app_templates_homepage_top_section_text":"","app_templates_homepage_top_section_button":{"value":"","url":"","anchor":"","blank":0},"app_templates_homepage_modules_modules":[],"app_templates_homepage_fr_top_banner_image":"","app_templates_homepage_fr_top_banner_video":"","app_templates_homepage_fr_top_banner_title":"","app_templates_homepage_fr_top_banner_description":"","app_templates_homepage_fr_top_banner_button":{"value":"","url":"","anchor":"","blank":0},"app_templates_homepage_fr_top_section_services":[],"app_templates_homepage_fr_top_section_text":"","app_templates_homepage_fr_top_section_button":{"value":"","url":"","anchor":"","blank":0},"app_templates_homepage_fr_modules_modules":[],"app_templates_iframe_top_banner_hggbetlydrok7ilm":{"value":"","col":"6","position":"before"},"app_templates_iframe_top_banner_image":"","app_templates_iframe_top_banner_yrjt94imtu99op7u":{"value":"","col":"6","position":"before"},"app_templates_iframe_top_banner_bfkvggo1uc5etg03":{"value":"","col":"6","position":"before"},"app_templates_iframe_top_banner_pretitle":"","app_templates_iframe_top_banner_title":"","app_templates_iframe_top_banner_6owepjqevfhhyrg4":{"value":"","col":"6","position":"before"},"app_templates_iframe_iframe_url":"","app_templates_map_top_banner_rkjrxz9qwajr3h8k":{"value":"","col":"6","position":"before"},"app_templates_map_top_banner_image":"","app_templates_map_top_banner_iy3wdz5vgqtxpdjc":{"value":"","col":"6","position":"before"},"app_templates_map_top_banner_oqo0a53pmeokr1al":{"value":"","col":"6","position":"before"},"app_templates_map_top_banner_pretitle":"","app_templates_map_top_banner_title":"","app_templates_map_top_banner_0sd2avaish6o4gz2":{"value":"","col":"6","position":"before"},"app_templates_map_modules_modules":[],"app_templates_media_top_banner_ayqmacsekwuooncq":{"value":"","col":"6","position":"before"},"app_templates_media_top_banner_image":"","app_templates_media_top_banner_sikmbnkdctvgkqiz":{"value":"","col":"6","position":"before"},"app_templates_media_top_banner_yta51975fdtp5lxj":{"value":"","col":"6","position":"before"},"app_templates_media_top_banner_pretitle":"","app_templates_media_top_banner_title":"","app_templates_media_top_banner_1hol81foprtyqiwc":{"value":"","col":"6","position":"before"},"app_templates_media_modules_modules":[],"app_templates_modules_top_banner_ad6ihyyuwycbtl0u":{"value":"","col":"6","position":"before"},"app_templates_modules_top_banner_image":"","app_templates_modules_top_banner_677zjyqh712zdo69":{"value":"","col":"6","position":"before"},"app_templates_modules_top_banner_fycyset9cgbzgi71":{"value":"","col":"6","position":"before"},"app_templates_modules_top_banner_pretitle":"","app_templates_modules_top_banner_title":"","app_templates_modules_top_banner_yz1zryq4zgeocbvr":{"value":"","col":"6","position":"before"},"app_templates_modules_modules_modules":[],"app_templates_support_top_banner_nynn8u3ktz51pvwj":{"value":"","col":"6","position":"before"},"app_templates_support_top_banner_image":"","app_templates_support_top_banner_0krpq00i9vplia7u":{"value":"","col":"6","position":"before"},"app_templates_support_top_banner_akvsy66pn20izhui":{"value":"","col":"6","position":"before"},"app_templates_support_top_banner_pretitle":"","app_templates_support_top_banner_title":"","app_templates_support_top_banner_ccf9nmyydwsefvoy":{"value":"","col":"6","position":"before"},"app_templates_support_modules_modules":[],"_links":{"self":[{"href":"https:\/\/www.connectedwind.com\/fr\/wp-json\/wp\/v2\/pages\/2210","targetHints":{"allow":["GET"]}}],"collection":[{"href":"https:\/\/www.connectedwind.com\/fr\/wp-json\/wp\/v2\/pages"}],"about":[{"href":"https:\/\/www.connectedwind.com\/fr\/wp-json\/wp\/v2\/types\/page"}],"author":[{"embeddable":true,"href":"https:\/\/www.connectedwind.com\/fr\/wp-json\/wp\/v2\/users\/2"}],"replies":[{"embeddable":true,"href":"https:\/\/www.connectedwind.com\/fr\/wp-json\/wp\/v2\/comments?post=2210"}],"version-history":[{"count":27,"href":"https:\/\/www.connectedwind.com\/fr\/wp-json\/wp\/v2\/pages\/2210\/revisions"}],"predecessor-version":[{"id":9131,"href":"https:\/\/www.connectedwind.com\/fr\/wp-json\/wp\/v2\/pages\/2210\/revisions\/9131"}],"wp:attachment":[{"href":"https:\/\/www.connectedwind.com\/fr\/wp-json\/wp\/v2\/media?parent=2210"}],"curies":[{"name":"wp","href":"https:\/\/api.w.org\/{rel}","templated":true}]}}