{"id":2214,"date":"2018-10-24T12:26:46","date_gmt":"2018-10-24T10:26:46","guid":{"rendered":"https:\/\/www.connectedwind.com\/about\/"},"modified":"2024-10-07T09:13:01","modified_gmt":"2024-10-07T07:13:01","slug":"a-propos-de-nous","status":"publish","type":"page","link":"https:\/\/www.connectedwind.com\/fr\/a-propos-de-nous\/","title":{"rendered":"\u00c0 propos de nous"},"content":{"rendered":"","protected":false},"excerpt":{"rendered":"","protected":false},"author":2,"featured_media":0,"parent":0,"menu_order":0,"comment_status":"closed","ping_status":"closed","template":"views\/template-modules.blade.php","meta":{"footnotes":""},"class_list":["post-2214","page","type-page","status-publish","hentry"],"yoast_head":"<!-- This site is optimized with the Yoast SEO plugin v24.7 - https:\/\/yoast.com\/wordpress\/plugins\/seo\/ -->\n<title>\u00c0 propos de nous - Connected Wind Services<\/title>\n<meta name=\"robots\" content=\"index, follow, max-snippet:-1, max-image-preview:large, max-video-preview:-1\" \/>\n<link rel=\"canonical\" href=\"https:\/\/www.connectedwind.com\/fr\/a-propos-de-nous\/\" \/>\n<meta property=\"og:locale\" content=\"fr_FR\" \/>\n<meta property=\"og:type\" content=\"article\" \/>\n<meta property=\"og:title\" content=\"\u00c0 propos de nous - Connected Wind Services\" \/>\n<meta property=\"og:url\" content=\"https:\/\/www.connectedwind.com\/fr\/a-propos-de-nous\/\" \/>\n<meta property=\"og:site_name\" content=\"Connected Wind Services\" \/>\n<meta property=\"article:modified_time\" content=\"2024-10-07T07:13:01+00:00\" \/>\n<meta name=\"twitter:card\" content=\"summary_large_image\" \/>\n<script type=\"application\/ld+json\" class=\"yoast-schema-graph\">{\"@context\":\"https:\/\/schema.org\",\"@graph\":[{\"@type\":\"WebPage\",\"@id\":\"https:\/\/www.connectedwind.com\/fr\/a-propos-de-nous\/\",\"url\":\"https:\/\/www.connectedwind.com\/fr\/a-propos-de-nous\/\",\"name\":\"\u00c0 propos de nous - Connected Wind Services\",\"isPartOf\":{\"@id\":\"https:\/\/www.connectedwind.com\/fr\/#website\"},\"datePublished\":\"2018-10-24T10:26:46+00:00\",\"dateModified\":\"2024-10-07T07:13:01+00:00\",\"breadcrumb\":{\"@id\":\"https:\/\/www.connectedwind.com\/fr\/a-propos-de-nous\/#breadcrumb\"},\"inLanguage\":\"fr-FR\",\"potentialAction\":[{\"@type\":\"ReadAction\",\"target\":[\"https:\/\/www.connectedwind.com\/fr\/a-propos-de-nous\/\"]}]},{\"@type\":\"BreadcrumbList\",\"@id\":\"https:\/\/www.connectedwind.com\/fr\/a-propos-de-nous\/#breadcrumb\",\"itemListElement\":[{\"@type\":\"ListItem\",\"position\":1,\"name\":\"Home\",\"item\":\"https:\/\/www.connectedwind.com\/fr\/\"},{\"@type\":\"ListItem\",\"position\":2,\"name\":\"\u00c0 propos de nous\"}]},{\"@type\":\"WebSite\",\"@id\":\"https:\/\/www.connectedwind.com\/fr\/#website\",\"url\":\"https:\/\/www.connectedwind.com\/fr\/\",\"name\":\"Connected Wind Services\",\"description\":\"ISP for reliable O&amp;M services &amp; parts\",\"potentialAction\":[{\"@type\":\"SearchAction\",\"target\":{\"@type\":\"EntryPoint\",\"urlTemplate\":\"https:\/\/www.connectedwind.com\/fr\/?s={search_term_string}\"},\"query-input\":{\"@type\":\"PropertyValueSpecification\",\"valueRequired\":true,\"valueName\":\"search_term_string\"}}],\"inLanguage\":\"fr-FR\"}]}<\/script>\n<!-- \/ Yoast SEO plugin. -->","yoast_head_json":{"title":"\u00c0 propos de nous - Connected Wind Services","robots":{"index":"index","follow":"follow","max-snippet":"max-snippet:-1","max-image-preview":"max-image-preview:large","max-video-preview":"max-video-preview:-1"},"canonical":"https:\/\/www.connectedwind.com\/fr\/a-propos-de-nous\/","og_locale":"fr_FR","og_type":"article","og_title":"\u00c0 propos de nous - Connected Wind Services","og_url":"https:\/\/www.connectedwind.com\/fr\/a-propos-de-nous\/","og_site_name":"Connected Wind Services","article_modified_time":"2024-10-07T07:13:01+00:00","twitter_card":"summary_large_image","schema":{"@context":"https:\/\/schema.org","@graph":[{"@type":"WebPage","@id":"https:\/\/www.connectedwind.com\/fr\/a-propos-de-nous\/","url":"https:\/\/www.connectedwind.com\/fr\/a-propos-de-nous\/","name":"\u00c0 propos de nous - Connected Wind Services","isPartOf":{"@id":"https:\/\/www.connectedwind.com\/fr\/#website"},"datePublished":"2018-10-24T10:26:46+00:00","dateModified":"2024-10-07T07:13:01+00:00","breadcrumb":{"@id":"https:\/\/www.connectedwind.com\/fr\/a-propos-de-nous\/#breadcrumb"},"inLanguage":"fr-FR","potentialAction":[{"@type":"ReadAction","target":["https:\/\/www.connectedwind.com\/fr\/a-propos-de-nous\/"]}]},{"@type":"BreadcrumbList","@id":"https:\/\/www.connectedwind.com\/fr\/a-propos-de-nous\/#breadcrumb","itemListElement":[{"@type":"ListItem","position":1,"name":"Home","item":"https:\/\/www.connectedwind.com\/fr\/"},{"@type":"ListItem","position":2,"name":"\u00c0 propos de nous"}]},{"@type":"WebSite","@id":"https:\/\/www.connectedwind.com\/fr\/#website","url":"https:\/\/www.connectedwind.com\/fr\/","name":"Connected Wind Services","description":"ISP for reliable O&amp;M services &amp; parts","potentialAction":[{"@type":"SearchAction","target":{"@type":"EntryPoint","urlTemplate":"https:\/\/www.connectedwind.com\/fr\/?s={search_term_string}"},"query-input":{"@type":"PropertyValueSpecification","valueRequired":true,"valueName":"search_term_string"}}],"inLanguage":"fr-FR"}]}},"app_templates_career_top_banner_rqaggurzcsjikerh":{"value":"","col":"6","position":"before"},"app_templates_career_top_banner_image":"","app_templates_career_top_banner_buhoh4c7kx75w8wh":{"value":"","col":"6","position":"before"},"app_templates_career_top_banner_0saqjlvrnjkvof2v":{"value":"","col":"6","position":"before"},"app_templates_career_top_banner_pretitle":"","app_templates_career_top_banner_title":"","app_templates_career_top_banner_slmbqgxzrvjltgmv":{"value":"","col":"6","position":"before"},"app_templates_career_modules_modules":[],"app_templates_contact_top_banner_pb3qqmwl4filcczo":{"value":"","col":"6","position":"before"},"app_templates_contact_top_banner_image":"","app_templates_contact_top_banner_1gaakfeeaf7teljk":{"value":"","col":"6","position":"before"},"app_templates_contact_top_banner_exqawvlxqyki5zjx":{"value":"","col":"6","position":"before"},"app_templates_contact_top_banner_pretitle":"","app_templates_contact_top_banner_title":"","app_templates_contact_top_banner_zzfytyqaqxhbuts7":{"value":"","col":"6","position":"before"},"app_templates_contact_contact_title":"","app_templates_contact_contact_background":"bg-white","app_templates_contact_contact_description":"","app_templates_contact_contact_drop_downs":[],"app_templates_contact_contact_placeholder":"","app_templates_contact_contact_to":"","app_templates_contact_contact_button":"","app_templates_contact_contact_employees":[],"app_templates_contact_contact_hide_company":false,"app_templates_contact_offices_offices":[],"app_templates_contact_modules_modules":[],"app_templates_cookies_top_banner_nnugjueyzrh0nhhy":{"value":"","col":"6","position":"before"},"app_templates_cookies_top_banner_image":"","app_templates_cookies_top_banner_emv1ndcfwmr12bky":{"value":"","col":"6","position":"before"},"app_templates_cookies_top_banner_a3cvzb9rkl9n8ron":{"value":"","col":"6","position":"before"},"app_templates_cookies_top_banner_pretitle":"","app_templates_cookies_top_banner_title":"","app_templates_cookies_top_banner_4jf4t7dp3uyuj4ch":{"value":"","col":"6","position":"before"},"app_templates_customer_service_top_banner_cup2cevbfensmwwa":{"value":"","col":"6","position":"before"},"app_templates_customer_service_top_banner_image":"","app_templates_customer_service_top_banner_46cofwl7jkezzeh5":{"value":"","col":"6","position":"before"},"app_templates_customer_service_top_banner_rynkiimguc57iwtu":{"value":"","col":"6","position":"before"},"app_templates_customer_service_top_banner_pretitle":"","app_templates_customer_service_top_banner_title":"","app_templates_customer_service_top_banner_kkgvccqgoypwxtf7":{"value":"","col":"6","position":"before"},"app_templates_customer_service_contact_title":"","app_templates_customer_service_contact_background":"bg-white","app_templates_customer_service_contact_description":"","app_templates_customer_service_contact_drop_downs":[],"app_templates_customer_service_contact_placeholder":"","app_templates_customer_service_contact_to":"","app_templates_customer_service_contact_button":"","app_templates_customer_service_contact_employees":[],"app_templates_customer_service_contact_hide_company":false,"app_templates_customer_service_contact_section_title":"","app_templates_customer_service_contact_section_description":"","app_templates_customer_service_contact_section_contact_info":[],"app_templates_customer_service_modules_modules":[],"app_templates_homepage_top_banner_image":"","app_templates_homepage_top_banner_video":"","app_templates_homepage_top_banner_title":"","app_templates_homepage_top_banner_description":"","app_templates_homepage_top_banner_button":{"value":"","url":"","anchor":"","blank":0},"app_templates_homepage_top_section_services":[],"app_templates_homepage_top_section_text":"","app_templates_homepage_top_section_button":{"value":"","url":"","anchor":"","blank":0},"app_templates_homepage_modules_modules":[],"app_templates_homepage_fr_top_banner_image":"","app_templates_homepage_fr_top_banner_video":"","app_templates_homepage_fr_top_banner_title":"","app_templates_homepage_fr_top_banner_description":"","app_templates_homepage_fr_top_banner_button":{"value":"","url":"","anchor":"","blank":0},"app_templates_homepage_fr_top_section_services":[],"app_templates_homepage_fr_top_section_text":"","app_templates_homepage_fr_top_section_button":{"value":"","url":"","anchor":"","blank":0},"app_templates_homepage_fr_modules_modules":[],"app_templates_iframe_top_banner_srfpjepyneq89nfv":{"value":"","col":"6","position":"before"},"app_templates_iframe_top_banner_image":"","app_templates_iframe_top_banner_dkriylrv7bbj1p52":{"value":"","col":"6","position":"before"},"app_templates_iframe_top_banner_fori9vbdibdenbvj":{"value":"","col":"6","position":"before"},"app_templates_iframe_top_banner_pretitle":"","app_templates_iframe_top_banner_title":"","app_templates_iframe_top_banner_54u1oogwkwhxstrs":{"value":"","col":"6","position":"before"},"app_templates_iframe_iframe_url":"","app_templates_map_top_banner_37zdf0up4sjrvmkc":{"value":"","col":"6","position":"before"},"app_templates_map_top_banner_image":"","app_templates_map_top_banner_42edvk1azkfhhn93":{"value":"","col":"6","position":"before"},"app_templates_map_top_banner_udfdnjdjhruciwmx":{"value":"","col":"6","position":"before"},"app_templates_map_top_banner_pretitle":"","app_templates_map_top_banner_title":"","app_templates_map_top_banner_qedhijix4ujoz6be":{"value":"","col":"6","position":"before"},"app_templates_map_modules_modules":[],"app_templates_media_top_banner_ytfd2e3p8w79fjrk":{"value":"","col":"6","position":"before"},"app_templates_media_top_banner_image":"","app_templates_media_top_banner_eyb7ylmbg491kjpo":{"value":"","col":"6","position":"before"},"app_templates_media_top_banner_lir5mwoybxuhtotj":{"value":"","col":"6","position":"before"},"app_templates_media_top_banner_pretitle":"","app_templates_media_top_banner_title":"","app_templates_media_top_banner_fpqpuqltzlmj88aj":{"value":"","col":"6","position":"before"},"app_templates_media_modules_modules":[],"app_templates_modules_top_banner_gjzgw5sveqa6qdav":{"value":"","col":"6","position":"before"},"app_templates_modules_top_banner_image":"827","app_templates_modules_top_banner_soccvgijjzri8nyh":{"value":"","col":"6","position":"before"},"app_templates_modules_top_banner_n8fyfizdug3x3jnn":{"value":"","col":"6","position":"before"},"app_templates_modules_top_banner_pretitle":"\u00c0 propos de nous","app_templates_modules_top_banner_title":"Un mouvement en progression depuis 1987","app_templates_modules_top_banner_ibynbdabron9inoo":{"value":"","col":"6","position":"before"},"app_templates_modules_modules_modules":[{"_type":"text_image","nav_title":"Notre identit\u00e9","image":"85","video":"","background_color":"bg-secondary-light","image_position":3,"pretitle":"","title":"Notre identit\u00e9","subtitle":"Nous sommes Connected Wind Services. Nous sommes un partenaire ind\u00e9pendant de service international pr\u00e9sent sur le march\u00e9 des \u00e9nergies renouvelables. Bien que notre nom soit nouveau, notre histoire, notre h\u00e9ritage et notre exp\u00e9rience ne le sont pas.","text":"Notre mission est de faire progresser la transition vers les \u00e9nergies renouvelables. Pour ce faire, nous d\u00e9fions les solutions de service actuelles et nous explorons des chemins novateurs afin de r\u00e9duire la complexit\u00e9 et d\u2019optimiser le fonctionnement des \u00e9oliennes en associant notre vaste savoir et notre exp\u00e9rience avec une pens\u00e9e progressiste.","button":{"value":"","url":"","anchor":"","blank":"1"},"show_shares":false},{"_type":"stats","nav_title":"Chiffres cl\u00e9s","title":"Nos chiffres cl\u00e9s","image":"83","columns":4,"stats":[{"_type":"_","metric":"1er","title":"Prestataire de services ind\u00e9pendant en "},{"_type":"_","metric":"30+","title":"Ann\u00e9es d'exp\u00e9rience"},{"_type":"_","metric":"50+","title":"\u00c9quipes de service"},{"_type":"_","metric":"1400+","title":"MW"},{"_type":"_","metric":"1700+","title":"Turbines en service"},{"_type":"_","metric":"5000+","title":"Articles en stock"}]},{"_type":"text_image","nav_title":"Notre approche","image":"2443","video":"","background_color":"bg-secondary-light","image_position":3,"pretitle":"","title":"Notre approche","subtitle":"","text":"Nous sommes constamment attentifs et nous comprenons les besoins individuels de nos clients. Nous concevons des solutions sur mesure et des concepts de services afin de r\u00e9duire les temps d\u2019arr\u00eat et assurer un rendement maximal ainsi qu\u2019une protection des actifs et des ressources.\r\n\r\nAu nom de l\u2019int\u00e9r\u00eat collectif. Nous pensons que les pionniers sont le moteur d\u2019un changement positif. Notre volont\u00e9 est de contribuer au succ\u00e8s de leur mission.\r\n\r\nNous avons pour principe une implantation locale, la confiance et la transparence. Nous sommes un partenaire fiable pour nos clients, nous \u00e9liminons les difficult\u00e9s qui entravent leur progression.","button":{"value":"","url":"\/de\/discover-our-capabilities\/","anchor":"D\u00e9couvrez nos comp\u00e9tences","blank":"1"},"show_shares":false},{"_type":"references","nav_title":"Clients","title":"Innovons. Ensemble.","logos":["2367","2454","2365","2902","2894","2992","2994","2904","2910","2457","2455","2453","2864","2456","2866","2459","2918","2458","2916","2912","2896","2986","2988","2990"],"button":{"value":"","url":"","anchor":"","blank":"1"}},{"_type":"timeline","nav_title":"Histoire","pretitle":"Notre histoire","title":"Service \u00e9olien pionnier depuis 1987","description":"Nous pensons que les pionniers sont le moteur d\u2019un changement positif. Nous souhaitons contribuer au succ\u00e8s de leur mission par un d\u00e9veloppement et une mise \u00e0 jour constante de notre activit\u00e9 en fonction de leurs besoins.","entries":[{"_type":"_","time":"2019","title":" Acquisition de Power Wind Partners AB (PWP) et de Gnosj\u00f6 Energi AB en Su\u00e8de","description":"\r\nEnBW Sverige AB prend le contr\u00f4le de Power Wind Partners AB (PWP) et de Gnosj\u00f6 Energi AB en Su\u00e8de, soit un total de 7 parcs \u00e9oliens dot\u00e9s de 51 \u00e9oliennes et de 105 MW. Le parc \u00e9olien s\u2019inscrit parfaitement dans le savoir-faire technologique de CWS de Vestas, Siemens et Nordex et offre \u00e0 CWS SE l\u2019opportunit\u00e9 de se d\u00e9velopper sur de nouveaux march\u00e9s g\u00e9ographiques dans le centre et le nord de la Su\u00e8de."},{"_type":"_","time":"2019","title":"Acquisition de Concept Wind Service ApS par CWS","description":"CWS acquiert des actifs et des contrats de service aupr\u00e8s de Concept Wind Service ApS au sud du Danemark."},{"_type":"_","time":"2018","title":"Acquisition de Speedwind GmbH","description":"CWS acquiert des actifs et des contrats de service aupr\u00e8s de Speedwind GmbH."},{"_type":"_","time":"2016","title":"Acquisition du Groupe CWS par EnBW","description":"L\u2019acquisition du fournisseur de services ind\u00e9pendant Connected Wind Services A\/S (CWS), dont le si\u00e8ge social est situ\u00e9 au Danemark, permet \u00e0 EnBW Energie Baden-W\u00fcrttemberg AG de d\u00e9velopper r\u00e9guli\u00e8rement la croissance de son secteur d\u2019activit\u00e9, les \u00e9nergies renouvelables."},{"_type":"_","time":"2014","title":"Nouveau nom : Connected Wind Services","description":"Autrefois connus sous le nom de DMP, nous avons choisi de changer notre nom en Connected Wind Services. Pourquoi ce changement ? Nous souhaitions un nom qui refl\u00e8te notre \u00e9volution vers l\u2019un des Fournisseurs de Services Ind\u00e9pendants les plus importants d\u2019Europe."},{"_type":"_","time":"2014","title":"Acquisition de Triventus Service AB","description":"Le groupe DMP a r\u00e9alis\u00e9 l\u2019acquisitionde Triventus Service AB afin d\u2019acc\u00e9l\u00e9rer le d\u00e9veloppement de l\u2019entreprise. Cette acquisition renforce la position du Groupe DMP sur le march\u00e9 dans le nord de l\u2019Europe et entra\u00eene une double synergie instantan\u00e9e. Triventus Service obtient un acc\u00e8s \u00e0 une offre de service \u00e9largie ainsi qu\u2019une plus vaste gamme de r\u00e9ducteurs et de pi\u00e8ces de rechange. Le Groupe DMP, de son c\u00f4t\u00e9, \u00e9tend sa couverture g\u00e9ographique et r\u00e9alise des \u00e9conomies d\u2019\u00e9chelle en mati\u00e8re d\u2019approvisionnement et de comp\u00e9tences technologiques."},{"_type":"_","time":"2013","title":"Acquisition et fusion de Hanstholmm\u00f8llen Vind au Danemark avec DMP Service","description":""},{"_type":"_","time":"2013","title":"Acquisition de Windservice NF","description":"Afin de continuer \u00e0 renforcer les d\u00e9veloppements positifs du groupe, DMP M\u00f8lleservice acquiert Windservice NF en Allemagne."},{"_type":"_","time":"2012","title":"Acquisition de DMP Service par Polaris Equity","description":"Polaris Private Equity est un fonds de placement priv\u00e9 danois en charge des investissements de rachat dans les op\u00e9rations \u00e0 faible et moyenne capitalisation bien \u00e9tablies au Danemark et en Su\u00e8de. Polaris a \u00e9t\u00e9 r\u00e9compens\u00e9 plusieurs fois : le DVCA Private Equity House of the Year en 2010 et le SVCA Fundraising of the Year en 2010."},{"_type":"_","time":"2007","title":"Acquisition par DMP Service de l'usine Nordtank \/ NEG Micon de Vestas","description":"Le si\u00e8ge social de DMP est situ\u00e9 dans les anciennes usines Nordtank et NEG Micon \u00e0 l\u2019ext\u00e9rieur d\u2019Aarhus, au Danemark. Ici, l\u2019entreprise dispose d\u2019une capacit\u00e9 de production flexible et sur-mesure ainsi qu\u2019un large stock de composants essentiels pour toute une vari\u00e9t\u00e9 de mod\u00e8les de turbine."},{"_type":"_","time":"2006","title":"Fondation de Triventus Service AB","description":"Triventus Service est le fournisseur ind\u00e9pendant de service leader en Su\u00e8de. Il offre des services sur plus de 350 \u00e9oliennes, \u00e0 la fois les classes kW et MW."},{"_type":"_","time":"2003","title":"Fondation de Windservice NF","description":"Windservice NF est fond\u00e9e en 2003 et devient rapidement une entreprise prosp\u00e8re et rentable avec des recettes estim\u00e9es \u00e0 6 millions d'euros en 2012. Windservice NF propose des services aux \u00e9oliennes et aux parcs \u00e9oliens en Allemagne avec une attention particuli\u00e8re sur la r\u00e9gion North-Friesland."},{"_type":"_","time":"1987","title":"Fondation de DMP Service","description":"DMP M\u00f8lleservice est fond\u00e9e en 1987. L\u2019entreprise devient le fournisseur ind\u00e9pendant de service et d\u2019entretien des \u00e9oliennes et des parcs \u00e9oliens leaders des pays nordiques. Elle op\u00e8re dans trois domaines d\u2019activit\u00e9 : le service et l\u2019entretien, la remise en \u00e9tat des r\u00e9ducteurs et la commercialisation de pi\u00e8ces de rechange."}]},{"_type":"employees","nav_title":"Gestion","title":"Gestion","hide_contact":false,"description":"Direction de Connected Wind Services","categories":[{"_type":"_","title":" Gestion de groupe","employees":[{"value":"post:employees:3590","type":"post","subtype":"employees","id":"3590"},{"value":"post:employees:2129","type":"post","subtype":"employees","id":"2129"}]},{"_type":"_","title":" Gestion des unit\u00e9s commerciales","employees":[{"value":"post:employees:6285","type":"post","subtype":"employees","id":"6285"},{"value":"post:employees:2108","type":"post","subtype":"employees","id":"2108"},{"value":"post:employees:2122","type":"post","subtype":"employees","id":"2122"},{"value":"post:employees:9116","type":"post","subtype":"employees","id":"9116"}]}]},{"_type":"textbox_image","nav_title":"Sant\u00e9 & S\u00e9curit\u00e9","background_color":"bg-secondary-light","image_position":3,"image":"530","pretitle":"Sant\u00e9 & S\u00e9curit\u00e9","title":"Am\u00e9liorer les normes","text":"Soyez assur\u00e9s que nous respectons les normes de s\u00e9curit\u00e9 les plus strictes avec les techniciens engag\u00e9s et form\u00e9s aux normes de formation GWO les plus \u00e9lev\u00e9es. Nous ne cessons jamais d'innover, ce qui nous permet d'am\u00e9liorer continuellement nos services et solutions. Nous contribuons \u00e0 faire avancer la technologie et \u00e0 prolonger la vie des actifs de nos clients. Notre implantation locale assure un temps de r\u00e9ponse court et un traitement rapide des besoins de nos clients.","features":[],"button":{"value":"","url":"\/fr\/downloads\/","anchor":"T\u00e9l\u00e9chargez notre politique QHSE","blank":"0"},"button2":{"value":"","url":"","anchor":"","blank":"1"}},{"_type":"textbox_image","nav_title":"Durabilit\u00e9","background_color":"bg-primary","image_position":1,"image":"84","pretitle":"Durabilit\u00e9","title":"Faire progresser la transition vers l'\u00e9nergie durable","text":"Nous contribuons \u00e0 faire avancer le mouvement \u00e9cologiste et \u00e0 garder le monde mobile. Notre mission est de faire progresser la transition vers les \u00e9nergies renouvelables. Pour ce faire, nous d\u00e9fions les solutions de service actuelles et nous explorons des chemins novateurs afin de r\u00e9duire la complexit\u00e9 et d\u2019optimiser le fonctionnement des \u00e9oliennes.\r\n\r\nNous favorisons une communication directe et transparente avec nos clients, afin d\u2019aider les entreprises \u00e0 progresser et construire une base durable pour l\u2019avenir avec nos partenaires. Parce que nous croyons qu\u2019agir ensemble est la seule fa\u00e7on de r\u00e9ussir \u00e0 faire progresser le mouvement vers les \u00e9nergies renouvelables et de nous rapprocher d\u2019un avenir plus vert.","features":[],"button":{"value":"","url":"","anchor":"","blank":"1"},"button2":{"value":"","url":"","anchor":"","blank":"1"}}],"app_templates_support_top_banner_6va6gta3yxa3arok":{"value":"","col":"6","position":"before"},"app_templates_support_top_banner_image":"","app_templates_support_top_banner_mis8gkqmgibxgqjp":{"value":"","col":"6","position":"before"},"app_templates_support_top_banner_xhtaiqexil5fgk2e":{"value":"","col":"6","position":"before"},"app_templates_support_top_banner_pretitle":"","app_templates_support_top_banner_title":"","app_templates_support_top_banner_rpe9crlqw2ppwltm":{"value":"","col":"6","position":"before"},"app_templates_support_modules_modules":[],"_links":{"self":[{"href":"https:\/\/www.connectedwind.com\/fr\/wp-json\/wp\/v2\/pages\/2214","targetHints":{"allow":["GET"]}}],"collection":[{"href":"https:\/\/www.connectedwind.com\/fr\/wp-json\/wp\/v2\/pages"}],"about":[{"href":"https:\/\/www.connectedwind.com\/fr\/wp-json\/wp\/v2\/types\/page"}],"author":[{"embeddable":true,"href":"https:\/\/www.connectedwind.com\/fr\/wp-json\/wp\/v2\/users\/2"}],"replies":[{"embeddable":true,"href":"https:\/\/www.connectedwind.com\/fr\/wp-json\/wp\/v2\/comments?post=2214"}],"version-history":[{"count":26,"href":"https:\/\/www.connectedwind.com\/fr\/wp-json\/wp\/v2\/pages\/2214\/revisions"}],"predecessor-version":[{"id":9127,"href":"https:\/\/www.connectedwind.com\/fr\/wp-json\/wp\/v2\/pages\/2214\/revisions\/9127"}],"wp:attachment":[{"href":"https:\/\/www.connectedwind.com\/fr\/wp-json\/wp\/v2\/media?parent=2214"}],"curies":[{"name":"wp","href":"https:\/\/api.w.org\/{rel}","templated":true}]}}