{"id":3129,"date":"2019-04-17T11:17:55","date_gmt":"2019-04-17T09:17:55","guid":{"rendered":"https:\/\/www.connectedwind.com\/homepage-2\/"},"modified":"2021-05-04T12:47:22","modified_gmt":"2021-05-04T10:47:22","slug":"home","status":"publish","type":"page","link":"https:\/\/www.connectedwind.com\/fr\/","title":{"rendered":"Homepage"},"content":{"rendered":"","protected":false},"excerpt":{"rendered":"","protected":false},"author":2,"featured_media":0,"parent":0,"menu_order":0,"comment_status":"closed","ping_status":"closed","template":"views\/template-homepage.blade.php","meta":{"footnotes":""},"class_list":["post-3129","page","type-page","status-publish","hentry"],"yoast_head":"<!-- This site is optimized with the Yoast SEO plugin v24.7 - https:\/\/yoast.com\/wordpress\/plugins\/seo\/ -->\n<title>Connected Wind Services - ISP for reliable O&amp;M services &amp; parts<\/title>\n<meta name=\"description\" content=\"Learn how to get reliable local service, repairs, parts, inspection &amp; maintenance for your wind turbines &amp; gearboxes from one of Europe\u2019s leading ISPs.\" \/>\n<meta name=\"robots\" content=\"index, follow, max-snippet:-1, max-image-preview:large, max-video-preview:-1\" \/>\n<link rel=\"canonical\" href=\"https:\/\/www.connectedwind.com\/fr\/\" \/>\n<meta property=\"og:locale\" content=\"fr_FR\" \/>\n<meta property=\"og:type\" content=\"article\" \/>\n<meta property=\"og:title\" content=\"Connected Wind Services - ISP for reliable O&amp;M services &amp; parts\" \/>\n<meta property=\"og:description\" content=\"Learn how to get reliable local service, repairs, parts, inspection &amp; maintenance for your wind turbines &amp; gearboxes from one of Europe\u2019s leading ISPs.\" \/>\n<meta property=\"og:url\" content=\"https:\/\/www.connectedwind.com\/fr\/\" \/>\n<meta property=\"og:site_name\" content=\"Connected Wind Services\" \/>\n<meta property=\"article:modified_time\" content=\"2021-05-04T10:47:22+00:00\" \/>\n<meta name=\"twitter:card\" content=\"summary_large_image\" \/>\n<script type=\"application\/ld+json\" class=\"yoast-schema-graph\">{\"@context\":\"https:\/\/schema.org\",\"@graph\":[{\"@type\":\"WebPage\",\"@id\":\"https:\/\/www.connectedwind.com\/fr\/\",\"url\":\"https:\/\/www.connectedwind.com\/fr\/\",\"name\":\"Connected Wind Services - ISP for reliable O&M services & parts\",\"isPartOf\":{\"@id\":\"https:\/\/www.connectedwind.com\/fr\/#website\"},\"datePublished\":\"2019-04-17T09:17:55+00:00\",\"dateModified\":\"2021-05-04T10:47:22+00:00\",\"description\":\"Learn how to get reliable local service, repairs, parts, inspection & maintenance for your wind turbines & gearboxes from one of Europe\u2019s leading ISPs.\",\"breadcrumb\":{\"@id\":\"https:\/\/www.connectedwind.com\/fr\/#breadcrumb\"},\"inLanguage\":\"fr-FR\",\"potentialAction\":[{\"@type\":\"ReadAction\",\"target\":[\"https:\/\/www.connectedwind.com\/fr\/\"]}]},{\"@type\":\"BreadcrumbList\",\"@id\":\"https:\/\/www.connectedwind.com\/fr\/#breadcrumb\",\"itemListElement\":[{\"@type\":\"ListItem\",\"position\":1,\"name\":\"Home\",\"item\":\"https:\/\/www.connectedwind.com\/fr\/\"},{\"@type\":\"ListItem\",\"position\":2,\"name\":\"Homepage\"}]},{\"@type\":\"WebSite\",\"@id\":\"https:\/\/www.connectedwind.com\/fr\/#website\",\"url\":\"https:\/\/www.connectedwind.com\/fr\/\",\"name\":\"Connected Wind Services\",\"description\":\"ISP for reliable O&amp;M services &amp; parts\",\"potentialAction\":[{\"@type\":\"SearchAction\",\"target\":{\"@type\":\"EntryPoint\",\"urlTemplate\":\"https:\/\/www.connectedwind.com\/fr\/?s={search_term_string}\"},\"query-input\":{\"@type\":\"PropertyValueSpecification\",\"valueRequired\":true,\"valueName\":\"search_term_string\"}}],\"inLanguage\":\"fr-FR\"}]}<\/script>\n<!-- \/ Yoast SEO plugin. -->","yoast_head_json":{"title":"Connected Wind Services - ISP for reliable O&M services & parts","description":"Learn how to get reliable local service, repairs, parts, inspection & maintenance for your wind turbines & gearboxes from one of Europe\u2019s leading ISPs.","robots":{"index":"index","follow":"follow","max-snippet":"max-snippet:-1","max-image-preview":"max-image-preview:large","max-video-preview":"max-video-preview:-1"},"canonical":"https:\/\/www.connectedwind.com\/fr\/","og_locale":"fr_FR","og_type":"article","og_title":"Connected Wind Services - ISP for reliable O&M services & parts","og_description":"Learn how to get reliable local service, repairs, parts, inspection & maintenance for your wind turbines & gearboxes from one of Europe\u2019s leading ISPs.","og_url":"https:\/\/www.connectedwind.com\/fr\/","og_site_name":"Connected Wind Services","article_modified_time":"2021-05-04T10:47:22+00:00","twitter_card":"summary_large_image","schema":{"@context":"https:\/\/schema.org","@graph":[{"@type":"WebPage","@id":"https:\/\/www.connectedwind.com\/fr\/","url":"https:\/\/www.connectedwind.com\/fr\/","name":"Connected Wind Services - ISP for reliable O&M services & parts","isPartOf":{"@id":"https:\/\/www.connectedwind.com\/fr\/#website"},"datePublished":"2019-04-17T09:17:55+00:00","dateModified":"2021-05-04T10:47:22+00:00","description":"Learn how to get reliable local service, repairs, parts, inspection & maintenance for your wind turbines & gearboxes from one of Europe\u2019s leading ISPs.","breadcrumb":{"@id":"https:\/\/www.connectedwind.com\/fr\/#breadcrumb"},"inLanguage":"fr-FR","potentialAction":[{"@type":"ReadAction","target":["https:\/\/www.connectedwind.com\/fr\/"]}]},{"@type":"BreadcrumbList","@id":"https:\/\/www.connectedwind.com\/fr\/#breadcrumb","itemListElement":[{"@type":"ListItem","position":1,"name":"Home","item":"https:\/\/www.connectedwind.com\/fr\/"},{"@type":"ListItem","position":2,"name":"Homepage"}]},{"@type":"WebSite","@id":"https:\/\/www.connectedwind.com\/fr\/#website","url":"https:\/\/www.connectedwind.com\/fr\/","name":"Connected Wind Services","description":"ISP for reliable O&amp;M services &amp; parts","potentialAction":[{"@type":"SearchAction","target":{"@type":"EntryPoint","urlTemplate":"https:\/\/www.connectedwind.com\/fr\/?s={search_term_string}"},"query-input":{"@type":"PropertyValueSpecification","valueRequired":true,"valueName":"search_term_string"}}],"inLanguage":"fr-FR"}]}},"app_templates_career_top_banner_ruqp6be79qtplry9":{"value":"","col":"6","position":"before"},"app_templates_career_top_banner_image":"","app_templates_career_top_banner_3hbghozmrg2r2bgm":{"value":"","col":"6","position":"before"},"app_templates_career_top_banner_opoawh3hgux1f6vd":{"value":"","col":"6","position":"before"},"app_templates_career_top_banner_pretitle":"","app_templates_career_top_banner_title":"","app_templates_career_top_banner_czhwf5zfzhcxtsmf":{"value":"","col":"6","position":"before"},"app_templates_career_modules_modules":[],"app_templates_contact_top_banner_heaerpodpdrcx94p":{"value":"","col":"6","position":"before"},"app_templates_contact_top_banner_image":"","app_templates_contact_top_banner_nxntd9ivt2qfljed":{"value":"","col":"6","position":"before"},"app_templates_contact_top_banner_vkdyxccvuue7kn1k":{"value":"","col":"6","position":"before"},"app_templates_contact_top_banner_pretitle":"","app_templates_contact_top_banner_title":"","app_templates_contact_top_banner_xqhezcpgwsfetuik":{"value":"","col":"6","position":"before"},"app_templates_contact_contact_title":"","app_templates_contact_contact_background":"bg-white","app_templates_contact_contact_description":"","app_templates_contact_contact_drop_downs":[],"app_templates_contact_contact_placeholder":"","app_templates_contact_contact_to":"","app_templates_contact_contact_button":"","app_templates_contact_contact_employees":[],"app_templates_contact_contact_hide_company":false,"app_templates_contact_offices_offices":[],"app_templates_contact_modules_modules":[],"app_templates_cookies_top_banner_ukwtvrqobqzdd2pp":{"value":"","col":"6","position":"before"},"app_templates_cookies_top_banner_image":"","app_templates_cookies_top_banner_rfg9hcknaxi4ixp5":{"value":"","col":"6","position":"before"},"app_templates_cookies_top_banner_cfmqcut7lqsessmx":{"value":"","col":"6","position":"before"},"app_templates_cookies_top_banner_pretitle":"","app_templates_cookies_top_banner_title":"","app_templates_cookies_top_banner_z2g9sghmmzgabd4y":{"value":"","col":"6","position":"before"},"app_templates_customer_service_top_banner_bjcakvy9wggyhuzi":{"value":"","col":"6","position":"before"},"app_templates_customer_service_top_banner_image":"","app_templates_customer_service_top_banner_bb8abgvmzrj7sc5w":{"value":"","col":"6","position":"before"},"app_templates_customer_service_top_banner_c4und5piiunr8osk":{"value":"","col":"6","position":"before"},"app_templates_customer_service_top_banner_pretitle":"","app_templates_customer_service_top_banner_title":"","app_templates_customer_service_top_banner_e7d9jckrtm8mbwpo":{"value":"","col":"6","position":"before"},"app_templates_customer_service_contact_title":"","app_templates_customer_service_contact_background":"bg-white","app_templates_customer_service_contact_description":"","app_templates_customer_service_contact_drop_downs":[],"app_templates_customer_service_contact_placeholder":"","app_templates_customer_service_contact_to":"","app_templates_customer_service_contact_button":"","app_templates_customer_service_contact_employees":[],"app_templates_customer_service_contact_hide_company":false,"app_templates_customer_service_contact_section_title":"","app_templates_customer_service_contact_section_description":"","app_templates_customer_service_contact_section_contact_info":[],"app_templates_customer_service_modules_modules":[],"app_templates_homepage_top_banner_image":"882","app_templates_homepage_top_banner_video":"7179","app_templates_homepage_top_banner_title":"Mettre votre futur en marche","app_templates_homepage_top_banner_description":"Nous pensons que la long\u00e9vit\u00e9 est la cl\u00e9 \r\nd\u2019un d\u00e9veloppement durable \r\ndes entreprises, de la soci\u00e9t\u00e9 et du monde.\r\n\r\n\r\n\r\n\r\n","app_templates_homepage_top_banner_button":{"value":"","url":"\/fr\/decouvrez-nos-competences\/","anchor":"D\u00e9couvrez nos comp\u00e9tences","blank":"0"},"app_templates_homepage_top_section_services":[{"value":"post:services:132","type":"post","subtype":"services","id":"132"},{"value":"post:services:137","type":"post","subtype":"services","id":"137"},{"value":"post:services:141","type":"post","subtype":"services","id":"141"},{"value":"post:services:139","type":"post","subtype":"services","id":"139"},{"value":"post:services:665","type":"post","subtype":"services","id":"665"}],"app_templates_homepage_top_section_text":"Nous sommes un prestataire de services ind\u00e9pendant ayant plus de 30 ann\u00e9es d\u2019exp\u00e9rience d\u00e9di\u00e9es au d\u00e9veloppement du mouvement des actifs \u00e9oliens, des entreprises et de la soci\u00e9t\u00e9 dans un monde connect\u00e9.","app_templates_homepage_top_section_button":{"value":"","url":"\/fr\/a-propos-de-nous\/","anchor":"\u00c0 propos de nous","blank":"0"},"app_templates_homepage_modules_modules":[{"_type":"recent_insights","title":"Actualit\u00e9s & perspectives","description":"D\u00e9couvrez plus d\u2019infos sur Connected Wind Services dans notre rubrique actualit\u00e9s et perspectives."},{"_type":"textbox_image","background_color":"bg-primary","image_position":1,"image":"3992","pretitle":"Composants & pi\u00e8ces d\u00e9tach\u00e9es","title":"Plus de 5000","text":"Disposant d\u2019un vaste stock d\u2019articles de marques diverses et d\u2019une assistance technique qualifi\u00e9e et apte \u00e0 identifier, trouver et livrer le bon composant dans un d\u00e9lai le plus court possible, Connected Wind Services est votre guichet unique pour les pi\u00e8ces de rechange.","features":[],"button":{"value":"","url":"\/fr\/component-list\/","anchor":"Voir les pi\u00e8ces en stock","blank":"0"},"button2":{"value":"","url":"","anchor":"","blank":"1"}},{"_type":"textbox_image","background_color":"bg-white","image_position":3,"image":"6905","pretitle":"Carri\u00e8res","title":"Rejoignez-nous afin de d\u00e9velopper le mouvement dans le monde entier","text":"Vous souhaitez rejoindre une entreprise internationale, ambitieuse, \u00e0 la croissance rapide, dans un environnement de travail hautement professionnel, amical et solidaire\u00a0?\r\n\r\nWind Connected Services propose un lieu de travail moderne o\u00f9 les comp\u00e9tences et le d\u00e9veloppement des employ\u00e9s sont estim\u00e9s. Tous les employ\u00e9s s\u2019engagent activement au service des clients de Connected Wind Services.\r\n\r\nSaisissez l\u2019opportunit\u00e9 et rejoignez notre \u00e9quipe.","features":[],"button":{"value":"","url":"\/fr\/carrieres\/","anchor":"Carri\u00e8res","blank":"0"},"button2":{"value":"","url":"","anchor":"","blank":"1"}},{"_type":"banner","image":"41","background_color":"bg-secondary-light","content_position":3,"pretitle":"Stations de service","title":"Penser globalement. Agir localement.","text":"Avec plus de 25 stations de service r\u00e9parties en Europe du Nord, nous sommes en mesure de r\u00e9pondre \u00e0 vos demandes locales. Utilisez la carte interactive des pays pour localiser nos stations de service. Contactez votre repr\u00e9sentant local pour convenir d\u2019un rendez-vous.","button":{"value":"","url":"\/fr\/centres-de-service\/","anchor":"Consultez la carte pour nous trouver","blank":"0"}}],"app_templates_homepage_fr_top_banner_image":"","app_templates_homepage_fr_top_banner_video":"","app_templates_homepage_fr_top_banner_title":"","app_templates_homepage_fr_top_banner_description":"","app_templates_homepage_fr_top_banner_button":{"value":"","url":"","anchor":"","blank":0},"app_templates_homepage_fr_top_section_services":[],"app_templates_homepage_fr_top_section_text":"","app_templates_homepage_fr_top_section_button":{"value":"","url":"","anchor":"","blank":0},"app_templates_homepage_fr_modules_modules":[],"app_templates_iframe_top_banner_xgtnusc4erzbuloy":{"value":"","col":"6","position":"before"},"app_templates_iframe_top_banner_image":"","app_templates_iframe_top_banner_y3tmbpf2ogz0hqp9":{"value":"","col":"6","position":"before"},"app_templates_iframe_top_banner_scxycny5isfzzqj3":{"value":"","col":"6","position":"before"},"app_templates_iframe_top_banner_pretitle":"","app_templates_iframe_top_banner_title":"","app_templates_iframe_top_banner_im6xfw4r1isqhfax":{"value":"","col":"6","position":"before"},"app_templates_iframe_iframe_url":"","app_templates_map_top_banner_qnnqjezxlqhum0vv":{"value":"","col":"6","position":"before"},"app_templates_map_top_banner_image":"","app_templates_map_top_banner_yxvwwbbvwy5pzlys":{"value":"","col":"6","position":"before"},"app_templates_map_top_banner_kwttnxtwlnspoepx":{"value":"","col":"6","position":"before"},"app_templates_map_top_banner_pretitle":"","app_templates_map_top_banner_title":"","app_templates_map_top_banner_xj2k0lrmhrezxsoi":{"value":"","col":"6","position":"before"},"app_templates_map_modules_modules":[],"app_templates_media_top_banner_kevamlg0pqenqa8n":{"value":"","col":"6","position":"before"},"app_templates_media_top_banner_image":"","app_templates_media_top_banner_hhqskxgstckypqzj":{"value":"","col":"6","position":"before"},"app_templates_media_top_banner_z1yxwjsuozzabnyy":{"value":"","col":"6","position":"before"},"app_templates_media_top_banner_pretitle":"","app_templates_media_top_banner_title":"","app_templates_media_top_banner_jofpp3ti4jxrxehd":{"value":"","col":"6","position":"before"},"app_templates_media_modules_modules":[],"app_templates_modules_top_banner_zbbwpse2doyyirno":{"value":"","col":"6","position":"before"},"app_templates_modules_top_banner_image":"","app_templates_modules_top_banner_axnectfjmtolkhhl":{"value":"","col":"6","position":"before"},"app_templates_modules_top_banner_gddt4dvczc5cieqv":{"value":"","col":"6","position":"before"},"app_templates_modules_top_banner_pretitle":"","app_templates_modules_top_banner_title":"","app_templates_modules_top_banner_5xujqnzeq706jt5d":{"value":"","col":"6","position":"before"},"app_templates_modules_modules_modules":[],"app_templates_support_top_banner_rz9s2vu8yhljmjj3":{"value":"","col":"6","position":"before"},"app_templates_support_top_banner_image":"","app_templates_support_top_banner_kijo6aug5exivm2h":{"value":"","col":"6","position":"before"},"app_templates_support_top_banner_lssdp9iquyxj44ky":{"value":"","col":"6","position":"before"},"app_templates_support_top_banner_pretitle":"","app_templates_support_top_banner_title":"","app_templates_support_top_banner_h6o4lzlg1iwpaxfs":{"value":"","col":"6","position":"before"},"app_templates_support_modules_modules":[],"_links":{"self":[{"href":"https:\/\/www.connectedwind.com\/fr\/wp-json\/wp\/v2\/pages\/3129","targetHints":{"allow":["GET"]}}],"collection":[{"href":"https:\/\/www.connectedwind.com\/fr\/wp-json\/wp\/v2\/pages"}],"about":[{"href":"https:\/\/www.connectedwind.com\/fr\/wp-json\/wp\/v2\/types\/page"}],"author":[{"embeddable":true,"href":"https:\/\/www.connectedwind.com\/fr\/wp-json\/wp\/v2\/users\/2"}],"replies":[{"embeddable":true,"href":"https:\/\/www.connectedwind.com\/fr\/wp-json\/wp\/v2\/comments?post=3129"}],"version-history":[{"count":16,"href":"https:\/\/www.connectedwind.com\/fr\/wp-json\/wp\/v2\/pages\/3129\/revisions"}],"predecessor-version":[{"id":7184,"href":"https:\/\/www.connectedwind.com\/fr\/wp-json\/wp\/v2\/pages\/3129\/revisions\/7184"}],"wp:attachment":[{"href":"https:\/\/www.connectedwind.com\/fr\/wp-json\/wp\/v2\/media?parent=3129"}],"curies":[{"name":"wp","href":"https:\/\/api.w.org\/{rel}","templated":true}]}}