{"id":7424,"date":"2021-06-18T09:55:17","date_gmt":"2021-06-18T07:55:17","guid":{"rendered":"https:\/\/www.connectedwind.com\/videos\/"},"modified":"2022-05-24T19:42:54","modified_gmt":"2022-05-24T17:42:54","slug":"videos","status":"publish","type":"page","link":"https:\/\/www.connectedwind.com\/fr\/videos\/","title":{"rendered":"Vid\u00e9os"},"content":{"rendered":"","protected":false},"excerpt":{"rendered":"","protected":false},"author":14,"featured_media":0,"parent":0,"menu_order":0,"comment_status":"closed","ping_status":"closed","template":"views\/template-media.blade.php","meta":{"footnotes":""},"class_list":["post-7424","page","type-page","status-publish","hentry"],"yoast_head":"<!-- This site is optimized with the Yoast SEO plugin v24.7 - https:\/\/yoast.com\/wordpress\/plugins\/seo\/ -->\n<title>Vid\u00e9os - Connected Wind Services<\/title>\n<meta name=\"robots\" content=\"index, follow, max-snippet:-1, max-image-preview:large, max-video-preview:-1\" \/>\n<link rel=\"canonical\" href=\"https:\/\/www.connectedwind.com\/fr\/videos\/\" \/>\n<meta property=\"og:locale\" content=\"fr_FR\" \/>\n<meta property=\"og:type\" content=\"article\" \/>\n<meta property=\"og:title\" content=\"Vid\u00e9os - Connected Wind Services\" \/>\n<meta property=\"og:url\" content=\"https:\/\/www.connectedwind.com\/fr\/videos\/\" \/>\n<meta property=\"og:site_name\" content=\"Connected Wind Services\" \/>\n<meta property=\"article:modified_time\" content=\"2022-05-24T17:42:54+00:00\" \/>\n<meta name=\"twitter:card\" content=\"summary_large_image\" \/>\n<script type=\"application\/ld+json\" class=\"yoast-schema-graph\">{\"@context\":\"https:\/\/schema.org\",\"@graph\":[{\"@type\":\"WebPage\",\"@id\":\"https:\/\/www.connectedwind.com\/fr\/videos\/\",\"url\":\"https:\/\/www.connectedwind.com\/fr\/videos\/\",\"name\":\"Vid\u00e9os - Connected Wind Services\",\"isPartOf\":{\"@id\":\"https:\/\/www.connectedwind.com\/fr\/#website\"},\"datePublished\":\"2021-06-18T07:55:17+00:00\",\"dateModified\":\"2022-05-24T17:42:54+00:00\",\"breadcrumb\":{\"@id\":\"https:\/\/www.connectedwind.com\/fr\/videos\/#breadcrumb\"},\"inLanguage\":\"fr-FR\",\"potentialAction\":[{\"@type\":\"ReadAction\",\"target\":[\"https:\/\/www.connectedwind.com\/fr\/videos\/\"]}]},{\"@type\":\"BreadcrumbList\",\"@id\":\"https:\/\/www.connectedwind.com\/fr\/videos\/#breadcrumb\",\"itemListElement\":[{\"@type\":\"ListItem\",\"position\":1,\"name\":\"Home\",\"item\":\"https:\/\/www.connectedwind.com\/fr\/\"},{\"@type\":\"ListItem\",\"position\":2,\"name\":\"Vid\u00e9os\"}]},{\"@type\":\"WebSite\",\"@id\":\"https:\/\/www.connectedwind.com\/fr\/#website\",\"url\":\"https:\/\/www.connectedwind.com\/fr\/\",\"name\":\"Connected Wind Services\",\"description\":\"ISP for reliable O&amp;M services &amp; parts\",\"potentialAction\":[{\"@type\":\"SearchAction\",\"target\":{\"@type\":\"EntryPoint\",\"urlTemplate\":\"https:\/\/www.connectedwind.com\/fr\/?s={search_term_string}\"},\"query-input\":{\"@type\":\"PropertyValueSpecification\",\"valueRequired\":true,\"valueName\":\"search_term_string\"}}],\"inLanguage\":\"fr-FR\"}]}<\/script>\n<!-- \/ Yoast SEO plugin. -->","yoast_head_json":{"title":"Vid\u00e9os - Connected Wind Services","robots":{"index":"index","follow":"follow","max-snippet":"max-snippet:-1","max-image-preview":"max-image-preview:large","max-video-preview":"max-video-preview:-1"},"canonical":"https:\/\/www.connectedwind.com\/fr\/videos\/","og_locale":"fr_FR","og_type":"article","og_title":"Vid\u00e9os - Connected Wind Services","og_url":"https:\/\/www.connectedwind.com\/fr\/videos\/","og_site_name":"Connected Wind Services","article_modified_time":"2022-05-24T17:42:54+00:00","twitter_card":"summary_large_image","schema":{"@context":"https:\/\/schema.org","@graph":[{"@type":"WebPage","@id":"https:\/\/www.connectedwind.com\/fr\/videos\/","url":"https:\/\/www.connectedwind.com\/fr\/videos\/","name":"Vid\u00e9os - Connected Wind Services","isPartOf":{"@id":"https:\/\/www.connectedwind.com\/fr\/#website"},"datePublished":"2021-06-18T07:55:17+00:00","dateModified":"2022-05-24T17:42:54+00:00","breadcrumb":{"@id":"https:\/\/www.connectedwind.com\/fr\/videos\/#breadcrumb"},"inLanguage":"fr-FR","potentialAction":[{"@type":"ReadAction","target":["https:\/\/www.connectedwind.com\/fr\/videos\/"]}]},{"@type":"BreadcrumbList","@id":"https:\/\/www.connectedwind.com\/fr\/videos\/#breadcrumb","itemListElement":[{"@type":"ListItem","position":1,"name":"Home","item":"https:\/\/www.connectedwind.com\/fr\/"},{"@type":"ListItem","position":2,"name":"Vid\u00e9os"}]},{"@type":"WebSite","@id":"https:\/\/www.connectedwind.com\/fr\/#website","url":"https:\/\/www.connectedwind.com\/fr\/","name":"Connected Wind Services","description":"ISP for reliable O&amp;M services &amp; parts","potentialAction":[{"@type":"SearchAction","target":{"@type":"EntryPoint","urlTemplate":"https:\/\/www.connectedwind.com\/fr\/?s={search_term_string}"},"query-input":{"@type":"PropertyValueSpecification","valueRequired":true,"valueName":"search_term_string"}}],"inLanguage":"fr-FR"}]}},"app_templates_career_top_banner_utyiispuivewlfkb":{"value":"","col":"6","position":"before"},"app_templates_career_top_banner_image":"","app_templates_career_top_banner_f6hpkbblgmcdx4g8":{"value":"","col":"6","position":"before"},"app_templates_career_top_banner_kkq6wwabtmhyengp":{"value":"","col":"6","position":"before"},"app_templates_career_top_banner_pretitle":"","app_templates_career_top_banner_title":"","app_templates_career_top_banner_dufmwgnwangk4hnd":{"value":"","col":"6","position":"before"},"app_templates_career_modules_modules":[],"app_templates_contact_top_banner_f76xc6pyzzhakhy9":{"value":"","col":"6","position":"before"},"app_templates_contact_top_banner_image":"","app_templates_contact_top_banner_1kee77br1gbpe54n":{"value":"","col":"6","position":"before"},"app_templates_contact_top_banner_h91b81g3rztuzgoq":{"value":"","col":"6","position":"before"},"app_templates_contact_top_banner_pretitle":"","app_templates_contact_top_banner_title":"","app_templates_contact_top_banner_xhspcutfcjim37nc":{"value":"","col":"6","position":"before"},"app_templates_contact_contact_title":"","app_templates_contact_contact_background":"bg-white","app_templates_contact_contact_description":"","app_templates_contact_contact_drop_downs":[],"app_templates_contact_contact_placeholder":"","app_templates_contact_contact_to":"","app_templates_contact_contact_button":"","app_templates_contact_contact_employees":[],"app_templates_contact_contact_hide_company":false,"app_templates_contact_offices_offices":[],"app_templates_contact_modules_modules":[],"app_templates_cookies_top_banner_1pvtxrovrimvbbur":{"value":"","col":"6","position":"before"},"app_templates_cookies_top_banner_image":"","app_templates_cookies_top_banner_daxiavyzuhlvbyng":{"value":"","col":"6","position":"before"},"app_templates_cookies_top_banner_ghmjfzfjhkvv24w7":{"value":"","col":"6","position":"before"},"app_templates_cookies_top_banner_pretitle":"","app_templates_cookies_top_banner_title":"","app_templates_cookies_top_banner_d9v3grn8rj0l14l5":{"value":"","col":"6","position":"before"},"app_templates_customer_service_top_banner_swe3ewkg6euoltka":{"value":"","col":"6","position":"before"},"app_templates_customer_service_top_banner_image":"","app_templates_customer_service_top_banner_gbzgzraqc16tsfta":{"value":"","col":"6","position":"before"},"app_templates_customer_service_top_banner_vqqcko6pygbrwokf":{"value":"","col":"6","position":"before"},"app_templates_customer_service_top_banner_pretitle":"","app_templates_customer_service_top_banner_title":"","app_templates_customer_service_top_banner_q2oicldnoaruo82p":{"value":"","col":"6","position":"before"},"app_templates_customer_service_contact_title":"","app_templates_customer_service_contact_background":"bg-white","app_templates_customer_service_contact_description":"","app_templates_customer_service_contact_drop_downs":[],"app_templates_customer_service_contact_placeholder":"","app_templates_customer_service_contact_to":"","app_templates_customer_service_contact_button":"","app_templates_customer_service_contact_employees":[],"app_templates_customer_service_contact_hide_company":false,"app_templates_customer_service_contact_section_title":"","app_templates_customer_service_contact_section_description":"","app_templates_customer_service_contact_section_contact_info":[],"app_templates_customer_service_modules_modules":[],"app_templates_homepage_top_banner_image":"","app_templates_homepage_top_banner_video":"","app_templates_homepage_top_banner_title":"","app_templates_homepage_top_banner_description":"","app_templates_homepage_top_banner_button":{"value":"","url":"","anchor":"","blank":0},"app_templates_homepage_top_section_services":[],"app_templates_homepage_top_section_text":"","app_templates_homepage_top_section_button":{"value":"","url":"","anchor":"","blank":0},"app_templates_homepage_modules_modules":[],"app_templates_homepage_fr_top_banner_image":"","app_templates_homepage_fr_top_banner_video":"","app_templates_homepage_fr_top_banner_title":"","app_templates_homepage_fr_top_banner_description":"","app_templates_homepage_fr_top_banner_button":{"value":"","url":"","anchor":"","blank":0},"app_templates_homepage_fr_top_section_services":[],"app_templates_homepage_fr_top_section_text":"","app_templates_homepage_fr_top_section_button":{"value":"","url":"","anchor":"","blank":0},"app_templates_homepage_fr_modules_modules":[],"app_templates_iframe_top_banner_b9twitlosm1yucol":{"value":"","col":"6","position":"before"},"app_templates_iframe_top_banner_image":"","app_templates_iframe_top_banner_a4z3kbvll9fsw9xk":{"value":"","col":"6","position":"before"},"app_templates_iframe_top_banner_bjq6swf05mxo9u9f":{"value":"","col":"6","position":"before"},"app_templates_iframe_top_banner_pretitle":"","app_templates_iframe_top_banner_title":"","app_templates_iframe_top_banner_kfukso2twycvxhpl":{"value":"","col":"6","position":"before"},"app_templates_iframe_iframe_url":"","app_templates_map_top_banner_vhfwpemanbpwcrvb":{"value":"","col":"6","position":"before"},"app_templates_map_top_banner_image":"","app_templates_map_top_banner_hd2vzmnz2fm1wb1v":{"value":"","col":"6","position":"before"},"app_templates_map_top_banner_nalzuhaesgufplgf":{"value":"","col":"6","position":"before"},"app_templates_map_top_banner_pretitle":"","app_templates_map_top_banner_title":"","app_templates_map_top_banner_atacxd4voje68a8k":{"value":"","col":"6","position":"before"},"app_templates_map_modules_modules":[],"app_templates_media_top_banner_r1ag0omgfjdqvpp0":{"value":"","col":"6","position":"before"},"app_templates_media_top_banner_image":"6921","app_templates_media_top_banner_3vgt6rlbif16tdgo":{"value":"","col":"6","position":"before"},"app_templates_media_top_banner_b3l6h2pntbc5hr7l":{"value":"","col":"6","position":"before"},"app_templates_media_top_banner_pretitle":"Media","app_templates_media_top_banner_title":"Vid\u00e9os","app_templates_media_top_banner_tq4jy8mitvwxbshy":{"value":"","col":"6","position":"before"},"app_templates_media_modules_modules":[{"_type":"media","title":"","sections":[{"_type":"_","title":"Vid\u00e9os","media":[{"_type":"_","title":"Connected Wind Services Branding Video","image":"6848","video":"","youtube":"https:\/\/www.youtube.com\/watch?v=PY6o4XB13Bw&t=6s","body":""},{"_type":"_","title":"Main Component Exchange","image":"4303","video":"","youtube":"https:\/\/www.youtube.com\/watch?v=8YjmH_oPmuA","body":""},{"_type":"_","title":"Connected Wind Services","image":"5884","video":"","youtube":"https:\/\/www.youtube.com\/watch?v=Qvz9QWzEAKU&t=2s","body":""},{"_type":"_","title":"Triebstrangtausch Silberstedt","image":"4755","video":"","youtube":"https:\/\/www.youtube.com\/watch?v=fFwujhCTBho&t=4s","body":""},{"_type":"_","title":"CWS Basic ECO - die Servicel\u00f6sung f\u00fcr Windenergieanlagenbetreiber nach der EEG-F\u00f6rderung","image":"882","video":"","youtube":"https:\/\/www.youtube.com\/watch?v=lAkl6hX_Otc","body":""}]}],"allow_download":false}],"app_templates_modules_top_banner_9rcwpkkjhfbhs2ue":{"value":"","col":"6","position":"before"},"app_templates_modules_top_banner_image":"","app_templates_modules_top_banner_s3rykstozvidoxok":{"value":"","col":"6","position":"before"},"app_templates_modules_top_banner_ehpdfhvmwrc3zfke":{"value":"","col":"6","position":"before"},"app_templates_modules_top_banner_pretitle":"","app_templates_modules_top_banner_title":"","app_templates_modules_top_banner_zohzz8xo1pdhbaej":{"value":"","col":"6","position":"before"},"app_templates_modules_modules_modules":[],"app_templates_support_top_banner_3edrs5pjapaw15lo":{"value":"","col":"6","position":"before"},"app_templates_support_top_banner_image":"","app_templates_support_top_banner_dl1mjpgaspletket":{"value":"","col":"6","position":"before"},"app_templates_support_top_banner_hcftq2jwb8md7tdd":{"value":"","col":"6","position":"before"},"app_templates_support_top_banner_pretitle":"","app_templates_support_top_banner_title":"","app_templates_support_top_banner_fmiot4chffs57npx":{"value":"","col":"6","position":"before"},"app_templates_support_modules_modules":[],"_links":{"self":[{"href":"https:\/\/www.connectedwind.com\/fr\/wp-json\/wp\/v2\/pages\/7424","targetHints":{"allow":["GET"]}}],"collection":[{"href":"https:\/\/www.connectedwind.com\/fr\/wp-json\/wp\/v2\/pages"}],"about":[{"href":"https:\/\/www.connectedwind.com\/fr\/wp-json\/wp\/v2\/types\/page"}],"author":[{"embeddable":true,"href":"https:\/\/www.connectedwind.com\/fr\/wp-json\/wp\/v2\/users\/14"}],"replies":[{"embeddable":true,"href":"https:\/\/www.connectedwind.com\/fr\/wp-json\/wp\/v2\/comments?post=7424"}],"version-history":[{"count":1,"href":"https:\/\/www.connectedwind.com\/fr\/wp-json\/wp\/v2\/pages\/7424\/revisions"}],"predecessor-version":[{"id":7804,"href":"https:\/\/www.connectedwind.com\/fr\/wp-json\/wp\/v2\/pages\/7424\/revisions\/7804"}],"wp:attachment":[{"href":"https:\/\/www.connectedwind.com\/fr\/wp-json\/wp\/v2\/media?parent=7424"}],"curies":[{"name":"wp","href":"https:\/\/api.w.org\/{rel}","templated":true}]}}